{"id":2503,"date":"2020-02-13T15:47:01","date_gmt":"2020-02-13T14:47:01","guid":{"rendered":"http:\/\/eraclea.promoservicebeta.com\/homepage\/"},"modified":"2020-04-28T16:58:50","modified_gmt":"2020-04-28T14:58:50","slug":"homepage","status":"publish","type":"page","link":"https:\/\/www.eracleapalacehotel.it\/pl\/","title":{"rendered":"Home"},"content":{"rendered":"\n<div class=\"wp-block-group alignfull promo-item-chi-siamo\"><div class=\"wp-block-group__inner-container is-layout-flow wp-block-group-is-layout-flow\">\n<div class=\"wp-block-group chi-siamo-inner-block\"><div class=\"wp-block-group__inner-container is-layout-flow wp-block-group-is-layout-flow\">\n<h3>Cze\u015b\u0107, co za przyjemno\u015b\u0107 mie\u0107 ci\u0119 u nas!<\/h3>\n\n\n\n<h2>Serdecznie witamy<\/h2>\n\n\n\n<p><strong>Eraclea Palace Hotel ****s<\/strong> jest najwi\u0119kszym 4-gwiazdkowym hotelem standardzie w miejscowo\u015bci Eraclea Mare. Mie\u015bcimy si\u0119 obok lasu sosnowego blisko morza.<\/p>\n<p>To doskona\u0142e miejsce, by nacieszy\u0107 si\u0119 morzem, korzystaj\u0105c z tras pieszych, rowerowych, konnych, oraz dla tych, kt\u00f3rzy opr\u00f3cz relaksu nad morzem lubi\u0105 zwiedza\u0107 miejsca o znaczeniu kulturalnym.<\/p>\n<\/div><\/div>\n\n\n\n<p><\/p>\n<\/div><\/div>\n\n\n\n<div class=\"wp-block-group alignfull promo-item-chi-siamo-img\"><div class=\"wp-block-group__inner-container is-layout-flow wp-block-group-is-layout-flow\">\n<figure class=\"wp-block-image size-large\"><img loading=\"lazy\" decoding=\"async\" width=\"1024\" height=\"683\" src=\"https:\/\/www.eracleapalacehotel.it\/wp-content\/uploads\/2020\/03\/hotel-con-piscina-vista-mare-eraclea-1024x683.jpg\" alt=\"\" class=\"wp-image-765\" srcset=\"https:\/\/www.eracleapalacehotel.it\/wp-content\/uploads\/2020\/03\/hotel-con-piscina-vista-mare-eraclea-1024x683.jpg 1024w, https:\/\/www.eracleapalacehotel.it\/wp-content\/uploads\/2020\/03\/hotel-con-piscina-vista-mare-eraclea-300x200.jpg 300w, https:\/\/www.eracleapalacehotel.it\/wp-content\/uploads\/2020\/03\/hotel-con-piscina-vista-mare-eraclea-768x512.jpg 768w, https:\/\/www.eracleapalacehotel.it\/wp-content\/uploads\/2020\/03\/hotel-con-piscina-vista-mare-eraclea.jpg 1200w\" sizes=\"auto, (max-width: 1024px) 100vw, 1024px\" \/><\/figure>\n<\/div><\/div>\n\n\n\n\n<div class=\"wp-block-image promo-item-3\">\n\t<div class=\"main-title\"><h2>Nasze najlepsze us\u0142ugi<\/h2><\/div>\n    <div class=\"horizontal-scroll-wrapper\">\n\t\t\t\t\t<div class=\"item-0\">\n\t\t\t\t<figure class=\"aligncenter size-large\">\n\t\t\t\t\t<a href=\"\/pl\/baseny-i-jacuzzi\/\"><img decoding=\"async\" src=\"https:\/\/www.eracleapalacehotel.it\/wp-content\/uploads\/2020\/03\/Piscina-e-jacuzzi-2.png\" alt=\"\" class=\"wp-image-54\">\n\t\t\t\t\t\t<div class=\"overlay\"><span class=\"dashicons dashicons-plus\"><\/span>\n\t\t\t\t\t\t\t<p class=\"promo-figcaption\">BASENY I JACUZZI<\/p>\n\t\t\t\t\t\t<\/div>\n\t\t\t\t\t<\/a>\n\t\t\t\t<\/figure>\n\t\t\t<\/div>\n\t\t\t\t\t<div class=\"item-1\">\n\t\t\t\t<figure class=\"aligncenter size-large\">\n\t\t\t\t\t<a href=\"\/pl\/spa-i-wellness\/\"><img decoding=\"async\" src=\"https:\/\/www.eracleapalacehotel.it\/wp-content\/uploads\/2020\/03\/Wellness-e-spa.png\" alt=\"\" class=\"wp-image-54\">\n\t\t\t\t\t\t<div class=\"overlay\"><span class=\"dashicons dashicons-plus\"><\/span>\n\t\t\t\t\t\t\t<p class=\"promo-figcaption\">SPA I WELLNESS<\/p>\n\t\t\t\t\t\t<\/div>\n\t\t\t\t\t<\/a>\n\t\t\t\t<\/figure>\n\t\t\t<\/div>\n\t\t\t\t\t<div class=\"item-2\">\n\t\t\t\t<figure class=\"aligncenter size-large\">\n\t\t\t\t\t<a href=\"\/pl\/plaza\/\"><img decoding=\"async\" src=\"https:\/\/www.eracleapalacehotel.it\/wp-content\/uploads\/2020\/03\/Spiaggia-Privata.png\" alt=\"\" class=\"wp-image-54\">\n\t\t\t\t\t\t<div class=\"overlay\"><span class=\"dashicons dashicons-plus\"><\/span>\n\t\t\t\t\t\t\t<p class=\"promo-figcaption\">PLA\u017bA<\/p>\n\t\t\t\t\t\t<\/div>\n\t\t\t\t\t<\/a>\n\t\t\t\t<\/figure>\n\t\t\t<\/div>\n\t\t\t\t\t<div class=\"item-3\">\n\t\t\t\t<figure class=\"aligncenter size-large\">\n\t\t\t\t\t<a href=\"\/pl\/strefa-fitness\/\"><img decoding=\"async\" src=\"https:\/\/www.eracleapalacehotel.it\/wp-content\/uploads\/2020\/03\/Palestra.png\" alt=\"\" class=\"wp-image-54\">\n\t\t\t\t\t\t<div class=\"overlay\"><span class=\"dashicons dashicons-plus\"><\/span>\n\t\t\t\t\t\t\t<p class=\"promo-figcaption\">STREFA FITNESS<\/p>\n\t\t\t\t\t\t<\/div>\n\t\t\t\t\t<\/a>\n\t\t\t\t<\/figure>\n\t\t\t<\/div>\n\t\t\t\t\n\t\t<!--\n\t\t<div class=\"item-1\">\n            <figure class=\"aligncenter size-large\">\n                <a href=\"#\"><img decoding=\"async\" src=\"http:\/\/eraclea.promoservicebeta.com\/wp-content\/uploads\/2020\/03\/colazioneTavola-disegno-1-100-1.png\" alt=\"\" class=\"wp-image-54\">\n                    <div class=\"overlay\"><span class=\"dashicons dashicons-plus\"><\/span>\n                        <p class=\"promo-figcaption\">PRIMA COLAZIONE<\/p>\n                    <\/div>\n                <\/a>\n            <\/figure>\n        <\/div>\n        <div class=\"item-2\">\n            <figure class=\"aligncenter size-large\">\n                <a href=\"#\"><img decoding=\"async\" src=\"http:\/\/eraclea.promoservicebeta.com\/wp-content\/uploads\/2020\/03\/piscina-e-jacuzzi.png\" alt=\"\" class=\"wp-image-54\">\n                    <div class=\"overlay\"><span class=\"dashicons dashicons-plus\"><\/span>\n                        <p class=\"promo-figcaption\">PRIMA COLAZIONE<\/p>\n                    <\/div>\n                <\/a>\n            <\/figure>\n        <\/div>\n        <div class=\"item-3\">\n            <figure class=\"aligncenter size-large\">\n                <a href=\"#\"><img decoding=\"async\" src=\"http:\/\/eraclea.promoservicebeta.com\/wp-content\/uploads\/2020\/03\/piscina-e-jacuzzi.png\" alt=\"\" class=\"wp-image-54\">\n                    <div class=\"overlay\"><span class=\"dashicons dashicons-plus\"><\/span>\n                        <p class=\"promo-figcaption\">PRIMA COLAZIONE<\/p>\n                    <\/div>\n                <\/a>\n            <\/figure>\n        <\/div>\n\t\t-->\n    <\/div>\n<\/div>\n\n\n\n\n<div class=\"wp-block-image promo-item-4\">\n    <div class=\"horizontal-scroll-wrapper-2\">\n\t\t\t\t\t<div class=\"services-box\">\n\t\t\t\t<a href=\"\/pl\/uslugi\/\">\n\t\t\t\t\t<img decoding=\"async\" src=\"https:\/\/www.eracleapalacehotel.it\/wp-content\/uploads\/2020\/03\/coffee-solid-1.png\" alt=\"\" class=\"wp-image-54\">\n\t\t\t\t\t<p class=\"promo-figcaption\">Doskona\u0142e \u015bniadanie<\/p>\n\t\t\t\t<\/a>\n\t\t\t<\/div>\n\t\t\t\t\t<div class=\"services-box\">\n\t\t\t\t<a href=\"\/pl\/baseny-i-jacuzzi\/\">\n\t\t\t\t\t<img decoding=\"async\" src=\"https:\/\/www.eracleapalacehotel.it\/wp-content\/uploads\/2020\/03\/swimmer-solid-1.png\" alt=\"\" class=\"wp-image-54\">\n\t\t\t\t\t<p class=\"promo-figcaption\">Panoramiczny basen<\/p>\n\t\t\t\t<\/a>\n\t\t\t<\/div>\n\t\t\t\t\t<div class=\"services-box\">\n\t\t\t\t<a href=\"\/pl\/strefa-fitness\/\">\n\t\t\t\t\t<img decoding=\"async\" src=\"https:\/\/www.eracleapalacehotel.it\/wp-content\/uploads\/2020\/03\/dumbbell-solid-1.png\" alt=\"\" class=\"wp-image-54\">\n\t\t\t\t\t<p class=\"promo-figcaption\">Strefa fitness<\/p>\n\t\t\t\t<\/a>\n\t\t\t<\/div>\n\t\t\t\t\t<div class=\"services-box\">\n\t\t\t\t<a href=\"\/pl\/strefa-dla-dzieci\/\">\n\t\t\t\t\t<img decoding=\"async\" src=\"https:\/\/www.eracleapalacehotel.it\/wp-content\/uploads\/2020\/03\/familyRisorsa.png\" alt=\"\" class=\"wp-image-54\">\n\t\t\t\t\t<p class=\"promo-figcaption\">Idealny dla rodzin<\/p>\n\t\t\t\t<\/a>\n\t\t\t<\/div>\n\t\t\t\t\t<div class=\"services-box\">\n\t\t\t\t<a href=\"\/pl\/uslugi\/\">\n\t\t\t\t\t<img decoding=\"async\" src=\"https:\/\/www.eracleapalacehotel.it\/wp-content\/uploads\/2020\/03\/great-serviceRisorsa-2-1-1.png\" alt=\"\" class=\"wp-image-54\">\n\t\t\t\t\t<p class=\"promo-figcaption\">\u015awietna obs\u0142uga<\/p>\n\t\t\t\t<\/a>\n\t\t\t<\/div>\n\t\t    <\/div>\n<\/div>\n\n\n\n<div class=\"wp-block-group promo-item-servizi\"><div class=\"wp-block-group__inner-container is-layout-flow wp-block-group-is-layout-flow\">\n<h3>Idealna lokalizacja dla naszych go\u015bci!<\/h3>\n\n\n\n<h2>Gdzie jeste\u015bmy<\/h2>\n\n\n\n<p>Ten elegancki hotel po\u0142o\u017cony jest <strong>5 minut spacerem od pla\u017cy<\/strong> (300 metr\u00f3w), 6 km od 18-do\u0142kowego pola golfowego Club Pra&#8217; delle Torri i <strong>49 km od Wenecji<\/strong>.<\/p>\n<\/div><\/div>\n\n\n\t\t\t<div \n\t\t\tclass=\"wp-block-uagb-google-map uagb-google-map__wrap uagb-block-e781f821-f786-4344-bd4d-7df554c91326     promo-item-img-servizi\"\n\t\t\tstyle=\"\" >\n\t\t\t\t<embed\n\t\t\t\t\tclass=\"uagb-google-map__iframe\"\n\t\t\t\t\ttitle=\"Mapa Google dla \"\n\t\t\t\t\tsrc=\"https:\/\/maps.google.com\/maps?q=Hotel%20Eraclea%20Palace&#038;z=10&#038;hl=en&#038;t=m&#038;output=embed&#038;iwloc=near\"\n\t\t\t\t\twidth=\"640\"\n\t\t\t\t\theight=\"400\"\n\t\t\t\t\tloading=\"lazy\"\n\t\t\t\t><\/embed>\n\t\t\t<\/div>\n\t\t\t\n\n\n\n<div class=\"wp-block-image promo_hotel_outer_services\">\n    <div class=\"service-scroll-wrapper-2\">\n\t\t\t\t\t<div class=\"services-box\">\n\t\t\t\t<a href=\"\/pl\/eraclea-mare-i-okolice\/\"><img decoding=\"async\" src=\"https:\/\/www.eracleapalacehotel.it\/wp-content\/uploads\/2020\/03\/map-marked-alt-solid.png\" alt=\"\" class=\"wp-image-54\">\n\t\t\t\t\t<p class=\"promo-figcaption\">Eraclea Mare i okolice<\/p>\n\t\t\t\t<\/a>\n\t\t\t<\/div>\n\t\t\t\t\t<div class=\"services-box\">\n\t\t\t\t<a href=\"\/pl\/transfer-na-plaze\/\"><img decoding=\"async\" src=\"https:\/\/www.eracleapalacehotel.it\/wp-content\/uploads\/2020\/03\/bus-solid.png\" alt=\"\" class=\"wp-image-54\">\n\t\t\t\t\t<p class=\"promo-figcaption\">Transfer na pla\u017c\u0119<\/p>\n\t\t\t\t<\/a>\n\t\t\t<\/div>\n\t\t\t\t\t<div class=\"services-box\">\n\t\t\t\t<a href=\"\/pl\/jak-dojechac-do-hotelu-eraclea-palace\/\"><img decoding=\"async\" src=\"https:\/\/www.eracleapalacehotel.it\/wp-content\/uploads\/2020\/03\/route-solid-1.png\" alt=\"\" class=\"wp-image-54\">\n\t\t\t\t\t<p class=\"promo-figcaption\">Jak do nas dotrze\u0107<\/p>\n\t\t\t\t<\/a>\n\t\t\t<\/div>\n\t\t\t\t\t<div class=\"services-box\">\n\t\t\t\t<a href=\"\/pl\/jak-dojechac-do-hotelu-eraclea-palace\/\"><img decoding=\"async\" src=\"https:\/\/www.eracleapalacehotel.it\/wp-content\/uploads\/2020\/03\/plane-solid.png\" alt=\"\" class=\"wp-image-54\">\n\t\t\t\t\t<p class=\"promo-figcaption\">Porty lotnicze<\/p>\n\t\t\t\t<\/a>\n\t\t\t<\/div>\n\t\t    <\/div>\n<\/div>\n\n\n\n<div class=\"wp-block-group promo-item-offers\"><div class=\"wp-block-group__inner-container is-layout-flow wp-block-group-is-layout-flow\">\n<div class=\"offers_wrapper_container\">\n\t\t\t\t\t\t<div class=\"offers_wrapper\">\n\t\t\t\t\t\t<div class=\"offer_block\">   \n\t\t\t\t\t\t\t<h3>\u2022News\u2022<\/h3>\n\t\t\t\t\t\t\t<a href=\"https:\/\/www.eracleapalacehotel.it\/pl\/offers\/summer-2020\/\"><h2>Summer 2020<\/h2><\/a>\n\t\t\t\t\t\t\t<p class=\"promo-desc\">Our Hotel will open on 16th May 2020<\/p>\n\t\t\t\t\t\t\t<p class=\"promo-note\"><\/p>\n\t\t\t\t\t\t\t<div class=\"wp-block-button promo-margin-bottom-1\"><a class=\"wp-block-button__link has-background\" href=\"https:\/\/www.eracleapalacehotel.it\/pl\/offers\/summer-2020\/\" rel=\"noreferrer noopener\">odkrywa\u0107<\/a><\/div>\n\t\t\t\t\t\t<\/div>\n\t\t\t\t\t<\/div>\n\t<\/div>\n<\/div><\/div>\n\n\n\n\n<div class=\"wp-block-image promo-item-reviews\">\n\t<div class=\"promo-item-reviews-inner\">\n\t\t<div class=\"main-title\"><h2><\/h2><\/div>\n\t\t<div class=\"review-scroll-wrapper\">\n\t\t\t\t\t<\/div>\n    <\/div>\n<\/div>\n","protected":false},"excerpt":{"rendered":"<p>Cze\u015b\u0107, co za przyjemno\u015b\u0107 mie\u0107 ci\u0119 u nas! Serdecznie witamy Eraclea Palace Hotel ****s jest najwi\u0119kszym 4-gwiazdkowym hotelem standardzie w miejscowo\u015bci Eraclea Mare. Mie\u015bcimy si\u0119 obok lasu sosnowego blisko morza. To doskona\u0142e miejsce, by nacieszy\u0107 si\u0119 morzem, korzystaj\u0105c z tras pieszych, rowerowych, konnych, oraz dla tych, kt\u00f3rzy opr\u00f3cz relaksu nad morzem lubi\u0105 zwiedza\u0107 miejsca o [&hellip;]<\/p>\n","protected":false},"author":1,"featured_media":0,"parent":0,"menu_order":0,"comment_status":"closed","ping_status":"closed","template":"","meta":{"_acf_changed":false,"_uag_custom_page_level_css":"","advgb_blocks_editor_width":"","advgb_blocks_columns_visual_guide":"","footnotes":""},"class_list":["post-2503","page","type-page","status-publish","hentry"],"acf":[],"yoast_head":"<!-- This site is optimized with the Yoast SEO plugin v25.6 - https:\/\/yoast.com\/wordpress\/plugins\/seo\/ -->\n<title>Eraclea Palace Hotel - ****s - Eraclea Mare<\/title>\n<meta name=\"description\" content=\"Eraclea Palace Hotel **** \u00e8 il pi\u00f9 grande albergo a 4 stelle di Eraclea Mare. Ci troviamo a pochi passi dal mare, tra Caorle e Jesolo.\" \/>\n<meta name=\"robots\" content=\"index, follow, max-snippet:-1, max-image-preview:large, max-video-preview:-1\" \/>\n<link rel=\"canonical\" href=\"https:\/\/www.eracleapalacehotel.it\/pl\/\" \/>\n<meta property=\"og:locale\" content=\"pl_PL\" \/>\n<meta property=\"og:type\" content=\"article\" \/>\n<meta property=\"og:title\" content=\"Eraclea Palace Hotel - ****s - Eraclea Mare\" \/>\n<meta property=\"og:description\" content=\"Eraclea Palace Hotel **** \u00e8 il pi\u00f9 grande albergo a 4 stelle di Eraclea Mare. Ci troviamo a pochi passi dal mare, tra Caorle e Jesolo.\" \/>\n<meta property=\"og:url\" content=\"https:\/\/www.eracleapalacehotel.it\/pl\/\" \/>\n<meta property=\"og:site_name\" content=\"Eraclea Palace Hotel\" \/>\n<meta property=\"article:modified_time\" content=\"2020-04-28T14:58:50+00:00\" \/>\n<meta property=\"og:image\" content=\"https:\/\/www.eracleapalacehotel.it\/wp-content\/uploads\/2020\/03\/hotel-con-piscina-vista-mare-eraclea-1024x683.jpg\" \/>\n<meta name=\"twitter:card\" content=\"summary_large_image\" \/>\n<meta name=\"twitter:label1\" content=\"Szacowany czas czytania\" \/>\n\t<meta name=\"twitter:data1\" content=\"1 minuta\" \/>\n<script type=\"application\/ld+json\" class=\"yoast-schema-graph\">{\"@context\":\"https:\/\/schema.org\",\"@graph\":[{\"@type\":\"WebPage\",\"@id\":\"https:\/\/www.eracleapalacehotel.it\/pl\/\",\"url\":\"https:\/\/www.eracleapalacehotel.it\/pl\/\",\"name\":\"Eraclea Palace Hotel - ****s - Eraclea Mare\",\"isPartOf\":{\"@id\":\"https:\/\/www.eracleapalacehotel.it\/pl\/#website\"},\"primaryImageOfPage\":{\"@id\":\"https:\/\/www.eracleapalacehotel.it\/pl\/#primaryimage\"},\"image\":{\"@id\":\"https:\/\/www.eracleapalacehotel.it\/pl\/#primaryimage\"},\"thumbnailUrl\":\"https:\/\/www.eracleapalacehotel.it\/wp-content\/uploads\/2020\/03\/hotel-con-piscina-vista-mare-eraclea-1024x683.jpg\",\"datePublished\":\"2020-02-13T14:47:01+00:00\",\"dateModified\":\"2020-04-28T14:58:50+00:00\",\"description\":\"Eraclea Palace Hotel **** \u00e8 il pi\u00f9 grande albergo a 4 stelle di Eraclea Mare. Ci troviamo a pochi passi dal mare, tra Caorle e Jesolo.\",\"breadcrumb\":{\"@id\":\"https:\/\/www.eracleapalacehotel.it\/pl\/#breadcrumb\"},\"inLanguage\":\"pl-PL\",\"potentialAction\":[{\"@type\":\"ReadAction\",\"target\":[\"https:\/\/www.eracleapalacehotel.it\/pl\/\"]}]},{\"@type\":\"ImageObject\",\"inLanguage\":\"pl-PL\",\"@id\":\"https:\/\/www.eracleapalacehotel.it\/pl\/#primaryimage\",\"url\":\"https:\/\/www.eracleapalacehotel.it\/wp-content\/uploads\/2020\/03\/hotel-con-piscina-vista-mare-eraclea-1024x683.jpg\",\"contentUrl\":\"https:\/\/www.eracleapalacehotel.it\/wp-content\/uploads\/2020\/03\/hotel-con-piscina-vista-mare-eraclea-1024x683.jpg\"},{\"@type\":\"BreadcrumbList\",\"@id\":\"https:\/\/www.eracleapalacehotel.it\/pl\/#breadcrumb\",\"itemListElement\":[{\"@type\":\"ListItem\",\"position\":1,\"name\":\"Home\",\"item\":\"https:\/\/www.eracleapalacehotel.it\/pl\/\"},{\"@type\":\"ListItem\",\"position\":2,\"name\":\"Home\"}]},{\"@type\":\"WebSite\",\"@id\":\"https:\/\/www.eracleapalacehotel.it\/pl\/#website\",\"url\":\"https:\/\/www.eracleapalacehotel.it\/pl\/\",\"name\":\"Eraclea Palace Hotel\",\"description\":\"****s - Eraclea Mare\",\"publisher\":{\"@id\":\"https:\/\/www.eracleapalacehotel.it\/pl\/#organization\"},\"potentialAction\":[{\"@type\":\"SearchAction\",\"target\":{\"@type\":\"EntryPoint\",\"urlTemplate\":\"https:\/\/www.eracleapalacehotel.it\/pl\/?s={search_term_string}\"},\"query-input\":{\"@type\":\"PropertyValueSpecification\",\"valueRequired\":true,\"valueName\":\"search_term_string\"}}],\"inLanguage\":\"pl-PL\"},{\"@type\":\"Organization\",\"@id\":\"https:\/\/www.eracleapalacehotel.it\/pl\/#organization\",\"name\":\"Eraclea Palace Hotel\",\"url\":\"https:\/\/www.eracleapalacehotel.it\/pl\/\",\"logo\":{\"@type\":\"ImageObject\",\"inLanguage\":\"pl-PL\",\"@id\":\"https:\/\/www.eracleapalacehotel.it\/pl\/#\/schema\/logo\/image\/\",\"url\":\"https:\/\/www.eracleapalacehotel.it\/wp-content\/uploads\/2020\/03\/cropped-logo_Eraclea_palace_hotel@2x.png\",\"contentUrl\":\"https:\/\/www.eracleapalacehotel.it\/wp-content\/uploads\/2020\/03\/cropped-logo_Eraclea_palace_hotel@2x.png\",\"width\":400,\"height\":277,\"caption\":\"Eraclea Palace Hotel\"},\"image\":{\"@id\":\"https:\/\/www.eracleapalacehotel.it\/pl\/#\/schema\/logo\/image\/\"}}]}<\/script>\n<!-- \/ Yoast SEO plugin. -->","yoast_head_json":{"title":"Eraclea Palace Hotel - ****s - Eraclea Mare","description":"Eraclea Palace Hotel **** \u00e8 il pi\u00f9 grande albergo a 4 stelle di Eraclea Mare. Ci troviamo a pochi passi dal mare, tra Caorle e Jesolo.","robots":{"index":"index","follow":"follow","max-snippet":"max-snippet:-1","max-image-preview":"max-image-preview:large","max-video-preview":"max-video-preview:-1"},"canonical":"https:\/\/www.eracleapalacehotel.it\/pl\/","og_locale":"pl_PL","og_type":"article","og_title":"Eraclea Palace Hotel - ****s - Eraclea Mare","og_description":"Eraclea Palace Hotel **** \u00e8 il pi\u00f9 grande albergo a 4 stelle di Eraclea Mare. Ci troviamo a pochi passi dal mare, tra Caorle e Jesolo.","og_url":"https:\/\/www.eracleapalacehotel.it\/pl\/","og_site_name":"Eraclea Palace Hotel","article_modified_time":"2020-04-28T14:58:50+00:00","og_image":[{"url":"https:\/\/www.eracleapalacehotel.it\/wp-content\/uploads\/2020\/03\/hotel-con-piscina-vista-mare-eraclea-1024x683.jpg","type":"","width":"","height":""}],"twitter_card":"summary_large_image","twitter_misc":{"Szacowany czas czytania":"1 minuta"},"schema":{"@context":"https:\/\/schema.org","@graph":[{"@type":"WebPage","@id":"https:\/\/www.eracleapalacehotel.it\/pl\/","url":"https:\/\/www.eracleapalacehotel.it\/pl\/","name":"Eraclea Palace Hotel - ****s - Eraclea Mare","isPartOf":{"@id":"https:\/\/www.eracleapalacehotel.it\/pl\/#website"},"primaryImageOfPage":{"@id":"https:\/\/www.eracleapalacehotel.it\/pl\/#primaryimage"},"image":{"@id":"https:\/\/www.eracleapalacehotel.it\/pl\/#primaryimage"},"thumbnailUrl":"https:\/\/www.eracleapalacehotel.it\/wp-content\/uploads\/2020\/03\/hotel-con-piscina-vista-mare-eraclea-1024x683.jpg","datePublished":"2020-02-13T14:47:01+00:00","dateModified":"2020-04-28T14:58:50+00:00","description":"Eraclea Palace Hotel **** \u00e8 il pi\u00f9 grande albergo a 4 stelle di Eraclea Mare. Ci troviamo a pochi passi dal mare, tra Caorle e Jesolo.","breadcrumb":{"@id":"https:\/\/www.eracleapalacehotel.it\/pl\/#breadcrumb"},"inLanguage":"pl-PL","potentialAction":[{"@type":"ReadAction","target":["https:\/\/www.eracleapalacehotel.it\/pl\/"]}]},{"@type":"ImageObject","inLanguage":"pl-PL","@id":"https:\/\/www.eracleapalacehotel.it\/pl\/#primaryimage","url":"https:\/\/www.eracleapalacehotel.it\/wp-content\/uploads\/2020\/03\/hotel-con-piscina-vista-mare-eraclea-1024x683.jpg","contentUrl":"https:\/\/www.eracleapalacehotel.it\/wp-content\/uploads\/2020\/03\/hotel-con-piscina-vista-mare-eraclea-1024x683.jpg"},{"@type":"BreadcrumbList","@id":"https:\/\/www.eracleapalacehotel.it\/pl\/#breadcrumb","itemListElement":[{"@type":"ListItem","position":1,"name":"Home","item":"https:\/\/www.eracleapalacehotel.it\/pl\/"},{"@type":"ListItem","position":2,"name":"Home"}]},{"@type":"WebSite","@id":"https:\/\/www.eracleapalacehotel.it\/pl\/#website","url":"https:\/\/www.eracleapalacehotel.it\/pl\/","name":"Eraclea Palace Hotel","description":"****s - Eraclea Mare","publisher":{"@id":"https:\/\/www.eracleapalacehotel.it\/pl\/#organization"},"potentialAction":[{"@type":"SearchAction","target":{"@type":"EntryPoint","urlTemplate":"https:\/\/www.eracleapalacehotel.it\/pl\/?s={search_term_string}"},"query-input":{"@type":"PropertyValueSpecification","valueRequired":true,"valueName":"search_term_string"}}],"inLanguage":"pl-PL"},{"@type":"Organization","@id":"https:\/\/www.eracleapalacehotel.it\/pl\/#organization","name":"Eraclea Palace Hotel","url":"https:\/\/www.eracleapalacehotel.it\/pl\/","logo":{"@type":"ImageObject","inLanguage":"pl-PL","@id":"https:\/\/www.eracleapalacehotel.it\/pl\/#\/schema\/logo\/image\/","url":"https:\/\/www.eracleapalacehotel.it\/wp-content\/uploads\/2020\/03\/cropped-logo_Eraclea_palace_hotel@2x.png","contentUrl":"https:\/\/www.eracleapalacehotel.it\/wp-content\/uploads\/2020\/03\/cropped-logo_Eraclea_palace_hotel@2x.png","width":400,"height":277,"caption":"Eraclea Palace Hotel"},"image":{"@id":"https:\/\/www.eracleapalacehotel.it\/pl\/#\/schema\/logo\/image\/"}}]}},"uagb_featured_image_src":{"full":false,"thumbnail":false,"medium":false,"medium_large":false,"large":false,"1536x1536":false,"2048x2048":false,"post-thumbnail":false,"twentytwenty-fullscreen":false},"uagb_author_info":{"display_name":"3r4cl3-p4l4","author_link":"https:\/\/www.eracleapalacehotel.it\/pl\/author\/3r4cl3-p4l4\/"},"uagb_comment_info":0,"uagb_excerpt":"Cze\u015b\u0107, co za przyjemno\u015b\u0107 mie\u0107 ci\u0119 u nas! Serdecznie witamy Eraclea Palace Hotel ****s jest najwi\u0119kszym 4-gwiazdkowym hotelem standardzie w miejscowo\u015bci Eraclea Mare. Mie\u015bcimy si\u0119 obok lasu sosnowego blisko morza. To doskona\u0142e miejsce, by nacieszy\u0107 si\u0119 morzem, korzystaj\u0105c z tras pieszych, rowerowych, konnych, oraz dla tych, kt\u00f3rzy opr\u00f3cz relaksu nad morzem lubi\u0105 zwiedza\u0107 miejsca o&hellip;","coauthors":[],"author_meta":{"author_link":"https:\/\/www.eracleapalacehotel.it\/pl\/author\/3r4cl3-p4l4\/","display_name":"3r4cl3-p4l4"},"relative_dates":{"created":"Posted 6 lat ago","modified":"Updated 6 lat ago"},"absolute_dates":{"created":"Posted on 13 lutego 2020","modified":"Updated on 28 kwietnia 2020"},"absolute_dates_time":{"created":"Posted on 13 lutego 2020 15:47","modified":"Updated on 28 kwietnia 2020 16:58"},"featured_img_caption":"","featured_img":false,"series_order":"","_links":{"self":[{"href":"https:\/\/www.eracleapalacehotel.it\/pl\/wp-json\/wp\/v2\/pages\/2503","targetHints":{"allow":["GET"]}}],"collection":[{"href":"https:\/\/www.eracleapalacehotel.it\/pl\/wp-json\/wp\/v2\/pages"}],"about":[{"href":"https:\/\/www.eracleapalacehotel.it\/pl\/wp-json\/wp\/v2\/types\/page"}],"author":[{"embeddable":true,"href":"https:\/\/www.eracleapalacehotel.it\/pl\/wp-json\/wp\/v2\/users\/1"}],"replies":[{"embeddable":true,"href":"https:\/\/www.eracleapalacehotel.it\/pl\/wp-json\/wp\/v2\/comments?post=2503"}],"version-history":[{"count":0,"href":"https:\/\/www.eracleapalacehotel.it\/pl\/wp-json\/wp\/v2\/pages\/2503\/revisions"}],"wp:attachment":[{"href":"https:\/\/www.eracleapalacehotel.it\/pl\/wp-json\/wp\/v2\/media?parent=2503"}],"curies":[{"name":"wp","href":"https:\/\/api.w.org\/{rel}","templated":true}]}}