{"id":2212,"date":"2020-04-02T12:39:31","date_gmt":"2020-04-02T10:39:31","guid":{"rendered":"http:\/\/eraclea.promoservicebeta.com\/?page_id=2212"},"modified":"2022-03-25T11:49:31","modified_gmt":"2022-03-25T10:49:31","slug":"eraclea-palace-hotel","status":"publish","type":"page","link":"https:\/\/www.eracleapalacehotel.it\/pl\/eraclea-palace-hotel\/","title":{"rendered":"Eraclea Palace Hotel"},"content":{"rendered":"\n<div style=\"height:60px\" aria-hidden=\"true\" class=\"wp-block-spacer\"><\/div>\n\n\n\n<div class=\"wp-block-group promo-eracleaint-1\"><div class=\"wp-block-group__inner-container is-layout-flow wp-block-group-is-layout-flow\">\n<h3 class=\"wp-block-heading\">Wakacje szyte na miar\u0119 w spokojnym otoczeniu i na luzie<\/h3>\n\n\n\n<h2 class=\"wp-block-heading\">Witajcie w hotelu Eraclea Palace Hotel<\/h2>\n\n\n\n<p><strong>Eraclea Palace Hotel ****<\/strong>&nbsp;jest najwi\u0119kszym 4-gwiazdkowym hotelem w miejscowo\u015bci Eraclea Mare. Mie\u015bcimy si\u0119 obok lasu sosnowego blisko morza.<\/p>\n\n\n\n<div style=\"height:20px\" aria-hidden=\"true\" class=\"wp-block-spacer\"><\/div>\n\n\n\n<p><strong>Nowo wybudowany hotel oferuje go\u015bciom wszelkie wygody<\/strong>, aby mogli sp\u0119dzi\u0107 niezapomniane wakacje nad morzem:<\/p>\n\n\n\n<div class=\"wp-block-columns is-layout-flex wp-container-core-columns-is-layout-9d6595d7 wp-block-columns-is-layout-flex\">\n<div class=\"wp-block-column is-layout-flow wp-block-column-is-layout-flow\">\n<ul class=\"wp-block-list\"><li>dwa podgrzewane baseny z panoramicznym widokiem na morze, solarium;<\/li><li>wyposa\u017cone centrum odnowy biologicznej \u2013 sauna, aromaterapeutyczny prysznic;<\/li><li>k\u0105cik fitness i strefa zabaw dla dzieci;<\/li><li>hall, recepcja 24h;<\/li><\/ul>\n<\/div>\n\n\n\n<div class=\"wp-block-column is-layout-flow wp-block-column-is-layout-flow\">\n<ul class=\"wp-block-list\"><li>restauracja, bar, bar ameryka\u0144ski przy basenie;<\/li><li>pomieszczenia do zebra\u0144 od 10 do 100 miejsc;<\/li><li>dwie windy;<\/li><li>pralnia na \u017cetony i bezp\u0142atna prasowalnia;<\/li><li>parking\/gara\u017c.<\/li><\/ul>\n<\/div>\n<\/div>\n<\/div><\/div>\n\n\n\n<div id=\"promo-eracleaint-2\" class=\"wp-block-group promo-eracleaint-2\"><div class=\"wp-block-group__inner-container is-layout-flow wp-block-group-is-layout-flow\">\n<figure class=\"wp-block-image size-large\"><img loading=\"lazy\" decoding=\"async\" width=\"1000\" height=\"1000\" src=\"https:\/\/www.eracleapalacehotel.it\/wp-content\/uploads\/2020\/03\/Hotel_Eraclea_palace_ESTERNO_quadrata.jpg\" alt=\"\" class=\"wp-image-701\" srcset=\"https:\/\/www.eracleapalacehotel.it\/wp-content\/uploads\/2020\/03\/Hotel_Eraclea_palace_ESTERNO_quadrata.jpg 1000w, https:\/\/www.eracleapalacehotel.it\/wp-content\/uploads\/2020\/03\/Hotel_Eraclea_palace_ESTERNO_quadrata-300x300.jpg 300w, https:\/\/www.eracleapalacehotel.it\/wp-content\/uploads\/2020\/03\/Hotel_Eraclea_palace_ESTERNO_quadrata-150x150.jpg 150w, https:\/\/www.eracleapalacehotel.it\/wp-content\/uploads\/2020\/03\/Hotel_Eraclea_palace_ESTERNO_quadrata-768x768.jpg 768w\" sizes=\"auto, (max-width: 1000px) 100vw, 1000px\" \/><\/figure>\n\n\n\n<div style=\"height:60px\" aria-hidden=\"true\" class=\"wp-block-spacer\"><\/div>\n<\/div><\/div>\n\n\n\n<div class=\"wp-block-group promo-eracleaint-133\"><div class=\"wp-block-group__inner-container is-layout-flow wp-block-group-is-layout-flow\">\n<div class=\"wp-block-image\"><figure class=\"aligncenter size-full is-resized\"><img loading=\"lazy\" decoding=\"async\" src=\"https:\/\/www.eracleapalacehotel.it\/wp-content\/uploads\/2020\/03\/eraclea_palace_hotel_eraclea-mare.jpg\" alt=\"\" class=\"wp-image-711\" width=\"720\" height=\"488\" srcset=\"https:\/\/www.eracleapalacehotel.it\/wp-content\/uploads\/2020\/03\/eraclea_palace_hotel_eraclea-mare.jpg 960w, https:\/\/www.eracleapalacehotel.it\/wp-content\/uploads\/2020\/03\/eraclea_palace_hotel_eraclea-mare-300x203.jpg 300w, https:\/\/www.eracleapalacehotel.it\/wp-content\/uploads\/2020\/03\/eraclea_palace_hotel_eraclea-mare-768x520.jpg 768w\" sizes=\"auto, (max-width: 720px) 100vw, 720px\" \/><\/figure><\/div>\n<\/div><\/div>\n\n\n\n<div class=\"wp-block-group alignwide promo-eracleaint-144\"><div class=\"wp-block-group__inner-container is-layout-flow wp-block-group-is-layout-flow\">\n<p>Mie\u015bcimy si\u0119 w miejscowo\u015bci Eraclea Mare, pomi\u0119dzy Caorle i Jesolo, niedaleko Wenecji.<br><br>To doskona\u0142e miejsce, by nacieszy\u0107 si\u0119 morzem, korzystaj\u0105c z tras pieszych, rowerowych, konnych, oraz dla tych, kt\u00f3rzy opr\u00f3cz relaksu nad morzem lubi\u0105 zwiedza\u0107 miejsca o znaczeniu kulturalnym.&nbsp;<br><br>Nasz personel s\u0142u\u017cy pomoc\u0105 w organizowaniu wycieczek do pobliskich miastach: Wenecji, Treviso, Padwy, Triestu, Concordia Sagittaria, do kt\u00f3rych mo\u017cna \u0142atwo dojecha\u0107 samochodem lub \u015brodkami transportu publicznego.<br>Mie\u015bcimy si\u0119 w miejscowo\u015bci Eraclea Mare, pomi\u0119dzy Caorle i Jesolo, niedaleko Wenecji.<br><br>To doskona\u0142e miejsce, by nacieszy\u0107 si\u0119 morzem, korzystaj\u0105c z tras pieszych, rowerowych, konnych, oraz dla tych, kt\u00f3rzy opr\u00f3cz relaksu nad morzem lubi\u0105 zwiedza\u0107 miejsca o znaczeniu kulturalnym.&nbsp;<\/p>\n<\/div><\/div>\n\n\n\n<div class=\"promo-eraclea-services\"> \n    <div class=\"promo-eraclea-services1 \">\n        <figure class=\"wp-block-image size-large is-resized\"><img loading=\"lazy\" decoding=\"async\" src=\"https:\/\/eracleapalacehotel.it\/wp-content\/uploads\/2020\/03\/wi-fi-icon@2x.png\" alt=\"\" class=\"\" width=\"61\" height=\"60\">\n        <\/figure>\n        <figcaption class=\"promo-caption-services\">Wi-fi<\/figcaption>\n    <\/div>\n    <div class=\"promo-eraclea-services2\">\n        <figure class=\"wp-block-image size-large is-resized\"><img loading=\"lazy\" decoding=\"async\" src=\"https:\/\/eracleapalacehotel.it\/wp-content\/uploads\/2020\/03\/piscina-icon@2x.png\" alt=\"\" class=\"\" width=\"61\" height=\"60\">\n        <\/figure>\n        <figcaption class=\"promo-caption-services\">Baseny i jacuzzi<\/figcaption>\n    <\/div>\n    <div class=\"promo-eraclea-services3\">\n        <figure class=\"wp-block-image size-large is-resized\"><img loading=\"lazy\" decoding=\"async\" src=\"https:\/\/eracleapalacehotel.it\/wp-content\/uploads\/2020\/03\/spiaggia-icon@2x.png\" alt=\"\" class=\"\" width=\"61\" height=\"60\">\n        <\/figure>\n        <figcaption class=\"promo-caption-services\">Pla\u017ca<\/figcaption>\n    <\/div>\n    <div class=\"promo-eraclea-services4\">\n        <figure class=\"wp-block-image size-large is-resized\"><img loading=\"lazy\" decoding=\"async\" src=\"https:\/\/eracleapalacehotel.it\/wp-content\/uploads\/2020\/03\/spa-icon@2x.png\" alt=\"\" class=\"\" width=\"61\" height=\"60\">\n        <\/figure>\n        <figcaption class=\"promo-caption-services\">Spa i Wellness<\/figcaption>\n    <\/div>\n    <div class=\"promo-eraclea-services5\">\n        <figure class=\"wp-block-image size-large is-resized\"><img loading=\"lazy\" decoding=\"async\" src=\"https:\/\/eracleapalacehotel.it\/wp-content\/uploads\/2020\/03\/palestra-icon@2x.png\" alt=\"\" class=\"\" width=\"61\" height=\"60\">\n        <\/figure>\n        <figcaption class=\"promo-caption-services\">Strefa fitness<\/figcaption>\n    <\/div>\n    <div class=\"promo-eraclea-services6\">\n        <figure class=\"wp-block-image size-large is-resized\"><img loading=\"lazy\" decoding=\"async\" src=\"https:\/\/eracleapalacehotel.it\/wp-content\/uploads\/2020\/03\/accessibile-icon@2x.png\" alt=\"\" class=\"\" width=\"61\" height=\"60\">\n        <\/figure>\n        <figcaption class=\"promo-caption-services\">Dost\u0119pny<\/figcaption>\n    <\/div>\n\n    <div class=\"promo-eraclea-services1_2\">\n        <figure class=\"wp-block-image size-large is-resized\"><img loading=\"lazy\" decoding=\"async\" src=\"https:\/\/eracleapalacehotel.it\/wp-content\/uploads\/2020\/03\/Aparthotel-icon@2x.png\" alt=\"\" class=\"\" width=\"61\" height=\"60\">\n        <\/figure>\n        <figcaption class=\"promo-caption-services\">Aparthotel<\/figcaption>\n    <\/div>\n    <div class=\"promo-eraclea-services2_2\">\n        <figure class=\"wp-block-image size-large is-resized\"><img loading=\"lazy\" decoding=\"async\" src=\"https:\/\/eracleapalacehotel.it\/wp-content\/uploads\/2020\/03\/family-icon@2x.png\" alt=\"\" class=\"\" width=\"61\" height=\"60\">\n        <\/figure>\n        <figcaption class=\"promo-caption-services\">Hotel rodzinny<\/figcaption>\n    <\/div>\n    <div class=\"promo-eraclea-services3_2\">\n        <figure class=\"wp-block-image size-large is-resized\"><img loading=\"lazy\" decoding=\"async\" src=\"https:\/\/eracleapalacehotel.it\/wp-content\/uploads\/2020\/03\/bar-icon@2x.png\" alt=\"\" class=\"\" width=\"61\" height=\"60\">\n        <\/figure>\n        <figcaption class=\"promo-caption-services\">Bar<\/figcaption>\n    <\/div>\n    <div class=\"promo-eraclea-services4_2\">\n        <figure class=\"wp-block-image size-large is-resized\"><img loading=\"lazy\" decoding=\"async\" src=\"https:\/\/eracleapalacehotel.it\/wp-content\/uploads\/2020\/03\/colazione-icon@2x.png\" alt=\"\" class=\"\" width=\"61\" height=\"60\">\n        <\/figure>\n        <figcaption class=\"promo-caption-services\">\u015aniadanie<\/figcaption>\n    <\/div>\n    <div class=\"promo-eraclea-services5_2\">\n        <figure class=\"wp-block-image size-large is-resized\"><img loading=\"lazy\" decoding=\"async\" src=\"https:\/\/eracleapalacehotel.it\/wp-content\/uploads\/2020\/03\/lavanderia-icon@2x.png\" alt=\"\" class=\"\" width=\"61\" height=\"60\">\n        <\/figure>\n        <figcaption class=\"promo-caption-services\">Pralnia<\/figcaption>\n    <\/div>\n    <div class=\"promo-eraclea-services6_2\">\n        <figure class=\"wp-block-image size-large is-resized\"><img loading=\"lazy\" decoding=\"async\" src=\"https:\/\/eracleapalacehotel.it\/wp-content\/uploads\/2020\/03\/parcheggio-icon@2x.png\" alt=\"\" class=\"\" width=\"61\" height=\"60\">\n        <\/figure>\n        <figcaption class=\"promo-caption-services\">Parkplatz<\/figcaption>\n    <\/div> \n    <div class=\"promo-eraclea-services1_3\">\n        <figure class=\"wp-block-image size-large is-resized\"><img loading=\"lazy\" decoding=\"async\" src=\"https:\/\/www.eracleapalacehotel.it\/wp-content\/uploads\/2020\/04\/Icon_Babysitter.png\" alt=\"\" width=\"61\" height=\"60\">\n        <\/figure>\n        <figcaption class=\"promo-caption-services\">Babysitter<\/figcaption>\n    <\/div>\n    <div class=\"promo-eraclea-services2_3\">\n        <figure class=\"wp-block-image size-large is-resized\"><img loading=\"lazy\" decoding=\"async\" src=\"https:\/\/www.eracleapalacehotel.it\/wp-content\/uploads\/2020\/04\/icon_Babyclub.png\" alt=\"\" width=\"61\" height=\"60\">\n        <\/figure>\n        <figcaption class=\"promo-caption-services\">klub dla dzieci<\/figcaption>\n    <\/div>\n    <div class=\"promo-eraclea-services3_3\">\n        <figure class=\"wp-block-image size-large is-resized\"><img loading=\"lazy\" decoding=\"async\" src=\"https:\/\/www.eracleapalacehotel.it\/wp-content\/uploads\/2020\/04\/bici-icon@2x.png\" alt=\"\" width=\"61\" height=\"60\">\n        <\/figure>\n        <figcaption class=\"promo-caption-services\">Wypo\u017cyczalnia rower\u00f3w<\/figcaption>\n    <\/div>\n    <div class=\"promo-eraclea-services4_3\">\n        <figure class=\"wp-block-image size-large is-resized\"><img loading=\"lazy\" decoding=\"async\" src=\"https:\/\/www.eracleapalacehotel.it\/wp-content\/uploads\/2020\/04\/Icon_solarium.png\" alt=\"\" width=\"61\" height=\"60\">\n        <\/figure>\n        <figcaption class=\"promo-caption-services\">Solarium<\/figcaption>\n    <\/div>\n<\/div>\n\n\n\n<p><\/p>\n","protected":false},"excerpt":{"rendered":"<p>Wakacje szyte na miar\u0119 w spokojnym otoczeniu i na luzie Witajcie w hotelu Eraclea Palace Hotel Eraclea Palace Hotel ****&nbsp;jest najwi\u0119kszym 4-gwiazdkowym hotelem w miejscowo\u015bci Eraclea Mare. Mie\u015bcimy si\u0119 obok lasu sosnowego blisko morza. Nowo wybudowany hotel oferuje go\u015bciom wszelkie wygody, aby mogli sp\u0119dzi\u0107 niezapomniane wakacje nad morzem: dwa podgrzewane baseny z panoramicznym widokiem na [&hellip;]<\/p>\n","protected":false},"author":1,"featured_media":2447,"parent":0,"menu_order":0,"comment_status":"closed","ping_status":"closed","template":"","meta":{"_acf_changed":false,"_uag_custom_page_level_css":"","advgb_blocks_editor_width":"","advgb_blocks_columns_visual_guide":"","footnotes":""},"class_list":["post-2212","page","type-page","status-publish","has-post-thumbnail","hentry"],"acf":[],"yoast_head":"<!-- This site is optimized with the Yoast SEO plugin v25.6 - https:\/\/yoast.com\/wordpress\/plugins\/seo\/ -->\n<title>Witajcie w hotelu Eraclea Palace Hotel - Hotel Eraclea Palace<\/title>\n<meta name=\"description\" content=\"Eraclea Palace Hotel **** jest najwi\u0119kszym 4-gwiazdkowym hotelem w miejscowo\u015bci Eraclea Mare. Mie\u015bcimy si\u0119 obok lasu sosnowego blisko morza.\" \/>\n<meta name=\"robots\" content=\"index, follow, max-snippet:-1, max-image-preview:large, max-video-preview:-1\" \/>\n<link rel=\"canonical\" href=\"https:\/\/www.eracleapalacehotel.it\/pl\/eraclea-palace-hotel\/\" \/>\n<meta property=\"og:locale\" content=\"pl_PL\" \/>\n<meta property=\"og:type\" content=\"article\" \/>\n<meta property=\"og:title\" content=\"Witajcie w hotelu Eraclea Palace Hotel - Hotel Eraclea Palace\" \/>\n<meta property=\"og:description\" content=\"Eraclea Palace Hotel **** jest najwi\u0119kszym 4-gwiazdkowym hotelem w miejscowo\u015bci Eraclea Mare. Mie\u015bcimy si\u0119 obok lasu sosnowego blisko morza.\" \/>\n<meta property=\"og:url\" content=\"https:\/\/www.eracleapalacehotel.it\/pl\/eraclea-palace-hotel\/\" \/>\n<meta property=\"og:site_name\" content=\"Eraclea Palace Hotel\" \/>\n<meta property=\"article:modified_time\" content=\"2022-03-25T10:49:31+00:00\" \/>\n<meta property=\"og:image\" content=\"https:\/\/www.eracleapalacehotel.it\/wp-content\/uploads\/2020\/04\/Eraclea_Palace_Hotel_esterno@2x.jpg\" \/>\n\t<meta property=\"og:image:width\" content=\"2560\" \/>\n\t<meta property=\"og:image:height\" content=\"563\" \/>\n\t<meta property=\"og:image:type\" content=\"image\/jpeg\" \/>\n<meta name=\"twitter:card\" content=\"summary_large_image\" \/>\n<meta name=\"twitter:label1\" content=\"Szacowany czas czytania\" \/>\n\t<meta name=\"twitter:data1\" content=\"5 minut\" \/>\n<script type=\"application\/ld+json\" class=\"yoast-schema-graph\">{\"@context\":\"https:\/\/schema.org\",\"@graph\":[{\"@type\":\"WebPage\",\"@id\":\"https:\/\/www.eracleapalacehotel.it\/pl\/eraclea-palace-hotel\/\",\"url\":\"https:\/\/www.eracleapalacehotel.it\/pl\/eraclea-palace-hotel\/\",\"name\":\"Witajcie w hotelu Eraclea Palace Hotel - Hotel Eraclea Palace\",\"isPartOf\":{\"@id\":\"https:\/\/www.eracleapalacehotel.it\/pl\/#website\"},\"primaryImageOfPage\":{\"@id\":\"https:\/\/www.eracleapalacehotel.it\/pl\/eraclea-palace-hotel\/#primaryimage\"},\"image\":{\"@id\":\"https:\/\/www.eracleapalacehotel.it\/pl\/eraclea-palace-hotel\/#primaryimage\"},\"thumbnailUrl\":\"https:\/\/www.eracleapalacehotel.it\/wp-content\/uploads\/2020\/04\/Eraclea_Palace_Hotel_esterno@2x.jpg\",\"datePublished\":\"2020-04-02T10:39:31+00:00\",\"dateModified\":\"2022-03-25T10:49:31+00:00\",\"description\":\"Eraclea Palace Hotel **** jest najwi\u0119kszym 4-gwiazdkowym hotelem w miejscowo\u015bci Eraclea Mare. Mie\u015bcimy si\u0119 obok lasu sosnowego blisko morza.\",\"breadcrumb\":{\"@id\":\"https:\/\/www.eracleapalacehotel.it\/pl\/eraclea-palace-hotel\/#breadcrumb\"},\"inLanguage\":\"pl-PL\",\"potentialAction\":[{\"@type\":\"ReadAction\",\"target\":[\"https:\/\/www.eracleapalacehotel.it\/pl\/eraclea-palace-hotel\/\"]}]},{\"@type\":\"ImageObject\",\"inLanguage\":\"pl-PL\",\"@id\":\"https:\/\/www.eracleapalacehotel.it\/pl\/eraclea-palace-hotel\/#primaryimage\",\"url\":\"https:\/\/www.eracleapalacehotel.it\/wp-content\/uploads\/2020\/04\/Eraclea_Palace_Hotel_esterno@2x.jpg\",\"contentUrl\":\"https:\/\/www.eracleapalacehotel.it\/wp-content\/uploads\/2020\/04\/Eraclea_Palace_Hotel_esterno@2x.jpg\",\"width\":2560,\"height\":563},{\"@type\":\"BreadcrumbList\",\"@id\":\"https:\/\/www.eracleapalacehotel.it\/pl\/eraclea-palace-hotel\/#breadcrumb\",\"itemListElement\":[{\"@type\":\"ListItem\",\"position\":1,\"name\":\"Home\",\"item\":\"https:\/\/www.eracleapalacehotel.it\/pl\/\"},{\"@type\":\"ListItem\",\"position\":2,\"name\":\"Eraclea Palace Hotel\"}]},{\"@type\":\"WebSite\",\"@id\":\"https:\/\/www.eracleapalacehotel.it\/pl\/#website\",\"url\":\"https:\/\/www.eracleapalacehotel.it\/pl\/\",\"name\":\"Eraclea Palace Hotel\",\"description\":\"****s - Eraclea Mare\",\"publisher\":{\"@id\":\"https:\/\/www.eracleapalacehotel.it\/pl\/#organization\"},\"potentialAction\":[{\"@type\":\"SearchAction\",\"target\":{\"@type\":\"EntryPoint\",\"urlTemplate\":\"https:\/\/www.eracleapalacehotel.it\/pl\/?s={search_term_string}\"},\"query-input\":{\"@type\":\"PropertyValueSpecification\",\"valueRequired\":true,\"valueName\":\"search_term_string\"}}],\"inLanguage\":\"pl-PL\"},{\"@type\":\"Organization\",\"@id\":\"https:\/\/www.eracleapalacehotel.it\/pl\/#organization\",\"name\":\"Eraclea Palace Hotel\",\"url\":\"https:\/\/www.eracleapalacehotel.it\/pl\/\",\"logo\":{\"@type\":\"ImageObject\",\"inLanguage\":\"pl-PL\",\"@id\":\"https:\/\/www.eracleapalacehotel.it\/pl\/#\/schema\/logo\/image\/\",\"url\":\"https:\/\/www.eracleapalacehotel.it\/wp-content\/uploads\/2020\/03\/cropped-logo_Eraclea_palace_hotel@2x.png\",\"contentUrl\":\"https:\/\/www.eracleapalacehotel.it\/wp-content\/uploads\/2020\/03\/cropped-logo_Eraclea_palace_hotel@2x.png\",\"width\":400,\"height\":277,\"caption\":\"Eraclea Palace Hotel\"},\"image\":{\"@id\":\"https:\/\/www.eracleapalacehotel.it\/pl\/#\/schema\/logo\/image\/\"}}]}<\/script>\n<!-- \/ Yoast SEO plugin. -->","yoast_head_json":{"title":"Witajcie w hotelu Eraclea Palace Hotel - Hotel Eraclea Palace","description":"Eraclea Palace Hotel **** jest najwi\u0119kszym 4-gwiazdkowym hotelem w miejscowo\u015bci Eraclea Mare. Mie\u015bcimy si\u0119 obok lasu sosnowego blisko morza.","robots":{"index":"index","follow":"follow","max-snippet":"max-snippet:-1","max-image-preview":"max-image-preview:large","max-video-preview":"max-video-preview:-1"},"canonical":"https:\/\/www.eracleapalacehotel.it\/pl\/eraclea-palace-hotel\/","og_locale":"pl_PL","og_type":"article","og_title":"Witajcie w hotelu Eraclea Palace Hotel - Hotel Eraclea Palace","og_description":"Eraclea Palace Hotel **** jest najwi\u0119kszym 4-gwiazdkowym hotelem w miejscowo\u015bci Eraclea Mare. Mie\u015bcimy si\u0119 obok lasu sosnowego blisko morza.","og_url":"https:\/\/www.eracleapalacehotel.it\/pl\/eraclea-palace-hotel\/","og_site_name":"Eraclea Palace Hotel","article_modified_time":"2022-03-25T10:49:31+00:00","og_image":[{"width":2560,"height":563,"url":"https:\/\/www.eracleapalacehotel.it\/wp-content\/uploads\/2020\/04\/Eraclea_Palace_Hotel_esterno@2x.jpg","type":"image\/jpeg"}],"twitter_card":"summary_large_image","twitter_misc":{"Szacowany czas czytania":"5 minut"},"schema":{"@context":"https:\/\/schema.org","@graph":[{"@type":"WebPage","@id":"https:\/\/www.eracleapalacehotel.it\/pl\/eraclea-palace-hotel\/","url":"https:\/\/www.eracleapalacehotel.it\/pl\/eraclea-palace-hotel\/","name":"Witajcie w hotelu Eraclea Palace Hotel - Hotel Eraclea Palace","isPartOf":{"@id":"https:\/\/www.eracleapalacehotel.it\/pl\/#website"},"primaryImageOfPage":{"@id":"https:\/\/www.eracleapalacehotel.it\/pl\/eraclea-palace-hotel\/#primaryimage"},"image":{"@id":"https:\/\/www.eracleapalacehotel.it\/pl\/eraclea-palace-hotel\/#primaryimage"},"thumbnailUrl":"https:\/\/www.eracleapalacehotel.it\/wp-content\/uploads\/2020\/04\/Eraclea_Palace_Hotel_esterno@2x.jpg","datePublished":"2020-04-02T10:39:31+00:00","dateModified":"2022-03-25T10:49:31+00:00","description":"Eraclea Palace Hotel **** jest najwi\u0119kszym 4-gwiazdkowym hotelem w miejscowo\u015bci Eraclea Mare. Mie\u015bcimy si\u0119 obok lasu sosnowego blisko morza.","breadcrumb":{"@id":"https:\/\/www.eracleapalacehotel.it\/pl\/eraclea-palace-hotel\/#breadcrumb"},"inLanguage":"pl-PL","potentialAction":[{"@type":"ReadAction","target":["https:\/\/www.eracleapalacehotel.it\/pl\/eraclea-palace-hotel\/"]}]},{"@type":"ImageObject","inLanguage":"pl-PL","@id":"https:\/\/www.eracleapalacehotel.it\/pl\/eraclea-palace-hotel\/#primaryimage","url":"https:\/\/www.eracleapalacehotel.it\/wp-content\/uploads\/2020\/04\/Eraclea_Palace_Hotel_esterno@2x.jpg","contentUrl":"https:\/\/www.eracleapalacehotel.it\/wp-content\/uploads\/2020\/04\/Eraclea_Palace_Hotel_esterno@2x.jpg","width":2560,"height":563},{"@type":"BreadcrumbList","@id":"https:\/\/www.eracleapalacehotel.it\/pl\/eraclea-palace-hotel\/#breadcrumb","itemListElement":[{"@type":"ListItem","position":1,"name":"Home","item":"https:\/\/www.eracleapalacehotel.it\/pl\/"},{"@type":"ListItem","position":2,"name":"Eraclea Palace Hotel"}]},{"@type":"WebSite","@id":"https:\/\/www.eracleapalacehotel.it\/pl\/#website","url":"https:\/\/www.eracleapalacehotel.it\/pl\/","name":"Eraclea Palace Hotel","description":"****s - Eraclea Mare","publisher":{"@id":"https:\/\/www.eracleapalacehotel.it\/pl\/#organization"},"potentialAction":[{"@type":"SearchAction","target":{"@type":"EntryPoint","urlTemplate":"https:\/\/www.eracleapalacehotel.it\/pl\/?s={search_term_string}"},"query-input":{"@type":"PropertyValueSpecification","valueRequired":true,"valueName":"search_term_string"}}],"inLanguage":"pl-PL"},{"@type":"Organization","@id":"https:\/\/www.eracleapalacehotel.it\/pl\/#organization","name":"Eraclea Palace Hotel","url":"https:\/\/www.eracleapalacehotel.it\/pl\/","logo":{"@type":"ImageObject","inLanguage":"pl-PL","@id":"https:\/\/www.eracleapalacehotel.it\/pl\/#\/schema\/logo\/image\/","url":"https:\/\/www.eracleapalacehotel.it\/wp-content\/uploads\/2020\/03\/cropped-logo_Eraclea_palace_hotel@2x.png","contentUrl":"https:\/\/www.eracleapalacehotel.it\/wp-content\/uploads\/2020\/03\/cropped-logo_Eraclea_palace_hotel@2x.png","width":400,"height":277,"caption":"Eraclea Palace Hotel"},"image":{"@id":"https:\/\/www.eracleapalacehotel.it\/pl\/#\/schema\/logo\/image\/"}}]}},"uagb_featured_image_src":{"full":["https:\/\/www.eracleapalacehotel.it\/wp-content\/uploads\/2020\/04\/Eraclea_Palace_Hotel_esterno@2x.jpg",2560,563,false],"thumbnail":["https:\/\/www.eracleapalacehotel.it\/wp-content\/uploads\/2020\/04\/Eraclea_Palace_Hotel_esterno@2x-150x150.jpg",150,150,true],"medium":["https:\/\/www.eracleapalacehotel.it\/wp-content\/uploads\/2020\/04\/Eraclea_Palace_Hotel_esterno@2x-300x66.jpg",300,66,true],"medium_large":["https:\/\/www.eracleapalacehotel.it\/wp-content\/uploads\/2020\/04\/Eraclea_Palace_Hotel_esterno@2x-768x169.jpg",580,128,true],"large":["https:\/\/www.eracleapalacehotel.it\/wp-content\/uploads\/2020\/04\/Eraclea_Palace_Hotel_esterno@2x-1024x225.jpg",580,127,true],"1536x1536":["https:\/\/www.eracleapalacehotel.it\/wp-content\/uploads\/2020\/04\/Eraclea_Palace_Hotel_esterno@2x-1536x338.jpg",1536,338,true],"2048x2048":["https:\/\/www.eracleapalacehotel.it\/wp-content\/uploads\/2020\/04\/Eraclea_Palace_Hotel_esterno@2x-2048x451.jpg",2048,451,true],"post-thumbnail":["https:\/\/www.eracleapalacehotel.it\/wp-content\/uploads\/2020\/04\/Eraclea_Palace_Hotel_esterno@2x-1200x264.jpg",1200,264,true],"twentytwenty-fullscreen":["https:\/\/www.eracleapalacehotel.it\/wp-content\/uploads\/2020\/04\/Eraclea_Palace_Hotel_esterno@2x-1980x436.jpg",1980,436,true]},"uagb_author_info":{"display_name":"3r4cl3-p4l4","author_link":"https:\/\/www.eracleapalacehotel.it\/pl\/author\/3r4cl3-p4l4\/"},"uagb_comment_info":0,"uagb_excerpt":"Wakacje szyte na miar\u0119 w spokojnym otoczeniu i na luzie Witajcie w hotelu Eraclea Palace Hotel Eraclea Palace Hotel ****&nbsp;jest najwi\u0119kszym 4-gwiazdkowym hotelem w miejscowo\u015bci Eraclea Mare. Mie\u015bcimy si\u0119 obok lasu sosnowego blisko morza. Nowo wybudowany hotel oferuje go\u015bciom wszelkie wygody, aby mogli sp\u0119dzi\u0107 niezapomniane wakacje nad morzem: dwa podgrzewane baseny z panoramicznym widokiem na&hellip;","coauthors":[],"author_meta":{"author_link":"https:\/\/www.eracleapalacehotel.it\/pl\/author\/3r4cl3-p4l4\/","display_name":"3r4cl3-p4l4"},"relative_dates":{"created":"Posted 6 lat ago","modified":"Updated 4 lata ago"},"absolute_dates":{"created":"Posted on 2 kwietnia 2020","modified":"Updated on 25 marca 2022"},"absolute_dates_time":{"created":"Posted on 2 kwietnia 2020 12:39","modified":"Updated on 25 marca 2022 11:49"},"featured_img_caption":"","featured_img":"https:\/\/www.eracleapalacehotel.it\/wp-content\/uploads\/2020\/04\/Eraclea_Palace_Hotel_esterno@2x-1200x264.jpg","series_order":"","_links":{"self":[{"href":"https:\/\/www.eracleapalacehotel.it\/pl\/wp-json\/wp\/v2\/pages\/2212","targetHints":{"allow":["GET"]}}],"collection":[{"href":"https:\/\/www.eracleapalacehotel.it\/pl\/wp-json\/wp\/v2\/pages"}],"about":[{"href":"https:\/\/www.eracleapalacehotel.it\/pl\/wp-json\/wp\/v2\/types\/page"}],"author":[{"embeddable":true,"href":"https:\/\/www.eracleapalacehotel.it\/pl\/wp-json\/wp\/v2\/users\/1"}],"replies":[{"embeddable":true,"href":"https:\/\/www.eracleapalacehotel.it\/pl\/wp-json\/wp\/v2\/comments?post=2212"}],"version-history":[{"count":1,"href":"https:\/\/www.eracleapalacehotel.it\/pl\/wp-json\/wp\/v2\/pages\/2212\/revisions"}],"predecessor-version":[{"id":3533,"href":"https:\/\/www.eracleapalacehotel.it\/pl\/wp-json\/wp\/v2\/pages\/2212\/revisions\/3533"}],"wp:featuredmedia":[{"embeddable":true,"href":"https:\/\/www.eracleapalacehotel.it\/pl\/wp-json\/wp\/v2\/media\/2447"}],"wp:attachment":[{"href":"https:\/\/www.eracleapalacehotel.it\/pl\/wp-json\/wp\/v2\/media?parent=2212"}],"curies":[{"name":"wp","href":"https:\/\/api.w.org\/{rel}","templated":true}]}}