{"id":1746,"date":"2020-03-31T22:00:40","date_gmt":"2020-03-31T20:00:40","guid":{"rendered":"http:\/\/eraclea.promoservicebeta.com\/?page_id=1746"},"modified":"2020-04-21T18:17:00","modified_gmt":"2020-04-21T16:17:00","slug":"plaza","status":"publish","type":"page","link":"https:\/\/www.eracleapalacehotel.it\/pl\/plaza\/","title":{"rendered":"Pla\u017ca"},"content":{"rendered":"\n<div class=\"wp-block-group promo-eracleaint-1\"><div class=\"wp-block-group__inner-container is-layout-flow wp-block-group-is-layout-flow\">\n<h3 class=\"wp-block-heading\">B\u0142\u0119kitna flaga<\/h3>\n\n\n\n<h2 class=\"wp-block-heading\">Prywatna pla\u017ca w Eraclea Mare<\/h2>\n\n\n\n<p>Nasz hotel dysponuje prywatn\u0105 pla\u017c\u0105, do kt\u00f3rej mo\u017cna dotrze\u0107 w kilka minut na piechot\u0119, pla\u017ca jest zarezerwowana do wy\u0142\u0105cznego u\u017cytku naszych go\u015bci, na pla\u017cy czekaj\u0105 na Was parasole i le\u017caki wypoczynkowe.<\/p>\n\n\n\n<p>Nasza pla\u017ca to d\u0142ugi pas drobnego, z\u0142otego piasku, gdzie \u0142atwo mo\u017cna znale\u017a\u0107 miejsce, komfort i bezpiecze\u0144stwo, a tak\u017ce nacieszy\u0107 si\u0119 widokiem morza oraz us\u0142ugami minigolfa, gr\u0105 w kule i tenisem sto\u0142owym, oraz zanurzy\u0107 si\u0119 w cieple s\u0142odkich s\u0142onecznych dni.<\/p>\n\n\n\n<p>Du\u017ce przestrzenie, zachowana odleg\u0142o\u015b\u0107 mi\u0119dzy parasolami i spokojne po\u0142o\u017cenie sprawiaj\u0105, \u017ce nasza pla\u017ca jest jednym z tych czynnik\u00f3w, kt\u00f3re decyduj\u0105 o wyborze hotelu Eraclea Palace.<\/p>\n\n\n\n<p><\/p>\n<\/div><\/div>\n\n\n\n<figure class=\"wp-block-image size-large promo-eracleaint-2\"><img loading=\"lazy\" decoding=\"async\" width=\"960\" height=\"650\" src=\"https:\/\/eracleapalacehotel.it\/wp-content\/uploads\/2020\/03\/eraclea_palace_hotel_eraclea-mare.jpg\" alt=\"\" class=\"wp-image-707\" srcset=\"https:\/\/www.eracleapalacehotel.it\/wp-content\/uploads\/2020\/03\/eraclea_palace_hotel_eraclea-mare.jpg 960w, https:\/\/www.eracleapalacehotel.it\/wp-content\/uploads\/2020\/03\/eraclea_palace_hotel_eraclea-mare-300x203.jpg 300w, https:\/\/www.eracleapalacehotel.it\/wp-content\/uploads\/2020\/03\/eraclea_palace_hotel_eraclea-mare-768x520.jpg 768w\" sizes=\"auto, (max-width: 960px) 100vw, 960px\" \/><\/figure>\n","protected":false},"excerpt":{"rendered":"<p>B\u0142\u0119kitna flaga Prywatna pla\u017ca w Eraclea Mare Nasz hotel dysponuje prywatn\u0105 pla\u017c\u0105, do kt\u00f3rej mo\u017cna dotrze\u0107 w kilka minut na piechot\u0119, pla\u017ca jest zarezerwowana do wy\u0142\u0105cznego u\u017cytku naszych go\u015bci, na pla\u017cy czekaj\u0105 na Was parasole i le\u017caki wypoczynkowe. Nasza pla\u017ca to d\u0142ugi pas drobnego, z\u0142otego piasku, gdzie \u0142atwo mo\u017cna znale\u017a\u0107 miejsce, komfort i bezpiecze\u0144stwo, a [&hellip;]<\/p>\n","protected":false},"author":1,"featured_media":2459,"parent":0,"menu_order":0,"comment_status":"closed","ping_status":"closed","template":"","meta":{"_acf_changed":false,"_uag_custom_page_level_css":"","advgb_blocks_editor_width":"","advgb_blocks_columns_visual_guide":"","footnotes":""},"class_list":["post-1746","page","type-page","status-publish","has-post-thumbnail","hentry"],"acf":[],"yoast_head":"<!-- This site is optimized with the Yoast SEO plugin v25.6 - https:\/\/yoast.com\/wordpress\/plugins\/seo\/ -->\n<title>Prywatna pla\u017ca w Eraclea Mare - Hotel Eraclea Palace<\/title>\n<meta name=\"description\" content=\"Nasz hotel dysponuje prywatn\u0105 pla\u017c\u0105, do kt\u00f3rej mo\u017cna dotrze\u0107 w kilka minut na piechot\u0119, pla\u017ca jest zarezerwowana do wy\u0142\u0105cznego u\u017cytku naszych go\u015bci\" \/>\n<meta name=\"robots\" content=\"index, follow, max-snippet:-1, max-image-preview:large, max-video-preview:-1\" \/>\n<link rel=\"canonical\" href=\"https:\/\/www.eracleapalacehotel.it\/pl\/plaza\/\" \/>\n<meta property=\"og:locale\" content=\"pl_PL\" \/>\n<meta property=\"og:type\" content=\"article\" \/>\n<meta property=\"og:title\" content=\"Prywatna pla\u017ca w Eraclea Mare - Hotel Eraclea Palace\" \/>\n<meta property=\"og:description\" content=\"Nasz hotel dysponuje prywatn\u0105 pla\u017c\u0105, do kt\u00f3rej mo\u017cna dotrze\u0107 w kilka minut na piechot\u0119, pla\u017ca jest zarezerwowana do wy\u0142\u0105cznego u\u017cytku naszych go\u015bci\" \/>\n<meta property=\"og:url\" content=\"https:\/\/www.eracleapalacehotel.it\/pl\/plaza\/\" \/>\n<meta property=\"og:site_name\" content=\"Eraclea Palace Hotel\" \/>\n<meta property=\"article:modified_time\" content=\"2020-04-21T16:17:00+00:00\" \/>\n<meta property=\"og:image\" content=\"https:\/\/www.eracleapalacehotel.it\/wp-content\/uploads\/2020\/04\/Eraclea_Palace_Spiaggia_02@2x.jpg\" \/>\n\t<meta property=\"og:image:width\" content=\"2560\" \/>\n\t<meta property=\"og:image:height\" content=\"563\" \/>\n\t<meta property=\"og:image:type\" content=\"image\/jpeg\" \/>\n<meta name=\"twitter:card\" content=\"summary_large_image\" \/>\n<meta name=\"twitter:label1\" content=\"Szacowany czas czytania\" \/>\n\t<meta name=\"twitter:data1\" content=\"1 minuta\" \/>\n<script type=\"application\/ld+json\" class=\"yoast-schema-graph\">{\"@context\":\"https:\/\/schema.org\",\"@graph\":[{\"@type\":\"WebPage\",\"@id\":\"https:\/\/www.eracleapalacehotel.it\/pl\/plaza\/\",\"url\":\"https:\/\/www.eracleapalacehotel.it\/pl\/plaza\/\",\"name\":\"Prywatna pla\u017ca w Eraclea Mare - Hotel Eraclea Palace\",\"isPartOf\":{\"@id\":\"https:\/\/www.eracleapalacehotel.it\/pl\/#website\"},\"primaryImageOfPage\":{\"@id\":\"https:\/\/www.eracleapalacehotel.it\/pl\/plaza\/#primaryimage\"},\"image\":{\"@id\":\"https:\/\/www.eracleapalacehotel.it\/pl\/plaza\/#primaryimage\"},\"thumbnailUrl\":\"https:\/\/www.eracleapalacehotel.it\/wp-content\/uploads\/2020\/04\/Eraclea_Palace_Spiaggia_02@2x.jpg\",\"datePublished\":\"2020-03-31T20:00:40+00:00\",\"dateModified\":\"2020-04-21T16:17:00+00:00\",\"description\":\"Nasz hotel dysponuje prywatn\u0105 pla\u017c\u0105, do kt\u00f3rej mo\u017cna dotrze\u0107 w kilka minut na piechot\u0119, pla\u017ca jest zarezerwowana do wy\u0142\u0105cznego u\u017cytku naszych go\u015bci\",\"breadcrumb\":{\"@id\":\"https:\/\/www.eracleapalacehotel.it\/pl\/plaza\/#breadcrumb\"},\"inLanguage\":\"pl-PL\",\"potentialAction\":[{\"@type\":\"ReadAction\",\"target\":[\"https:\/\/www.eracleapalacehotel.it\/pl\/plaza\/\"]}]},{\"@type\":\"ImageObject\",\"inLanguage\":\"pl-PL\",\"@id\":\"https:\/\/www.eracleapalacehotel.it\/pl\/plaza\/#primaryimage\",\"url\":\"https:\/\/www.eracleapalacehotel.it\/wp-content\/uploads\/2020\/04\/Eraclea_Palace_Spiaggia_02@2x.jpg\",\"contentUrl\":\"https:\/\/www.eracleapalacehotel.it\/wp-content\/uploads\/2020\/04\/Eraclea_Palace_Spiaggia_02@2x.jpg\",\"width\":2560,\"height\":563},{\"@type\":\"BreadcrumbList\",\"@id\":\"https:\/\/www.eracleapalacehotel.it\/pl\/plaza\/#breadcrumb\",\"itemListElement\":[{\"@type\":\"ListItem\",\"position\":1,\"name\":\"Home\",\"item\":\"https:\/\/www.eracleapalacehotel.it\/pl\/\"},{\"@type\":\"ListItem\",\"position\":2,\"name\":\"Pla\u017ca\"}]},{\"@type\":\"WebSite\",\"@id\":\"https:\/\/www.eracleapalacehotel.it\/pl\/#website\",\"url\":\"https:\/\/www.eracleapalacehotel.it\/pl\/\",\"name\":\"Eraclea Palace Hotel\",\"description\":\"****s - Eraclea Mare\",\"publisher\":{\"@id\":\"https:\/\/www.eracleapalacehotel.it\/pl\/#organization\"},\"potentialAction\":[{\"@type\":\"SearchAction\",\"target\":{\"@type\":\"EntryPoint\",\"urlTemplate\":\"https:\/\/www.eracleapalacehotel.it\/pl\/?s={search_term_string}\"},\"query-input\":{\"@type\":\"PropertyValueSpecification\",\"valueRequired\":true,\"valueName\":\"search_term_string\"}}],\"inLanguage\":\"pl-PL\"},{\"@type\":\"Organization\",\"@id\":\"https:\/\/www.eracleapalacehotel.it\/pl\/#organization\",\"name\":\"Eraclea Palace Hotel\",\"url\":\"https:\/\/www.eracleapalacehotel.it\/pl\/\",\"logo\":{\"@type\":\"ImageObject\",\"inLanguage\":\"pl-PL\",\"@id\":\"https:\/\/www.eracleapalacehotel.it\/pl\/#\/schema\/logo\/image\/\",\"url\":\"https:\/\/www.eracleapalacehotel.it\/wp-content\/uploads\/2020\/03\/cropped-logo_Eraclea_palace_hotel@2x.png\",\"contentUrl\":\"https:\/\/www.eracleapalacehotel.it\/wp-content\/uploads\/2020\/03\/cropped-logo_Eraclea_palace_hotel@2x.png\",\"width\":400,\"height\":277,\"caption\":\"Eraclea Palace Hotel\"},\"image\":{\"@id\":\"https:\/\/www.eracleapalacehotel.it\/pl\/#\/schema\/logo\/image\/\"}}]}<\/script>\n<!-- \/ Yoast SEO plugin. -->","yoast_head_json":{"title":"Prywatna pla\u017ca w Eraclea Mare - Hotel Eraclea Palace","description":"Nasz hotel dysponuje prywatn\u0105 pla\u017c\u0105, do kt\u00f3rej mo\u017cna dotrze\u0107 w kilka minut na piechot\u0119, pla\u017ca jest zarezerwowana do wy\u0142\u0105cznego u\u017cytku naszych go\u015bci","robots":{"index":"index","follow":"follow","max-snippet":"max-snippet:-1","max-image-preview":"max-image-preview:large","max-video-preview":"max-video-preview:-1"},"canonical":"https:\/\/www.eracleapalacehotel.it\/pl\/plaza\/","og_locale":"pl_PL","og_type":"article","og_title":"Prywatna pla\u017ca w Eraclea Mare - Hotel Eraclea Palace","og_description":"Nasz hotel dysponuje prywatn\u0105 pla\u017c\u0105, do kt\u00f3rej mo\u017cna dotrze\u0107 w kilka minut na piechot\u0119, pla\u017ca jest zarezerwowana do wy\u0142\u0105cznego u\u017cytku naszych go\u015bci","og_url":"https:\/\/www.eracleapalacehotel.it\/pl\/plaza\/","og_site_name":"Eraclea Palace Hotel","article_modified_time":"2020-04-21T16:17:00+00:00","og_image":[{"width":2560,"height":563,"url":"https:\/\/www.eracleapalacehotel.it\/wp-content\/uploads\/2020\/04\/Eraclea_Palace_Spiaggia_02@2x.jpg","type":"image\/jpeg"}],"twitter_card":"summary_large_image","twitter_misc":{"Szacowany czas czytania":"1 minuta"},"schema":{"@context":"https:\/\/schema.org","@graph":[{"@type":"WebPage","@id":"https:\/\/www.eracleapalacehotel.it\/pl\/plaza\/","url":"https:\/\/www.eracleapalacehotel.it\/pl\/plaza\/","name":"Prywatna pla\u017ca w Eraclea Mare - Hotel Eraclea Palace","isPartOf":{"@id":"https:\/\/www.eracleapalacehotel.it\/pl\/#website"},"primaryImageOfPage":{"@id":"https:\/\/www.eracleapalacehotel.it\/pl\/plaza\/#primaryimage"},"image":{"@id":"https:\/\/www.eracleapalacehotel.it\/pl\/plaza\/#primaryimage"},"thumbnailUrl":"https:\/\/www.eracleapalacehotel.it\/wp-content\/uploads\/2020\/04\/Eraclea_Palace_Spiaggia_02@2x.jpg","datePublished":"2020-03-31T20:00:40+00:00","dateModified":"2020-04-21T16:17:00+00:00","description":"Nasz hotel dysponuje prywatn\u0105 pla\u017c\u0105, do kt\u00f3rej mo\u017cna dotrze\u0107 w kilka minut na piechot\u0119, pla\u017ca jest zarezerwowana do wy\u0142\u0105cznego u\u017cytku naszych go\u015bci","breadcrumb":{"@id":"https:\/\/www.eracleapalacehotel.it\/pl\/plaza\/#breadcrumb"},"inLanguage":"pl-PL","potentialAction":[{"@type":"ReadAction","target":["https:\/\/www.eracleapalacehotel.it\/pl\/plaza\/"]}]},{"@type":"ImageObject","inLanguage":"pl-PL","@id":"https:\/\/www.eracleapalacehotel.it\/pl\/plaza\/#primaryimage","url":"https:\/\/www.eracleapalacehotel.it\/wp-content\/uploads\/2020\/04\/Eraclea_Palace_Spiaggia_02@2x.jpg","contentUrl":"https:\/\/www.eracleapalacehotel.it\/wp-content\/uploads\/2020\/04\/Eraclea_Palace_Spiaggia_02@2x.jpg","width":2560,"height":563},{"@type":"BreadcrumbList","@id":"https:\/\/www.eracleapalacehotel.it\/pl\/plaza\/#breadcrumb","itemListElement":[{"@type":"ListItem","position":1,"name":"Home","item":"https:\/\/www.eracleapalacehotel.it\/pl\/"},{"@type":"ListItem","position":2,"name":"Pla\u017ca"}]},{"@type":"WebSite","@id":"https:\/\/www.eracleapalacehotel.it\/pl\/#website","url":"https:\/\/www.eracleapalacehotel.it\/pl\/","name":"Eraclea Palace Hotel","description":"****s - Eraclea Mare","publisher":{"@id":"https:\/\/www.eracleapalacehotel.it\/pl\/#organization"},"potentialAction":[{"@type":"SearchAction","target":{"@type":"EntryPoint","urlTemplate":"https:\/\/www.eracleapalacehotel.it\/pl\/?s={search_term_string}"},"query-input":{"@type":"PropertyValueSpecification","valueRequired":true,"valueName":"search_term_string"}}],"inLanguage":"pl-PL"},{"@type":"Organization","@id":"https:\/\/www.eracleapalacehotel.it\/pl\/#organization","name":"Eraclea Palace Hotel","url":"https:\/\/www.eracleapalacehotel.it\/pl\/","logo":{"@type":"ImageObject","inLanguage":"pl-PL","@id":"https:\/\/www.eracleapalacehotel.it\/pl\/#\/schema\/logo\/image\/","url":"https:\/\/www.eracleapalacehotel.it\/wp-content\/uploads\/2020\/03\/cropped-logo_Eraclea_palace_hotel@2x.png","contentUrl":"https:\/\/www.eracleapalacehotel.it\/wp-content\/uploads\/2020\/03\/cropped-logo_Eraclea_palace_hotel@2x.png","width":400,"height":277,"caption":"Eraclea Palace Hotel"},"image":{"@id":"https:\/\/www.eracleapalacehotel.it\/pl\/#\/schema\/logo\/image\/"}}]}},"uagb_featured_image_src":{"full":["https:\/\/www.eracleapalacehotel.it\/wp-content\/uploads\/2020\/04\/Eraclea_Palace_Spiaggia_02@2x.jpg",2560,563,false],"thumbnail":["https:\/\/www.eracleapalacehotel.it\/wp-content\/uploads\/2020\/04\/Eraclea_Palace_Spiaggia_02@2x-150x150.jpg",150,150,true],"medium":["https:\/\/www.eracleapalacehotel.it\/wp-content\/uploads\/2020\/04\/Eraclea_Palace_Spiaggia_02@2x-300x66.jpg",300,66,true],"medium_large":["https:\/\/www.eracleapalacehotel.it\/wp-content\/uploads\/2020\/04\/Eraclea_Palace_Spiaggia_02@2x-768x169.jpg",580,128,true],"large":["https:\/\/www.eracleapalacehotel.it\/wp-content\/uploads\/2020\/04\/Eraclea_Palace_Spiaggia_02@2x-1024x225.jpg",580,127,true],"1536x1536":["https:\/\/www.eracleapalacehotel.it\/wp-content\/uploads\/2020\/04\/Eraclea_Palace_Spiaggia_02@2x-1536x338.jpg",1536,338,true],"2048x2048":["https:\/\/www.eracleapalacehotel.it\/wp-content\/uploads\/2020\/04\/Eraclea_Palace_Spiaggia_02@2x-2048x451.jpg",2048,451,true],"post-thumbnail":["https:\/\/www.eracleapalacehotel.it\/wp-content\/uploads\/2020\/04\/Eraclea_Palace_Spiaggia_02@2x-1200x264.jpg",1200,264,true],"twentytwenty-fullscreen":["https:\/\/www.eracleapalacehotel.it\/wp-content\/uploads\/2020\/04\/Eraclea_Palace_Spiaggia_02@2x-1980x436.jpg",1980,436,true]},"uagb_author_info":{"display_name":"3r4cl3-p4l4","author_link":"https:\/\/www.eracleapalacehotel.it\/pl\/author\/3r4cl3-p4l4\/"},"uagb_comment_info":0,"uagb_excerpt":"B\u0142\u0119kitna flaga Prywatna pla\u017ca w Eraclea Mare Nasz hotel dysponuje prywatn\u0105 pla\u017c\u0105, do kt\u00f3rej mo\u017cna dotrze\u0107 w kilka minut na piechot\u0119, pla\u017ca jest zarezerwowana do wy\u0142\u0105cznego u\u017cytku naszych go\u015bci, na pla\u017cy czekaj\u0105 na Was parasole i le\u017caki wypoczynkowe. Nasza pla\u017ca to d\u0142ugi pas drobnego, z\u0142otego piasku, gdzie \u0142atwo mo\u017cna znale\u017a\u0107 miejsce, komfort i bezpiecze\u0144stwo, a&hellip;","coauthors":[],"author_meta":{"author_link":"https:\/\/www.eracleapalacehotel.it\/pl\/author\/3r4cl3-p4l4\/","display_name":"3r4cl3-p4l4"},"relative_dates":{"created":"Posted 6 lat ago","modified":"Updated 6 lat ago"},"absolute_dates":{"created":"Posted on 31 marca 2020","modified":"Updated on 21 kwietnia 2020"},"absolute_dates_time":{"created":"Posted on 31 marca 2020 22:00","modified":"Updated on 21 kwietnia 2020 18:17"},"featured_img_caption":"","featured_img":"https:\/\/www.eracleapalacehotel.it\/wp-content\/uploads\/2020\/04\/Eraclea_Palace_Spiaggia_02@2x-1200x264.jpg","series_order":"","_links":{"self":[{"href":"https:\/\/www.eracleapalacehotel.it\/pl\/wp-json\/wp\/v2\/pages\/1746","targetHints":{"allow":["GET"]}}],"collection":[{"href":"https:\/\/www.eracleapalacehotel.it\/pl\/wp-json\/wp\/v2\/pages"}],"about":[{"href":"https:\/\/www.eracleapalacehotel.it\/pl\/wp-json\/wp\/v2\/types\/page"}],"author":[{"embeddable":true,"href":"https:\/\/www.eracleapalacehotel.it\/pl\/wp-json\/wp\/v2\/users\/1"}],"replies":[{"embeddable":true,"href":"https:\/\/www.eracleapalacehotel.it\/pl\/wp-json\/wp\/v2\/comments?post=1746"}],"version-history":[{"count":0,"href":"https:\/\/www.eracleapalacehotel.it\/pl\/wp-json\/wp\/v2\/pages\/1746\/revisions"}],"wp:featuredmedia":[{"embeddable":true,"href":"https:\/\/www.eracleapalacehotel.it\/pl\/wp-json\/wp\/v2\/media\/2459"}],"wp:attachment":[{"href":"https:\/\/www.eracleapalacehotel.it\/pl\/wp-json\/wp\/v2\/media?parent=1746"}],"curies":[{"name":"wp","href":"https:\/\/api.w.org\/{rel}","templated":true}]}}