{"id":1735,"date":"2020-03-31T21:49:48","date_gmt":"2020-03-31T19:49:48","guid":{"rendered":"http:\/\/eraclea.promoservicebeta.com\/?page_id=1735"},"modified":"2020-04-21T18:13:14","modified_gmt":"2020-04-21T16:13:14","slug":"spa-i-wellness","status":"publish","type":"page","link":"https:\/\/www.eracleapalacehotel.it\/pl\/spa-i-wellness\/","title":{"rendered":"Spa i Wellness"},"content":{"rendered":"\n<div class=\"wp-block-group promo-eracleaint-1\"><div class=\"wp-block-group__inner-container is-layout-flow wp-block-group-is-layout-flow\">\n<h3 class=\"wp-block-heading\">Uwolnij si\u0119 od stresu, uj\u0119drnij cia\u0142o, popraw sobie nastr\u00f3j, rozpie\u015b\u0107 zmys\u0142y.<\/h3>\n\n\n\n<h2 class=\"wp-block-heading\">Hotel z centrum odnowy biologicznej w Eraclea Mare <\/h2>\n\n\n\n<p>Nasze centrum odnowy biologicznej, po\u0142o\u017cone na najwy\u017cszym pi\u0119trze hotelu, w pi\u0119knym panoramicznym miejscu, jest prawdziwym rajem.<\/p>\n\n\n\n<p>Mo\u017cesz si\u0119 tutaj zregenerowa\u0107 w saunie fi\u0144skiej, \u0142a\u017ani tureckiej lub po prostu zrelaksowa\u0107 si\u0119 pod aromaterapeutycznym prysznicem. Nasza przytulna strefa wellness pomaga z\u0142agodzi\u0107 zm\u0119czenie, poprawi\u0107 nastr\u00f3j i oczy\u015bci\u0107 cia\u0142o.<\/p>\n\n\n\n<p>Ponadto, dla tych, kt\u00f3rzy chc\u0105 si\u0119 da\u0107 rozpie\u015bci\u0107, korzystaj\u0105c z naszych us\u0142ug kosmetycznych, proponujemy pe\u0142n\u0105 ofert\u0119 zabieg\u00f3w obejmuj\u0105cych twarz oraz cia\u0142o, manicure i pedicure, depilacj\u0119 oraz nowoczesne solarium, aby uzyska\u0107 pi\u0119kny i roz\u015bwietlony wygl\u0105d podczas wakacji.Centrum urody jest otwarte r\u00f3wnie\u017c dla os\u00f3b z zewn\u0105trz, nie zakwaterowanych w hotelu.\n\n<\/p>\n\n\n\n<p><\/p>\n<\/div><\/div>\n\n\n\n<figure class=\"wp-block-image size-large promo-eracleaint-2\"><img loading=\"lazy\" decoding=\"async\" width=\"1000\" height=\"1000\" src=\"https:\/\/www.eracleapalacehotel.it\/wp-content\/uploads\/2020\/03\/spa-quadrata.jpg\" alt=\"\" class=\"wp-image-781\" srcset=\"https:\/\/www.eracleapalacehotel.it\/wp-content\/uploads\/2020\/03\/spa-quadrata.jpg 1000w, https:\/\/www.eracleapalacehotel.it\/wp-content\/uploads\/2020\/03\/spa-quadrata-300x300.jpg 300w, https:\/\/www.eracleapalacehotel.it\/wp-content\/uploads\/2020\/03\/spa-quadrata-150x150.jpg 150w, https:\/\/www.eracleapalacehotel.it\/wp-content\/uploads\/2020\/03\/spa-quadrata-768x768.jpg 768w\" sizes=\"auto, (max-width: 1000px) 100vw, 1000px\" \/><\/figure>\n\n\n\n<figure class=\"wp-block-gallery columns-4 is-cropped promo-eracleaint-5 wp-block-gallery-2\"><ul class=\"blocks-gallery-grid\"><li class=\"blocks-gallery-item\"><figure><img loading=\"lazy\" decoding=\"async\" width=\"1000\" height=\"667\" src=\"https:\/\/www.eracleapalacehotel.it\/wp-content\/uploads\/2020\/03\/SAUNA-SPA.jpg\" alt=\"\" data-id=\"805\" data-full-url=\"https:\/\/www.eracleapalacehotel.it\/wp-content\/uploads\/2020\/03\/SAUNA-SPA.jpg\" data-link=\"https:\/\/eracleapalacehotel.it\/?attachment_id=805\" class=\"wp-image-805\" srcset=\"https:\/\/www.eracleapalacehotel.it\/wp-content\/uploads\/2020\/03\/SAUNA-SPA.jpg 1000w, https:\/\/www.eracleapalacehotel.it\/wp-content\/uploads\/2020\/03\/SAUNA-SPA-300x200.jpg 300w, https:\/\/www.eracleapalacehotel.it\/wp-content\/uploads\/2020\/03\/SAUNA-SPA-768x512.jpg 768w\" sizes=\"auto, (max-width: 1000px) 100vw, 1000px\" \/><\/figure><\/li><li class=\"blocks-gallery-item\"><figure><img loading=\"lazy\" decoding=\"async\" width=\"667\" height=\"1000\" src=\"https:\/\/www.eracleapalacehotel.it\/wp-content\/uploads\/2020\/03\/hotel-con-sauna-bagno-turco-eraclea-mare.jpg\" alt=\"\" data-id=\"793\" data-full-url=\"https:\/\/www.eracleapalacehotel.it\/wp-content\/uploads\/2020\/03\/hotel-con-sauna-bagno-turco-eraclea-mare.jpg\" data-link=\"https:\/\/eracleapalacehotel.it\/?attachment_id=793\" class=\"wp-image-793\" srcset=\"https:\/\/www.eracleapalacehotel.it\/wp-content\/uploads\/2020\/03\/hotel-con-sauna-bagno-turco-eraclea-mare.jpg 667w, https:\/\/www.eracleapalacehotel.it\/wp-content\/uploads\/2020\/03\/hotel-con-sauna-bagno-turco-eraclea-mare-200x300.jpg 200w\" sizes=\"auto, (max-width: 667px) 100vw, 667px\" \/><\/figure><\/li><li class=\"blocks-gallery-item\"><figure><img loading=\"lazy\" decoding=\"async\" width=\"1000\" height=\"667\" src=\"https:\/\/www.eracleapalacehotel.it\/wp-content\/uploads\/2020\/03\/hotel-con-spa-eraclea.jpg\" alt=\"\" data-id=\"799\" data-full-url=\"https:\/\/www.eracleapalacehotel.it\/wp-content\/uploads\/2020\/03\/hotel-con-spa-eraclea.jpg\" data-link=\"https:\/\/eracleapalacehotel.it\/?attachment_id=799\" class=\"wp-image-799\" srcset=\"https:\/\/www.eracleapalacehotel.it\/wp-content\/uploads\/2020\/03\/hotel-con-spa-eraclea.jpg 1000w, https:\/\/www.eracleapalacehotel.it\/wp-content\/uploads\/2020\/03\/hotel-con-spa-eraclea-300x200.jpg 300w, https:\/\/www.eracleapalacehotel.it\/wp-content\/uploads\/2020\/03\/hotel-con-spa-eraclea-768x512.jpg 768w\" sizes=\"auto, (max-width: 1000px) 100vw, 1000px\" \/><\/figure><\/li><li class=\"blocks-gallery-item\"><figure><img loading=\"lazy\" decoding=\"async\" width=\"1024\" height=\"683\" src=\"https:\/\/www.eracleapalacehotel.it\/wp-content\/uploads\/2020\/03\/BEAUTY-1024x683.jpg\" alt=\"\" data-id=\"787\" data-full-url=\"https:\/\/eracleapalacehotel.it\/wp-content\/uploads\/2020\/03\/BEAUTY.jpg\" data-link=\"https:\/\/eracleapalacehotel.it\/?attachment_id=787\" class=\"wp-image-787 is-layout-flex wp-block-gallery-is-layout-flex\" srcset=\"https:\/\/www.eracleapalacehotel.it\/wp-content\/uploads\/2020\/03\/BEAUTY-1024x683.jpg 1024w, https:\/\/www.eracleapalacehotel.it\/wp-content\/uploads\/2020\/03\/BEAUTY-300x200.jpg 300w, https:\/\/www.eracleapalacehotel.it\/wp-content\/uploads\/2020\/03\/BEAUTY-768x512.jpg 768w, https:\/\/www.eracleapalacehotel.it\/wp-content\/uploads\/2020\/03\/BEAUTY.jpg 1197w\" sizes=\"auto, (max-width: 1024px) 100vw, 1024px\" \/><\/figure><\/li><\/ul><\/figure>\n","protected":false},"excerpt":{"rendered":"<p>Uwolnij si\u0119 od stresu, uj\u0119drnij cia\u0142o, popraw sobie nastr\u00f3j, rozpie\u015b\u0107 zmys\u0142y. Hotel z centrum odnowy biologicznej w Eraclea Mare Nasze centrum odnowy biologicznej, po\u0142o\u017cone na najwy\u017cszym pi\u0119trze hotelu, w pi\u0119knym panoramicznym miejscu, jest prawdziwym rajem. Mo\u017cesz si\u0119 tutaj zregenerowa\u0107 w saunie fi\u0144skiej, \u0142a\u017ani tureckiej lub po prostu zrelaksowa\u0107 si\u0119 pod aromaterapeutycznym prysznicem. Nasza przytulna strefa [&hellip;]<\/p>\n","protected":false},"author":1,"featured_media":2441,"parent":0,"menu_order":0,"comment_status":"closed","ping_status":"closed","template":"","meta":{"_acf_changed":false,"_uag_custom_page_level_css":"","advgb_blocks_editor_width":"","advgb_blocks_columns_visual_guide":"","footnotes":""},"class_list":["post-1735","page","type-page","status-publish","has-post-thumbnail","hentry"],"acf":[],"yoast_head":"<!-- This site is optimized with the Yoast SEO plugin v25.6 - https:\/\/yoast.com\/wordpress\/plugins\/seo\/ -->\n<title>Hotel z centrum odnowy biologicznej w Eraclea Mare - Hotel Eraclea Palace<\/title>\n<meta name=\"description\" content=\"Eraclea Palace Hotel in Eracla mare near Venice and Jesolo.\" \/>\n<meta name=\"robots\" content=\"index, follow, max-snippet:-1, max-image-preview:large, max-video-preview:-1\" \/>\n<link rel=\"canonical\" href=\"https:\/\/www.eracleapalacehotel.it\/pl\/spa-i-wellness\/\" \/>\n<meta property=\"og:locale\" content=\"pl_PL\" \/>\n<meta property=\"og:type\" content=\"article\" \/>\n<meta property=\"og:title\" content=\"Hotel z centrum odnowy biologicznej w Eraclea Mare - Hotel Eraclea Palace\" \/>\n<meta property=\"og:description\" content=\"Eraclea Palace Hotel in Eracla mare near Venice and Jesolo.\" \/>\n<meta property=\"og:url\" content=\"https:\/\/www.eracleapalacehotel.it\/pl\/spa-i-wellness\/\" \/>\n<meta property=\"og:site_name\" content=\"Eraclea Palace Hotel\" \/>\n<meta property=\"article:modified_time\" content=\"2020-04-21T16:13:14+00:00\" \/>\n<meta property=\"og:image\" content=\"https:\/\/www.eracleapalacehotel.it\/wp-content\/uploads\/2020\/04\/Eraclea_Palace_Wellness@2x.jpg\" \/>\n\t<meta property=\"og:image:width\" content=\"2560\" \/>\n\t<meta property=\"og:image:height\" content=\"563\" \/>\n\t<meta property=\"og:image:type\" content=\"image\/jpeg\" \/>\n<meta name=\"twitter:card\" content=\"summary_large_image\" \/>\n<meta name=\"twitter:label1\" content=\"Szacowany czas czytania\" \/>\n\t<meta name=\"twitter:data1\" content=\"1 minuta\" \/>\n<script type=\"application\/ld+json\" class=\"yoast-schema-graph\">{\"@context\":\"https:\/\/schema.org\",\"@graph\":[{\"@type\":\"WebPage\",\"@id\":\"https:\/\/www.eracleapalacehotel.it\/pl\/spa-i-wellness\/\",\"url\":\"https:\/\/www.eracleapalacehotel.it\/pl\/spa-i-wellness\/\",\"name\":\"Hotel z centrum odnowy biologicznej w Eraclea Mare - Hotel Eraclea Palace\",\"isPartOf\":{\"@id\":\"https:\/\/www.eracleapalacehotel.it\/pl\/#website\"},\"primaryImageOfPage\":{\"@id\":\"https:\/\/www.eracleapalacehotel.it\/pl\/spa-i-wellness\/#primaryimage\"},\"image\":{\"@id\":\"https:\/\/www.eracleapalacehotel.it\/pl\/spa-i-wellness\/#primaryimage\"},\"thumbnailUrl\":\"https:\/\/www.eracleapalacehotel.it\/wp-content\/uploads\/2020\/04\/Eraclea_Palace_Wellness@2x.jpg\",\"datePublished\":\"2020-03-31T19:49:48+00:00\",\"dateModified\":\"2020-04-21T16:13:14+00:00\",\"description\":\"Eraclea Palace Hotel in Eracla mare near Venice and Jesolo.\",\"breadcrumb\":{\"@id\":\"https:\/\/www.eracleapalacehotel.it\/pl\/spa-i-wellness\/#breadcrumb\"},\"inLanguage\":\"pl-PL\",\"potentialAction\":[{\"@type\":\"ReadAction\",\"target\":[\"https:\/\/www.eracleapalacehotel.it\/pl\/spa-i-wellness\/\"]}]},{\"@type\":\"ImageObject\",\"inLanguage\":\"pl-PL\",\"@id\":\"https:\/\/www.eracleapalacehotel.it\/pl\/spa-i-wellness\/#primaryimage\",\"url\":\"https:\/\/www.eracleapalacehotel.it\/wp-content\/uploads\/2020\/04\/Eraclea_Palace_Wellness@2x.jpg\",\"contentUrl\":\"https:\/\/www.eracleapalacehotel.it\/wp-content\/uploads\/2020\/04\/Eraclea_Palace_Wellness@2x.jpg\",\"width\":2560,\"height\":563},{\"@type\":\"BreadcrumbList\",\"@id\":\"https:\/\/www.eracleapalacehotel.it\/pl\/spa-i-wellness\/#breadcrumb\",\"itemListElement\":[{\"@type\":\"ListItem\",\"position\":1,\"name\":\"Home\",\"item\":\"https:\/\/www.eracleapalacehotel.it\/pl\/\"},{\"@type\":\"ListItem\",\"position\":2,\"name\":\"Spa i Wellness\"}]},{\"@type\":\"WebSite\",\"@id\":\"https:\/\/www.eracleapalacehotel.it\/pl\/#website\",\"url\":\"https:\/\/www.eracleapalacehotel.it\/pl\/\",\"name\":\"Eraclea Palace Hotel\",\"description\":\"****s - Eraclea Mare\",\"publisher\":{\"@id\":\"https:\/\/www.eracleapalacehotel.it\/pl\/#organization\"},\"potentialAction\":[{\"@type\":\"SearchAction\",\"target\":{\"@type\":\"EntryPoint\",\"urlTemplate\":\"https:\/\/www.eracleapalacehotel.it\/pl\/?s={search_term_string}\"},\"query-input\":{\"@type\":\"PropertyValueSpecification\",\"valueRequired\":true,\"valueName\":\"search_term_string\"}}],\"inLanguage\":\"pl-PL\"},{\"@type\":\"Organization\",\"@id\":\"https:\/\/www.eracleapalacehotel.it\/pl\/#organization\",\"name\":\"Eraclea Palace Hotel\",\"url\":\"https:\/\/www.eracleapalacehotel.it\/pl\/\",\"logo\":{\"@type\":\"ImageObject\",\"inLanguage\":\"pl-PL\",\"@id\":\"https:\/\/www.eracleapalacehotel.it\/pl\/#\/schema\/logo\/image\/\",\"url\":\"https:\/\/www.eracleapalacehotel.it\/wp-content\/uploads\/2020\/03\/cropped-logo_Eraclea_palace_hotel@2x.png\",\"contentUrl\":\"https:\/\/www.eracleapalacehotel.it\/wp-content\/uploads\/2020\/03\/cropped-logo_Eraclea_palace_hotel@2x.png\",\"width\":400,\"height\":277,\"caption\":\"Eraclea Palace Hotel\"},\"image\":{\"@id\":\"https:\/\/www.eracleapalacehotel.it\/pl\/#\/schema\/logo\/image\/\"}}]}<\/script>\n<!-- \/ Yoast SEO plugin. -->","yoast_head_json":{"title":"Hotel z centrum odnowy biologicznej w Eraclea Mare - Hotel Eraclea Palace","description":"Eraclea Palace Hotel in Eracla mare near Venice and Jesolo.","robots":{"index":"index","follow":"follow","max-snippet":"max-snippet:-1","max-image-preview":"max-image-preview:large","max-video-preview":"max-video-preview:-1"},"canonical":"https:\/\/www.eracleapalacehotel.it\/pl\/spa-i-wellness\/","og_locale":"pl_PL","og_type":"article","og_title":"Hotel z centrum odnowy biologicznej w Eraclea Mare - Hotel Eraclea Palace","og_description":"Eraclea Palace Hotel in Eracla mare near Venice and Jesolo.","og_url":"https:\/\/www.eracleapalacehotel.it\/pl\/spa-i-wellness\/","og_site_name":"Eraclea Palace Hotel","article_modified_time":"2020-04-21T16:13:14+00:00","og_image":[{"width":2560,"height":563,"url":"https:\/\/www.eracleapalacehotel.it\/wp-content\/uploads\/2020\/04\/Eraclea_Palace_Wellness@2x.jpg","type":"image\/jpeg"}],"twitter_card":"summary_large_image","twitter_misc":{"Szacowany czas czytania":"1 minuta"},"schema":{"@context":"https:\/\/schema.org","@graph":[{"@type":"WebPage","@id":"https:\/\/www.eracleapalacehotel.it\/pl\/spa-i-wellness\/","url":"https:\/\/www.eracleapalacehotel.it\/pl\/spa-i-wellness\/","name":"Hotel z centrum odnowy biologicznej w Eraclea Mare - Hotel Eraclea Palace","isPartOf":{"@id":"https:\/\/www.eracleapalacehotel.it\/pl\/#website"},"primaryImageOfPage":{"@id":"https:\/\/www.eracleapalacehotel.it\/pl\/spa-i-wellness\/#primaryimage"},"image":{"@id":"https:\/\/www.eracleapalacehotel.it\/pl\/spa-i-wellness\/#primaryimage"},"thumbnailUrl":"https:\/\/www.eracleapalacehotel.it\/wp-content\/uploads\/2020\/04\/Eraclea_Palace_Wellness@2x.jpg","datePublished":"2020-03-31T19:49:48+00:00","dateModified":"2020-04-21T16:13:14+00:00","description":"Eraclea Palace Hotel in Eracla mare near Venice and Jesolo.","breadcrumb":{"@id":"https:\/\/www.eracleapalacehotel.it\/pl\/spa-i-wellness\/#breadcrumb"},"inLanguage":"pl-PL","potentialAction":[{"@type":"ReadAction","target":["https:\/\/www.eracleapalacehotel.it\/pl\/spa-i-wellness\/"]}]},{"@type":"ImageObject","inLanguage":"pl-PL","@id":"https:\/\/www.eracleapalacehotel.it\/pl\/spa-i-wellness\/#primaryimage","url":"https:\/\/www.eracleapalacehotel.it\/wp-content\/uploads\/2020\/04\/Eraclea_Palace_Wellness@2x.jpg","contentUrl":"https:\/\/www.eracleapalacehotel.it\/wp-content\/uploads\/2020\/04\/Eraclea_Palace_Wellness@2x.jpg","width":2560,"height":563},{"@type":"BreadcrumbList","@id":"https:\/\/www.eracleapalacehotel.it\/pl\/spa-i-wellness\/#breadcrumb","itemListElement":[{"@type":"ListItem","position":1,"name":"Home","item":"https:\/\/www.eracleapalacehotel.it\/pl\/"},{"@type":"ListItem","position":2,"name":"Spa i Wellness"}]},{"@type":"WebSite","@id":"https:\/\/www.eracleapalacehotel.it\/pl\/#website","url":"https:\/\/www.eracleapalacehotel.it\/pl\/","name":"Eraclea Palace Hotel","description":"****s - Eraclea Mare","publisher":{"@id":"https:\/\/www.eracleapalacehotel.it\/pl\/#organization"},"potentialAction":[{"@type":"SearchAction","target":{"@type":"EntryPoint","urlTemplate":"https:\/\/www.eracleapalacehotel.it\/pl\/?s={search_term_string}"},"query-input":{"@type":"PropertyValueSpecification","valueRequired":true,"valueName":"search_term_string"}}],"inLanguage":"pl-PL"},{"@type":"Organization","@id":"https:\/\/www.eracleapalacehotel.it\/pl\/#organization","name":"Eraclea Palace Hotel","url":"https:\/\/www.eracleapalacehotel.it\/pl\/","logo":{"@type":"ImageObject","inLanguage":"pl-PL","@id":"https:\/\/www.eracleapalacehotel.it\/pl\/#\/schema\/logo\/image\/","url":"https:\/\/www.eracleapalacehotel.it\/wp-content\/uploads\/2020\/03\/cropped-logo_Eraclea_palace_hotel@2x.png","contentUrl":"https:\/\/www.eracleapalacehotel.it\/wp-content\/uploads\/2020\/03\/cropped-logo_Eraclea_palace_hotel@2x.png","width":400,"height":277,"caption":"Eraclea Palace Hotel"},"image":{"@id":"https:\/\/www.eracleapalacehotel.it\/pl\/#\/schema\/logo\/image\/"}}]}},"uagb_featured_image_src":{"full":["https:\/\/www.eracleapalacehotel.it\/wp-content\/uploads\/2020\/04\/Eraclea_Palace_Wellness@2x.jpg",2560,563,false],"thumbnail":["https:\/\/www.eracleapalacehotel.it\/wp-content\/uploads\/2020\/04\/Eraclea_Palace_Wellness@2x-150x150.jpg",150,150,true],"medium":["https:\/\/www.eracleapalacehotel.it\/wp-content\/uploads\/2020\/04\/Eraclea_Palace_Wellness@2x-300x66.jpg",300,66,true],"medium_large":["https:\/\/www.eracleapalacehotel.it\/wp-content\/uploads\/2020\/04\/Eraclea_Palace_Wellness@2x-768x169.jpg",580,128,true],"large":["https:\/\/www.eracleapalacehotel.it\/wp-content\/uploads\/2020\/04\/Eraclea_Palace_Wellness@2x-1024x225.jpg",580,127,true],"1536x1536":["https:\/\/www.eracleapalacehotel.it\/wp-content\/uploads\/2020\/04\/Eraclea_Palace_Wellness@2x-1536x338.jpg",1536,338,true],"2048x2048":["https:\/\/www.eracleapalacehotel.it\/wp-content\/uploads\/2020\/04\/Eraclea_Palace_Wellness@2x-2048x451.jpg",2048,451,true],"post-thumbnail":["https:\/\/www.eracleapalacehotel.it\/wp-content\/uploads\/2020\/04\/Eraclea_Palace_Wellness@2x-1200x264.jpg",1200,264,true],"twentytwenty-fullscreen":["https:\/\/www.eracleapalacehotel.it\/wp-content\/uploads\/2020\/04\/Eraclea_Palace_Wellness@2x-1980x436.jpg",1980,436,true]},"uagb_author_info":{"display_name":"3r4cl3-p4l4","author_link":"https:\/\/www.eracleapalacehotel.it\/pl\/author\/3r4cl3-p4l4\/"},"uagb_comment_info":0,"uagb_excerpt":"Uwolnij si\u0119 od stresu, uj\u0119drnij cia\u0142o, popraw sobie nastr\u00f3j, rozpie\u015b\u0107 zmys\u0142y. Hotel z centrum odnowy biologicznej w Eraclea Mare Nasze centrum odnowy biologicznej, po\u0142o\u017cone na najwy\u017cszym pi\u0119trze hotelu, w pi\u0119knym panoramicznym miejscu, jest prawdziwym rajem. Mo\u017cesz si\u0119 tutaj zregenerowa\u0107 w saunie fi\u0144skiej, \u0142a\u017ani tureckiej lub po prostu zrelaksowa\u0107 si\u0119 pod aromaterapeutycznym prysznicem. Nasza przytulna strefa&hellip;","coauthors":[],"author_meta":{"author_link":"https:\/\/www.eracleapalacehotel.it\/pl\/author\/3r4cl3-p4l4\/","display_name":"3r4cl3-p4l4"},"relative_dates":{"created":"Posted 6 lat ago","modified":"Updated 6 lat ago"},"absolute_dates":{"created":"Posted on 31 marca 2020","modified":"Updated on 21 kwietnia 2020"},"absolute_dates_time":{"created":"Posted on 31 marca 2020 21:49","modified":"Updated on 21 kwietnia 2020 18:13"},"featured_img_caption":"","featured_img":"https:\/\/www.eracleapalacehotel.it\/wp-content\/uploads\/2020\/04\/Eraclea_Palace_Wellness@2x-1200x264.jpg","series_order":"","_links":{"self":[{"href":"https:\/\/www.eracleapalacehotel.it\/pl\/wp-json\/wp\/v2\/pages\/1735","targetHints":{"allow":["GET"]}}],"collection":[{"href":"https:\/\/www.eracleapalacehotel.it\/pl\/wp-json\/wp\/v2\/pages"}],"about":[{"href":"https:\/\/www.eracleapalacehotel.it\/pl\/wp-json\/wp\/v2\/types\/page"}],"author":[{"embeddable":true,"href":"https:\/\/www.eracleapalacehotel.it\/pl\/wp-json\/wp\/v2\/users\/1"}],"replies":[{"embeddable":true,"href":"https:\/\/www.eracleapalacehotel.it\/pl\/wp-json\/wp\/v2\/comments?post=1735"}],"version-history":[{"count":0,"href":"https:\/\/www.eracleapalacehotel.it\/pl\/wp-json\/wp\/v2\/pages\/1735\/revisions"}],"wp:featuredmedia":[{"embeddable":true,"href":"https:\/\/www.eracleapalacehotel.it\/pl\/wp-json\/wp\/v2\/media\/2441"}],"wp:attachment":[{"href":"https:\/\/www.eracleapalacehotel.it\/pl\/wp-json\/wp\/v2\/media?parent=1735"}],"curies":[{"name":"wp","href":"https:\/\/api.w.org\/{rel}","templated":true}]}}