{"id":1600,"date":"2020-03-28T14:44:13","date_gmt":"2020-03-28T13:44:13","guid":{"rendered":"http:\/\/eraclea.promoservicebeta.com\/?page_id=1600"},"modified":"2022-03-25T11:57:44","modified_gmt":"2022-03-25T10:57:44","slug":"transfer-na-plaze","status":"publish","type":"page","link":"https:\/\/www.eracleapalacehotel.it\/pl\/transfer-na-plaze\/","title":{"rendered":"Transfer na pla\u017c\u0119"},"content":{"rendered":"\n<div class=\"wp-block-group promo-eracleaint-1\"><div class=\"wp-block-group__inner-container is-layout-flow wp-block-group-is-layout-flow\">\n<h3 class=\"wp-block-heading\">Zawieziemy Ci\u0119 na pla\u017c\u0119 <\/h3>\n\n\n\n<h2 class=\"wp-block-heading\">Us\u0142uga Transferu na pla\u017c\u0119 <\/h2>\n\n\n\n<p>Podczas Waszych wakacji w <strong>Eraclea Palace Hotel<\/strong>, nasz <strong>busik<\/strong> <strong>&#8222;Tuc Tuc&#8221;<\/strong>&nbsp;zawiezie Was bezpo\u015brednio na pla\u017c\u0119, gdzie czeka na Was <strong>zarezerwowane miejsce<\/strong> z parasolami i le\u017cakami.&nbsp;<strong>Us\u0142uga transferu na pla\u017c\u0119<\/strong> jest ca\u0142kowicie bezp\u0142atna,&nbsp;zarz\u0105dza ni\u0105 bezpo\u015brednio nasz hotel i jest dost\u0119pna <strong>od poniedzia\u0142ku do pi\u0105tku<\/strong> w nast\u0119puj\u0105cych godzinach:<\/p>\n\n\n\n<ul class=\"wp-block-list\"><li>pierwszy kurs: <strong>godzina 10<\/strong>;<\/li><li>drugi kurs: <strong>godzina 10.30<\/strong>;<\/li><li>trzeci kurs: <strong>godzina 12<\/strong>;<\/li><li>czwarty kurs: <strong>godzina 18<\/strong>.<\/li><\/ul>\n\n\n\n<p><\/p>\n<\/div><\/div>\n\n\n\n<figure class=\"wp-block-image size-large promo-eracleaint-2\"><img loading=\"lazy\" decoding=\"async\" width=\"1000\" height=\"667\" src=\"https:\/\/eracleapalacehotel.it\/wp-content\/uploads\/2020\/03\/Hotel_eraclea_Palace_Navetta.jpg\" alt=\"\" class=\"wp-image-889\" srcset=\"https:\/\/www.eracleapalacehotel.it\/wp-content\/uploads\/2020\/03\/Hotel_eraclea_Palace_Navetta.jpg 1000w, https:\/\/www.eracleapalacehotel.it\/wp-content\/uploads\/2020\/03\/Hotel_eraclea_Palace_Navetta-300x200.jpg 300w, https:\/\/www.eracleapalacehotel.it\/wp-content\/uploads\/2020\/03\/Hotel_eraclea_Palace_Navetta-768x512.jpg 768w\" sizes=\"auto, (max-width: 1000px) 100vw, 1000px\" \/><\/figure>\n","protected":false},"excerpt":{"rendered":"<p>Zawieziemy Ci\u0119 na pla\u017c\u0119 Us\u0142uga Transferu na pla\u017c\u0119 Podczas Waszych wakacji w Eraclea Palace Hotel, nasz busik &#8222;Tuc Tuc&#8221;&nbsp;zawiezie Was bezpo\u015brednio na pla\u017c\u0119, gdzie czeka na Was zarezerwowane miejsce z parasolami i le\u017cakami.&nbsp;Us\u0142uga transferu na pla\u017c\u0119 jest ca\u0142kowicie bezp\u0142atna,&nbsp;zarz\u0105dza ni\u0105 bezpo\u015brednio nasz hotel i jest dost\u0119pna od poniedzia\u0142ku do pi\u0105tku w nast\u0119puj\u0105cych godzinach: pierwszy kurs: [&hellip;]<\/p>\n","protected":false},"author":1,"featured_media":0,"parent":0,"menu_order":0,"comment_status":"closed","ping_status":"closed","template":"","meta":{"_acf_changed":false,"_uag_custom_page_level_css":"","advgb_blocks_editor_width":"","advgb_blocks_columns_visual_guide":"","footnotes":""},"class_list":["post-1600","page","type-page","status-publish","hentry"],"acf":[],"yoast_head":"<!-- This site is optimized with the Yoast SEO plugin v25.6 - https:\/\/yoast.com\/wordpress\/plugins\/seo\/ -->\n<title>Us\u0142uga Transferu na pla\u017c\u0119 - Hotel Eraclea Palace<\/title>\n<meta name=\"description\" content=\"Eraclea Palace Hotel in Eracla mare near Venice and Jesolo.\" \/>\n<meta name=\"robots\" content=\"index, follow, max-snippet:-1, max-image-preview:large, max-video-preview:-1\" \/>\n<link rel=\"canonical\" href=\"https:\/\/www.eracleapalacehotel.it\/pl\/transfer-na-plaze\/\" \/>\n<meta property=\"og:locale\" content=\"pl_PL\" \/>\n<meta property=\"og:type\" content=\"article\" \/>\n<meta property=\"og:title\" content=\"Us\u0142uga Transferu na pla\u017c\u0119 - Hotel Eraclea Palace\" \/>\n<meta property=\"og:description\" content=\"Eraclea Palace Hotel in Eracla mare near Venice and Jesolo.\" \/>\n<meta property=\"og:url\" content=\"https:\/\/www.eracleapalacehotel.it\/pl\/transfer-na-plaze\/\" \/>\n<meta property=\"og:site_name\" content=\"Eraclea Palace Hotel\" \/>\n<meta property=\"article:modified_time\" content=\"2022-03-25T10:57:44+00:00\" \/>\n<meta property=\"og:image\" content=\"https:\/\/eracleapalacehotel.it\/wp-content\/uploads\/2020\/03\/Hotel_eraclea_Palace_Navetta.jpg\" \/>\n<meta name=\"twitter:card\" content=\"summary_large_image\" \/>\n<meta name=\"twitter:label1\" content=\"Szacowany czas czytania\" \/>\n\t<meta name=\"twitter:data1\" content=\"1 minuta\" \/>\n<script type=\"application\/ld+json\" class=\"yoast-schema-graph\">{\"@context\":\"https:\/\/schema.org\",\"@graph\":[{\"@type\":\"WebPage\",\"@id\":\"https:\/\/www.eracleapalacehotel.it\/pl\/transfer-na-plaze\/\",\"url\":\"https:\/\/www.eracleapalacehotel.it\/pl\/transfer-na-plaze\/\",\"name\":\"Us\u0142uga Transferu na pla\u017c\u0119 - Hotel Eraclea Palace\",\"isPartOf\":{\"@id\":\"https:\/\/www.eracleapalacehotel.it\/pl\/#website\"},\"primaryImageOfPage\":{\"@id\":\"https:\/\/www.eracleapalacehotel.it\/pl\/transfer-na-plaze\/#primaryimage\"},\"image\":{\"@id\":\"https:\/\/www.eracleapalacehotel.it\/pl\/transfer-na-plaze\/#primaryimage\"},\"thumbnailUrl\":\"https:\/\/eracleapalacehotel.it\/wp-content\/uploads\/2020\/03\/Hotel_eraclea_Palace_Navetta.jpg\",\"datePublished\":\"2020-03-28T13:44:13+00:00\",\"dateModified\":\"2022-03-25T10:57:44+00:00\",\"description\":\"Eraclea Palace Hotel in Eracla mare near Venice and Jesolo.\",\"breadcrumb\":{\"@id\":\"https:\/\/www.eracleapalacehotel.it\/pl\/transfer-na-plaze\/#breadcrumb\"},\"inLanguage\":\"pl-PL\",\"potentialAction\":[{\"@type\":\"ReadAction\",\"target\":[\"https:\/\/www.eracleapalacehotel.it\/pl\/transfer-na-plaze\/\"]}]},{\"@type\":\"ImageObject\",\"inLanguage\":\"pl-PL\",\"@id\":\"https:\/\/www.eracleapalacehotel.it\/pl\/transfer-na-plaze\/#primaryimage\",\"url\":\"https:\/\/eracleapalacehotel.it\/wp-content\/uploads\/2020\/03\/Hotel_eraclea_Palace_Navetta.jpg\",\"contentUrl\":\"https:\/\/eracleapalacehotel.it\/wp-content\/uploads\/2020\/03\/Hotel_eraclea_Palace_Navetta.jpg\"},{\"@type\":\"BreadcrumbList\",\"@id\":\"https:\/\/www.eracleapalacehotel.it\/pl\/transfer-na-plaze\/#breadcrumb\",\"itemListElement\":[{\"@type\":\"ListItem\",\"position\":1,\"name\":\"Home\",\"item\":\"https:\/\/www.eracleapalacehotel.it\/pl\/\"},{\"@type\":\"ListItem\",\"position\":2,\"name\":\"Transfer na pla\u017c\u0119\"}]},{\"@type\":\"WebSite\",\"@id\":\"https:\/\/www.eracleapalacehotel.it\/pl\/#website\",\"url\":\"https:\/\/www.eracleapalacehotel.it\/pl\/\",\"name\":\"Eraclea Palace Hotel\",\"description\":\"****s - Eraclea Mare\",\"publisher\":{\"@id\":\"https:\/\/www.eracleapalacehotel.it\/pl\/#organization\"},\"potentialAction\":[{\"@type\":\"SearchAction\",\"target\":{\"@type\":\"EntryPoint\",\"urlTemplate\":\"https:\/\/www.eracleapalacehotel.it\/pl\/?s={search_term_string}\"},\"query-input\":{\"@type\":\"PropertyValueSpecification\",\"valueRequired\":true,\"valueName\":\"search_term_string\"}}],\"inLanguage\":\"pl-PL\"},{\"@type\":\"Organization\",\"@id\":\"https:\/\/www.eracleapalacehotel.it\/pl\/#organization\",\"name\":\"Eraclea Palace Hotel\",\"url\":\"https:\/\/www.eracleapalacehotel.it\/pl\/\",\"logo\":{\"@type\":\"ImageObject\",\"inLanguage\":\"pl-PL\",\"@id\":\"https:\/\/www.eracleapalacehotel.it\/pl\/#\/schema\/logo\/image\/\",\"url\":\"https:\/\/www.eracleapalacehotel.it\/wp-content\/uploads\/2020\/03\/cropped-logo_Eraclea_palace_hotel@2x.png\",\"contentUrl\":\"https:\/\/www.eracleapalacehotel.it\/wp-content\/uploads\/2020\/03\/cropped-logo_Eraclea_palace_hotel@2x.png\",\"width\":400,\"height\":277,\"caption\":\"Eraclea Palace Hotel\"},\"image\":{\"@id\":\"https:\/\/www.eracleapalacehotel.it\/pl\/#\/schema\/logo\/image\/\"}}]}<\/script>\n<!-- \/ Yoast SEO plugin. -->","yoast_head_json":{"title":"Us\u0142uga Transferu na pla\u017c\u0119 - Hotel Eraclea Palace","description":"Eraclea Palace Hotel in Eracla mare near Venice and Jesolo.","robots":{"index":"index","follow":"follow","max-snippet":"max-snippet:-1","max-image-preview":"max-image-preview:large","max-video-preview":"max-video-preview:-1"},"canonical":"https:\/\/www.eracleapalacehotel.it\/pl\/transfer-na-plaze\/","og_locale":"pl_PL","og_type":"article","og_title":"Us\u0142uga Transferu na pla\u017c\u0119 - Hotel Eraclea Palace","og_description":"Eraclea Palace Hotel in Eracla mare near Venice and Jesolo.","og_url":"https:\/\/www.eracleapalacehotel.it\/pl\/transfer-na-plaze\/","og_site_name":"Eraclea Palace Hotel","article_modified_time":"2022-03-25T10:57:44+00:00","og_image":[{"url":"https:\/\/eracleapalacehotel.it\/wp-content\/uploads\/2020\/03\/Hotel_eraclea_Palace_Navetta.jpg","type":"","width":"","height":""}],"twitter_card":"summary_large_image","twitter_misc":{"Szacowany czas czytania":"1 minuta"},"schema":{"@context":"https:\/\/schema.org","@graph":[{"@type":"WebPage","@id":"https:\/\/www.eracleapalacehotel.it\/pl\/transfer-na-plaze\/","url":"https:\/\/www.eracleapalacehotel.it\/pl\/transfer-na-plaze\/","name":"Us\u0142uga Transferu na pla\u017c\u0119 - Hotel Eraclea Palace","isPartOf":{"@id":"https:\/\/www.eracleapalacehotel.it\/pl\/#website"},"primaryImageOfPage":{"@id":"https:\/\/www.eracleapalacehotel.it\/pl\/transfer-na-plaze\/#primaryimage"},"image":{"@id":"https:\/\/www.eracleapalacehotel.it\/pl\/transfer-na-plaze\/#primaryimage"},"thumbnailUrl":"https:\/\/eracleapalacehotel.it\/wp-content\/uploads\/2020\/03\/Hotel_eraclea_Palace_Navetta.jpg","datePublished":"2020-03-28T13:44:13+00:00","dateModified":"2022-03-25T10:57:44+00:00","description":"Eraclea Palace Hotel in Eracla mare near Venice and Jesolo.","breadcrumb":{"@id":"https:\/\/www.eracleapalacehotel.it\/pl\/transfer-na-plaze\/#breadcrumb"},"inLanguage":"pl-PL","potentialAction":[{"@type":"ReadAction","target":["https:\/\/www.eracleapalacehotel.it\/pl\/transfer-na-plaze\/"]}]},{"@type":"ImageObject","inLanguage":"pl-PL","@id":"https:\/\/www.eracleapalacehotel.it\/pl\/transfer-na-plaze\/#primaryimage","url":"https:\/\/eracleapalacehotel.it\/wp-content\/uploads\/2020\/03\/Hotel_eraclea_Palace_Navetta.jpg","contentUrl":"https:\/\/eracleapalacehotel.it\/wp-content\/uploads\/2020\/03\/Hotel_eraclea_Palace_Navetta.jpg"},{"@type":"BreadcrumbList","@id":"https:\/\/www.eracleapalacehotel.it\/pl\/transfer-na-plaze\/#breadcrumb","itemListElement":[{"@type":"ListItem","position":1,"name":"Home","item":"https:\/\/www.eracleapalacehotel.it\/pl\/"},{"@type":"ListItem","position":2,"name":"Transfer na pla\u017c\u0119"}]},{"@type":"WebSite","@id":"https:\/\/www.eracleapalacehotel.it\/pl\/#website","url":"https:\/\/www.eracleapalacehotel.it\/pl\/","name":"Eraclea Palace Hotel","description":"****s - Eraclea Mare","publisher":{"@id":"https:\/\/www.eracleapalacehotel.it\/pl\/#organization"},"potentialAction":[{"@type":"SearchAction","target":{"@type":"EntryPoint","urlTemplate":"https:\/\/www.eracleapalacehotel.it\/pl\/?s={search_term_string}"},"query-input":{"@type":"PropertyValueSpecification","valueRequired":true,"valueName":"search_term_string"}}],"inLanguage":"pl-PL"},{"@type":"Organization","@id":"https:\/\/www.eracleapalacehotel.it\/pl\/#organization","name":"Eraclea Palace Hotel","url":"https:\/\/www.eracleapalacehotel.it\/pl\/","logo":{"@type":"ImageObject","inLanguage":"pl-PL","@id":"https:\/\/www.eracleapalacehotel.it\/pl\/#\/schema\/logo\/image\/","url":"https:\/\/www.eracleapalacehotel.it\/wp-content\/uploads\/2020\/03\/cropped-logo_Eraclea_palace_hotel@2x.png","contentUrl":"https:\/\/www.eracleapalacehotel.it\/wp-content\/uploads\/2020\/03\/cropped-logo_Eraclea_palace_hotel@2x.png","width":400,"height":277,"caption":"Eraclea Palace Hotel"},"image":{"@id":"https:\/\/www.eracleapalacehotel.it\/pl\/#\/schema\/logo\/image\/"}}]}},"uagb_featured_image_src":{"full":false,"thumbnail":false,"medium":false,"medium_large":false,"large":false,"1536x1536":false,"2048x2048":false,"post-thumbnail":false,"twentytwenty-fullscreen":false},"uagb_author_info":{"display_name":"3r4cl3-p4l4","author_link":"https:\/\/www.eracleapalacehotel.it\/pl\/author\/3r4cl3-p4l4\/"},"uagb_comment_info":0,"uagb_excerpt":"Zawieziemy Ci\u0119 na pla\u017c\u0119 Us\u0142uga Transferu na pla\u017c\u0119 Podczas Waszych wakacji w Eraclea Palace Hotel, nasz busik &#8222;Tuc Tuc&#8221;&nbsp;zawiezie Was bezpo\u015brednio na pla\u017c\u0119, gdzie czeka na Was zarezerwowane miejsce z parasolami i le\u017cakami.&nbsp;Us\u0142uga transferu na pla\u017c\u0119 jest ca\u0142kowicie bezp\u0142atna,&nbsp;zarz\u0105dza ni\u0105 bezpo\u015brednio nasz hotel i jest dost\u0119pna od poniedzia\u0142ku do pi\u0105tku w nast\u0119puj\u0105cych godzinach: pierwszy kurs:&hellip;","coauthors":[],"author_meta":{"author_link":"https:\/\/www.eracleapalacehotel.it\/pl\/author\/3r4cl3-p4l4\/","display_name":"3r4cl3-p4l4"},"relative_dates":{"created":"Posted 6 lat ago","modified":"Updated 4 lata ago"},"absolute_dates":{"created":"Posted on 28 marca 2020","modified":"Updated on 25 marca 2022"},"absolute_dates_time":{"created":"Posted on 28 marca 2020 14:44","modified":"Updated on 25 marca 2022 11:57"},"featured_img_caption":"","featured_img":false,"series_order":"","_links":{"self":[{"href":"https:\/\/www.eracleapalacehotel.it\/pl\/wp-json\/wp\/v2\/pages\/1600","targetHints":{"allow":["GET"]}}],"collection":[{"href":"https:\/\/www.eracleapalacehotel.it\/pl\/wp-json\/wp\/v2\/pages"}],"about":[{"href":"https:\/\/www.eracleapalacehotel.it\/pl\/wp-json\/wp\/v2\/types\/page"}],"author":[{"embeddable":true,"href":"https:\/\/www.eracleapalacehotel.it\/pl\/wp-json\/wp\/v2\/users\/1"}],"replies":[{"embeddable":true,"href":"https:\/\/www.eracleapalacehotel.it\/pl\/wp-json\/wp\/v2\/comments?post=1600"}],"version-history":[{"count":1,"href":"https:\/\/www.eracleapalacehotel.it\/pl\/wp-json\/wp\/v2\/pages\/1600\/revisions"}],"predecessor-version":[{"id":3549,"href":"https:\/\/www.eracleapalacehotel.it\/pl\/wp-json\/wp\/v2\/pages\/1600\/revisions\/3549"}],"wp:attachment":[{"href":"https:\/\/www.eracleapalacehotel.it\/pl\/wp-json\/wp\/v2\/media?parent=1600"}],"curies":[{"name":"wp","href":"https:\/\/api.w.org\/{rel}","templated":true}]}}