{"id":1570,"date":"2020-03-28T14:16:14","date_gmt":"2020-03-28T13:16:14","guid":{"rendered":"http:\/\/eraclea.promoservicebeta.com\/?page_id=1570"},"modified":"2020-04-21T18:11:41","modified_gmt":"2020-04-21T16:11:41","slug":"baseny-i-jacuzzi","status":"publish","type":"page","link":"https:\/\/www.eracleapalacehotel.it\/pl\/baseny-i-jacuzzi\/","title":{"rendered":"Baseny i jacuzzi"},"content":{"rendered":"\n<div class=\"wp-block-group promo-eracleaint-1\"><div class=\"wp-block-group__inner-container is-layout-flow wp-block-group-is-layout-flow\">\n<h3 class=\"wp-block-heading\">Zrelaksuj si\u0119 w pe\u0142ni le\u017c\u0105c wygodnie w basenie <\/h3>\n\n\n\n<h2 class=\"wp-block-heading\">Hotel z basenem w Eraclea Mare <\/h2>\n\n\n\n<p>Najwy\u017csze pi\u0119tro hotelu Eraclea Palace z \ndwoma podgrzewanymi basenami (dla doros\u0142ych i dla dzieci) oraz jacuzzi z\n hydromasa\u017cem oferuje jeden z najbardziej ekskluzywnych widok\u00f3w na pla\u017c\u0119\n w Eraclea Mare.<\/p>\n\n\n\n<p>Tutaj mo\u017cesz nacieszy\u0107 si\u0119 relaksuj\u0105c\u0105 i \nkameraln\u0105 atmosfer\u0105 dzi\u0119ki basenowi z kaskadowym wyp\u0142ywem oraz wygodnymi\n le\u017cakami z widokiem na morze i las sosnowy.<\/p>\n\n\n\n<p>A wszystko to s\u0105cz\u0105c koktajl w barze przy \nbasenie lub delektuj\u0105c si\u0119 lekkim lunchem na bazie sa\u0142atek, tost\u00f3w, \nlod\u00f3w, \u015bwie\u017cych owoc\u00f3w i wielu innych smacznych propozycji.<\/p>\n\n\n\n<p>To miejsce, w kt\u00f3rym mo\u017cna odpocz\u0105\u0107 i zrelaksowa\u0107 si\u0119 w promieniach \ns\u0142o\u0144ca, podczas gdy dzieci mog\u0105 si\u0119 bawi\u0107 w przeznaczonym dla nich \nbasenie, zawieraj\u0105cym wod\u0119 o sta\u0142ej temperaturze.<\/p>\n\n\n\n<p>Jest Idealne dla tych, kt\u00f3rzy kochaj\u0105\n prywatno\u015b\u0107 i spok\u00f3j. Najwy\u017csze pi\u0119tro 4-gwiazdkowego hotelu w Eraclea \nMare z panoramicznymi basenami sprawi, \u017ce pobyt w hotelu Palace \nHotel&nbsp;podczas letnich wakacji b\u0119dzie naprawd\u0119 wyj\u0105tkowy.<\/p>\n\n\n\n<p><\/p>\n<\/div><\/div>\n\n\n\n<figure class=\"wp-block-image size-large promo-eracleaint-2\"><img loading=\"lazy\" decoding=\"async\" width=\"1000\" height=\"1000\" src=\"https:\/\/www.eracleapalacehotel.it\/wp-content\/uploads\/2020\/03\/hotel-con-piscina-eraclea-quadrata.jpg\" alt=\"\" class=\"wp-image-775\" srcset=\"https:\/\/www.eracleapalacehotel.it\/wp-content\/uploads\/2020\/03\/hotel-con-piscina-eraclea-quadrata.jpg 1000w, https:\/\/www.eracleapalacehotel.it\/wp-content\/uploads\/2020\/03\/hotel-con-piscina-eraclea-quadrata-300x300.jpg 300w, https:\/\/www.eracleapalacehotel.it\/wp-content\/uploads\/2020\/03\/hotel-con-piscina-eraclea-quadrata-150x150.jpg 150w, https:\/\/www.eracleapalacehotel.it\/wp-content\/uploads\/2020\/03\/hotel-con-piscina-eraclea-quadrata-768x768.jpg 768w\" sizes=\"auto, (max-width: 1000px) 100vw, 1000px\" \/><\/figure>\n\n\n\n<figure class=\"wp-block-gallery columns-3 is-cropped promo-eracleaint-5 wp-block-gallery-2\"><ul class=\"blocks-gallery-grid\"><li class=\"blocks-gallery-item\"><figure><img loading=\"lazy\" decoding=\"async\" width=\"1024\" height=\"683\" src=\"https:\/\/www.eracleapalacehotel.it\/wp-content\/uploads\/2020\/03\/hotel-con-piscina-vista-mare-eraclea-1024x683.jpg\" alt=\"\" data-id=\"765\" data-full-url=\"https:\/\/eracleapalacehotel.it\/wp-content\/uploads\/2020\/03\/hotel-con-piscina-vista-mare-eraclea.jpg\" data-link=\"https:\/\/eracleapalacehotel.it\/piscina-jacuzzi\/hotel-con-piscina-vista-mare-eraclea\/\" class=\"wp-image-769\" srcset=\"https:\/\/www.eracleapalacehotel.it\/wp-content\/uploads\/2020\/03\/hotel-con-piscina-vista-mare-eraclea-1024x683.jpg 1024w, https:\/\/www.eracleapalacehotel.it\/wp-content\/uploads\/2020\/03\/hotel-con-piscina-vista-mare-eraclea-300x200.jpg 300w, https:\/\/www.eracleapalacehotel.it\/wp-content\/uploads\/2020\/03\/hotel-con-piscina-vista-mare-eraclea-768x512.jpg 768w, https:\/\/www.eracleapalacehotel.it\/wp-content\/uploads\/2020\/03\/hotel-con-piscina-vista-mare-eraclea.jpg 1200w\" sizes=\"auto, (max-width: 1024px) 100vw, 1024px\" \/><\/figure><\/li><li class=\"blocks-gallery-item\"><figure><img loading=\"lazy\" decoding=\"async\" width=\"1024\" height=\"683\" src=\"https:\/\/www.eracleapalacehotel.it\/wp-content\/uploads\/2020\/03\/hotel-con-piscina-riscaldata-eraclea-1024x683.jpg\" alt=\"\" data-id=\"759\" data-full-url=\"https:\/\/eracleapalacehotel.it\/wp-content\/uploads\/2020\/03\/hotel-con-piscina-riscaldata-eraclea.jpg\" data-link=\"https:\/\/eracleapalacehotel.it\/piscina-jacuzzi\/hotel-con-piscina-riscaldata-eraclea\/\" class=\"wp-image-763\" srcset=\"https:\/\/www.eracleapalacehotel.it\/wp-content\/uploads\/2020\/03\/hotel-con-piscina-riscaldata-eraclea-1024x683.jpg 1024w, https:\/\/www.eracleapalacehotel.it\/wp-content\/uploads\/2020\/03\/hotel-con-piscina-riscaldata-eraclea-300x200.jpg 300w, https:\/\/www.eracleapalacehotel.it\/wp-content\/uploads\/2020\/03\/hotel-con-piscina-riscaldata-eraclea-768x512.jpg 768w, https:\/\/www.eracleapalacehotel.it\/wp-content\/uploads\/2020\/03\/hotel-con-piscina-riscaldata-eraclea.jpg 1200w\" sizes=\"auto, (max-width: 1024px) 100vw, 1024px\" \/><\/figure><\/li><li class=\"blocks-gallery-item\"><figure><img loading=\"lazy\" decoding=\"async\" width=\"1024\" height=\"683\" src=\"https:\/\/www.eracleapalacehotel.it\/wp-content\/uploads\/2020\/03\/hotel-con-piscina-per-bambini-1024x683.jpg\" alt=\"\" data-id=\"753\" data-full-url=\"https:\/\/eracleapalacehotel.it\/wp-content\/uploads\/2020\/03\/hotel-con-piscina-per-bambini.jpg\" data-link=\"https:\/\/eracleapalacehotel.it\/piscina-jacuzzi\/hotel-con-piscina-per-bambini\/\" class=\"wp-image-757\" srcset=\"https:\/\/www.eracleapalacehotel.it\/wp-content\/uploads\/2020\/03\/hotel-con-piscina-per-bambini-1024x683.jpg 1024w, https:\/\/www.eracleapalacehotel.it\/wp-content\/uploads\/2020\/03\/hotel-con-piscina-per-bambini-300x200.jpg 300w, https:\/\/www.eracleapalacehotel.it\/wp-content\/uploads\/2020\/03\/hotel-con-piscina-per-bambini-768x512.jpg 768w, https:\/\/www.eracleapalacehotel.it\/wp-content\/uploads\/2020\/03\/hotel-con-piscina-per-bambini.jpg 1200w\" sizes=\"auto, (max-width: 1024px) 100vw, 1024px\" \/><\/figure><\/li><li class=\"blocks-gallery-item\"><figure><img loading=\"lazy\" decoding=\"async\" width=\"1024\" height=\"683\" src=\"https:\/\/www.eracleapalacehotel.it\/wp-content\/uploads\/2020\/03\/hotel-con-piscina-e-jacuzzi-1024x683.jpg\" alt=\"\" data-id=\"747\" data-full-url=\"https:\/\/eracleapalacehotel.it\/wp-content\/uploads\/2020\/03\/hotel-con-piscina-e-jacuzzi.jpg\" data-link=\"https:\/\/eracleapalacehotel.it\/piscina-jacuzzi\/hotel-con-piscina-e-jacuzzi\/\" class=\"wp-image-751\" srcset=\"https:\/\/www.eracleapalacehotel.it\/wp-content\/uploads\/2020\/03\/hotel-con-piscina-e-jacuzzi-1024x683.jpg 1024w, https:\/\/www.eracleapalacehotel.it\/wp-content\/uploads\/2020\/03\/hotel-con-piscina-e-jacuzzi-300x200.jpg 300w, https:\/\/www.eracleapalacehotel.it\/wp-content\/uploads\/2020\/03\/hotel-con-piscina-e-jacuzzi-768x512.jpg 768w, https:\/\/www.eracleapalacehotel.it\/wp-content\/uploads\/2020\/03\/hotel-con-piscina-e-jacuzzi.jpg 1200w\" sizes=\"auto, (max-width: 1024px) 100vw, 1024px\" \/><\/figure><\/li><li class=\"blocks-gallery-item\"><figure><img loading=\"lazy\" decoding=\"async\" width=\"1024\" height=\"683\" src=\"https:\/\/www.eracleapalacehotel.it\/wp-content\/uploads\/2020\/03\/hotel-con-jacuzzi-1024x683.jpg\" alt=\"\" data-id=\"741\" data-full-url=\"https:\/\/eracleapalacehotel.it\/wp-content\/uploads\/2020\/03\/hotel-con-jacuzzi.jpg\" data-link=\"https:\/\/eracleapalacehotel.it\/piscina-jacuzzi\/hotel-con-jacuzzi\/\" class=\"wp-image-745 is-layout-flex wp-block-gallery-is-layout-flex\" srcset=\"https:\/\/www.eracleapalacehotel.it\/wp-content\/uploads\/2020\/03\/hotel-con-jacuzzi-1024x683.jpg 1024w, https:\/\/www.eracleapalacehotel.it\/wp-content\/uploads\/2020\/03\/hotel-con-jacuzzi-300x200.jpg 300w, https:\/\/www.eracleapalacehotel.it\/wp-content\/uploads\/2020\/03\/hotel-con-jacuzzi-768x512.jpg 768w, https:\/\/www.eracleapalacehotel.it\/wp-content\/uploads\/2020\/03\/hotel-con-jacuzzi.jpg 1200w\" sizes=\"auto, (max-width: 1024px) 100vw, 1024px\" \/><\/figure><\/li><\/ul><\/figure>\n","protected":false},"excerpt":{"rendered":"<p>Zrelaksuj si\u0119 w pe\u0142ni le\u017c\u0105c wygodnie w basenie Hotel z basenem w Eraclea Mare Najwy\u017csze pi\u0119tro hotelu Eraclea Palace z dwoma podgrzewanymi basenami (dla doros\u0142ych i dla dzieci) oraz jacuzzi z hydromasa\u017cem oferuje jeden z najbardziej ekskluzywnych widok\u00f3w na pla\u017c\u0119 w Eraclea Mare. Tutaj mo\u017cesz nacieszy\u0107 si\u0119 relaksuj\u0105c\u0105 i kameraln\u0105 atmosfer\u0105 dzi\u0119ki basenowi z kaskadowym [&hellip;]<\/p>\n","protected":false},"author":1,"featured_media":2411,"parent":0,"menu_order":0,"comment_status":"closed","ping_status":"closed","template":"","meta":{"_acf_changed":false,"_uag_custom_page_level_css":"","advgb_blocks_editor_width":"","advgb_blocks_columns_visual_guide":"","footnotes":""},"class_list":["post-1570","page","type-page","status-publish","has-post-thumbnail","hentry"],"acf":[],"yoast_head":"<!-- This site is optimized with the Yoast SEO plugin v25.6 - https:\/\/yoast.com\/wordpress\/plugins\/seo\/ -->\n<title>Hotel z basenem w Eraclea Mare - Hotel Eraclea Palace<\/title>\n<meta name=\"description\" content=\"Eraclea Palace Hotel in Eracla mare near Venice and Jesolo.\" \/>\n<meta name=\"robots\" content=\"index, follow, max-snippet:-1, max-image-preview:large, max-video-preview:-1\" \/>\n<link rel=\"canonical\" href=\"https:\/\/www.eracleapalacehotel.it\/pl\/baseny-i-jacuzzi\/\" \/>\n<meta property=\"og:locale\" content=\"pl_PL\" \/>\n<meta property=\"og:type\" content=\"article\" \/>\n<meta property=\"og:title\" content=\"Hotel z basenem w Eraclea Mare - Hotel Eraclea Palace\" \/>\n<meta property=\"og:description\" content=\"Eraclea Palace Hotel in Eracla mare near Venice and Jesolo.\" \/>\n<meta property=\"og:url\" content=\"https:\/\/www.eracleapalacehotel.it\/pl\/baseny-i-jacuzzi\/\" \/>\n<meta property=\"og:site_name\" content=\"Eraclea Palace Hotel\" \/>\n<meta property=\"article:modified_time\" content=\"2020-04-21T16:11:41+00:00\" \/>\n<meta property=\"og:image\" content=\"https:\/\/www.eracleapalacehotel.it\/wp-content\/uploads\/2020\/04\/Eraclea_Palace_Piscina@2x.jpg\" \/>\n\t<meta property=\"og:image:width\" content=\"2560\" \/>\n\t<meta property=\"og:image:height\" content=\"563\" \/>\n\t<meta property=\"og:image:type\" content=\"image\/jpeg\" \/>\n<meta name=\"twitter:card\" content=\"summary_large_image\" \/>\n<meta name=\"twitter:label1\" content=\"Szacowany czas czytania\" \/>\n\t<meta name=\"twitter:data1\" content=\"1 minuta\" \/>\n<script type=\"application\/ld+json\" class=\"yoast-schema-graph\">{\"@context\":\"https:\/\/schema.org\",\"@graph\":[{\"@type\":\"WebPage\",\"@id\":\"https:\/\/www.eracleapalacehotel.it\/pl\/baseny-i-jacuzzi\/\",\"url\":\"https:\/\/www.eracleapalacehotel.it\/pl\/baseny-i-jacuzzi\/\",\"name\":\"Hotel z basenem w Eraclea Mare - Hotel Eraclea Palace\",\"isPartOf\":{\"@id\":\"https:\/\/www.eracleapalacehotel.it\/pl\/#website\"},\"primaryImageOfPage\":{\"@id\":\"https:\/\/www.eracleapalacehotel.it\/pl\/baseny-i-jacuzzi\/#primaryimage\"},\"image\":{\"@id\":\"https:\/\/www.eracleapalacehotel.it\/pl\/baseny-i-jacuzzi\/#primaryimage\"},\"thumbnailUrl\":\"https:\/\/www.eracleapalacehotel.it\/wp-content\/uploads\/2020\/04\/Eraclea_Palace_Piscina@2x.jpg\",\"datePublished\":\"2020-03-28T13:16:14+00:00\",\"dateModified\":\"2020-04-21T16:11:41+00:00\",\"description\":\"Eraclea Palace Hotel in Eracla mare near Venice and Jesolo.\",\"breadcrumb\":{\"@id\":\"https:\/\/www.eracleapalacehotel.it\/pl\/baseny-i-jacuzzi\/#breadcrumb\"},\"inLanguage\":\"pl-PL\",\"potentialAction\":[{\"@type\":\"ReadAction\",\"target\":[\"https:\/\/www.eracleapalacehotel.it\/pl\/baseny-i-jacuzzi\/\"]}]},{\"@type\":\"ImageObject\",\"inLanguage\":\"pl-PL\",\"@id\":\"https:\/\/www.eracleapalacehotel.it\/pl\/baseny-i-jacuzzi\/#primaryimage\",\"url\":\"https:\/\/www.eracleapalacehotel.it\/wp-content\/uploads\/2020\/04\/Eraclea_Palace_Piscina@2x.jpg\",\"contentUrl\":\"https:\/\/www.eracleapalacehotel.it\/wp-content\/uploads\/2020\/04\/Eraclea_Palace_Piscina@2x.jpg\",\"width\":2560,\"height\":563},{\"@type\":\"BreadcrumbList\",\"@id\":\"https:\/\/www.eracleapalacehotel.it\/pl\/baseny-i-jacuzzi\/#breadcrumb\",\"itemListElement\":[{\"@type\":\"ListItem\",\"position\":1,\"name\":\"Home\",\"item\":\"https:\/\/www.eracleapalacehotel.it\/pl\/\"},{\"@type\":\"ListItem\",\"position\":2,\"name\":\"Baseny i jacuzzi\"}]},{\"@type\":\"WebSite\",\"@id\":\"https:\/\/www.eracleapalacehotel.it\/pl\/#website\",\"url\":\"https:\/\/www.eracleapalacehotel.it\/pl\/\",\"name\":\"Eraclea Palace Hotel\",\"description\":\"****s - Eraclea Mare\",\"publisher\":{\"@id\":\"https:\/\/www.eracleapalacehotel.it\/pl\/#organization\"},\"potentialAction\":[{\"@type\":\"SearchAction\",\"target\":{\"@type\":\"EntryPoint\",\"urlTemplate\":\"https:\/\/www.eracleapalacehotel.it\/pl\/?s={search_term_string}\"},\"query-input\":{\"@type\":\"PropertyValueSpecification\",\"valueRequired\":true,\"valueName\":\"search_term_string\"}}],\"inLanguage\":\"pl-PL\"},{\"@type\":\"Organization\",\"@id\":\"https:\/\/www.eracleapalacehotel.it\/pl\/#organization\",\"name\":\"Eraclea Palace Hotel\",\"url\":\"https:\/\/www.eracleapalacehotel.it\/pl\/\",\"logo\":{\"@type\":\"ImageObject\",\"inLanguage\":\"pl-PL\",\"@id\":\"https:\/\/www.eracleapalacehotel.it\/pl\/#\/schema\/logo\/image\/\",\"url\":\"https:\/\/www.eracleapalacehotel.it\/wp-content\/uploads\/2020\/03\/cropped-logo_Eraclea_palace_hotel@2x.png\",\"contentUrl\":\"https:\/\/www.eracleapalacehotel.it\/wp-content\/uploads\/2020\/03\/cropped-logo_Eraclea_palace_hotel@2x.png\",\"width\":400,\"height\":277,\"caption\":\"Eraclea Palace Hotel\"},\"image\":{\"@id\":\"https:\/\/www.eracleapalacehotel.it\/pl\/#\/schema\/logo\/image\/\"}}]}<\/script>\n<!-- \/ Yoast SEO plugin. -->","yoast_head_json":{"title":"Hotel z basenem w Eraclea Mare - Hotel Eraclea Palace","description":"Eraclea Palace Hotel in Eracla mare near Venice and Jesolo.","robots":{"index":"index","follow":"follow","max-snippet":"max-snippet:-1","max-image-preview":"max-image-preview:large","max-video-preview":"max-video-preview:-1"},"canonical":"https:\/\/www.eracleapalacehotel.it\/pl\/baseny-i-jacuzzi\/","og_locale":"pl_PL","og_type":"article","og_title":"Hotel z basenem w Eraclea Mare - Hotel Eraclea Palace","og_description":"Eraclea Palace Hotel in Eracla mare near Venice and Jesolo.","og_url":"https:\/\/www.eracleapalacehotel.it\/pl\/baseny-i-jacuzzi\/","og_site_name":"Eraclea Palace Hotel","article_modified_time":"2020-04-21T16:11:41+00:00","og_image":[{"width":2560,"height":563,"url":"https:\/\/www.eracleapalacehotel.it\/wp-content\/uploads\/2020\/04\/Eraclea_Palace_Piscina@2x.jpg","type":"image\/jpeg"}],"twitter_card":"summary_large_image","twitter_misc":{"Szacowany czas czytania":"1 minuta"},"schema":{"@context":"https:\/\/schema.org","@graph":[{"@type":"WebPage","@id":"https:\/\/www.eracleapalacehotel.it\/pl\/baseny-i-jacuzzi\/","url":"https:\/\/www.eracleapalacehotel.it\/pl\/baseny-i-jacuzzi\/","name":"Hotel z basenem w Eraclea Mare - Hotel Eraclea Palace","isPartOf":{"@id":"https:\/\/www.eracleapalacehotel.it\/pl\/#website"},"primaryImageOfPage":{"@id":"https:\/\/www.eracleapalacehotel.it\/pl\/baseny-i-jacuzzi\/#primaryimage"},"image":{"@id":"https:\/\/www.eracleapalacehotel.it\/pl\/baseny-i-jacuzzi\/#primaryimage"},"thumbnailUrl":"https:\/\/www.eracleapalacehotel.it\/wp-content\/uploads\/2020\/04\/Eraclea_Palace_Piscina@2x.jpg","datePublished":"2020-03-28T13:16:14+00:00","dateModified":"2020-04-21T16:11:41+00:00","description":"Eraclea Palace Hotel in Eracla mare near Venice and Jesolo.","breadcrumb":{"@id":"https:\/\/www.eracleapalacehotel.it\/pl\/baseny-i-jacuzzi\/#breadcrumb"},"inLanguage":"pl-PL","potentialAction":[{"@type":"ReadAction","target":["https:\/\/www.eracleapalacehotel.it\/pl\/baseny-i-jacuzzi\/"]}]},{"@type":"ImageObject","inLanguage":"pl-PL","@id":"https:\/\/www.eracleapalacehotel.it\/pl\/baseny-i-jacuzzi\/#primaryimage","url":"https:\/\/www.eracleapalacehotel.it\/wp-content\/uploads\/2020\/04\/Eraclea_Palace_Piscina@2x.jpg","contentUrl":"https:\/\/www.eracleapalacehotel.it\/wp-content\/uploads\/2020\/04\/Eraclea_Palace_Piscina@2x.jpg","width":2560,"height":563},{"@type":"BreadcrumbList","@id":"https:\/\/www.eracleapalacehotel.it\/pl\/baseny-i-jacuzzi\/#breadcrumb","itemListElement":[{"@type":"ListItem","position":1,"name":"Home","item":"https:\/\/www.eracleapalacehotel.it\/pl\/"},{"@type":"ListItem","position":2,"name":"Baseny i jacuzzi"}]},{"@type":"WebSite","@id":"https:\/\/www.eracleapalacehotel.it\/pl\/#website","url":"https:\/\/www.eracleapalacehotel.it\/pl\/","name":"Eraclea Palace Hotel","description":"****s - Eraclea Mare","publisher":{"@id":"https:\/\/www.eracleapalacehotel.it\/pl\/#organization"},"potentialAction":[{"@type":"SearchAction","target":{"@type":"EntryPoint","urlTemplate":"https:\/\/www.eracleapalacehotel.it\/pl\/?s={search_term_string}"},"query-input":{"@type":"PropertyValueSpecification","valueRequired":true,"valueName":"search_term_string"}}],"inLanguage":"pl-PL"},{"@type":"Organization","@id":"https:\/\/www.eracleapalacehotel.it\/pl\/#organization","name":"Eraclea Palace Hotel","url":"https:\/\/www.eracleapalacehotel.it\/pl\/","logo":{"@type":"ImageObject","inLanguage":"pl-PL","@id":"https:\/\/www.eracleapalacehotel.it\/pl\/#\/schema\/logo\/image\/","url":"https:\/\/www.eracleapalacehotel.it\/wp-content\/uploads\/2020\/03\/cropped-logo_Eraclea_palace_hotel@2x.png","contentUrl":"https:\/\/www.eracleapalacehotel.it\/wp-content\/uploads\/2020\/03\/cropped-logo_Eraclea_palace_hotel@2x.png","width":400,"height":277,"caption":"Eraclea Palace Hotel"},"image":{"@id":"https:\/\/www.eracleapalacehotel.it\/pl\/#\/schema\/logo\/image\/"}}]}},"uagb_featured_image_src":{"full":["https:\/\/www.eracleapalacehotel.it\/wp-content\/uploads\/2020\/04\/Eraclea_Palace_Piscina@2x.jpg",2560,563,false],"thumbnail":["https:\/\/www.eracleapalacehotel.it\/wp-content\/uploads\/2020\/04\/Eraclea_Palace_Piscina@2x-150x150.jpg",150,150,true],"medium":["https:\/\/www.eracleapalacehotel.it\/wp-content\/uploads\/2020\/04\/Eraclea_Palace_Piscina@2x-300x66.jpg",300,66,true],"medium_large":["https:\/\/www.eracleapalacehotel.it\/wp-content\/uploads\/2020\/04\/Eraclea_Palace_Piscina@2x-768x169.jpg",580,128,true],"large":["https:\/\/www.eracleapalacehotel.it\/wp-content\/uploads\/2020\/04\/Eraclea_Palace_Piscina@2x-1024x225.jpg",580,127,true],"1536x1536":["https:\/\/www.eracleapalacehotel.it\/wp-content\/uploads\/2020\/04\/Eraclea_Palace_Piscina@2x-1536x338.jpg",1536,338,true],"2048x2048":["https:\/\/www.eracleapalacehotel.it\/wp-content\/uploads\/2020\/04\/Eraclea_Palace_Piscina@2x-2048x451.jpg",2048,451,true],"post-thumbnail":["https:\/\/www.eracleapalacehotel.it\/wp-content\/uploads\/2020\/04\/Eraclea_Palace_Piscina@2x-1200x264.jpg",1200,264,true],"twentytwenty-fullscreen":["https:\/\/www.eracleapalacehotel.it\/wp-content\/uploads\/2020\/04\/Eraclea_Palace_Piscina@2x-1980x436.jpg",1980,436,true]},"uagb_author_info":{"display_name":"3r4cl3-p4l4","author_link":"https:\/\/www.eracleapalacehotel.it\/pl\/author\/3r4cl3-p4l4\/"},"uagb_comment_info":0,"uagb_excerpt":"Zrelaksuj si\u0119 w pe\u0142ni le\u017c\u0105c wygodnie w basenie Hotel z basenem w Eraclea Mare Najwy\u017csze pi\u0119tro hotelu Eraclea Palace z dwoma podgrzewanymi basenami (dla doros\u0142ych i dla dzieci) oraz jacuzzi z hydromasa\u017cem oferuje jeden z najbardziej ekskluzywnych widok\u00f3w na pla\u017c\u0119 w Eraclea Mare. Tutaj mo\u017cesz nacieszy\u0107 si\u0119 relaksuj\u0105c\u0105 i kameraln\u0105 atmosfer\u0105 dzi\u0119ki basenowi z kaskadowym&hellip;","coauthors":[],"author_meta":{"author_link":"https:\/\/www.eracleapalacehotel.it\/pl\/author\/3r4cl3-p4l4\/","display_name":"3r4cl3-p4l4"},"relative_dates":{"created":"Posted 6 lat ago","modified":"Updated 6 lat ago"},"absolute_dates":{"created":"Posted on 28 marca 2020","modified":"Updated on 21 kwietnia 2020"},"absolute_dates_time":{"created":"Posted on 28 marca 2020 14:16","modified":"Updated on 21 kwietnia 2020 18:11"},"featured_img_caption":"","featured_img":"https:\/\/www.eracleapalacehotel.it\/wp-content\/uploads\/2020\/04\/Eraclea_Palace_Piscina@2x-1200x264.jpg","series_order":"","_links":{"self":[{"href":"https:\/\/www.eracleapalacehotel.it\/pl\/wp-json\/wp\/v2\/pages\/1570","targetHints":{"allow":["GET"]}}],"collection":[{"href":"https:\/\/www.eracleapalacehotel.it\/pl\/wp-json\/wp\/v2\/pages"}],"about":[{"href":"https:\/\/www.eracleapalacehotel.it\/pl\/wp-json\/wp\/v2\/types\/page"}],"author":[{"embeddable":true,"href":"https:\/\/www.eracleapalacehotel.it\/pl\/wp-json\/wp\/v2\/users\/1"}],"replies":[{"embeddable":true,"href":"https:\/\/www.eracleapalacehotel.it\/pl\/wp-json\/wp\/v2\/comments?post=1570"}],"version-history":[{"count":0,"href":"https:\/\/www.eracleapalacehotel.it\/pl\/wp-json\/wp\/v2\/pages\/1570\/revisions"}],"wp:featuredmedia":[{"embeddable":true,"href":"https:\/\/www.eracleapalacehotel.it\/pl\/wp-json\/wp\/v2\/media\/2411"}],"wp:attachment":[{"href":"https:\/\/www.eracleapalacehotel.it\/pl\/wp-json\/wp\/v2\/media?parent=1570"}],"curies":[{"name":"wp","href":"https:\/\/api.w.org\/{rel}","templated":true}]}}