{"id":1530,"date":"2020-03-27T10:57:26","date_gmt":"2020-03-27T09:57:26","guid":{"rendered":"http:\/\/eraclea.promoservicebeta.com\/?page_id=1530"},"modified":"2022-04-06T09:30:21","modified_gmt":"2022-04-06T07:30:21","slug":"jak-dojechac-do-hotelu-eraclea-palace","status":"publish","type":"page","link":"https:\/\/www.eracleapalacehotel.it\/pl\/jak-dojechac-do-hotelu-eraclea-palace\/","title":{"rendered":"Jak do nas dotrze\u0107"},"content":{"rendered":"\n<div class=\"wp-block-group alignfull promo-eracleaint-5\"><div class=\"wp-block-group__inner-container is-layout-flow wp-block-group-is-layout-flow\">\n<div class=\"wp-block-columns alignfull is-layout-flex wp-container-core-columns-is-layout-9d6595d7 wp-block-columns-is-layout-flex\">\n<div class=\"wp-block-column is-layout-flow wp-block-column-is-layout-flow\">\n<figure class=\"wp-block-image size-large\"><img loading=\"lazy\" decoding=\"async\" width=\"900\" height=\"600\" src=\"https:\/\/www.eracleapalacehotel.it\/wp-content\/uploads\/2020\/03\/Aereoplano.png\" alt=\"\" class=\"wp-image-945\" srcset=\"https:\/\/www.eracleapalacehotel.it\/wp-content\/uploads\/2020\/03\/Aereoplano.png 900w, https:\/\/www.eracleapalacehotel.it\/wp-content\/uploads\/2020\/03\/Aereoplano-300x200.png 300w, https:\/\/www.eracleapalacehotel.it\/wp-content\/uploads\/2020\/03\/Aereoplano-768x512.png 768w\" sizes=\"auto, (max-width: 900px) 100vw, 900px\" \/><\/figure>\n\n\n\n<h3 class=\"wp-block-heading\">SAMOLOTEM <\/h3>\n\n\n\n<p>W pobli\u017cu hotelu znajduj\u0105 si\u0119 dwa lotniska: lotnisko w Wenecji, odleg\u0142e 45 km od hotelu oraz lotnisko w Treviso, w odleg\u0142o\u015bci 53 km. Z obu lotnisk do hotelu mo\u017cna \u0142atwo dotrze\u0107 dzi\u0119ki doskona\u0142ym po\u0142\u0105czeniom autobusowym ATVO, kt\u00f3re oferuj\u0105 bezpo\u015brednie po\u0142\u0105czenia do Eraclea Mare lub z przesiadk\u0105 w San Don\u00e0 di Piave. Przystanek autobusowy znajduje si\u0119 300 metr\u00f3w od hotelu. <\/p>\n\n\n\n<div style=\"height:20px\" aria-hidden=\"true\" class=\"wp-block-spacer\"><\/div>\n<\/div>\n\n\n\n<div class=\"wp-block-column is-layout-flow wp-block-column-is-layout-flow\">\n<figure class=\"wp-block-image size-large\"><img loading=\"lazy\" decoding=\"async\" width=\"900\" height=\"600\" src=\"https:\/\/www.eracleapalacehotel.it\/wp-content\/uploads\/2020\/03\/Treno.png\" alt=\"\" class=\"wp-image-957\" srcset=\"https:\/\/www.eracleapalacehotel.it\/wp-content\/uploads\/2020\/03\/Treno.png 900w, https:\/\/www.eracleapalacehotel.it\/wp-content\/uploads\/2020\/03\/Treno-300x200.png 300w, https:\/\/www.eracleapalacehotel.it\/wp-content\/uploads\/2020\/03\/Treno-768x512.png 768w\" sizes=\"auto, (max-width: 900px) 100vw, 900px\" \/><\/figure>\n\n\n\n<h3 class=\"wp-block-heading\">POCI\u0104GIEM <\/h3>\n\n\n\n<p>Ze wszystkich stron nale\u017cy kierowa\u0107 si\u0119 na San Don\u00e0 di Piave (linia Wenecja &#8211; Triest), a nast\u0119pnie kontynuowa\u0107 podr\u00f3\u017c autobusem linii ATVO w kierunku Eraclea Mare. Przystanek autobusowy znajduje si\u0119 300 metr\u00f3w od hotelu. <\/p>\n\n\n\n<div style=\"height:20px\" aria-hidden=\"true\" class=\"wp-block-spacer\"><\/div>\n<\/div>\n\n\n\n<div class=\"wp-block-column is-layout-flow wp-block-column-is-layout-flow\">\n<figure class=\"wp-block-image size-large\"><img loading=\"lazy\" decoding=\"async\" width=\"900\" height=\"600\" src=\"https:\/\/www.eracleapalacehotel.it\/wp-content\/uploads\/2020\/03\/Auto.png\" alt=\"\" class=\"wp-image-951\" srcset=\"https:\/\/www.eracleapalacehotel.it\/wp-content\/uploads\/2020\/03\/Auto.png 900w, https:\/\/www.eracleapalacehotel.it\/wp-content\/uploads\/2020\/03\/Auto-300x200.png 300w, https:\/\/www.eracleapalacehotel.it\/wp-content\/uploads\/2020\/03\/Auto-768x512.png 768w\" sizes=\"auto, (max-width: 900px) 100vw, 900px\" \/><\/figure>\n\n\n\n<h3 class=\"wp-block-heading\">SAMOCHODEM <\/h3>\n\n\n\n<p>Autostrad\u0105 A4 (Wenecja &#8211; Triest) do zjazdu Noventa di Piave \/ San Don\u00e0. Nast\u0119pnie nale\u017cy si\u0119 kierowa\u0107 na Eraclea Mare, trasa jest dobrze oznaczona znakami drogowymi. W przeci\u0105gu p\u00f3\u0142 godziny mo\u017cna dotrze\u0107 do Eraclea Mare. <\/p>\n\n\n\n<div style=\"height:20px\" aria-hidden=\"true\" class=\"wp-block-spacer\"><\/div>\n<\/div>\n<\/div>\n\n\n\n<div class=\"wp-block-columns alignfull hide-element is-layout-flex wp-container-core-columns-is-layout-9d6595d7 wp-block-columns-is-layout-flex\">\n<div class=\"wp-block-column is-layout-flow wp-block-column-is-layout-flow\">\n<figure class=\"wp-block-image size-large\"><img loading=\"lazy\" decoding=\"async\" width=\"900\" height=\"600\" src=\"https:\/\/www.eracleapalacehotel.it\/wp-content\/uploads\/2020\/03\/Aereoplano.png\" alt=\"\" class=\"wp-image-945\" srcset=\"https:\/\/www.eracleapalacehotel.it\/wp-content\/uploads\/2020\/03\/Aereoplano.png 900w, https:\/\/www.eracleapalacehotel.it\/wp-content\/uploads\/2020\/03\/Aereoplano-300x200.png 300w, https:\/\/www.eracleapalacehotel.it\/wp-content\/uploads\/2020\/03\/Aereoplano-768x512.png 768w\" sizes=\"auto, (max-width: 900px) 100vw, 900px\" \/><\/figure>\n\n\n\n<h3 class=\"wp-block-heading\">SAMOLOTEM <\/h3>\n\n\n\n<p>W pobli\u017cu hotelu znajduj\u0105 si\u0119 dwa lotniska: lotnisko w Wenecji, odleg\u0142e 45 km od hotelu oraz lotnisko w Treviso, w odleg\u0142o\u015bci 53 km. Z obu lotnisk do hotelu mo\u017cna \u0142atwo dotrze\u0107 dzi\u0119ki doskona\u0142ym po\u0142\u0105czeniom autobusowym ATVO, kt\u00f3re oferuj\u0105 bezpo\u015brednie po\u0142\u0105czenia do Eraclea Mare lub z przesiadk\u0105 w San Don\u00e0 di Piave. Przystanek autobusowy znajduje si\u0119 300 metr\u00f3w od hotelu. <\/p>\n\n\n\n<div style=\"height:20px\" aria-hidden=\"true\" class=\"wp-block-spacer\"><\/div>\n<\/div>\n\n\n\n<div class=\"wp-block-column is-layout-flow wp-block-column-is-layout-flow\">\n<figure class=\"wp-block-image size-large\"><img loading=\"lazy\" decoding=\"async\" width=\"900\" height=\"600\" src=\"https:\/\/www.eracleapalacehotel.it\/wp-content\/uploads\/2020\/03\/Treno.png\" alt=\"\" class=\"wp-image-957\" srcset=\"https:\/\/www.eracleapalacehotel.it\/wp-content\/uploads\/2020\/03\/Treno.png 900w, https:\/\/www.eracleapalacehotel.it\/wp-content\/uploads\/2020\/03\/Treno-300x200.png 300w, https:\/\/www.eracleapalacehotel.it\/wp-content\/uploads\/2020\/03\/Treno-768x512.png 768w\" sizes=\"auto, (max-width: 900px) 100vw, 900px\" \/><\/figure>\n\n\n\n<h3 class=\"wp-block-heading\">POCI\u0104GIEM <\/h3>\n\n\n\n<p>Ze wszystkich stron nale\u017cy kierowa\u0107 si\u0119 na San Don\u00e0 di Piave (linia Wenecja &#8211; Triest), a nast\u0119pnie kontynuowa\u0107 podr\u00f3\u017c autobusem linii ATVO w kierunku Eraclea Mare. Przystanek autobusowy znajduje si\u0119 300 metr\u00f3w od hotelu. <\/p>\n\n\n\n<div style=\"height:20px\" aria-hidden=\"true\" class=\"wp-block-spacer\"><\/div>\n<\/div>\n\n\n\n<div class=\"wp-block-column is-layout-flow wp-block-column-is-layout-flow\">\n<figure class=\"wp-block-image size-large\"><img loading=\"lazy\" decoding=\"async\" width=\"900\" height=\"600\" src=\"https:\/\/www.eracleapalacehotel.it\/wp-content\/uploads\/2020\/03\/Auto.png\" alt=\"\" class=\"wp-image-951\" srcset=\"https:\/\/www.eracleapalacehotel.it\/wp-content\/uploads\/2020\/03\/Auto.png 900w, https:\/\/www.eracleapalacehotel.it\/wp-content\/uploads\/2020\/03\/Auto-300x200.png 300w, https:\/\/www.eracleapalacehotel.it\/wp-content\/uploads\/2020\/03\/Auto-768x512.png 768w\" sizes=\"auto, (max-width: 900px) 100vw, 900px\" \/><\/figure>\n\n\n\n<h3 class=\"wp-block-heading\">SAMOCHODEM <\/h3>\n\n\n\n<p>Autostrad\u0105 A4 (Wenecja &#8211; Triest) do zjazdu Noventa di Piave \/ San Don\u00e0. Nast\u0119pnie nale\u017cy si\u0119 kierowa\u0107 na Eraclea Mare, trasa jest dobrze oznaczona znakami drogowymi. W przeci\u0105gu p\u00f3\u0142 godziny mo\u017cna dotrze\u0107 do Eraclea Mare. <\/p>\n\n\n\n<div style=\"height:20px\" aria-hidden=\"true\" class=\"wp-block-spacer\"><\/div>\n<\/div>\n<\/div>\n\n\n\n<iframe loading=\"lazy\" src=\"https:\/\/www.google.com\/maps\/embed?pb=!1m18!1m12!1m3!1d2794.2524384469575!2d12.753727015686197!3d45.545247136052566!2m3!1f0!2f0!3f0!3m2!1i1024!2i768!4f13.1!3m3!1m2!1s0x477bf9bb764aed7d%3A0x20e1986a2c5e0092!2sEraclea%20Palace%20Hotel!5e0!3m2!1sit!2sit!4v1588001538721!5m2!1sit!2sit\" width=\"100%\" height=\"450\" frameborder=\"0\" style=\"border:0;\" allowfullscreen=\"\" aria-hidden=\"false\" tabindex=\"0\"><\/iframe>\n<\/div><\/div>\n","protected":false},"excerpt":{"rendered":"<p>SAMOLOTEM W pobli\u017cu hotelu znajduj\u0105 si\u0119 dwa lotniska: lotnisko w Wenecji, odleg\u0142e 45 km od hotelu oraz lotnisko w Treviso, w odleg\u0142o\u015bci 53 km. Z obu lotnisk do hotelu mo\u017cna \u0142atwo dotrze\u0107 dzi\u0119ki doskona\u0142ym po\u0142\u0105czeniom autobusowym ATVO, kt\u00f3re oferuj\u0105 bezpo\u015brednie po\u0142\u0105czenia do Eraclea Mare lub z przesiadk\u0105 w San Don\u00e0 di Piave. Przystanek autobusowy znajduje [&hellip;]<\/p>\n","protected":false},"author":1,"featured_media":2447,"parent":0,"menu_order":0,"comment_status":"closed","ping_status":"closed","template":"","meta":{"_acf_changed":false,"_uag_custom_page_level_css":"","advgb_blocks_editor_width":"","advgb_blocks_columns_visual_guide":"","footnotes":""},"class_list":["post-1530","page","type-page","status-publish","has-post-thumbnail","hentry"],"acf":[],"yoast_head":"<!-- This site is optimized with the Yoast SEO plugin v25.6 - https:\/\/yoast.com\/wordpress\/plugins\/seo\/ -->\n<title>Jak do nas dotrze\u0107 - Eraclea Palace Hotel ****s - Eraclea Mare<\/title>\n<meta name=\"description\" content=\"Eraclea Palace Hotel**** | Via dei Lecci, 17, 30020 Eraclea Mare, Venezia Italy | +39 0421 66042 | info@eracleapalacehotel.it\" \/>\n<meta name=\"robots\" content=\"index, follow, max-snippet:-1, max-image-preview:large, max-video-preview:-1\" \/>\n<link rel=\"canonical\" href=\"https:\/\/www.eracleapalacehotel.it\/pl\/jak-dojechac-do-hotelu-eraclea-palace\/\" \/>\n<meta property=\"og:locale\" content=\"pl_PL\" \/>\n<meta property=\"og:type\" content=\"article\" \/>\n<meta property=\"og:title\" content=\"Jak do nas dotrze\u0107 - Eraclea Palace Hotel ****s - Eraclea Mare\" \/>\n<meta property=\"og:description\" content=\"Eraclea Palace Hotel**** | Via dei Lecci, 17, 30020 Eraclea Mare, Venezia Italy | +39 0421 66042 | info@eracleapalacehotel.it\" \/>\n<meta property=\"og:url\" content=\"https:\/\/www.eracleapalacehotel.it\/pl\/jak-dojechac-do-hotelu-eraclea-palace\/\" \/>\n<meta property=\"og:site_name\" content=\"Eraclea Palace Hotel\" \/>\n<meta property=\"article:modified_time\" content=\"2022-04-06T07:30:21+00:00\" \/>\n<meta property=\"og:image\" content=\"https:\/\/www.eracleapalacehotel.it\/wp-content\/uploads\/2020\/04\/Eraclea_Palace_Hotel_esterno@2x.jpg\" \/>\n\t<meta property=\"og:image:width\" content=\"2560\" \/>\n\t<meta property=\"og:image:height\" content=\"563\" \/>\n\t<meta property=\"og:image:type\" content=\"image\/jpeg\" \/>\n<meta name=\"twitter:card\" content=\"summary_large_image\" \/>\n<meta name=\"twitter:label1\" content=\"Szacowany czas czytania\" \/>\n\t<meta name=\"twitter:data1\" content=\"3 minuty\" \/>\n<script type=\"application\/ld+json\" class=\"yoast-schema-graph\">{\"@context\":\"https:\/\/schema.org\",\"@graph\":[{\"@type\":\"WebPage\",\"@id\":\"https:\/\/www.eracleapalacehotel.it\/pl\/jak-dojechac-do-hotelu-eraclea-palace\/\",\"url\":\"https:\/\/www.eracleapalacehotel.it\/pl\/jak-dojechac-do-hotelu-eraclea-palace\/\",\"name\":\"Jak do nas dotrze\u0107 - Eraclea Palace Hotel ****s - Eraclea Mare\",\"isPartOf\":{\"@id\":\"https:\/\/www.eracleapalacehotel.it\/pl\/#website\"},\"primaryImageOfPage\":{\"@id\":\"https:\/\/www.eracleapalacehotel.it\/pl\/jak-dojechac-do-hotelu-eraclea-palace\/#primaryimage\"},\"image\":{\"@id\":\"https:\/\/www.eracleapalacehotel.it\/pl\/jak-dojechac-do-hotelu-eraclea-palace\/#primaryimage\"},\"thumbnailUrl\":\"https:\/\/www.eracleapalacehotel.it\/wp-content\/uploads\/2020\/04\/Eraclea_Palace_Hotel_esterno@2x.jpg\",\"datePublished\":\"2020-03-27T09:57:26+00:00\",\"dateModified\":\"2022-04-06T07:30:21+00:00\",\"description\":\"Eraclea Palace Hotel**** | Via dei Lecci, 17, 30020 Eraclea Mare, Venezia Italy | +39 0421 66042 | info@eracleapalacehotel.it\",\"breadcrumb\":{\"@id\":\"https:\/\/www.eracleapalacehotel.it\/pl\/jak-dojechac-do-hotelu-eraclea-palace\/#breadcrumb\"},\"inLanguage\":\"pl-PL\",\"potentialAction\":[{\"@type\":\"ReadAction\",\"target\":[\"https:\/\/www.eracleapalacehotel.it\/pl\/jak-dojechac-do-hotelu-eraclea-palace\/\"]}]},{\"@type\":\"ImageObject\",\"inLanguage\":\"pl-PL\",\"@id\":\"https:\/\/www.eracleapalacehotel.it\/pl\/jak-dojechac-do-hotelu-eraclea-palace\/#primaryimage\",\"url\":\"https:\/\/www.eracleapalacehotel.it\/wp-content\/uploads\/2020\/04\/Eraclea_Palace_Hotel_esterno@2x.jpg\",\"contentUrl\":\"https:\/\/www.eracleapalacehotel.it\/wp-content\/uploads\/2020\/04\/Eraclea_Palace_Hotel_esterno@2x.jpg\",\"width\":2560,\"height\":563},{\"@type\":\"BreadcrumbList\",\"@id\":\"https:\/\/www.eracleapalacehotel.it\/pl\/jak-dojechac-do-hotelu-eraclea-palace\/#breadcrumb\",\"itemListElement\":[{\"@type\":\"ListItem\",\"position\":1,\"name\":\"Home\",\"item\":\"https:\/\/www.eracleapalacehotel.it\/pl\/\"},{\"@type\":\"ListItem\",\"position\":2,\"name\":\"Jak do nas dotrze\u0107\"}]},{\"@type\":\"WebSite\",\"@id\":\"https:\/\/www.eracleapalacehotel.it\/pl\/#website\",\"url\":\"https:\/\/www.eracleapalacehotel.it\/pl\/\",\"name\":\"Eraclea Palace Hotel\",\"description\":\"****s - Eraclea Mare\",\"publisher\":{\"@id\":\"https:\/\/www.eracleapalacehotel.it\/pl\/#organization\"},\"potentialAction\":[{\"@type\":\"SearchAction\",\"target\":{\"@type\":\"EntryPoint\",\"urlTemplate\":\"https:\/\/www.eracleapalacehotel.it\/pl\/?s={search_term_string}\"},\"query-input\":{\"@type\":\"PropertyValueSpecification\",\"valueRequired\":true,\"valueName\":\"search_term_string\"}}],\"inLanguage\":\"pl-PL\"},{\"@type\":\"Organization\",\"@id\":\"https:\/\/www.eracleapalacehotel.it\/pl\/#organization\",\"name\":\"Eraclea Palace Hotel\",\"url\":\"https:\/\/www.eracleapalacehotel.it\/pl\/\",\"logo\":{\"@type\":\"ImageObject\",\"inLanguage\":\"pl-PL\",\"@id\":\"https:\/\/www.eracleapalacehotel.it\/pl\/#\/schema\/logo\/image\/\",\"url\":\"https:\/\/www.eracleapalacehotel.it\/wp-content\/uploads\/2020\/03\/cropped-logo_Eraclea_palace_hotel@2x.png\",\"contentUrl\":\"https:\/\/www.eracleapalacehotel.it\/wp-content\/uploads\/2020\/03\/cropped-logo_Eraclea_palace_hotel@2x.png\",\"width\":400,\"height\":277,\"caption\":\"Eraclea Palace Hotel\"},\"image\":{\"@id\":\"https:\/\/www.eracleapalacehotel.it\/pl\/#\/schema\/logo\/image\/\"}}]}<\/script>\n<!-- \/ Yoast SEO plugin. -->","yoast_head_json":{"title":"Jak do nas dotrze\u0107 - Eraclea Palace Hotel ****s - Eraclea Mare","description":"Eraclea Palace Hotel**** | Via dei Lecci, 17, 30020 Eraclea Mare, Venezia Italy | +39 0421 66042 | info@eracleapalacehotel.it","robots":{"index":"index","follow":"follow","max-snippet":"max-snippet:-1","max-image-preview":"max-image-preview:large","max-video-preview":"max-video-preview:-1"},"canonical":"https:\/\/www.eracleapalacehotel.it\/pl\/jak-dojechac-do-hotelu-eraclea-palace\/","og_locale":"pl_PL","og_type":"article","og_title":"Jak do nas dotrze\u0107 - Eraclea Palace Hotel ****s - Eraclea Mare","og_description":"Eraclea Palace Hotel**** | Via dei Lecci, 17, 30020 Eraclea Mare, Venezia Italy | +39 0421 66042 | info@eracleapalacehotel.it","og_url":"https:\/\/www.eracleapalacehotel.it\/pl\/jak-dojechac-do-hotelu-eraclea-palace\/","og_site_name":"Eraclea Palace Hotel","article_modified_time":"2022-04-06T07:30:21+00:00","og_image":[{"width":2560,"height":563,"url":"https:\/\/www.eracleapalacehotel.it\/wp-content\/uploads\/2020\/04\/Eraclea_Palace_Hotel_esterno@2x.jpg","type":"image\/jpeg"}],"twitter_card":"summary_large_image","twitter_misc":{"Szacowany czas czytania":"3 minuty"},"schema":{"@context":"https:\/\/schema.org","@graph":[{"@type":"WebPage","@id":"https:\/\/www.eracleapalacehotel.it\/pl\/jak-dojechac-do-hotelu-eraclea-palace\/","url":"https:\/\/www.eracleapalacehotel.it\/pl\/jak-dojechac-do-hotelu-eraclea-palace\/","name":"Jak do nas dotrze\u0107 - Eraclea Palace Hotel ****s - Eraclea Mare","isPartOf":{"@id":"https:\/\/www.eracleapalacehotel.it\/pl\/#website"},"primaryImageOfPage":{"@id":"https:\/\/www.eracleapalacehotel.it\/pl\/jak-dojechac-do-hotelu-eraclea-palace\/#primaryimage"},"image":{"@id":"https:\/\/www.eracleapalacehotel.it\/pl\/jak-dojechac-do-hotelu-eraclea-palace\/#primaryimage"},"thumbnailUrl":"https:\/\/www.eracleapalacehotel.it\/wp-content\/uploads\/2020\/04\/Eraclea_Palace_Hotel_esterno@2x.jpg","datePublished":"2020-03-27T09:57:26+00:00","dateModified":"2022-04-06T07:30:21+00:00","description":"Eraclea Palace Hotel**** | Via dei Lecci, 17, 30020 Eraclea Mare, Venezia Italy | +39 0421 66042 | info@eracleapalacehotel.it","breadcrumb":{"@id":"https:\/\/www.eracleapalacehotel.it\/pl\/jak-dojechac-do-hotelu-eraclea-palace\/#breadcrumb"},"inLanguage":"pl-PL","potentialAction":[{"@type":"ReadAction","target":["https:\/\/www.eracleapalacehotel.it\/pl\/jak-dojechac-do-hotelu-eraclea-palace\/"]}]},{"@type":"ImageObject","inLanguage":"pl-PL","@id":"https:\/\/www.eracleapalacehotel.it\/pl\/jak-dojechac-do-hotelu-eraclea-palace\/#primaryimage","url":"https:\/\/www.eracleapalacehotel.it\/wp-content\/uploads\/2020\/04\/Eraclea_Palace_Hotel_esterno@2x.jpg","contentUrl":"https:\/\/www.eracleapalacehotel.it\/wp-content\/uploads\/2020\/04\/Eraclea_Palace_Hotel_esterno@2x.jpg","width":2560,"height":563},{"@type":"BreadcrumbList","@id":"https:\/\/www.eracleapalacehotel.it\/pl\/jak-dojechac-do-hotelu-eraclea-palace\/#breadcrumb","itemListElement":[{"@type":"ListItem","position":1,"name":"Home","item":"https:\/\/www.eracleapalacehotel.it\/pl\/"},{"@type":"ListItem","position":2,"name":"Jak do nas dotrze\u0107"}]},{"@type":"WebSite","@id":"https:\/\/www.eracleapalacehotel.it\/pl\/#website","url":"https:\/\/www.eracleapalacehotel.it\/pl\/","name":"Eraclea Palace Hotel","description":"****s - Eraclea Mare","publisher":{"@id":"https:\/\/www.eracleapalacehotel.it\/pl\/#organization"},"potentialAction":[{"@type":"SearchAction","target":{"@type":"EntryPoint","urlTemplate":"https:\/\/www.eracleapalacehotel.it\/pl\/?s={search_term_string}"},"query-input":{"@type":"PropertyValueSpecification","valueRequired":true,"valueName":"search_term_string"}}],"inLanguage":"pl-PL"},{"@type":"Organization","@id":"https:\/\/www.eracleapalacehotel.it\/pl\/#organization","name":"Eraclea Palace Hotel","url":"https:\/\/www.eracleapalacehotel.it\/pl\/","logo":{"@type":"ImageObject","inLanguage":"pl-PL","@id":"https:\/\/www.eracleapalacehotel.it\/pl\/#\/schema\/logo\/image\/","url":"https:\/\/www.eracleapalacehotel.it\/wp-content\/uploads\/2020\/03\/cropped-logo_Eraclea_palace_hotel@2x.png","contentUrl":"https:\/\/www.eracleapalacehotel.it\/wp-content\/uploads\/2020\/03\/cropped-logo_Eraclea_palace_hotel@2x.png","width":400,"height":277,"caption":"Eraclea Palace Hotel"},"image":{"@id":"https:\/\/www.eracleapalacehotel.it\/pl\/#\/schema\/logo\/image\/"}}]}},"uagb_featured_image_src":{"full":["https:\/\/www.eracleapalacehotel.it\/wp-content\/uploads\/2020\/04\/Eraclea_Palace_Hotel_esterno@2x.jpg",2560,563,false],"thumbnail":["https:\/\/www.eracleapalacehotel.it\/wp-content\/uploads\/2020\/04\/Eraclea_Palace_Hotel_esterno@2x-150x150.jpg",150,150,true],"medium":["https:\/\/www.eracleapalacehotel.it\/wp-content\/uploads\/2020\/04\/Eraclea_Palace_Hotel_esterno@2x-300x66.jpg",300,66,true],"medium_large":["https:\/\/www.eracleapalacehotel.it\/wp-content\/uploads\/2020\/04\/Eraclea_Palace_Hotel_esterno@2x-768x169.jpg",580,128,true],"large":["https:\/\/www.eracleapalacehotel.it\/wp-content\/uploads\/2020\/04\/Eraclea_Palace_Hotel_esterno@2x-1024x225.jpg",580,127,true],"1536x1536":["https:\/\/www.eracleapalacehotel.it\/wp-content\/uploads\/2020\/04\/Eraclea_Palace_Hotel_esterno@2x-1536x338.jpg",1536,338,true],"2048x2048":["https:\/\/www.eracleapalacehotel.it\/wp-content\/uploads\/2020\/04\/Eraclea_Palace_Hotel_esterno@2x-2048x451.jpg",2048,451,true],"post-thumbnail":["https:\/\/www.eracleapalacehotel.it\/wp-content\/uploads\/2020\/04\/Eraclea_Palace_Hotel_esterno@2x-1200x264.jpg",1200,264,true],"twentytwenty-fullscreen":["https:\/\/www.eracleapalacehotel.it\/wp-content\/uploads\/2020\/04\/Eraclea_Palace_Hotel_esterno@2x-1980x436.jpg",1980,436,true]},"uagb_author_info":{"display_name":"3r4cl3-p4l4","author_link":"https:\/\/www.eracleapalacehotel.it\/pl\/author\/3r4cl3-p4l4\/"},"uagb_comment_info":0,"uagb_excerpt":"SAMOLOTEM W pobli\u017cu hotelu znajduj\u0105 si\u0119 dwa lotniska: lotnisko w Wenecji, odleg\u0142e 45 km od hotelu oraz lotnisko w Treviso, w odleg\u0142o\u015bci 53 km. Z obu lotnisk do hotelu mo\u017cna \u0142atwo dotrze\u0107 dzi\u0119ki doskona\u0142ym po\u0142\u0105czeniom autobusowym ATVO, kt\u00f3re oferuj\u0105 bezpo\u015brednie po\u0142\u0105czenia do Eraclea Mare lub z przesiadk\u0105 w San Don\u00e0 di Piave. Przystanek autobusowy znajduje&hellip;","coauthors":[],"author_meta":{"author_link":"https:\/\/www.eracleapalacehotel.it\/pl\/author\/3r4cl3-p4l4\/","display_name":"3r4cl3-p4l4"},"relative_dates":{"created":"Posted 6 lat ago","modified":"Updated 4 lata ago"},"absolute_dates":{"created":"Posted on 27 marca 2020","modified":"Updated on 6 kwietnia 2022"},"absolute_dates_time":{"created":"Posted on 27 marca 2020 10:57","modified":"Updated on 6 kwietnia 2022 09:30"},"featured_img_caption":"","featured_img":"https:\/\/www.eracleapalacehotel.it\/wp-content\/uploads\/2020\/04\/Eraclea_Palace_Hotel_esterno@2x-1200x264.jpg","series_order":"","_links":{"self":[{"href":"https:\/\/www.eracleapalacehotel.it\/pl\/wp-json\/wp\/v2\/pages\/1530","targetHints":{"allow":["GET"]}}],"collection":[{"href":"https:\/\/www.eracleapalacehotel.it\/pl\/wp-json\/wp\/v2\/pages"}],"about":[{"href":"https:\/\/www.eracleapalacehotel.it\/pl\/wp-json\/wp\/v2\/types\/page"}],"author":[{"embeddable":true,"href":"https:\/\/www.eracleapalacehotel.it\/pl\/wp-json\/wp\/v2\/users\/1"}],"replies":[{"embeddable":true,"href":"https:\/\/www.eracleapalacehotel.it\/pl\/wp-json\/wp\/v2\/comments?post=1530"}],"version-history":[{"count":1,"href":"https:\/\/www.eracleapalacehotel.it\/pl\/wp-json\/wp\/v2\/pages\/1530\/revisions"}],"predecessor-version":[{"id":3586,"href":"https:\/\/www.eracleapalacehotel.it\/pl\/wp-json\/wp\/v2\/pages\/1530\/revisions\/3586"}],"wp:featuredmedia":[{"embeddable":true,"href":"https:\/\/www.eracleapalacehotel.it\/pl\/wp-json\/wp\/v2\/media\/2447"}],"wp:attachment":[{"href":"https:\/\/www.eracleapalacehotel.it\/pl\/wp-json\/wp\/v2\/media?parent=1530"}],"curies":[{"name":"wp","href":"https:\/\/api.w.org\/{rel}","templated":true}]}}