{"id":1512,"date":"2020-03-27T10:38:36","date_gmt":"2020-03-27T09:38:36","guid":{"rendered":"http:\/\/eraclea.promoservicebeta.com\/?page_id=1512"},"modified":"2020-04-02T17:16:24","modified_gmt":"2020-04-02T15:16:24","slug":"strefa-fitness","status":"publish","type":"page","link":"https:\/\/www.eracleapalacehotel.it\/pl\/strefa-fitness\/","title":{"rendered":"Strefa fitness"},"content":{"rendered":"\n<div class=\"wp-block-group promo-eracleaint-1\"><div class=\"wp-block-group__inner-container is-layout-flow wp-block-group-is-layout-flow\">\n<h3 class=\"wp-block-heading\">Aby utrzyma\u0107 form\u0119 nawet na wakacjach<\/h3>\n\n\n\n<h2 class=\"wp-block-heading\">Hotel w Eraclea Mare z centrum fitness <\/h2>\n\n\n\n<p>Hotel Eraclea Palace oferuje swoim go\u015bciom wiele niespodzianek oraz sposobno\u015bci sp\u0119dzenia wolnego czasu. B\u0119dziecie mieli przyjemno\u015b\u0107 otworzy\u0107 drzwi prowadz\u0105ce do nowej strefy fitness, wyposa\u017conej w nowoczesny sprz\u0119t najnowszej generacji, kt\u00f3ry jest w stanie sprosta\u0107 potrzebom nawet najbardziej wymagaj\u0105cych mi\u0142o\u015bnik\u00f3w sportu, z zapieraj\u0105cym dech w piersiach widokiem na sosnowy las i morze.<br>Bie\u017cnie, rowery treningowe, sprz\u0119t do \u0107wicze\u0144 i oczywi\u015bcie mn\u00f3stwo hantli i ci\u0119\u017cark\u00f3w zapewni\u0105 Wam mo\u017cliwo\u015b\u0107 utrzymania kondycji.<\/p>\n\n\n\n<p>To idealne miejsce, w kt\u00f3rym mo\u017cna odbudowa\u0107 harmoni\u0119 mi\u0119dzy dusz\u0105 a cia\u0142em po intensywnym s\u0142onecznym dniu sp\u0119dzonym na pla\u017cy. A po treningu: c\u00f3\u017c mo\u017ce by\u0107 lepszego ni\u017c relaksuj\u0105ca sauna?<\/p>\n\n\n\n<p><\/p>\n\n\n\n<p><\/p>\n<\/div><\/div>\n\n\n\n<figure class=\"wp-block-image size-large promo-eracleaint-2\"><img loading=\"lazy\" decoding=\"async\" width=\"1000\" height=\"1000\" src=\"https:\/\/eracleapalacehotel.it\/wp-content\/uploads\/2020\/03\/Hotel_Eraclea_Palace_Palestra_Quadrata.jpg\" alt=\"\" class=\"wp-image-847\" srcset=\"https:\/\/www.eracleapalacehotel.it\/wp-content\/uploads\/2020\/03\/Hotel_Eraclea_Palace_Palestra_Quadrata.jpg 1000w, https:\/\/www.eracleapalacehotel.it\/wp-content\/uploads\/2020\/03\/Hotel_Eraclea_Palace_Palestra_Quadrata-300x300.jpg 300w, https:\/\/www.eracleapalacehotel.it\/wp-content\/uploads\/2020\/03\/Hotel_Eraclea_Palace_Palestra_Quadrata-150x150.jpg 150w, https:\/\/www.eracleapalacehotel.it\/wp-content\/uploads\/2020\/03\/Hotel_Eraclea_Palace_Palestra_Quadrata-768x768.jpg 768w\" sizes=\"auto, (max-width: 1000px) 100vw, 1000px\" \/><\/figure>\n","protected":false},"excerpt":{"rendered":"<p>Aby utrzyma\u0107 form\u0119 nawet na wakacjach Hotel w Eraclea Mare z centrum fitness Hotel Eraclea Palace oferuje swoim go\u015bciom wiele niespodzianek oraz sposobno\u015bci sp\u0119dzenia wolnego czasu. B\u0119dziecie mieli przyjemno\u015b\u0107 otworzy\u0107 drzwi prowadz\u0105ce do nowej strefy fitness, wyposa\u017conej w nowoczesny sprz\u0119t najnowszej generacji, kt\u00f3ry jest w stanie sprosta\u0107 potrzebom nawet najbardziej wymagaj\u0105cych mi\u0142o\u015bnik\u00f3w sportu, z zapieraj\u0105cym [&hellip;]<\/p>\n","protected":false},"author":1,"featured_media":2405,"parent":0,"menu_order":0,"comment_status":"closed","ping_status":"closed","template":"","meta":{"_acf_changed":false,"_uag_custom_page_level_css":"","advgb_blocks_editor_width":"","advgb_blocks_columns_visual_guide":"","footnotes":""},"class_list":["post-1512","page","type-page","status-publish","has-post-thumbnail","hentry"],"acf":[],"yoast_head":"<!-- This site is optimized with the Yoast SEO plugin v25.6 - https:\/\/yoast.com\/wordpress\/plugins\/seo\/ -->\n<title>Strefa fitness - Eraclea Palace Hotel ****s - Eraclea Mare<\/title>\n<meta name=\"description\" content=\"Hotel Eraclea Palace oferuje swoim go\u015bciom wiele niespodzianek oraz sposobno\u015bci sp\u0119dzenia wolnego czasu.\" \/>\n<meta name=\"robots\" content=\"index, follow, max-snippet:-1, max-image-preview:large, max-video-preview:-1\" \/>\n<link rel=\"canonical\" href=\"https:\/\/www.eracleapalacehotel.it\/pl\/strefa-fitness\/\" \/>\n<meta property=\"og:locale\" content=\"pl_PL\" \/>\n<meta property=\"og:type\" content=\"article\" \/>\n<meta property=\"og:title\" content=\"Strefa fitness - Eraclea Palace Hotel ****s - Eraclea Mare\" \/>\n<meta property=\"og:description\" content=\"Hotel Eraclea Palace oferuje swoim go\u015bciom wiele niespodzianek oraz sposobno\u015bci sp\u0119dzenia wolnego czasu.\" \/>\n<meta property=\"og:url\" content=\"https:\/\/www.eracleapalacehotel.it\/pl\/strefa-fitness\/\" \/>\n<meta property=\"og:site_name\" content=\"Eraclea Palace Hotel\" \/>\n<meta property=\"article:modified_time\" content=\"2020-04-02T15:16:24+00:00\" \/>\n<meta property=\"og:image\" content=\"https:\/\/www.eracleapalacehotel.it\/wp-content\/uploads\/2020\/04\/Eraclea_Palace_Eraclea_Mare@2x.jpg\" \/>\n\t<meta property=\"og:image:width\" content=\"2560\" \/>\n\t<meta property=\"og:image:height\" content=\"563\" \/>\n\t<meta property=\"og:image:type\" content=\"image\/jpeg\" \/>\n<meta name=\"twitter:card\" content=\"summary_large_image\" \/>\n<meta name=\"twitter:label1\" content=\"Szacowany czas czytania\" \/>\n\t<meta name=\"twitter:data1\" content=\"1 minuta\" \/>\n<script type=\"application\/ld+json\" class=\"yoast-schema-graph\">{\"@context\":\"https:\/\/schema.org\",\"@graph\":[{\"@type\":\"WebPage\",\"@id\":\"https:\/\/www.eracleapalacehotel.it\/pl\/strefa-fitness\/\",\"url\":\"https:\/\/www.eracleapalacehotel.it\/pl\/strefa-fitness\/\",\"name\":\"Strefa fitness - Eraclea Palace Hotel ****s - Eraclea Mare\",\"isPartOf\":{\"@id\":\"https:\/\/www.eracleapalacehotel.it\/pl\/#website\"},\"primaryImageOfPage\":{\"@id\":\"https:\/\/www.eracleapalacehotel.it\/pl\/strefa-fitness\/#primaryimage\"},\"image\":{\"@id\":\"https:\/\/www.eracleapalacehotel.it\/pl\/strefa-fitness\/#primaryimage\"},\"thumbnailUrl\":\"https:\/\/www.eracleapalacehotel.it\/wp-content\/uploads\/2020\/04\/Eraclea_Palace_Eraclea_Mare@2x.jpg\",\"datePublished\":\"2020-03-27T09:38:36+00:00\",\"dateModified\":\"2020-04-02T15:16:24+00:00\",\"description\":\"Hotel Eraclea Palace oferuje swoim go\u015bciom wiele niespodzianek oraz sposobno\u015bci sp\u0119dzenia wolnego czasu.\",\"breadcrumb\":{\"@id\":\"https:\/\/www.eracleapalacehotel.it\/pl\/strefa-fitness\/#breadcrumb\"},\"inLanguage\":\"pl-PL\",\"potentialAction\":[{\"@type\":\"ReadAction\",\"target\":[\"https:\/\/www.eracleapalacehotel.it\/pl\/strefa-fitness\/\"]}]},{\"@type\":\"ImageObject\",\"inLanguage\":\"pl-PL\",\"@id\":\"https:\/\/www.eracleapalacehotel.it\/pl\/strefa-fitness\/#primaryimage\",\"url\":\"https:\/\/www.eracleapalacehotel.it\/wp-content\/uploads\/2020\/04\/Eraclea_Palace_Eraclea_Mare@2x.jpg\",\"contentUrl\":\"https:\/\/www.eracleapalacehotel.it\/wp-content\/uploads\/2020\/04\/Eraclea_Palace_Eraclea_Mare@2x.jpg\",\"width\":2560,\"height\":563},{\"@type\":\"BreadcrumbList\",\"@id\":\"https:\/\/www.eracleapalacehotel.it\/pl\/strefa-fitness\/#breadcrumb\",\"itemListElement\":[{\"@type\":\"ListItem\",\"position\":1,\"name\":\"Home\",\"item\":\"https:\/\/www.eracleapalacehotel.it\/pl\/\"},{\"@type\":\"ListItem\",\"position\":2,\"name\":\"Strefa fitness\"}]},{\"@type\":\"WebSite\",\"@id\":\"https:\/\/www.eracleapalacehotel.it\/pl\/#website\",\"url\":\"https:\/\/www.eracleapalacehotel.it\/pl\/\",\"name\":\"Eraclea Palace Hotel\",\"description\":\"****s - Eraclea Mare\",\"publisher\":{\"@id\":\"https:\/\/www.eracleapalacehotel.it\/pl\/#organization\"},\"potentialAction\":[{\"@type\":\"SearchAction\",\"target\":{\"@type\":\"EntryPoint\",\"urlTemplate\":\"https:\/\/www.eracleapalacehotel.it\/pl\/?s={search_term_string}\"},\"query-input\":{\"@type\":\"PropertyValueSpecification\",\"valueRequired\":true,\"valueName\":\"search_term_string\"}}],\"inLanguage\":\"pl-PL\"},{\"@type\":\"Organization\",\"@id\":\"https:\/\/www.eracleapalacehotel.it\/pl\/#organization\",\"name\":\"Eraclea Palace Hotel\",\"url\":\"https:\/\/www.eracleapalacehotel.it\/pl\/\",\"logo\":{\"@type\":\"ImageObject\",\"inLanguage\":\"pl-PL\",\"@id\":\"https:\/\/www.eracleapalacehotel.it\/pl\/#\/schema\/logo\/image\/\",\"url\":\"https:\/\/www.eracleapalacehotel.it\/wp-content\/uploads\/2020\/03\/cropped-logo_Eraclea_palace_hotel@2x.png\",\"contentUrl\":\"https:\/\/www.eracleapalacehotel.it\/wp-content\/uploads\/2020\/03\/cropped-logo_Eraclea_palace_hotel@2x.png\",\"width\":400,\"height\":277,\"caption\":\"Eraclea Palace Hotel\"},\"image\":{\"@id\":\"https:\/\/www.eracleapalacehotel.it\/pl\/#\/schema\/logo\/image\/\"}}]}<\/script>\n<!-- \/ Yoast SEO plugin. -->","yoast_head_json":{"title":"Strefa fitness - Eraclea Palace Hotel ****s - Eraclea Mare","description":"Hotel Eraclea Palace oferuje swoim go\u015bciom wiele niespodzianek oraz sposobno\u015bci sp\u0119dzenia wolnego czasu.","robots":{"index":"index","follow":"follow","max-snippet":"max-snippet:-1","max-image-preview":"max-image-preview:large","max-video-preview":"max-video-preview:-1"},"canonical":"https:\/\/www.eracleapalacehotel.it\/pl\/strefa-fitness\/","og_locale":"pl_PL","og_type":"article","og_title":"Strefa fitness - Eraclea Palace Hotel ****s - Eraclea Mare","og_description":"Hotel Eraclea Palace oferuje swoim go\u015bciom wiele niespodzianek oraz sposobno\u015bci sp\u0119dzenia wolnego czasu.","og_url":"https:\/\/www.eracleapalacehotel.it\/pl\/strefa-fitness\/","og_site_name":"Eraclea Palace Hotel","article_modified_time":"2020-04-02T15:16:24+00:00","og_image":[{"width":2560,"height":563,"url":"https:\/\/www.eracleapalacehotel.it\/wp-content\/uploads\/2020\/04\/Eraclea_Palace_Eraclea_Mare@2x.jpg","type":"image\/jpeg"}],"twitter_card":"summary_large_image","twitter_misc":{"Szacowany czas czytania":"1 minuta"},"schema":{"@context":"https:\/\/schema.org","@graph":[{"@type":"WebPage","@id":"https:\/\/www.eracleapalacehotel.it\/pl\/strefa-fitness\/","url":"https:\/\/www.eracleapalacehotel.it\/pl\/strefa-fitness\/","name":"Strefa fitness - Eraclea Palace Hotel ****s - Eraclea Mare","isPartOf":{"@id":"https:\/\/www.eracleapalacehotel.it\/pl\/#website"},"primaryImageOfPage":{"@id":"https:\/\/www.eracleapalacehotel.it\/pl\/strefa-fitness\/#primaryimage"},"image":{"@id":"https:\/\/www.eracleapalacehotel.it\/pl\/strefa-fitness\/#primaryimage"},"thumbnailUrl":"https:\/\/www.eracleapalacehotel.it\/wp-content\/uploads\/2020\/04\/Eraclea_Palace_Eraclea_Mare@2x.jpg","datePublished":"2020-03-27T09:38:36+00:00","dateModified":"2020-04-02T15:16:24+00:00","description":"Hotel Eraclea Palace oferuje swoim go\u015bciom wiele niespodzianek oraz sposobno\u015bci sp\u0119dzenia wolnego czasu.","breadcrumb":{"@id":"https:\/\/www.eracleapalacehotel.it\/pl\/strefa-fitness\/#breadcrumb"},"inLanguage":"pl-PL","potentialAction":[{"@type":"ReadAction","target":["https:\/\/www.eracleapalacehotel.it\/pl\/strefa-fitness\/"]}]},{"@type":"ImageObject","inLanguage":"pl-PL","@id":"https:\/\/www.eracleapalacehotel.it\/pl\/strefa-fitness\/#primaryimage","url":"https:\/\/www.eracleapalacehotel.it\/wp-content\/uploads\/2020\/04\/Eraclea_Palace_Eraclea_Mare@2x.jpg","contentUrl":"https:\/\/www.eracleapalacehotel.it\/wp-content\/uploads\/2020\/04\/Eraclea_Palace_Eraclea_Mare@2x.jpg","width":2560,"height":563},{"@type":"BreadcrumbList","@id":"https:\/\/www.eracleapalacehotel.it\/pl\/strefa-fitness\/#breadcrumb","itemListElement":[{"@type":"ListItem","position":1,"name":"Home","item":"https:\/\/www.eracleapalacehotel.it\/pl\/"},{"@type":"ListItem","position":2,"name":"Strefa fitness"}]},{"@type":"WebSite","@id":"https:\/\/www.eracleapalacehotel.it\/pl\/#website","url":"https:\/\/www.eracleapalacehotel.it\/pl\/","name":"Eraclea Palace Hotel","description":"****s - Eraclea Mare","publisher":{"@id":"https:\/\/www.eracleapalacehotel.it\/pl\/#organization"},"potentialAction":[{"@type":"SearchAction","target":{"@type":"EntryPoint","urlTemplate":"https:\/\/www.eracleapalacehotel.it\/pl\/?s={search_term_string}"},"query-input":{"@type":"PropertyValueSpecification","valueRequired":true,"valueName":"search_term_string"}}],"inLanguage":"pl-PL"},{"@type":"Organization","@id":"https:\/\/www.eracleapalacehotel.it\/pl\/#organization","name":"Eraclea Palace Hotel","url":"https:\/\/www.eracleapalacehotel.it\/pl\/","logo":{"@type":"ImageObject","inLanguage":"pl-PL","@id":"https:\/\/www.eracleapalacehotel.it\/pl\/#\/schema\/logo\/image\/","url":"https:\/\/www.eracleapalacehotel.it\/wp-content\/uploads\/2020\/03\/cropped-logo_Eraclea_palace_hotel@2x.png","contentUrl":"https:\/\/www.eracleapalacehotel.it\/wp-content\/uploads\/2020\/03\/cropped-logo_Eraclea_palace_hotel@2x.png","width":400,"height":277,"caption":"Eraclea Palace Hotel"},"image":{"@id":"https:\/\/www.eracleapalacehotel.it\/pl\/#\/schema\/logo\/image\/"}}]}},"uagb_featured_image_src":{"full":["https:\/\/www.eracleapalacehotel.it\/wp-content\/uploads\/2020\/04\/Eraclea_Palace_Eraclea_Mare@2x.jpg",2560,563,false],"thumbnail":["https:\/\/www.eracleapalacehotel.it\/wp-content\/uploads\/2020\/04\/Eraclea_Palace_Eraclea_Mare@2x-150x150.jpg",150,150,true],"medium":["https:\/\/www.eracleapalacehotel.it\/wp-content\/uploads\/2020\/04\/Eraclea_Palace_Eraclea_Mare@2x-300x66.jpg",300,66,true],"medium_large":["https:\/\/www.eracleapalacehotel.it\/wp-content\/uploads\/2020\/04\/Eraclea_Palace_Eraclea_Mare@2x-768x169.jpg",580,128,true],"large":["https:\/\/www.eracleapalacehotel.it\/wp-content\/uploads\/2020\/04\/Eraclea_Palace_Eraclea_Mare@2x-1024x225.jpg",580,127,true],"1536x1536":["https:\/\/www.eracleapalacehotel.it\/wp-content\/uploads\/2020\/04\/Eraclea_Palace_Eraclea_Mare@2x-1536x338.jpg",1536,338,true],"2048x2048":["https:\/\/www.eracleapalacehotel.it\/wp-content\/uploads\/2020\/04\/Eraclea_Palace_Eraclea_Mare@2x-2048x451.jpg",2048,451,true],"post-thumbnail":["https:\/\/www.eracleapalacehotel.it\/wp-content\/uploads\/2020\/04\/Eraclea_Palace_Eraclea_Mare@2x-1200x264.jpg",1200,264,true],"twentytwenty-fullscreen":["https:\/\/www.eracleapalacehotel.it\/wp-content\/uploads\/2020\/04\/Eraclea_Palace_Eraclea_Mare@2x-1980x436.jpg",1980,436,true]},"uagb_author_info":{"display_name":"3r4cl3-p4l4","author_link":"https:\/\/www.eracleapalacehotel.it\/pl\/author\/3r4cl3-p4l4\/"},"uagb_comment_info":0,"uagb_excerpt":"Aby utrzyma\u0107 form\u0119 nawet na wakacjach Hotel w Eraclea Mare z centrum fitness Hotel Eraclea Palace oferuje swoim go\u015bciom wiele niespodzianek oraz sposobno\u015bci sp\u0119dzenia wolnego czasu. B\u0119dziecie mieli przyjemno\u015b\u0107 otworzy\u0107 drzwi prowadz\u0105ce do nowej strefy fitness, wyposa\u017conej w nowoczesny sprz\u0119t najnowszej generacji, kt\u00f3ry jest w stanie sprosta\u0107 potrzebom nawet najbardziej wymagaj\u0105cych mi\u0142o\u015bnik\u00f3w sportu, z zapieraj\u0105cym&hellip;","coauthors":[],"author_meta":{"author_link":"https:\/\/www.eracleapalacehotel.it\/pl\/author\/3r4cl3-p4l4\/","display_name":"3r4cl3-p4l4"},"relative_dates":{"created":"Posted 6 lat ago","modified":"Updated 6 lat ago"},"absolute_dates":{"created":"Posted on 27 marca 2020","modified":"Updated on 2 kwietnia 2020"},"absolute_dates_time":{"created":"Posted on 27 marca 2020 10:38","modified":"Updated on 2 kwietnia 2020 17:16"},"featured_img_caption":"","featured_img":"https:\/\/www.eracleapalacehotel.it\/wp-content\/uploads\/2020\/04\/Eraclea_Palace_Eraclea_Mare@2x-1200x264.jpg","series_order":"","_links":{"self":[{"href":"https:\/\/www.eracleapalacehotel.it\/pl\/wp-json\/wp\/v2\/pages\/1512","targetHints":{"allow":["GET"]}}],"collection":[{"href":"https:\/\/www.eracleapalacehotel.it\/pl\/wp-json\/wp\/v2\/pages"}],"about":[{"href":"https:\/\/www.eracleapalacehotel.it\/pl\/wp-json\/wp\/v2\/types\/page"}],"author":[{"embeddable":true,"href":"https:\/\/www.eracleapalacehotel.it\/pl\/wp-json\/wp\/v2\/users\/1"}],"replies":[{"embeddable":true,"href":"https:\/\/www.eracleapalacehotel.it\/pl\/wp-json\/wp\/v2\/comments?post=1512"}],"version-history":[{"count":0,"href":"https:\/\/www.eracleapalacehotel.it\/pl\/wp-json\/wp\/v2\/pages\/1512\/revisions"}],"wp:featuredmedia":[{"embeddable":true,"href":"https:\/\/www.eracleapalacehotel.it\/pl\/wp-json\/wp\/v2\/media\/2405"}],"wp:attachment":[{"href":"https:\/\/www.eracleapalacehotel.it\/pl\/wp-json\/wp\/v2\/media?parent=1512"}],"curies":[{"name":"wp","href":"https:\/\/api.w.org\/{rel}","templated":true}]}}