{"id":3327,"date":"2020-05-26T16:11:37","date_gmt":"2020-05-26T14:11:37","guid":{"rendered":"https:\/\/www.eracleapalacehotel.it\/vacanze-sicure\/"},"modified":"2021-06-24T17:38:22","modified_gmt":"2021-06-24T15:38:22","slug":"vacanze-sicure","status":"publish","type":"page","link":"https:\/\/www.eracleapalacehotel.it\/de\/vacanze-sicure\/","title":{"rendered":"Sichere Ferien"},"content":{"rendered":"\n<div class=\"wp-block-group promo-eracleaint-5\"><div class=\"wp-block-group__inner-container is-layout-flow wp-block-group-is-layout-flow\">\n<h2 class=\"wp-block-heading\">Sicherheitsrichtlinie in Bezug auf die COVID-19-Coronavirus-Pandemie<\/h2>\n\n\n\n<p>Lieber Gast,<\/p>\n\n\n\n<p>Angesichts der aktuellen Situation im Zusammenhang mit dem Coronavirus COVID-19 haben wir eine Reihe von Regeln f\u00fcr den Aufenthalt in unseren Hotels eingef\u00fchrt und arbeiten noch daran. Diese Regeln ergeben sich aus unserer Sorge um Ihre Sicherheit, Ihre Mitarbeiter und Ihre Gesch\u00e4ftspartner. Wir sind offen f\u00fcr Ihr Feedback, das uns hilft, die Qualit\u00e4t unserer Dienstleistungen zu verbessern.<\/p>\n\n\n\n<h3 class=\"wp-block-heading\">Regeln f\u00fcr den Kunden<\/h3>\n\n\n\n<p>Der Check-in in unseren Hotels wurde auf ein Minimum reduziert.<\/p>\n\n\n\n<p>Wir werden eine kurze Umfrage durchf\u00fchren, um das Fehlen grippe\u00e4hnlicher Symptome zu best\u00e4tigen. Bei Temperaturanstieg oder anderen Symptomen, die auf eine COVID-19-Krankheit hinweisen, \u00e4ndern Sie bitte das Ankunftsdatum. In einigen Hotels verwenden wir Temperaturmesser, um zus\u00e4tzliche Sicherheit zu bieten.<br>\nBitte halten Sie einen Abstand von 2 Metern zu anderen G\u00e4sten ein. Der Aufzug kann gleichzeitig von einer Person und von G\u00e4sten im selben Raum genutzt werden.<br>\nDas Fr\u00fchst\u00fcck f\u00fcr die G\u00e4ste wird zu der Zeit serviert, die beim Check-in im Fr\u00fchst\u00fccksraum festgelegt wurde. Die Gerichte werden dem Gast zum Zeitpunkt der Wahl oder am nummerierten und reservierten Tisch direkt serviert.<br>\nUm die Gerichte schnell zuzubereiten, haben wir die Anzahl der Gerichte im MEN\u00dc begrenzt.<br>\nWir akzeptieren keine G\u00e4ste zur Quarant\u00e4ne.<br>\nNur G\u00e4ste des Hotels k\u00f6nnen im Hotel \u00fcbernachten.<br>\nEs wird empfohlen, in \u00f6ffentlichen Bereichen Gesichtsmasken zu tragen.<\/p>\n\n\n\n<p><strong>Schwimmbad, Sauna und Whirlpools<\/strong><\/p>\n\n\n\n<p>Aufgrund des Coronavirus (COVID-19) unternimmt diese Einrichtung Schritte, um die Gesundheit von G\u00e4sten und Mitarbeitern zu sch\u00fctzen. Daher k\u00f6nnen einige Dienstleistungen: SPA, Sauna, T\u00fcrkisches Bad und Whirlpools reduziert oder nicht verf\u00fcgbar sein, sowie die Annehmlichkeiten.<\/p>\n\n\n\n<p>Die Schwimmb\u00e4der sind ge\u00f6ffnet.<\/p>\n\n\n\n<h3 class=\"wp-block-heading\">Allgemeine Regeln und Verfahren<\/h3>\n\n\n\n<p>Wir stellen die Verwendung spezialisierter und zertifizierter Chemikalien sicher, die ein hohes Ma\u00df an mikrobiologischer Sicherheit gew\u00e4hrleisten.<br>\nWir bieten H\u00e4ndedesinfektionsmittel an den wichtigsten Stellen des Hotels.<br>\nIn \u00dcbereinstimmung mit den Richtlinien des Chief Sanitary Inspector desinfizieren wir alle kritischen Oberfl\u00e4chen im Empfangsbereich, in Restaurants, Bars, Aufz\u00fcgen und Griffen.<br>\nEin Plexiglasbildschirm wird an der Rezeption und vor der Kasse als Schutzbarriere installiert.<br>\nWir stellen Telefonnummern zu den n\u00e4chstgelegenen Gesundheits- und epidemiologischen Einheiten und medizinischen Diensten zur Verf\u00fcgung.<\/p>\n\n\n\n<p><strong>Um Nach Italien zu  fahren<\/strong><\/p>\n\n\n\n<p><a href=\"https:\/\/infocovid.viaggiaresicuri.it\/dadoveparti.html\">https:\/\/infocovid.viaggiaresicuri.it\/dadoveparti.html<\/a><\/p>\n\n\n\n<p><\/p>\n\n\n\n<h3 class=\"wp-block-heading\">R\u00e4ume<\/h3>\n\n\n\n<p>Das Zimmer wird nach jedem Gast desinfiziert. Dar\u00fcber hinaus verwenden wir Methoden wie die Hochtemperatur-Dampfverneblung.<br>\nDas Zimmer wird gereinigt, wenn der Gast geht.<br>\nWir reinigen das Zimmer w\u00e4hrend Ihres Aufenthalts nur auf Ihre Anfrage oder auf Anfrage k\u00f6nnen wir Bettw\u00e4sche oder Handt\u00fccher wechseln.<br>\nDie Ausstattung im Raum beschr\u00e4nkt sich auf die Grundelemente. Wenn Sie ein zus\u00e4tzliches Kissen oder eine andere Ausr\u00fcstung w\u00fcnschen, wenden Sie sich an unsere Mitarbeiter.<br>\nMinibars sind leer, aber Sie k\u00f6nnen den K\u00fchlschrank trotzdem benutzen.<\/p>\n\n\n\n<p><strong>Personalregeln<\/strong><\/p>\n\n\n\n<p>F\u00fcr die Sicherheit unserer G\u00e4ste und Mitarbeiter behalten wir uns die M\u00f6glichkeit vor, die Temperatur der Mitarbeiter zu messen und sicherzustellen, dass keine st\u00f6renden Gesundheitssymptome vorliegen.<br>\nWir stellen unseren Mitarbeitern alle notwendigen pers\u00f6nlichen Schutzausr\u00fcstungen wie Masken und Handschuhe zur Verf\u00fcgung.<br>\nDas Personal arbeitet in festen Teams, um die M\u00f6glichkeit einer Kreuzinfektion auszuschlie\u00dfen.<br>\nWir haben Verfahren eingef\u00fchrt, um den Kontakt zwischen Mitarbeitern in Umkleidekabinen, w\u00e4hrend der Pausen und w\u00e4hrend der Vorbereitung auf die Arbeit zu minimieren.<br>\nWir haben Schulungen in den oben genannten Verfahren auch mittels Online-Tutorials durchgef\u00fchrt.<br>\nWir hoffen, dass wir durch gemeinsame Aktionen bald Gefahren vermeiden und uns weiterhin in unseren Hotels treffen.<\/p>\n\n\n\n<div style=\"height:20px\" aria-hidden=\"true\" class=\"wp-block-spacer\"><\/div>\n\n\n\n<p>Bleib gesund und munter!<\/p>\n\n\n\n<p><em>Hotelteam<\/em><\/p>\n<\/div><\/div>\n","protected":false},"excerpt":{"rendered":"<p>Sicherheitsrichtlinie in Bezug auf die COVID-19-Coronavirus-Pandemie Lieber Gast, Angesichts der aktuellen Situation im Zusammenhang mit dem Coronavirus COVID-19 haben wir eine Reihe von Regeln f\u00fcr den Aufenthalt in unseren Hotels eingef\u00fchrt und arbeiten noch daran. Diese Regeln ergeben sich aus unserer Sorge um Ihre Sicherheit, Ihre Mitarbeiter und Ihre Gesch\u00e4ftspartner. Wir sind offen f\u00fcr Ihr [&hellip;]<\/p>\n","protected":false},"author":1,"featured_media":0,"parent":0,"menu_order":0,"comment_status":"closed","ping_status":"closed","template":"","meta":{"_acf_changed":false,"_uag_custom_page_level_css":"","advgb_blocks_editor_width":"","advgb_blocks_columns_visual_guide":"","footnotes":""},"class_list":["post-3327","page","type-page","status-publish","hentry"],"acf":[],"yoast_head":"<!-- This site is optimized with the Yoast SEO plugin v25.6 - https:\/\/yoast.com\/wordpress\/plugins\/seo\/ -->\n<title>Sichere Ferien - Eraclea Palace Hotel<\/title>\n<meta name=\"robots\" content=\"index, follow, max-snippet:-1, max-image-preview:large, max-video-preview:-1\" \/>\n<link rel=\"canonical\" href=\"https:\/\/www.eracleapalacehotel.it\/de\/vacanze-sicure\/\" \/>\n<meta property=\"og:locale\" content=\"de_DE\" \/>\n<meta property=\"og:type\" content=\"article\" \/>\n<meta property=\"og:title\" content=\"Sichere Ferien - Eraclea Palace Hotel\" \/>\n<meta property=\"og:description\" content=\"Sicherheitsrichtlinie in Bezug auf die COVID-19-Coronavirus-Pandemie Lieber Gast, Angesichts der aktuellen Situation im Zusammenhang mit dem Coronavirus COVID-19 haben wir eine Reihe von Regeln f\u00fcr den Aufenthalt in unseren Hotels eingef\u00fchrt und arbeiten noch daran. Diese Regeln ergeben sich aus unserer Sorge um Ihre Sicherheit, Ihre Mitarbeiter und Ihre Gesch\u00e4ftspartner. Wir sind offen f\u00fcr Ihr [&hellip;]\" \/>\n<meta property=\"og:url\" content=\"https:\/\/www.eracleapalacehotel.it\/de\/vacanze-sicure\/\" \/>\n<meta property=\"og:site_name\" content=\"Eraclea Palace Hotel\" \/>\n<meta property=\"article:modified_time\" content=\"2021-06-24T15:38:22+00:00\" \/>\n<meta name=\"twitter:card\" content=\"summary_large_image\" \/>\n<meta name=\"twitter:label1\" content=\"Gesch\u00e4tzte Lesezeit\" \/>\n\t<meta name=\"twitter:data1\" content=\"3\u00a0Minuten\" \/>\n<script type=\"application\/ld+json\" class=\"yoast-schema-graph\">{\"@context\":\"https:\/\/schema.org\",\"@graph\":[{\"@type\":\"WebPage\",\"@id\":\"https:\/\/www.eracleapalacehotel.it\/de\/vacanze-sicure\/\",\"url\":\"https:\/\/www.eracleapalacehotel.it\/de\/vacanze-sicure\/\",\"name\":\"Sichere Ferien - Eraclea Palace Hotel\",\"isPartOf\":{\"@id\":\"https:\/\/www.eracleapalacehotel.it\/de\/#website\"},\"datePublished\":\"2020-05-26T14:11:37+00:00\",\"dateModified\":\"2021-06-24T15:38:22+00:00\",\"breadcrumb\":{\"@id\":\"https:\/\/www.eracleapalacehotel.it\/de\/vacanze-sicure\/#breadcrumb\"},\"inLanguage\":\"de\",\"potentialAction\":[{\"@type\":\"ReadAction\",\"target\":[\"https:\/\/www.eracleapalacehotel.it\/de\/vacanze-sicure\/\"]}]},{\"@type\":\"BreadcrumbList\",\"@id\":\"https:\/\/www.eracleapalacehotel.it\/de\/vacanze-sicure\/#breadcrumb\",\"itemListElement\":[{\"@type\":\"ListItem\",\"position\":1,\"name\":\"Home\",\"item\":\"https:\/\/www.eracleapalacehotel.it\/de\/\"},{\"@type\":\"ListItem\",\"position\":2,\"name\":\"Sichere Ferien\"}]},{\"@type\":\"WebSite\",\"@id\":\"https:\/\/www.eracleapalacehotel.it\/de\/#website\",\"url\":\"https:\/\/www.eracleapalacehotel.it\/de\/\",\"name\":\"Eraclea Palace Hotel\",\"description\":\"****s - Eraclea Mare\",\"publisher\":{\"@id\":\"https:\/\/www.eracleapalacehotel.it\/de\/#organization\"},\"potentialAction\":[{\"@type\":\"SearchAction\",\"target\":{\"@type\":\"EntryPoint\",\"urlTemplate\":\"https:\/\/www.eracleapalacehotel.it\/de\/?s={search_term_string}\"},\"query-input\":{\"@type\":\"PropertyValueSpecification\",\"valueRequired\":true,\"valueName\":\"search_term_string\"}}],\"inLanguage\":\"de\"},{\"@type\":\"Organization\",\"@id\":\"https:\/\/www.eracleapalacehotel.it\/de\/#organization\",\"name\":\"Eraclea Palace Hotel\",\"url\":\"https:\/\/www.eracleapalacehotel.it\/de\/\",\"logo\":{\"@type\":\"ImageObject\",\"inLanguage\":\"de\",\"@id\":\"https:\/\/www.eracleapalacehotel.it\/de\/#\/schema\/logo\/image\/\",\"url\":\"https:\/\/www.eracleapalacehotel.it\/wp-content\/uploads\/2020\/03\/cropped-logo_Eraclea_palace_hotel@2x.png\",\"contentUrl\":\"https:\/\/www.eracleapalacehotel.it\/wp-content\/uploads\/2020\/03\/cropped-logo_Eraclea_palace_hotel@2x.png\",\"width\":400,\"height\":277,\"caption\":\"Eraclea Palace Hotel\"},\"image\":{\"@id\":\"https:\/\/www.eracleapalacehotel.it\/de\/#\/schema\/logo\/image\/\"}}]}<\/script>\n<!-- \/ Yoast SEO plugin. -->","yoast_head_json":{"title":"Sichere Ferien - Eraclea Palace Hotel","robots":{"index":"index","follow":"follow","max-snippet":"max-snippet:-1","max-image-preview":"max-image-preview:large","max-video-preview":"max-video-preview:-1"},"canonical":"https:\/\/www.eracleapalacehotel.it\/de\/vacanze-sicure\/","og_locale":"de_DE","og_type":"article","og_title":"Sichere Ferien - Eraclea Palace Hotel","og_description":"Sicherheitsrichtlinie in Bezug auf die COVID-19-Coronavirus-Pandemie Lieber Gast, Angesichts der aktuellen Situation im Zusammenhang mit dem Coronavirus COVID-19 haben wir eine Reihe von Regeln f\u00fcr den Aufenthalt in unseren Hotels eingef\u00fchrt und arbeiten noch daran. Diese Regeln ergeben sich aus unserer Sorge um Ihre Sicherheit, Ihre Mitarbeiter und Ihre Gesch\u00e4ftspartner. Wir sind offen f\u00fcr Ihr [&hellip;]","og_url":"https:\/\/www.eracleapalacehotel.it\/de\/vacanze-sicure\/","og_site_name":"Eraclea Palace Hotel","article_modified_time":"2021-06-24T15:38:22+00:00","twitter_card":"summary_large_image","twitter_misc":{"Gesch\u00e4tzte Lesezeit":"3\u00a0Minuten"},"schema":{"@context":"https:\/\/schema.org","@graph":[{"@type":"WebPage","@id":"https:\/\/www.eracleapalacehotel.it\/de\/vacanze-sicure\/","url":"https:\/\/www.eracleapalacehotel.it\/de\/vacanze-sicure\/","name":"Sichere Ferien - Eraclea Palace Hotel","isPartOf":{"@id":"https:\/\/www.eracleapalacehotel.it\/de\/#website"},"datePublished":"2020-05-26T14:11:37+00:00","dateModified":"2021-06-24T15:38:22+00:00","breadcrumb":{"@id":"https:\/\/www.eracleapalacehotel.it\/de\/vacanze-sicure\/#breadcrumb"},"inLanguage":"de","potentialAction":[{"@type":"ReadAction","target":["https:\/\/www.eracleapalacehotel.it\/de\/vacanze-sicure\/"]}]},{"@type":"BreadcrumbList","@id":"https:\/\/www.eracleapalacehotel.it\/de\/vacanze-sicure\/#breadcrumb","itemListElement":[{"@type":"ListItem","position":1,"name":"Home","item":"https:\/\/www.eracleapalacehotel.it\/de\/"},{"@type":"ListItem","position":2,"name":"Sichere Ferien"}]},{"@type":"WebSite","@id":"https:\/\/www.eracleapalacehotel.it\/de\/#website","url":"https:\/\/www.eracleapalacehotel.it\/de\/","name":"Eraclea Palace Hotel","description":"****s - Eraclea Mare","publisher":{"@id":"https:\/\/www.eracleapalacehotel.it\/de\/#organization"},"potentialAction":[{"@type":"SearchAction","target":{"@type":"EntryPoint","urlTemplate":"https:\/\/www.eracleapalacehotel.it\/de\/?s={search_term_string}"},"query-input":{"@type":"PropertyValueSpecification","valueRequired":true,"valueName":"search_term_string"}}],"inLanguage":"de"},{"@type":"Organization","@id":"https:\/\/www.eracleapalacehotel.it\/de\/#organization","name":"Eraclea Palace Hotel","url":"https:\/\/www.eracleapalacehotel.it\/de\/","logo":{"@type":"ImageObject","inLanguage":"de","@id":"https:\/\/www.eracleapalacehotel.it\/de\/#\/schema\/logo\/image\/","url":"https:\/\/www.eracleapalacehotel.it\/wp-content\/uploads\/2020\/03\/cropped-logo_Eraclea_palace_hotel@2x.png","contentUrl":"https:\/\/www.eracleapalacehotel.it\/wp-content\/uploads\/2020\/03\/cropped-logo_Eraclea_palace_hotel@2x.png","width":400,"height":277,"caption":"Eraclea Palace Hotel"},"image":{"@id":"https:\/\/www.eracleapalacehotel.it\/de\/#\/schema\/logo\/image\/"}}]}},"uagb_featured_image_src":{"full":false,"thumbnail":false,"medium":false,"medium_large":false,"large":false,"1536x1536":false,"2048x2048":false,"post-thumbnail":false,"twentytwenty-fullscreen":false},"uagb_author_info":{"display_name":"3r4cl3-p4l4","author_link":"https:\/\/www.eracleapalacehotel.it\/de\/author\/3r4cl3-p4l4\/"},"uagb_comment_info":0,"uagb_excerpt":"Sicherheitsrichtlinie in Bezug auf die COVID-19-Coronavirus-Pandemie Lieber Gast, Angesichts der aktuellen Situation im Zusammenhang mit dem Coronavirus COVID-19 haben wir eine Reihe von Regeln f\u00fcr den Aufenthalt in unseren Hotels eingef\u00fchrt und arbeiten noch daran. Diese Regeln ergeben sich aus unserer Sorge um Ihre Sicherheit, Ihre Mitarbeiter und Ihre Gesch\u00e4ftspartner. Wir sind offen f\u00fcr Ihr&hellip;","coauthors":[],"author_meta":{"author_link":"https:\/\/www.eracleapalacehotel.it\/de\/author\/3r4cl3-p4l4\/","display_name":"3r4cl3-p4l4"},"relative_dates":{"created":"Posted 6\u00a0Jahren ago","modified":"Updated 5\u00a0Jahren ago"},"absolute_dates":{"created":"Posted on 26 Mai 2020","modified":"Updated on 24 Juni 2021"},"absolute_dates_time":{"created":"Posted on 26 Mai 2020 16:11","modified":"Updated on 24 Juni 2021 17:38"},"featured_img_caption":"","featured_img":false,"series_order":"","_links":{"self":[{"href":"https:\/\/www.eracleapalacehotel.it\/de\/wp-json\/wp\/v2\/pages\/3327","targetHints":{"allow":["GET"]}}],"collection":[{"href":"https:\/\/www.eracleapalacehotel.it\/de\/wp-json\/wp\/v2\/pages"}],"about":[{"href":"https:\/\/www.eracleapalacehotel.it\/de\/wp-json\/wp\/v2\/types\/page"}],"author":[{"embeddable":true,"href":"https:\/\/www.eracleapalacehotel.it\/de\/wp-json\/wp\/v2\/users\/1"}],"replies":[{"embeddable":true,"href":"https:\/\/www.eracleapalacehotel.it\/de\/wp-json\/wp\/v2\/comments?post=3327"}],"version-history":[{"count":0,"href":"https:\/\/www.eracleapalacehotel.it\/de\/wp-json\/wp\/v2\/pages\/3327\/revisions"}],"wp:attachment":[{"href":"https:\/\/www.eracleapalacehotel.it\/de\/wp-json\/wp\/v2\/media?parent=3327"}],"curies":[{"name":"wp","href":"https:\/\/api.w.org\/{rel}","templated":true}]}}