{"id":2467,"date":"2020-02-13T15:47:01","date_gmt":"2020-02-13T14:47:01","guid":{"rendered":"http:\/\/eraclea.promoservicebeta.com\/homepage\/"},"modified":"2020-04-28T16:55:09","modified_gmt":"2020-04-28T14:55:09","slug":"homepage","status":"publish","type":"page","link":"https:\/\/www.eracleapalacehotel.it\/de\/","title":{"rendered":"Home"},"content":{"rendered":"\n<div class=\"wp-block-group alignfull promo-item-chi-siamo\"><div class=\"wp-block-group__inner-container is-layout-flow wp-block-group-is-layout-flow\">\n<div class=\"wp-block-group chi-siamo-inner-block\"><div class=\"wp-block-group__inner-container is-layout-flow wp-block-group-is-layout-flow\">\n<h3>Hallo, was f\u00fcr eine Freude, Sie bei uns zu haben!<\/h3>\n\n\n\n<h2>Wir hei\u00dfen Sie herzlich willkommen<\/h2>\n\n\n\n<p>Das Eraclea Palace Hotel ist das <strong>gr\u00f6sste 4-Sterne-Superior-Hotel in der Ortschaft<\/strong> und befindet sich in sehr ruhiger Lage, am Rande des <strong>Pinienwaldes<\/strong> und nur wenige Schritte vom <strong>Meer<\/strong> entfernt.<\/p>\n<p>Ein <strong>idealer Ort<\/strong> um einen Tag am Meer zu verbringen, Spazierg\u00e4nge entlang des Meeres zu genie\u00dfen oder das Ausflugsziel mit dem Fahrrad zu erreichen.<\/p>\n<\/div><\/div>\n\n\n\n<p><\/p>\n<\/div><\/div>\n\n\n\n<div class=\"wp-block-group alignfull promo-item-chi-siamo-img\"><div class=\"wp-block-group__inner-container is-layout-flow wp-block-group-is-layout-flow\">\n<figure class=\"wp-block-image size-large\"><img loading=\"lazy\" decoding=\"async\" width=\"1024\" height=\"683\" src=\"https:\/\/www.eracleapalacehotel.it\/wp-content\/uploads\/2020\/03\/hotel-con-piscina-vista-mare-eraclea-1024x683.jpg\" alt=\"\" class=\"wp-image-765\" srcset=\"https:\/\/www.eracleapalacehotel.it\/wp-content\/uploads\/2020\/03\/hotel-con-piscina-vista-mare-eraclea-1024x683.jpg 1024w, https:\/\/www.eracleapalacehotel.it\/wp-content\/uploads\/2020\/03\/hotel-con-piscina-vista-mare-eraclea-300x200.jpg 300w, https:\/\/www.eracleapalacehotel.it\/wp-content\/uploads\/2020\/03\/hotel-con-piscina-vista-mare-eraclea-768x512.jpg 768w, https:\/\/www.eracleapalacehotel.it\/wp-content\/uploads\/2020\/03\/hotel-con-piscina-vista-mare-eraclea.jpg 1200w\" sizes=\"auto, (max-width: 1024px) 100vw, 1024px\" \/><\/figure>\n<\/div><\/div>\n\n\n\n\n<div class=\"wp-block-image promo-item-3\">\n\t<div class=\"main-title\"><h2>Unsere besten Dienstleistungen<\/h2><\/div>\n    <div class=\"horizontal-scroll-wrapper\">\n\t\t\t\t\t<div class=\"item-0\">\n\t\t\t\t<figure class=\"aligncenter size-large\">\n\t\t\t\t\t<a href=\"\/de\/swimmingpool-und-jacuzzi\/\"><img decoding=\"async\" src=\"https:\/\/www.eracleapalacehotel.it\/wp-content\/uploads\/2020\/03\/Piscina-e-jacuzzi-2.png\" alt=\"\" class=\"wp-image-54\">\n\t\t\t\t\t\t<div class=\"overlay\"><span class=\"dashicons dashicons-plus\"><\/span>\n\t\t\t\t\t\t\t<p class=\"promo-figcaption\">SWIMMINGPOOL UND JACUZZI<\/p>\n\t\t\t\t\t\t<\/div>\n\t\t\t\t\t<\/a>\n\t\t\t\t<\/figure>\n\t\t\t<\/div>\n\t\t\t\t\t<div class=\"item-1\">\n\t\t\t\t<figure class=\"aligncenter size-large\">\n\t\t\t\t\t<a href=\"\/de\/spa-und-wellness\/\"><img decoding=\"async\" src=\"https:\/\/www.eracleapalacehotel.it\/wp-content\/uploads\/2020\/03\/Wellness-e-spa.png\" alt=\"\" class=\"wp-image-54\">\n\t\t\t\t\t\t<div class=\"overlay\"><span class=\"dashicons dashicons-plus\"><\/span>\n\t\t\t\t\t\t\t<p class=\"promo-figcaption\">SPA UND WELLNESS<\/p>\n\t\t\t\t\t\t<\/div>\n\t\t\t\t\t<\/a>\n\t\t\t\t<\/figure>\n\t\t\t<\/div>\n\t\t\t\t\t<div class=\"item-2\">\n\t\t\t\t<figure class=\"aligncenter size-large\">\n\t\t\t\t\t<a href=\"\/de\/privatstrand\/\"><img decoding=\"async\" src=\"https:\/\/www.eracleapalacehotel.it\/wp-content\/uploads\/2020\/03\/Spiaggia-Privata.png\" alt=\"\" class=\"wp-image-54\">\n\t\t\t\t\t\t<div class=\"overlay\"><span class=\"dashicons dashicons-plus\"><\/span>\n\t\t\t\t\t\t\t<p class=\"promo-figcaption\">PRIVATSTRAND<\/p>\n\t\t\t\t\t\t<\/div>\n\t\t\t\t\t<\/a>\n\t\t\t\t<\/figure>\n\t\t\t<\/div>\n\t\t\t\t\t<div class=\"item-3\">\n\t\t\t\t<figure class=\"aligncenter size-large\">\n\t\t\t\t\t<a href=\"\/de\/fitnessbereich\/\"><img decoding=\"async\" src=\"https:\/\/www.eracleapalacehotel.it\/wp-content\/uploads\/2020\/03\/Palestra.png\" alt=\"\" class=\"wp-image-54\">\n\t\t\t\t\t\t<div class=\"overlay\"><span class=\"dashicons dashicons-plus\"><\/span>\n\t\t\t\t\t\t\t<p class=\"promo-figcaption\">FITNESSBEREICH<\/p>\n\t\t\t\t\t\t<\/div>\n\t\t\t\t\t<\/a>\n\t\t\t\t<\/figure>\n\t\t\t<\/div>\n\t\t\t\t\n\t\t<!--\n\t\t<div class=\"item-1\">\n            <figure class=\"aligncenter size-large\">\n                <a href=\"#\"><img decoding=\"async\" src=\"http:\/\/eraclea.promoservicebeta.com\/wp-content\/uploads\/2020\/03\/colazioneTavola-disegno-1-100-1.png\" alt=\"\" class=\"wp-image-54\">\n                    <div class=\"overlay\"><span class=\"dashicons dashicons-plus\"><\/span>\n                        <p class=\"promo-figcaption\">PRIMA COLAZIONE<\/p>\n                    <\/div>\n                <\/a>\n            <\/figure>\n        <\/div>\n        <div class=\"item-2\">\n            <figure class=\"aligncenter size-large\">\n                <a href=\"#\"><img decoding=\"async\" src=\"http:\/\/eraclea.promoservicebeta.com\/wp-content\/uploads\/2020\/03\/piscina-e-jacuzzi.png\" alt=\"\" class=\"wp-image-54\">\n                    <div class=\"overlay\"><span class=\"dashicons dashicons-plus\"><\/span>\n                        <p class=\"promo-figcaption\">PRIMA COLAZIONE<\/p>\n                    <\/div>\n                <\/a>\n            <\/figure>\n        <\/div>\n        <div class=\"item-3\">\n            <figure class=\"aligncenter size-large\">\n                <a href=\"#\"><img decoding=\"async\" src=\"http:\/\/eraclea.promoservicebeta.com\/wp-content\/uploads\/2020\/03\/piscina-e-jacuzzi.png\" alt=\"\" class=\"wp-image-54\">\n                    <div class=\"overlay\"><span class=\"dashicons dashicons-plus\"><\/span>\n                        <p class=\"promo-figcaption\">PRIMA COLAZIONE<\/p>\n                    <\/div>\n                <\/a>\n            <\/figure>\n        <\/div>\n\t\t-->\n    <\/div>\n<\/div>\n\n\n\n\n<div class=\"wp-block-image promo-item-4\">\n    <div class=\"horizontal-scroll-wrapper-2\">\n\t\t\t\t\t<div class=\"services-box\">\n\t\t\t\t<a href=\"\/de\/unsere-besten-dienstleistungen\/\">\n\t\t\t\t\t<img decoding=\"async\" src=\"https:\/\/www.eracleapalacehotel.it\/wp-content\/uploads\/2020\/03\/coffee-solid-1.png\" alt=\"\" class=\"wp-image-54\">\n\t\t\t\t\t<p class=\"promo-figcaption\">Exzellentes Fr\u00fchst\u00fcck<\/p>\n\t\t\t\t<\/a>\n\t\t\t<\/div>\n\t\t\t\t\t<div class=\"services-box\">\n\t\t\t\t<a href=\"\/de\/swimmingpool-und-jacuzzi\/\">\n\t\t\t\t\t<img decoding=\"async\" src=\"https:\/\/www.eracleapalacehotel.it\/wp-content\/uploads\/2020\/03\/swimmer-solid-1.png\" alt=\"\" class=\"wp-image-54\">\n\t\t\t\t\t<p class=\"promo-figcaption\">Panorama-Pool<\/p>\n\t\t\t\t<\/a>\n\t\t\t<\/div>\n\t\t\t\t\t<div class=\"services-box\">\n\t\t\t\t<a href=\"\/de\/fitnessbereich\/\">\n\t\t\t\t\t<img decoding=\"async\" src=\"https:\/\/www.eracleapalacehotel.it\/wp-content\/uploads\/2020\/03\/dumbbell-solid-1.png\" alt=\"\" class=\"wp-image-54\">\n\t\t\t\t\t<p class=\"promo-figcaption\">Fitnessbereich<\/p>\n\t\t\t\t<\/a>\n\t\t\t<\/div>\n\t\t\t\t\t<div class=\"services-box\">\n\t\t\t\t<a href=\"\/de\/kinderbereich\/\">\n\t\t\t\t\t<img decoding=\"async\" src=\"https:\/\/www.eracleapalacehotel.it\/wp-content\/uploads\/2020\/03\/familyRisorsa.png\" alt=\"\" class=\"wp-image-54\">\n\t\t\t\t\t<p class=\"promo-figcaption\">Ideal f\u00fcr Familien<\/p>\n\t\t\t\t<\/a>\n\t\t\t<\/div>\n\t\t\t\t\t<div class=\"services-box\">\n\t\t\t\t<a href=\"\/de\/unsere-besten-dienstleistungen\/\">\n\t\t\t\t\t<img decoding=\"async\" src=\"https:\/\/www.eracleapalacehotel.it\/wp-content\/uploads\/2020\/03\/great-serviceRisorsa-2-1-1.png\" alt=\"\" class=\"wp-image-54\">\n\t\t\t\t\t<p class=\"promo-figcaption\">Toller Service<\/p>\n\t\t\t\t<\/a>\n\t\t\t<\/div>\n\t\t    <\/div>\n<\/div>\n\n\n\n<div class=\"wp-block-group promo-item-servizi\"><div class=\"wp-block-group__inner-container is-layout-flow wp-block-group-is-layout-flow\">\n<h3>Perfekte Lage f\u00fcr unsere G\u00e4ste!<\/h3>\n\n\n\n<h2>Wo sind wir<\/h2>\n\n\n\n<p>Dieses elegante Hotel liegt <strong>5 Gehminuten vom Strand <\/strong>(300 m) entfernt, 6 km vom 18-Loch-Golfplatz des Club Pra &#8218;delle Torri und <strong>49 km von Venedig <\/strong>entfernt.<\/p>\n<\/div><\/div>\n\n\n\t\t\t<div \n\t\t\tclass=\"wp-block-uagb-google-map uagb-google-map__wrap uagb-block-b4a220b3-04f1-40b0-9bd7-3f7485845e03     promo-item-img-servizi\"\n\t\t\tstyle=\"\" >\n\t\t\t\t<embed\n\t\t\t\t\tclass=\"uagb-google-map__iframe\"\n\t\t\t\t\ttitle=\"Google Map for \"\n\t\t\t\t\tsrc=\"https:\/\/maps.google.com\/maps?q=Hotel%20Eraclea%20Palace&#038;z=10&#038;hl=en&#038;t=m&#038;output=embed&#038;iwloc=near\"\n\t\t\t\t\twidth=\"640\"\n\t\t\t\t\theight=\"400\"\n\t\t\t\t\tloading=\"lazy\"\n\t\t\t\t><\/embed>\n\t\t\t<\/div>\n\t\t\t\n\n\n\n<div class=\"wp-block-image promo_hotel_outer_services\">\n    <div class=\"service-scroll-wrapper-2\">\n\t\t\t\t\t<div class=\"services-box\">\n\t\t\t\t<a href=\"\/de\/eraclea-mare-und-umgebung\/\"><img decoding=\"async\" src=\"https:\/\/www.eracleapalacehotel.it\/wp-content\/uploads\/2020\/03\/map-marked-alt-solid.png\" alt=\"\" class=\"wp-image-54\">\n\t\t\t\t\t<p class=\"promo-figcaption\">Eraclea Mare und Umgebung<\/p>\n\t\t\t\t<\/a>\n\t\t\t<\/div>\n\t\t\t\t\t<div class=\"services-box\">\n\t\t\t\t<a href=\"\/de\/shuttleservice\/\"><img decoding=\"async\" src=\"https:\/\/www.eracleapalacehotel.it\/wp-content\/uploads\/2020\/03\/bus-solid.png\" alt=\"\" class=\"wp-image-54\">\n\t\t\t\t\t<p class=\"promo-figcaption\">Shuttleservice<\/p>\n\t\t\t\t<\/a>\n\t\t\t<\/div>\n\t\t\t\t\t<div class=\"services-box\">\n\t\t\t\t<a href=\"\/de\/wie-sie-uns-erreichen\/\"><img decoding=\"async\" src=\"https:\/\/www.eracleapalacehotel.it\/wp-content\/uploads\/2020\/03\/route-solid-1.png\" alt=\"\" class=\"wp-image-54\">\n\t\t\t\t\t<p class=\"promo-figcaption\">Wie Sie uns erreichen<\/p>\n\t\t\t\t<\/a>\n\t\t\t<\/div>\n\t\t\t\t\t<div class=\"services-box\">\n\t\t\t\t<a href=\"\/de\/wie-sie-uns-erreichen\/\"><img decoding=\"async\" src=\"https:\/\/www.eracleapalacehotel.it\/wp-content\/uploads\/2020\/03\/plane-solid.png\" alt=\"\" class=\"wp-image-54\">\n\t\t\t\t\t<p class=\"promo-figcaption\">Flughafen<\/p>\n\t\t\t\t<\/a>\n\t\t\t<\/div>\n\t\t    <\/div>\n<\/div>\n\n\n\n<div class=\"wp-block-group promo-item-offers\"><div class=\"wp-block-group__inner-container is-layout-flow wp-block-group-is-layout-flow\">\n<div class=\"offers_wrapper_container\">\n\t<\/div>\n<\/div><\/div>\n\n\n\n\n<div class=\"wp-block-image promo-item-reviews\">\n\t<div class=\"promo-item-reviews-inner\">\n\t\t<div class=\"main-title\"><h2><\/h2><\/div>\n\t\t<div class=\"review-scroll-wrapper\">\n\t\t\t\t\t<\/div>\n    <\/div>\n<\/div>\n","protected":false},"excerpt":{"rendered":"<p>Hallo, was f\u00fcr eine Freude, Sie bei uns zu haben! Wir hei\u00dfen Sie herzlich willkommen Das Eraclea Palace Hotel ist das gr\u00f6sste 4-Sterne-Superior-Hotel in der Ortschaft und befindet sich in sehr ruhiger Lage, am Rande des Pinienwaldes und nur wenige Schritte vom Meer entfernt. Ein idealer Ort um einen Tag am Meer zu verbringen, Spazierg\u00e4nge [&hellip;]<\/p>\n","protected":false},"author":1,"featured_media":0,"parent":0,"menu_order":0,"comment_status":"closed","ping_status":"closed","template":"","meta":{"_acf_changed":false,"_uag_custom_page_level_css":"","advgb_blocks_editor_width":"","advgb_blocks_columns_visual_guide":"","footnotes":""},"class_list":["post-2467","page","type-page","status-publish","hentry"],"acf":[],"yoast_head":"<!-- This site is optimized with the Yoast SEO plugin v25.6 - https:\/\/yoast.com\/wordpress\/plugins\/seo\/ -->\n<title>Hotel Eraclea Mare - 4 sterne hotel Eraclea Mare - Eraclea Palace<\/title>\n<meta name=\"description\" content=\"Das Eraclea Palace Hotel ist das groesste 4 Sterne Hotel. Eraclea Palace hotel liegt zwischen Caorle und Jesolo und Venedig.\" \/>\n<meta name=\"robots\" content=\"index, follow, max-snippet:-1, max-image-preview:large, max-video-preview:-1\" \/>\n<link rel=\"canonical\" href=\"https:\/\/www.eracleapalacehotel.it\/de\/\" \/>\n<meta property=\"og:locale\" content=\"de_DE\" \/>\n<meta property=\"og:type\" content=\"article\" \/>\n<meta property=\"og:title\" content=\"Hotel Eraclea Mare - 4 sterne hotel Eraclea Mare - Eraclea Palace\" \/>\n<meta property=\"og:description\" content=\"Das Eraclea Palace Hotel ist das groesste 4 Sterne Hotel. Eraclea Palace hotel liegt zwischen Caorle und Jesolo und Venedig.\" \/>\n<meta property=\"og:url\" content=\"https:\/\/www.eracleapalacehotel.it\/de\/\" \/>\n<meta property=\"og:site_name\" content=\"Eraclea Palace Hotel\" \/>\n<meta property=\"article:modified_time\" content=\"2020-04-28T14:55:09+00:00\" \/>\n<meta property=\"og:image\" content=\"https:\/\/www.eracleapalacehotel.it\/wp-content\/uploads\/2020\/03\/hotel-con-piscina-vista-mare-eraclea-1024x683.jpg\" \/>\n<meta name=\"twitter:card\" content=\"summary_large_image\" \/>\n<meta name=\"twitter:label1\" content=\"Gesch\u00e4tzte Lesezeit\" \/>\n\t<meta name=\"twitter:data1\" content=\"1\u00a0Minute\" \/>\n<script type=\"application\/ld+json\" class=\"yoast-schema-graph\">{\"@context\":\"https:\/\/schema.org\",\"@graph\":[{\"@type\":\"WebPage\",\"@id\":\"https:\/\/www.eracleapalacehotel.it\/de\/\",\"url\":\"https:\/\/www.eracleapalacehotel.it\/de\/\",\"name\":\"Hotel Eraclea Mare - 4 sterne hotel Eraclea Mare - Eraclea Palace\",\"isPartOf\":{\"@id\":\"https:\/\/www.eracleapalacehotel.it\/de\/#website\"},\"primaryImageOfPage\":{\"@id\":\"https:\/\/www.eracleapalacehotel.it\/de\/#primaryimage\"},\"image\":{\"@id\":\"https:\/\/www.eracleapalacehotel.it\/de\/#primaryimage\"},\"thumbnailUrl\":\"https:\/\/www.eracleapalacehotel.it\/wp-content\/uploads\/2020\/03\/hotel-con-piscina-vista-mare-eraclea-1024x683.jpg\",\"datePublished\":\"2020-02-13T14:47:01+00:00\",\"dateModified\":\"2020-04-28T14:55:09+00:00\",\"description\":\"Das Eraclea Palace Hotel ist das groesste 4 Sterne Hotel. Eraclea Palace hotel liegt zwischen Caorle und Jesolo und Venedig.\",\"breadcrumb\":{\"@id\":\"https:\/\/www.eracleapalacehotel.it\/de\/#breadcrumb\"},\"inLanguage\":\"de\",\"potentialAction\":[{\"@type\":\"ReadAction\",\"target\":[\"https:\/\/www.eracleapalacehotel.it\/de\/\"]}]},{\"@type\":\"ImageObject\",\"inLanguage\":\"de\",\"@id\":\"https:\/\/www.eracleapalacehotel.it\/de\/#primaryimage\",\"url\":\"https:\/\/www.eracleapalacehotel.it\/wp-content\/uploads\/2020\/03\/hotel-con-piscina-vista-mare-eraclea-1024x683.jpg\",\"contentUrl\":\"https:\/\/www.eracleapalacehotel.it\/wp-content\/uploads\/2020\/03\/hotel-con-piscina-vista-mare-eraclea-1024x683.jpg\"},{\"@type\":\"BreadcrumbList\",\"@id\":\"https:\/\/www.eracleapalacehotel.it\/de\/#breadcrumb\",\"itemListElement\":[{\"@type\":\"ListItem\",\"position\":1,\"name\":\"Home\",\"item\":\"https:\/\/www.eracleapalacehotel.it\/de\/\"},{\"@type\":\"ListItem\",\"position\":2,\"name\":\"Home\"}]},{\"@type\":\"WebSite\",\"@id\":\"https:\/\/www.eracleapalacehotel.it\/de\/#website\",\"url\":\"https:\/\/www.eracleapalacehotel.it\/de\/\",\"name\":\"Eraclea Palace Hotel\",\"description\":\"****s - Eraclea Mare\",\"publisher\":{\"@id\":\"https:\/\/www.eracleapalacehotel.it\/de\/#organization\"},\"potentialAction\":[{\"@type\":\"SearchAction\",\"target\":{\"@type\":\"EntryPoint\",\"urlTemplate\":\"https:\/\/www.eracleapalacehotel.it\/de\/?s={search_term_string}\"},\"query-input\":{\"@type\":\"PropertyValueSpecification\",\"valueRequired\":true,\"valueName\":\"search_term_string\"}}],\"inLanguage\":\"de\"},{\"@type\":\"Organization\",\"@id\":\"https:\/\/www.eracleapalacehotel.it\/de\/#organization\",\"name\":\"Eraclea Palace Hotel\",\"url\":\"https:\/\/www.eracleapalacehotel.it\/de\/\",\"logo\":{\"@type\":\"ImageObject\",\"inLanguage\":\"de\",\"@id\":\"https:\/\/www.eracleapalacehotel.it\/de\/#\/schema\/logo\/image\/\",\"url\":\"https:\/\/www.eracleapalacehotel.it\/wp-content\/uploads\/2020\/03\/cropped-logo_Eraclea_palace_hotel@2x.png\",\"contentUrl\":\"https:\/\/www.eracleapalacehotel.it\/wp-content\/uploads\/2020\/03\/cropped-logo_Eraclea_palace_hotel@2x.png\",\"width\":400,\"height\":277,\"caption\":\"Eraclea Palace Hotel\"},\"image\":{\"@id\":\"https:\/\/www.eracleapalacehotel.it\/de\/#\/schema\/logo\/image\/\"}}]}<\/script>\n<!-- \/ Yoast SEO plugin. -->","yoast_head_json":{"title":"Hotel Eraclea Mare - 4 sterne hotel Eraclea Mare - Eraclea Palace","description":"Das Eraclea Palace Hotel ist das groesste 4 Sterne Hotel. Eraclea Palace hotel liegt zwischen Caorle und Jesolo und Venedig.","robots":{"index":"index","follow":"follow","max-snippet":"max-snippet:-1","max-image-preview":"max-image-preview:large","max-video-preview":"max-video-preview:-1"},"canonical":"https:\/\/www.eracleapalacehotel.it\/de\/","og_locale":"de_DE","og_type":"article","og_title":"Hotel Eraclea Mare - 4 sterne hotel Eraclea Mare - Eraclea Palace","og_description":"Das Eraclea Palace Hotel ist das groesste 4 Sterne Hotel. Eraclea Palace hotel liegt zwischen Caorle und Jesolo und Venedig.","og_url":"https:\/\/www.eracleapalacehotel.it\/de\/","og_site_name":"Eraclea Palace Hotel","article_modified_time":"2020-04-28T14:55:09+00:00","og_image":[{"url":"https:\/\/www.eracleapalacehotel.it\/wp-content\/uploads\/2020\/03\/hotel-con-piscina-vista-mare-eraclea-1024x683.jpg","type":"","width":"","height":""}],"twitter_card":"summary_large_image","twitter_misc":{"Gesch\u00e4tzte Lesezeit":"1\u00a0Minute"},"schema":{"@context":"https:\/\/schema.org","@graph":[{"@type":"WebPage","@id":"https:\/\/www.eracleapalacehotel.it\/de\/","url":"https:\/\/www.eracleapalacehotel.it\/de\/","name":"Hotel Eraclea Mare - 4 sterne hotel Eraclea Mare - Eraclea Palace","isPartOf":{"@id":"https:\/\/www.eracleapalacehotel.it\/de\/#website"},"primaryImageOfPage":{"@id":"https:\/\/www.eracleapalacehotel.it\/de\/#primaryimage"},"image":{"@id":"https:\/\/www.eracleapalacehotel.it\/de\/#primaryimage"},"thumbnailUrl":"https:\/\/www.eracleapalacehotel.it\/wp-content\/uploads\/2020\/03\/hotel-con-piscina-vista-mare-eraclea-1024x683.jpg","datePublished":"2020-02-13T14:47:01+00:00","dateModified":"2020-04-28T14:55:09+00:00","description":"Das Eraclea Palace Hotel ist das groesste 4 Sterne Hotel. Eraclea Palace hotel liegt zwischen Caorle und Jesolo und Venedig.","breadcrumb":{"@id":"https:\/\/www.eracleapalacehotel.it\/de\/#breadcrumb"},"inLanguage":"de","potentialAction":[{"@type":"ReadAction","target":["https:\/\/www.eracleapalacehotel.it\/de\/"]}]},{"@type":"ImageObject","inLanguage":"de","@id":"https:\/\/www.eracleapalacehotel.it\/de\/#primaryimage","url":"https:\/\/www.eracleapalacehotel.it\/wp-content\/uploads\/2020\/03\/hotel-con-piscina-vista-mare-eraclea-1024x683.jpg","contentUrl":"https:\/\/www.eracleapalacehotel.it\/wp-content\/uploads\/2020\/03\/hotel-con-piscina-vista-mare-eraclea-1024x683.jpg"},{"@type":"BreadcrumbList","@id":"https:\/\/www.eracleapalacehotel.it\/de\/#breadcrumb","itemListElement":[{"@type":"ListItem","position":1,"name":"Home","item":"https:\/\/www.eracleapalacehotel.it\/de\/"},{"@type":"ListItem","position":2,"name":"Home"}]},{"@type":"WebSite","@id":"https:\/\/www.eracleapalacehotel.it\/de\/#website","url":"https:\/\/www.eracleapalacehotel.it\/de\/","name":"Eraclea Palace Hotel","description":"****s - Eraclea Mare","publisher":{"@id":"https:\/\/www.eracleapalacehotel.it\/de\/#organization"},"potentialAction":[{"@type":"SearchAction","target":{"@type":"EntryPoint","urlTemplate":"https:\/\/www.eracleapalacehotel.it\/de\/?s={search_term_string}"},"query-input":{"@type":"PropertyValueSpecification","valueRequired":true,"valueName":"search_term_string"}}],"inLanguage":"de"},{"@type":"Organization","@id":"https:\/\/www.eracleapalacehotel.it\/de\/#organization","name":"Eraclea Palace Hotel","url":"https:\/\/www.eracleapalacehotel.it\/de\/","logo":{"@type":"ImageObject","inLanguage":"de","@id":"https:\/\/www.eracleapalacehotel.it\/de\/#\/schema\/logo\/image\/","url":"https:\/\/www.eracleapalacehotel.it\/wp-content\/uploads\/2020\/03\/cropped-logo_Eraclea_palace_hotel@2x.png","contentUrl":"https:\/\/www.eracleapalacehotel.it\/wp-content\/uploads\/2020\/03\/cropped-logo_Eraclea_palace_hotel@2x.png","width":400,"height":277,"caption":"Eraclea Palace Hotel"},"image":{"@id":"https:\/\/www.eracleapalacehotel.it\/de\/#\/schema\/logo\/image\/"}}]}},"uagb_featured_image_src":{"full":false,"thumbnail":false,"medium":false,"medium_large":false,"large":false,"1536x1536":false,"2048x2048":false,"post-thumbnail":false,"twentytwenty-fullscreen":false},"uagb_author_info":{"display_name":"3r4cl3-p4l4","author_link":"https:\/\/www.eracleapalacehotel.it\/de\/author\/3r4cl3-p4l4\/"},"uagb_comment_info":0,"uagb_excerpt":"Hallo, was f\u00fcr eine Freude, Sie bei uns zu haben! Wir hei\u00dfen Sie herzlich willkommen Das Eraclea Palace Hotel ist das gr\u00f6sste 4-Sterne-Superior-Hotel in der Ortschaft und befindet sich in sehr ruhiger Lage, am Rande des Pinienwaldes und nur wenige Schritte vom Meer entfernt. Ein idealer Ort um einen Tag am Meer zu verbringen, Spazierg\u00e4nge&hellip;","coauthors":[],"author_meta":{"author_link":"https:\/\/www.eracleapalacehotel.it\/de\/author\/3r4cl3-p4l4\/","display_name":"3r4cl3-p4l4"},"relative_dates":{"created":"Posted 6\u00a0Jahren ago","modified":"Updated 6\u00a0Jahren ago"},"absolute_dates":{"created":"Posted on 13 Februar 2020","modified":"Updated on 28 April 2020"},"absolute_dates_time":{"created":"Posted on 13 Februar 2020 15:47","modified":"Updated on 28 April 2020 16:55"},"featured_img_caption":"","featured_img":false,"series_order":"","_links":{"self":[{"href":"https:\/\/www.eracleapalacehotel.it\/de\/wp-json\/wp\/v2\/pages\/2467","targetHints":{"allow":["GET"]}}],"collection":[{"href":"https:\/\/www.eracleapalacehotel.it\/de\/wp-json\/wp\/v2\/pages"}],"about":[{"href":"https:\/\/www.eracleapalacehotel.it\/de\/wp-json\/wp\/v2\/types\/page"}],"author":[{"embeddable":true,"href":"https:\/\/www.eracleapalacehotel.it\/de\/wp-json\/wp\/v2\/users\/1"}],"replies":[{"embeddable":true,"href":"https:\/\/www.eracleapalacehotel.it\/de\/wp-json\/wp\/v2\/comments?post=2467"}],"version-history":[{"count":0,"href":"https:\/\/www.eracleapalacehotel.it\/de\/wp-json\/wp\/v2\/pages\/2467\/revisions"}],"wp:attachment":[{"href":"https:\/\/www.eracleapalacehotel.it\/de\/wp-json\/wp\/v2\/media?parent=2467"}],"curies":[{"name":"wp","href":"https:\/\/api.w.org\/{rel}","templated":true}]}}