{"id":2208,"date":"2020-04-02T12:31:22","date_gmt":"2020-04-02T10:31:22","guid":{"rendered":"http:\/\/eraclea.promoservicebeta.com\/?page_id=2208"},"modified":"2025-11-09T13:59:01","modified_gmt":"2025-11-09T12:59:01","slug":"eraclea-palace-hotel","status":"publish","type":"page","link":"https:\/\/www.eracleapalacehotel.it\/de\/eraclea-palace-hotel\/","title":{"rendered":"Eraclea Palace Hotel"},"content":{"rendered":"\n<div class=\"wp-block-group promo-eracleaint-1\"><div class=\"wp-block-group__inner-container is-layout-flow wp-block-group-is-layout-flow\">\n<h3 class=\"wp-block-heading\">Ein Urlaub nach Ma\u00df in einer friedlichen und entspannenden Atmosph\u00e4re.<\/h3>\n\n\n\n<h2 class=\"wp-block-heading\">Herzlich Willkommen im Eraclea Palace Hotel<\/h2>\n\n\n\n<p><strong>Er\u00f6ffnung 22. Mai 2026<\/strong><\/p>\n\n\n\n<p><strong>Das Eraclea Palace Hotel<\/strong>&nbsp;ist das gr\u00f6sste 4- Stern-Hotel in der Ortschaft und befindet sich in sehr ruhiger Lage, am Rande des Pinienwaldes und nur wenige Schritte vom Meer entfernt.<\/p>\n\n\n\n<div style=\"height:20px\" aria-hidden=\"true\" class=\"wp-block-spacer\"><\/div>\n\n\n\n<p><strong>Das Hotel selbst wurde neu konstruiert und bietet jeden Komfort<\/strong>&nbsp;f\u00fcr eine unvergessliche Ferienzeit:<\/p>\n\n\n\n<div class=\"wp-block-columns is-layout-flex wp-container-core-columns-is-layout-9d6595d7 wp-block-columns-is-layout-flex\">\n<div class=\"wp-block-column is-layout-flow wp-block-column-is-layout-flow\">\n<ul class=\"wp-block-list\">\n<li>beheizte Schwimmb\u00e4der mit fantastischer Aussicht auf das Meer;<\/li>\n\n\n\n<li>Wellness-Anlage mit Sauna, t\u00fcrkischem Bad und Aromadusche;<\/li>\n\n\n\n<li>Spielecke f\u00fcr Kinder;<\/li>\n\n\n\n<li>Rezeption ist 24\/24 Stunden besetzt;<\/li>\n\n\n\n<li>Restaurant, Bar und American Bar auf unserer Terrasse im Schwimmbad-Bereich.<\/li>\n<\/ul>\n<\/div>\n\n\n\n<div class=\"wp-block-column is-layout-flow wp-block-column-is-layout-flow\">\n<ul class=\"wp-block-list\">\n<li>Unser Kongressraum bietet Platz f\u00fcr 10-100 Personen;<\/li>\n\n\n\n<li>W\u00e4scheraum mit M\u00fcnzwaschmaschine und -trockner sowie B\u00fcgeleisen und B\u00fcgeltisch stehen zur Verf\u00fcgung;<\/li>\n\n\n\n<li>Parkplatz im Freien (nach Verf\u00fcgbarkeit) nur f\u00fcr Hotelg\u00e4ste oder in unserer Tiefgarage mit Aufpreis von 10 Euro\/Nacht.<\/li>\n<\/ul>\n<\/div>\n<\/div>\n<\/div><\/div>\n\n\n\n<div class=\"wp-block-group promo-eracleaint-2\"><div class=\"wp-block-group__inner-container is-layout-flow wp-block-group-is-layout-flow\">\n<div style=\"height:60px\" aria-hidden=\"true\" class=\"wp-block-spacer\"><\/div>\n\n\n\n<figure class=\"wp-block-image size-large\"><img loading=\"lazy\" decoding=\"async\" width=\"1000\" height=\"1000\" src=\"https:\/\/www.eracleapalacehotel.it\/wp-content\/uploads\/2020\/03\/Hotel_Eraclea_palace_ESTERNO_quadrata.jpg\" alt=\"\" class=\"wp-image-700\" srcset=\"https:\/\/www.eracleapalacehotel.it\/wp-content\/uploads\/2020\/03\/Hotel_Eraclea_palace_ESTERNO_quadrata.jpg 1000w, https:\/\/www.eracleapalacehotel.it\/wp-content\/uploads\/2020\/03\/Hotel_Eraclea_palace_ESTERNO_quadrata-300x300.jpg 300w, https:\/\/www.eracleapalacehotel.it\/wp-content\/uploads\/2020\/03\/Hotel_Eraclea_palace_ESTERNO_quadrata-150x150.jpg 150w, https:\/\/www.eracleapalacehotel.it\/wp-content\/uploads\/2020\/03\/Hotel_Eraclea_palace_ESTERNO_quadrata-768x768.jpg 768w\" sizes=\"auto, (max-width: 1000px) 100vw, 1000px\" \/><\/figure>\n\n\n\n<div style=\"height:60px\" aria-hidden=\"true\" class=\"wp-block-spacer\"><\/div>\n<\/div><\/div>\n\n\n\n<div class=\"wp-block-group promo-eracleaint-133\"><div class=\"wp-block-group__inner-container is-layout-flow wp-block-group-is-layout-flow\"><div class=\"wp-block-image\">\n<figure class=\"aligncenter size-full is-resized\"><img loading=\"lazy\" decoding=\"async\" width=\"960\" height=\"650\" src=\"https:\/\/www.eracleapalacehotel.it\/wp-content\/uploads\/2020\/03\/eraclea_palace_hotel_eraclea-mare.jpg\" alt=\"\" class=\"wp-image-710\" style=\"width:720px;height:488px\" srcset=\"https:\/\/www.eracleapalacehotel.it\/wp-content\/uploads\/2020\/03\/eraclea_palace_hotel_eraclea-mare.jpg 960w, https:\/\/www.eracleapalacehotel.it\/wp-content\/uploads\/2020\/03\/eraclea_palace_hotel_eraclea-mare-300x203.jpg 300w, https:\/\/www.eracleapalacehotel.it\/wp-content\/uploads\/2020\/03\/eraclea_palace_hotel_eraclea-mare-768x520.jpg 768w\" sizes=\"auto, (max-width: 960px) 100vw, 960px\" \/><\/figure><\/div><\/div><\/div>\n\n\n\n<div class=\"wp-block-group promo-eracleaint-144\"><div class=\"wp-block-group__inner-container is-layout-flow wp-block-group-is-layout-flow\">\n<p><strong>Das Eraclea Palace Hotel<\/strong>&nbsp;liegt zwischen Caorle und Jesolo und ist somit nur einige Kilometer von Venedig entfernt. <br><br><strong>Ein idealer Ort um einen Tag am Meer zu verbringen<\/strong>, Spazierg\u00e4nge entlang des Meeres zu genie\u00dfen oder das Ausflugsziel mit dem Fahrrad zu erreichen. <br><br>Wem dies noch zu wenig ist, hat die M\u00f6glichkeit sich die Sehensw\u00fcrdigkeiten der Region Venetien anzusehen. Nat\u00fcrlich ist unser Personal gerne bereit, Ihnen Auskunft \u00fcber unsere Region zu geben, wie zum Beispiel: Padua, Venedig, Treviso, Triest, Concordia Sagittaria und viele mehr. Diese Ausflugsorte sind sehr leicht sowohl mit dem Auto als auch mit den \u00f6ffentlichen Verkehrsmitteln zu erreichen.<\/p>\n<\/div><\/div>\n\n\n\n<div class=\"promo-eraclea-services\"> \n    <div class=\"promo-eraclea-services1 \">\n        <figure class=\"wp-block-image size-large is-resized\"><img loading=\"lazy\" decoding=\"async\" src=\"https:\/\/eracleapalacehotel.it\/wp-content\/uploads\/2020\/03\/wi-fi-icon@2x.png\" alt=\"\" class=\"\" width=\"61\" height=\"60\">\n        <\/figure>\n        <figcaption class=\"promo-caption-services\">Wi-fi<\/figcaption>\n    <\/div>\n    <div class=\"promo-eraclea-services2\">\n        <figure class=\"wp-block-image size-large is-resized\"><img loading=\"lazy\" decoding=\"async\" src=\"https:\/\/eracleapalacehotel.it\/wp-content\/uploads\/2020\/03\/piscina-icon@2x.png\" alt=\"\" class=\"\" width=\"61\" height=\"60\">\n        <\/figure>\n        <figcaption class=\"promo-caption-services\">Swimmingpool und Jacuzzi<\/figcaption>\n    <\/div>\n    <div class=\"promo-eraclea-services3\">\n        <figure class=\"wp-block-image size-large is-resized\"><img loading=\"lazy\" decoding=\"async\" src=\"https:\/\/eracleapalacehotel.it\/wp-content\/uploads\/2020\/03\/spiaggia-icon@2x.png\" alt=\"\" class=\"\" width=\"61\" height=\"60\">\n        <\/figure>\n        <figcaption class=\"promo-caption-services\">Strand<\/figcaption>\n    <\/div>\n    <div class=\"promo-eraclea-services4\">\n        <figure class=\"wp-block-image size-large is-resized\"><img loading=\"lazy\" decoding=\"async\" src=\"https:\/\/eracleapalacehotel.it\/wp-content\/uploads\/2020\/03\/spa-icon@2x.png\" alt=\"\" class=\"\" width=\"61\" height=\"60\">\n        <\/figure>\n        <figcaption class=\"promo-caption-services\">SPA und Wellness<\/figcaption>\n    <\/div>\n    <div class=\"promo-eraclea-services5\">\n        <figure class=\"wp-block-image size-large is-resized\"><img loading=\"lazy\" decoding=\"async\" src=\"https:\/\/eracleapalacehotel.it\/wp-content\/uploads\/2020\/03\/palestra-icon@2x.png\" alt=\"\" class=\"\" width=\"61\" height=\"60\">\n        <\/figure>\n        <figcaption class=\"promo-caption-services\">Fitnessbereich<\/figcaption>\n    <\/div>\n    <div class=\"promo-eraclea-services6\">\n        <figure class=\"wp-block-image size-large is-resized\"><img loading=\"lazy\" decoding=\"async\" src=\"https:\/\/eracleapalacehotel.it\/wp-content\/uploads\/2020\/03\/accessibile-icon@2x.png\" alt=\"\" class=\"\" width=\"61\" height=\"60\">\n        <\/figure>\n        <figcaption class=\"promo-caption-services\">Zug\u00e4nglich<\/figcaption>\n    <\/div>\n\n    <div class=\"promo-eraclea-services1_2\">\n        <figure class=\"wp-block-image size-large is-resized\"><img loading=\"lazy\" decoding=\"async\" src=\"https:\/\/eracleapalacehotel.it\/wp-content\/uploads\/2020\/03\/Aparthotel-icon@2x.png\" alt=\"\" class=\"\" width=\"61\" height=\"60\">\n        <\/figure>\n        <figcaption class=\"promo-caption-services\">Aparthotel<\/figcaption>\n    <\/div>\n    <div class=\"promo-eraclea-services2_2\">\n        <figure class=\"wp-block-image size-large is-resized\"><img loading=\"lazy\" decoding=\"async\" src=\"https:\/\/eracleapalacehotel.it\/wp-content\/uploads\/2020\/03\/family-icon@2x.png\" alt=\"\" class=\"\" width=\"61\" height=\"60\">\n        <\/figure>\n        <figcaption class=\"promo-caption-services\">Familienhotel<\/figcaption>\n    <\/div>\n    <div class=\"promo-eraclea-services3_2\">\n        <figure class=\"wp-block-image size-large is-resized\"><img loading=\"lazy\" decoding=\"async\" src=\"https:\/\/eracleapalacehotel.it\/wp-content\/uploads\/2020\/03\/bar-icon@2x.png\" alt=\"\" class=\"\" width=\"61\" height=\"60\">\n        <\/figure>\n        <figcaption class=\"promo-caption-services\">Bar<\/figcaption>\n    <\/div>\n    <div class=\"promo-eraclea-services4_2\">\n        <figure class=\"wp-block-image size-large is-resized\"><img loading=\"lazy\" decoding=\"async\" src=\"https:\/\/eracleapalacehotel.it\/wp-content\/uploads\/2020\/03\/colazione-icon@2x.png\" alt=\"\" class=\"\" width=\"61\" height=\"60\">\n        <\/figure>\n        <figcaption class=\"promo-caption-services\">Fr\u00fchst\u00fcck<\/figcaption>\n    <\/div>\n    <div class=\"promo-eraclea-services5_2\">\n        <figure class=\"wp-block-image size-large is-resized\"><img loading=\"lazy\" decoding=\"async\" src=\"https:\/\/eracleapalacehotel.it\/wp-content\/uploads\/2020\/03\/lavanderia-icon@2x.png\" alt=\"\" class=\"\" width=\"61\" height=\"60\">\n        <\/figure>\n        <figcaption class=\"promo-caption-services\">W\u00e4scherei<\/figcaption>\n    <\/div>\n    <div class=\"promo-eraclea-services6_2\">\n        <figure class=\"wp-block-image size-large is-resized\"><img loading=\"lazy\" decoding=\"async\" src=\"https:\/\/eracleapalacehotel.it\/wp-content\/uploads\/2020\/03\/parcheggio-icon@2x.png\" alt=\"\" class=\"\" width=\"61\" height=\"60\">\n        <\/figure>\n        <figcaption class=\"promo-caption-services\">Parkplatz<\/figcaption>\n    <\/div>\n    <div class=\"promo-eraclea-services1_3\">\n        <figure class=\"wp-block-image size-large is-resized\"><img loading=\"lazy\" decoding=\"async\" src=\"https:\/\/www.eracleapalacehotel.it\/wp-content\/uploads\/2020\/04\/Icon_Babysitter.png\" alt=\"\" width=\"61\" height=\"60\">\n        <\/figure>\n        <figcaption class=\"promo-caption-services\">Babysitter<\/figcaption>\n    <\/div>\n    <div class=\"promo-eraclea-services2_3\">\n        <figure class=\"wp-block-image size-large is-resized\"><img loading=\"lazy\" decoding=\"async\" src=\"https:\/\/www.eracleapalacehotel.it\/wp-content\/uploads\/2020\/04\/icon_Babyclub.png\" alt=\"\" width=\"61\" height=\"60\">\n        <\/figure>\n        <figcaption class=\"promo-caption-services\">Baby club<\/figcaption>\n    <\/div>\n    <div class=\"promo-eraclea-services3_3\">\n        <figure class=\"wp-block-image size-large is-resized\"><img loading=\"lazy\" decoding=\"async\" src=\"https:\/\/www.eracleapalacehotel.it\/wp-content\/uploads\/2020\/04\/bici-icon@2x.png\" alt=\"\" width=\"61\" height=\"60\">\n        <\/figure>\n        <figcaption class=\"promo-caption-services\">Fahrradverleih<\/figcaption>\n    <\/div>\n    <div class=\"promo-eraclea-services4_3\">\n        <figure class=\"wp-block-image size-large is-resized\"><img loading=\"lazy\" decoding=\"async\" src=\"https:\/\/www.eracleapalacehotel.it\/wp-content\/uploads\/2020\/04\/Icon_solarium.png\" alt=\"\" width=\"61\" height=\"60\">\n        <\/figure>\n        <figcaption class=\"promo-caption-services\">Solarium<\/figcaption>\n    <\/div>\n<\/div>\n","protected":false},"excerpt":{"rendered":"<p>Ein Urlaub nach Ma\u00df in einer friedlichen und entspannenden Atmosph\u00e4re. Herzlich Willkommen im Eraclea Palace Hotel Er\u00f6ffnung 22. Mai 2026 Das Eraclea Palace Hotel&nbsp;ist das gr\u00f6sste 4- Stern-Hotel in der Ortschaft und befindet sich in sehr ruhiger Lage, am Rande des Pinienwaldes und nur wenige Schritte vom Meer entfernt. Das Hotel selbst wurde neu konstruiert [&hellip;]<\/p>\n","protected":false},"author":1,"featured_media":2446,"parent":0,"menu_order":0,"comment_status":"closed","ping_status":"closed","template":"","meta":{"_acf_changed":false,"_uag_custom_page_level_css":"","advgb_blocks_editor_width":"","advgb_blocks_columns_visual_guide":"","footnotes":""},"class_list":["post-2208","page","type-page","status-publish","has-post-thumbnail","hentry"],"acf":[],"yoast_head":"<!-- This site is optimized with the Yoast SEO plugin v25.6 - https:\/\/yoast.com\/wordpress\/plugins\/seo\/ -->\n<title>Ferienwohnung Eraclea Mare - Aparthotel Eraclea Mare - Eraclea Mare aparthotel<\/title>\n<meta name=\"description\" content=\"Eraclea Palace Hotel 4-Sterne-Meer mit privatem Pool und Spa. Neubau Hotels in Eraclea Mare, zwischen Caorle und Jesolo Lido.\" \/>\n<meta name=\"robots\" content=\"index, follow, max-snippet:-1, max-image-preview:large, max-video-preview:-1\" \/>\n<link rel=\"canonical\" href=\"https:\/\/www.eracleapalacehotel.it\/de\/eraclea-palace-hotel\/\" \/>\n<meta property=\"og:locale\" content=\"de_DE\" \/>\n<meta property=\"og:type\" content=\"article\" \/>\n<meta property=\"og:title\" content=\"Ferienwohnung Eraclea Mare - Aparthotel Eraclea Mare - Eraclea Mare aparthotel\" \/>\n<meta property=\"og:description\" content=\"Eraclea Palace Hotel 4-Sterne-Meer mit privatem Pool und Spa. Neubau Hotels in Eraclea Mare, zwischen Caorle und Jesolo Lido.\" \/>\n<meta property=\"og:url\" content=\"https:\/\/www.eracleapalacehotel.it\/de\/eraclea-palace-hotel\/\" \/>\n<meta property=\"og:site_name\" content=\"Eraclea Palace Hotel\" \/>\n<meta property=\"article:modified_time\" content=\"2025-11-09T12:59:01+00:00\" \/>\n<meta property=\"og:image\" content=\"https:\/\/www.eracleapalacehotel.it\/wp-content\/uploads\/2020\/04\/Eraclea_Palace_Hotel_esterno@2x.jpg\" \/>\n\t<meta property=\"og:image:width\" content=\"2560\" \/>\n\t<meta property=\"og:image:height\" content=\"563\" \/>\n\t<meta property=\"og:image:type\" content=\"image\/jpeg\" \/>\n<meta name=\"twitter:card\" content=\"summary_large_image\" \/>\n<meta name=\"twitter:label1\" content=\"Gesch\u00e4tzte Lesezeit\" \/>\n\t<meta name=\"twitter:data1\" content=\"6\u00a0Minuten\" \/>\n<script type=\"application\/ld+json\" class=\"yoast-schema-graph\">{\"@context\":\"https:\/\/schema.org\",\"@graph\":[{\"@type\":\"WebPage\",\"@id\":\"https:\/\/www.eracleapalacehotel.it\/de\/eraclea-palace-hotel\/\",\"url\":\"https:\/\/www.eracleapalacehotel.it\/de\/eraclea-palace-hotel\/\",\"name\":\"Ferienwohnung Eraclea Mare - Aparthotel Eraclea Mare - Eraclea Mare aparthotel\",\"isPartOf\":{\"@id\":\"https:\/\/www.eracleapalacehotel.it\/de\/#website\"},\"primaryImageOfPage\":{\"@id\":\"https:\/\/www.eracleapalacehotel.it\/de\/eraclea-palace-hotel\/#primaryimage\"},\"image\":{\"@id\":\"https:\/\/www.eracleapalacehotel.it\/de\/eraclea-palace-hotel\/#primaryimage\"},\"thumbnailUrl\":\"https:\/\/www.eracleapalacehotel.it\/wp-content\/uploads\/2020\/04\/Eraclea_Palace_Hotel_esterno@2x.jpg\",\"datePublished\":\"2020-04-02T10:31:22+00:00\",\"dateModified\":\"2025-11-09T12:59:01+00:00\",\"description\":\"Eraclea Palace Hotel 4-Sterne-Meer mit privatem Pool und Spa. Neubau Hotels in Eraclea Mare, zwischen Caorle und Jesolo Lido.\",\"breadcrumb\":{\"@id\":\"https:\/\/www.eracleapalacehotel.it\/de\/eraclea-palace-hotel\/#breadcrumb\"},\"inLanguage\":\"de\",\"potentialAction\":[{\"@type\":\"ReadAction\",\"target\":[\"https:\/\/www.eracleapalacehotel.it\/de\/eraclea-palace-hotel\/\"]}]},{\"@type\":\"ImageObject\",\"inLanguage\":\"de\",\"@id\":\"https:\/\/www.eracleapalacehotel.it\/de\/eraclea-palace-hotel\/#primaryimage\",\"url\":\"https:\/\/www.eracleapalacehotel.it\/wp-content\/uploads\/2020\/04\/Eraclea_Palace_Hotel_esterno@2x.jpg\",\"contentUrl\":\"https:\/\/www.eracleapalacehotel.it\/wp-content\/uploads\/2020\/04\/Eraclea_Palace_Hotel_esterno@2x.jpg\",\"width\":2560,\"height\":563},{\"@type\":\"BreadcrumbList\",\"@id\":\"https:\/\/www.eracleapalacehotel.it\/de\/eraclea-palace-hotel\/#breadcrumb\",\"itemListElement\":[{\"@type\":\"ListItem\",\"position\":1,\"name\":\"Home\",\"item\":\"https:\/\/www.eracleapalacehotel.it\/de\/\"},{\"@type\":\"ListItem\",\"position\":2,\"name\":\"Eraclea Palace Hotel\"}]},{\"@type\":\"WebSite\",\"@id\":\"https:\/\/www.eracleapalacehotel.it\/de\/#website\",\"url\":\"https:\/\/www.eracleapalacehotel.it\/de\/\",\"name\":\"Eraclea Palace Hotel\",\"description\":\"****s - Eraclea Mare\",\"publisher\":{\"@id\":\"https:\/\/www.eracleapalacehotel.it\/de\/#organization\"},\"potentialAction\":[{\"@type\":\"SearchAction\",\"target\":{\"@type\":\"EntryPoint\",\"urlTemplate\":\"https:\/\/www.eracleapalacehotel.it\/de\/?s={search_term_string}\"},\"query-input\":{\"@type\":\"PropertyValueSpecification\",\"valueRequired\":true,\"valueName\":\"search_term_string\"}}],\"inLanguage\":\"de\"},{\"@type\":\"Organization\",\"@id\":\"https:\/\/www.eracleapalacehotel.it\/de\/#organization\",\"name\":\"Eraclea Palace Hotel\",\"url\":\"https:\/\/www.eracleapalacehotel.it\/de\/\",\"logo\":{\"@type\":\"ImageObject\",\"inLanguage\":\"de\",\"@id\":\"https:\/\/www.eracleapalacehotel.it\/de\/#\/schema\/logo\/image\/\",\"url\":\"https:\/\/www.eracleapalacehotel.it\/wp-content\/uploads\/2020\/03\/cropped-logo_Eraclea_palace_hotel@2x.png\",\"contentUrl\":\"https:\/\/www.eracleapalacehotel.it\/wp-content\/uploads\/2020\/03\/cropped-logo_Eraclea_palace_hotel@2x.png\",\"width\":400,\"height\":277,\"caption\":\"Eraclea Palace Hotel\"},\"image\":{\"@id\":\"https:\/\/www.eracleapalacehotel.it\/de\/#\/schema\/logo\/image\/\"}}]}<\/script>\n<!-- \/ Yoast SEO plugin. -->","yoast_head_json":{"title":"Ferienwohnung Eraclea Mare - Aparthotel Eraclea Mare - Eraclea Mare aparthotel","description":"Eraclea Palace Hotel 4-Sterne-Meer mit privatem Pool und Spa. Neubau Hotels in Eraclea Mare, zwischen Caorle und Jesolo Lido.","robots":{"index":"index","follow":"follow","max-snippet":"max-snippet:-1","max-image-preview":"max-image-preview:large","max-video-preview":"max-video-preview:-1"},"canonical":"https:\/\/www.eracleapalacehotel.it\/de\/eraclea-palace-hotel\/","og_locale":"de_DE","og_type":"article","og_title":"Ferienwohnung Eraclea Mare - Aparthotel Eraclea Mare - Eraclea Mare aparthotel","og_description":"Eraclea Palace Hotel 4-Sterne-Meer mit privatem Pool und Spa. Neubau Hotels in Eraclea Mare, zwischen Caorle und Jesolo Lido.","og_url":"https:\/\/www.eracleapalacehotel.it\/de\/eraclea-palace-hotel\/","og_site_name":"Eraclea Palace Hotel","article_modified_time":"2025-11-09T12:59:01+00:00","og_image":[{"width":2560,"height":563,"url":"https:\/\/www.eracleapalacehotel.it\/wp-content\/uploads\/2020\/04\/Eraclea_Palace_Hotel_esterno@2x.jpg","type":"image\/jpeg"}],"twitter_card":"summary_large_image","twitter_misc":{"Gesch\u00e4tzte Lesezeit":"6\u00a0Minuten"},"schema":{"@context":"https:\/\/schema.org","@graph":[{"@type":"WebPage","@id":"https:\/\/www.eracleapalacehotel.it\/de\/eraclea-palace-hotel\/","url":"https:\/\/www.eracleapalacehotel.it\/de\/eraclea-palace-hotel\/","name":"Ferienwohnung Eraclea Mare - Aparthotel Eraclea Mare - Eraclea Mare aparthotel","isPartOf":{"@id":"https:\/\/www.eracleapalacehotel.it\/de\/#website"},"primaryImageOfPage":{"@id":"https:\/\/www.eracleapalacehotel.it\/de\/eraclea-palace-hotel\/#primaryimage"},"image":{"@id":"https:\/\/www.eracleapalacehotel.it\/de\/eraclea-palace-hotel\/#primaryimage"},"thumbnailUrl":"https:\/\/www.eracleapalacehotel.it\/wp-content\/uploads\/2020\/04\/Eraclea_Palace_Hotel_esterno@2x.jpg","datePublished":"2020-04-02T10:31:22+00:00","dateModified":"2025-11-09T12:59:01+00:00","description":"Eraclea Palace Hotel 4-Sterne-Meer mit privatem Pool und Spa. Neubau Hotels in Eraclea Mare, zwischen Caorle und Jesolo Lido.","breadcrumb":{"@id":"https:\/\/www.eracleapalacehotel.it\/de\/eraclea-palace-hotel\/#breadcrumb"},"inLanguage":"de","potentialAction":[{"@type":"ReadAction","target":["https:\/\/www.eracleapalacehotel.it\/de\/eraclea-palace-hotel\/"]}]},{"@type":"ImageObject","inLanguage":"de","@id":"https:\/\/www.eracleapalacehotel.it\/de\/eraclea-palace-hotel\/#primaryimage","url":"https:\/\/www.eracleapalacehotel.it\/wp-content\/uploads\/2020\/04\/Eraclea_Palace_Hotel_esterno@2x.jpg","contentUrl":"https:\/\/www.eracleapalacehotel.it\/wp-content\/uploads\/2020\/04\/Eraclea_Palace_Hotel_esterno@2x.jpg","width":2560,"height":563},{"@type":"BreadcrumbList","@id":"https:\/\/www.eracleapalacehotel.it\/de\/eraclea-palace-hotel\/#breadcrumb","itemListElement":[{"@type":"ListItem","position":1,"name":"Home","item":"https:\/\/www.eracleapalacehotel.it\/de\/"},{"@type":"ListItem","position":2,"name":"Eraclea Palace Hotel"}]},{"@type":"WebSite","@id":"https:\/\/www.eracleapalacehotel.it\/de\/#website","url":"https:\/\/www.eracleapalacehotel.it\/de\/","name":"Eraclea Palace Hotel","description":"****s - Eraclea Mare","publisher":{"@id":"https:\/\/www.eracleapalacehotel.it\/de\/#organization"},"potentialAction":[{"@type":"SearchAction","target":{"@type":"EntryPoint","urlTemplate":"https:\/\/www.eracleapalacehotel.it\/de\/?s={search_term_string}"},"query-input":{"@type":"PropertyValueSpecification","valueRequired":true,"valueName":"search_term_string"}}],"inLanguage":"de"},{"@type":"Organization","@id":"https:\/\/www.eracleapalacehotel.it\/de\/#organization","name":"Eraclea Palace Hotel","url":"https:\/\/www.eracleapalacehotel.it\/de\/","logo":{"@type":"ImageObject","inLanguage":"de","@id":"https:\/\/www.eracleapalacehotel.it\/de\/#\/schema\/logo\/image\/","url":"https:\/\/www.eracleapalacehotel.it\/wp-content\/uploads\/2020\/03\/cropped-logo_Eraclea_palace_hotel@2x.png","contentUrl":"https:\/\/www.eracleapalacehotel.it\/wp-content\/uploads\/2020\/03\/cropped-logo_Eraclea_palace_hotel@2x.png","width":400,"height":277,"caption":"Eraclea Palace Hotel"},"image":{"@id":"https:\/\/www.eracleapalacehotel.it\/de\/#\/schema\/logo\/image\/"}}]}},"uagb_featured_image_src":{"full":["https:\/\/www.eracleapalacehotel.it\/wp-content\/uploads\/2020\/04\/Eraclea_Palace_Hotel_esterno@2x.jpg",2560,563,false],"thumbnail":["https:\/\/www.eracleapalacehotel.it\/wp-content\/uploads\/2020\/04\/Eraclea_Palace_Hotel_esterno@2x-150x150.jpg",150,150,true],"medium":["https:\/\/www.eracleapalacehotel.it\/wp-content\/uploads\/2020\/04\/Eraclea_Palace_Hotel_esterno@2x-300x66.jpg",300,66,true],"medium_large":["https:\/\/www.eracleapalacehotel.it\/wp-content\/uploads\/2020\/04\/Eraclea_Palace_Hotel_esterno@2x-768x169.jpg",580,128,true],"large":["https:\/\/www.eracleapalacehotel.it\/wp-content\/uploads\/2020\/04\/Eraclea_Palace_Hotel_esterno@2x-1024x225.jpg",580,127,true],"1536x1536":["https:\/\/www.eracleapalacehotel.it\/wp-content\/uploads\/2020\/04\/Eraclea_Palace_Hotel_esterno@2x-1536x338.jpg",1536,338,true],"2048x2048":["https:\/\/www.eracleapalacehotel.it\/wp-content\/uploads\/2020\/04\/Eraclea_Palace_Hotel_esterno@2x-2048x451.jpg",2048,451,true],"post-thumbnail":["https:\/\/www.eracleapalacehotel.it\/wp-content\/uploads\/2020\/04\/Eraclea_Palace_Hotel_esterno@2x-1200x264.jpg",1200,264,true],"twentytwenty-fullscreen":["https:\/\/www.eracleapalacehotel.it\/wp-content\/uploads\/2020\/04\/Eraclea_Palace_Hotel_esterno@2x-1980x436.jpg",1980,436,true]},"uagb_author_info":{"display_name":"3r4cl3-p4l4","author_link":"https:\/\/www.eracleapalacehotel.it\/de\/author\/3r4cl3-p4l4\/"},"uagb_comment_info":0,"uagb_excerpt":"Ein Urlaub nach Ma\u00df in einer friedlichen und entspannenden Atmosph\u00e4re. Herzlich Willkommen im Eraclea Palace Hotel Er\u00f6ffnung 22. Mai 2026 Das Eraclea Palace Hotel&nbsp;ist das gr\u00f6sste 4- Stern-Hotel in der Ortschaft und befindet sich in sehr ruhiger Lage, am Rande des Pinienwaldes und nur wenige Schritte vom Meer entfernt. Das Hotel selbst wurde neu konstruiert&hellip;","coauthors":[],"author_meta":{"author_link":"https:\/\/www.eracleapalacehotel.it\/de\/author\/3r4cl3-p4l4\/","display_name":"3r4cl3-p4l4"},"relative_dates":{"created":"Posted 6\u00a0Jahren ago","modified":"Updated 5\u00a0Monaten ago"},"absolute_dates":{"created":"Posted on 2 April 2020","modified":"Updated on 9 November 2025"},"absolute_dates_time":{"created":"Posted on 2 April 2020 12:31","modified":"Updated on 9 November 2025 13:59"},"featured_img_caption":"","featured_img":"https:\/\/www.eracleapalacehotel.it\/wp-content\/uploads\/2020\/04\/Eraclea_Palace_Hotel_esterno@2x-1200x264.jpg","series_order":"","_links":{"self":[{"href":"https:\/\/www.eracleapalacehotel.it\/de\/wp-json\/wp\/v2\/pages\/2208","targetHints":{"allow":["GET"]}}],"collection":[{"href":"https:\/\/www.eracleapalacehotel.it\/de\/wp-json\/wp\/v2\/pages"}],"about":[{"href":"https:\/\/www.eracleapalacehotel.it\/de\/wp-json\/wp\/v2\/types\/page"}],"author":[{"embeddable":true,"href":"https:\/\/www.eracleapalacehotel.it\/de\/wp-json\/wp\/v2\/users\/1"}],"replies":[{"embeddable":true,"href":"https:\/\/www.eracleapalacehotel.it\/de\/wp-json\/wp\/v2\/comments?post=2208"}],"version-history":[{"count":5,"href":"https:\/\/www.eracleapalacehotel.it\/de\/wp-json\/wp\/v2\/pages\/2208\/revisions"}],"predecessor-version":[{"id":4132,"href":"https:\/\/www.eracleapalacehotel.it\/de\/wp-json\/wp\/v2\/pages\/2208\/revisions\/4132"}],"wp:featuredmedia":[{"embeddable":true,"href":"https:\/\/www.eracleapalacehotel.it\/de\/wp-json\/wp\/v2\/media\/2446"}],"wp:attachment":[{"href":"https:\/\/www.eracleapalacehotel.it\/de\/wp-json\/wp\/v2\/media?parent=2208"}],"curies":[{"name":"wp","href":"https:\/\/api.w.org\/{rel}","templated":true}]}}