{"id":1608,"date":"2020-03-28T14:51:09","date_gmt":"2020-03-28T13:51:09","guid":{"rendered":"http:\/\/eraclea.promoservicebeta.com\/?page_id=1608"},"modified":"2022-03-25T11:52:13","modified_gmt":"2022-03-25T10:52:13","slug":"unsere-besten-dienstleistungen","status":"publish","type":"page","link":"https:\/\/www.eracleapalacehotel.it\/de\/unsere-besten-dienstleistungen\/","title":{"rendered":"Unsere besten Dienstleistungen"},"content":{"rendered":"\n<div class=\"wp-block-group promo-eracleaint-1\"><div class=\"wp-block-group__inner-container is-layout-flow wp-block-group-is-layout-flow\">\n<h3 class=\"wp-block-heading\">Ein Urlaub nach Ma\u00df in einer friedlichen und entspannenden Atmosph\u00e4re. <\/h3>\n\n\n\n<h2 class=\"wp-block-heading\">Herzlich Willkommen im Eraclea Palace Hotel <\/h2>\n\n\n\n<p><strong>Das Hotel selbst wurde neu konstruiert und bietet jeden Komfort<\/strong> f\u00fcr eine unvergessliche Ferienzeit:  <\/p>\n\n\n\n<div class=\"wp-block-columns is-layout-flex wp-container-core-columns-is-layout-9d6595d7 wp-block-columns-is-layout-flex\">\n<div class=\"wp-block-column is-layout-flow wp-block-column-is-layout-flow\">\n<ul class=\"wp-block-list\"><li>beheizte Schwimmb\u00e4der mit fantastischer Aussicht auf das Meer;<\/li><li> Wellness-Anlage mit Sauna, t\u00fcrkischem Bad und Aromadusche;<\/li><li> Spielecke f\u00fcr Kinder;<\/li><li> Rezeption ist 24\/24 Stunden besetzt;<\/li><\/ul>\n<\/div>\n\n\n\n<div class=\"wp-block-column is-layout-flow wp-block-column-is-layout-flow\">\n<ul class=\"wp-block-list\"><li>Restaurant, Bar und American Bar auf unserer Terrasse im Schwimmbad-Bereich;<\/li><li> Unser Kongressraum bietet Platz f\u00fcr 10-100 Personen;<\/li><li> W\u00e4scheraum mit M\u00fcnzwaschmaschine und -trockner sowie B\u00fcgeleisen und B\u00fcgeltisch stehen zur Verf\u00fcgung;<\/li><li> Parkplatz im Freien (nach Verf\u00fcgbarkeit) nur f\u00fcr Hotelg\u00e4ste oder in unserer Tiefgarage mit Aufpreis von 10 Euro\/Nacht. <\/li><\/ul>\n<\/div>\n<\/div>\n<\/div><\/div>\n\n\n\n<figure class=\"wp-block-image size-large promo-eracleaint-2\"><img loading=\"lazy\" decoding=\"async\" width=\"960\" height=\"650\" src=\"https:\/\/www.eracleapalacehotel.it\/wp-content\/uploads\/2020\/03\/Eraclea_Palace_Hotel_Servizi_spiaggia.jpg\" alt=\"\" class=\"wp-image-1372\" srcset=\"https:\/\/www.eracleapalacehotel.it\/wp-content\/uploads\/2020\/03\/Eraclea_Palace_Hotel_Servizi_spiaggia.jpg 960w, https:\/\/www.eracleapalacehotel.it\/wp-content\/uploads\/2020\/03\/Eraclea_Palace_Hotel_Servizi_spiaggia-300x203.jpg 300w, https:\/\/www.eracleapalacehotel.it\/wp-content\/uploads\/2020\/03\/Eraclea_Palace_Hotel_Servizi_spiaggia-768x520.jpg 768w\" sizes=\"auto, (max-width: 960px) 100vw, 960px\" \/><\/figure>\n\n\n\n<div class=\"promo-eraclea-services\"> \n\t<ul>\n\t\t<li><span class=\"material-icons\">wifi<\/span> Wi-fi<\/li>\n\t\t<li><span class=\"material-icons\">pool<\/span> Swimmingpool und Jacuzzi<\/li>\n\t\t<li><span class=\"material-icons\">beach_access<\/span> Strand<\/li>\n\t\t<li><span class=\"material-icons\">spa<\/span> SPA und Wellness<\/li>\n\t\t<li><span class=\"material-icons\">fitness_center<\/span> Fitnessbereich<\/li>\n\t\t<li><span class=\"material-icons\">accessible<\/span> Zug\u00e4nglich<\/li>\n\t\t<li><span class=\"material-icons\">apartment<\/span> Aparthotel<\/li>\n\t\t<li><span class=\"material-icons\">family_restroom<\/span> Familienhotel<\/li>\n\t\t<li><span class=\"material-icons\">local_bar<\/span> Bar<\/li>\n\t\t<li><span class=\"material-icons\">free_breakfast<\/span> Fr\u00fchst\u00fcck<\/li>\n\t\t<li><span class=\"material-icons\">local_laundry_service<\/span> W\u00e4scherei<\/li>\n\t\t<li><span class=\"material-icons\">local_parking<\/span> Parkplatz<\/li>\n\t\t<li><span class=\"material-icons\">escalator_warning<\/span> Babysitter<\/li>\n\t\t<li><span class=\"material-icons\">child_care<\/span> Baby club<\/li>\n\t\t<li><span class=\"material-icons\">pedal_bike<\/span> Fahrradverleih<\/li>\n\t\t<li><span class=\"material-icons\">wb_sunny<\/span> Solarium<\/li>\n\t<\/ul>\n<\/div>\n","protected":false},"excerpt":{"rendered":"<p>Ein Urlaub nach Ma\u00df in einer friedlichen und entspannenden Atmosph\u00e4re. Herzlich Willkommen im Eraclea Palace Hotel Das Hotel selbst wurde neu konstruiert und bietet jeden Komfort f\u00fcr eine unvergessliche Ferienzeit: beheizte Schwimmb\u00e4der mit fantastischer Aussicht auf das Meer; Wellness-Anlage mit Sauna, t\u00fcrkischem Bad und Aromadusche; Spielecke f\u00fcr Kinder; Rezeption ist 24\/24 Stunden besetzt; Restaurant, Bar [&hellip;]<\/p>\n","protected":false},"author":1,"featured_media":2409,"parent":0,"menu_order":0,"comment_status":"closed","ping_status":"closed","template":"","meta":{"_acf_changed":false,"_uag_custom_page_level_css":"","advgb_blocks_editor_width":"","advgb_blocks_columns_visual_guide":"","footnotes":""},"class_list":["post-1608","page","type-page","status-publish","has-post-thumbnail","hentry"],"acf":[],"yoast_head":"<!-- This site is optimized with the Yoast SEO plugin v25.6 - https:\/\/yoast.com\/wordpress\/plugins\/seo\/ -->\n<title>Unsere besten Dienstleistungen - Eraclea Palace Hotel<\/title>\n<meta name=\"description\" content=\"Das Hotel selbst wurde neu konstruiert und bietet jeden Komfort f\u00fcr eine unvergessliche Ferienzeit\" \/>\n<meta name=\"robots\" content=\"index, follow, max-snippet:-1, max-image-preview:large, max-video-preview:-1\" \/>\n<link rel=\"canonical\" href=\"https:\/\/www.eracleapalacehotel.it\/de\/unsere-besten-dienstleistungen\/\" \/>\n<meta property=\"og:locale\" content=\"de_DE\" \/>\n<meta property=\"og:type\" content=\"article\" \/>\n<meta property=\"og:title\" content=\"Unsere besten Dienstleistungen - Eraclea Palace Hotel\" \/>\n<meta property=\"og:description\" content=\"Das Hotel selbst wurde neu konstruiert und bietet jeden Komfort f\u00fcr eine unvergessliche Ferienzeit\" \/>\n<meta property=\"og:url\" content=\"https:\/\/www.eracleapalacehotel.it\/de\/unsere-besten-dienstleistungen\/\" \/>\n<meta property=\"og:site_name\" content=\"Eraclea Palace Hotel\" \/>\n<meta property=\"article:modified_time\" content=\"2022-03-25T10:52:13+00:00\" \/>\n<meta property=\"og:image\" content=\"https:\/\/www.eracleapalacehotel.it\/wp-content\/uploads\/2020\/04\/Eraclea_Palace_Piscina@2x.jpg\" \/>\n\t<meta property=\"og:image:width\" content=\"2560\" \/>\n\t<meta property=\"og:image:height\" content=\"563\" \/>\n\t<meta property=\"og:image:type\" content=\"image\/jpeg\" \/>\n<meta name=\"twitter:card\" content=\"summary_large_image\" \/>\n<meta name=\"twitter:label1\" content=\"Gesch\u00e4tzte Lesezeit\" \/>\n\t<meta name=\"twitter:data1\" content=\"1\u00a0Minute\" \/>\n<script type=\"application\/ld+json\" class=\"yoast-schema-graph\">{\"@context\":\"https:\/\/schema.org\",\"@graph\":[{\"@type\":\"WebPage\",\"@id\":\"https:\/\/www.eracleapalacehotel.it\/de\/unsere-besten-dienstleistungen\/\",\"url\":\"https:\/\/www.eracleapalacehotel.it\/de\/unsere-besten-dienstleistungen\/\",\"name\":\"Unsere besten Dienstleistungen - Eraclea Palace Hotel\",\"isPartOf\":{\"@id\":\"https:\/\/www.eracleapalacehotel.it\/de\/#website\"},\"primaryImageOfPage\":{\"@id\":\"https:\/\/www.eracleapalacehotel.it\/de\/unsere-besten-dienstleistungen\/#primaryimage\"},\"image\":{\"@id\":\"https:\/\/www.eracleapalacehotel.it\/de\/unsere-besten-dienstleistungen\/#primaryimage\"},\"thumbnailUrl\":\"https:\/\/www.eracleapalacehotel.it\/wp-content\/uploads\/2020\/04\/Eraclea_Palace_Piscina@2x.jpg\",\"datePublished\":\"2020-03-28T13:51:09+00:00\",\"dateModified\":\"2022-03-25T10:52:13+00:00\",\"description\":\"Das Hotel selbst wurde neu konstruiert und bietet jeden Komfort f\u00fcr eine unvergessliche Ferienzeit\",\"breadcrumb\":{\"@id\":\"https:\/\/www.eracleapalacehotel.it\/de\/unsere-besten-dienstleistungen\/#breadcrumb\"},\"inLanguage\":\"de\",\"potentialAction\":[{\"@type\":\"ReadAction\",\"target\":[\"https:\/\/www.eracleapalacehotel.it\/de\/unsere-besten-dienstleistungen\/\"]}]},{\"@type\":\"ImageObject\",\"inLanguage\":\"de\",\"@id\":\"https:\/\/www.eracleapalacehotel.it\/de\/unsere-besten-dienstleistungen\/#primaryimage\",\"url\":\"https:\/\/www.eracleapalacehotel.it\/wp-content\/uploads\/2020\/04\/Eraclea_Palace_Piscina@2x.jpg\",\"contentUrl\":\"https:\/\/www.eracleapalacehotel.it\/wp-content\/uploads\/2020\/04\/Eraclea_Palace_Piscina@2x.jpg\",\"width\":2560,\"height\":563},{\"@type\":\"BreadcrumbList\",\"@id\":\"https:\/\/www.eracleapalacehotel.it\/de\/unsere-besten-dienstleistungen\/#breadcrumb\",\"itemListElement\":[{\"@type\":\"ListItem\",\"position\":1,\"name\":\"Home\",\"item\":\"https:\/\/www.eracleapalacehotel.it\/de\/\"},{\"@type\":\"ListItem\",\"position\":2,\"name\":\"Unsere besten Dienstleistungen\"}]},{\"@type\":\"WebSite\",\"@id\":\"https:\/\/www.eracleapalacehotel.it\/de\/#website\",\"url\":\"https:\/\/www.eracleapalacehotel.it\/de\/\",\"name\":\"Eraclea Palace Hotel\",\"description\":\"****s - Eraclea Mare\",\"publisher\":{\"@id\":\"https:\/\/www.eracleapalacehotel.it\/de\/#organization\"},\"potentialAction\":[{\"@type\":\"SearchAction\",\"target\":{\"@type\":\"EntryPoint\",\"urlTemplate\":\"https:\/\/www.eracleapalacehotel.it\/de\/?s={search_term_string}\"},\"query-input\":{\"@type\":\"PropertyValueSpecification\",\"valueRequired\":true,\"valueName\":\"search_term_string\"}}],\"inLanguage\":\"de\"},{\"@type\":\"Organization\",\"@id\":\"https:\/\/www.eracleapalacehotel.it\/de\/#organization\",\"name\":\"Eraclea Palace Hotel\",\"url\":\"https:\/\/www.eracleapalacehotel.it\/de\/\",\"logo\":{\"@type\":\"ImageObject\",\"inLanguage\":\"de\",\"@id\":\"https:\/\/www.eracleapalacehotel.it\/de\/#\/schema\/logo\/image\/\",\"url\":\"https:\/\/www.eracleapalacehotel.it\/wp-content\/uploads\/2020\/03\/cropped-logo_Eraclea_palace_hotel@2x.png\",\"contentUrl\":\"https:\/\/www.eracleapalacehotel.it\/wp-content\/uploads\/2020\/03\/cropped-logo_Eraclea_palace_hotel@2x.png\",\"width\":400,\"height\":277,\"caption\":\"Eraclea Palace Hotel\"},\"image\":{\"@id\":\"https:\/\/www.eracleapalacehotel.it\/de\/#\/schema\/logo\/image\/\"}}]}<\/script>\n<!-- \/ Yoast SEO plugin. -->","yoast_head_json":{"title":"Unsere besten Dienstleistungen - Eraclea Palace Hotel","description":"Das Hotel selbst wurde neu konstruiert und bietet jeden Komfort f\u00fcr eine unvergessliche Ferienzeit","robots":{"index":"index","follow":"follow","max-snippet":"max-snippet:-1","max-image-preview":"max-image-preview:large","max-video-preview":"max-video-preview:-1"},"canonical":"https:\/\/www.eracleapalacehotel.it\/de\/unsere-besten-dienstleistungen\/","og_locale":"de_DE","og_type":"article","og_title":"Unsere besten Dienstleistungen - Eraclea Palace Hotel","og_description":"Das Hotel selbst wurde neu konstruiert und bietet jeden Komfort f\u00fcr eine unvergessliche Ferienzeit","og_url":"https:\/\/www.eracleapalacehotel.it\/de\/unsere-besten-dienstleistungen\/","og_site_name":"Eraclea Palace Hotel","article_modified_time":"2022-03-25T10:52:13+00:00","og_image":[{"width":2560,"height":563,"url":"https:\/\/www.eracleapalacehotel.it\/wp-content\/uploads\/2020\/04\/Eraclea_Palace_Piscina@2x.jpg","type":"image\/jpeg"}],"twitter_card":"summary_large_image","twitter_misc":{"Gesch\u00e4tzte Lesezeit":"1\u00a0Minute"},"schema":{"@context":"https:\/\/schema.org","@graph":[{"@type":"WebPage","@id":"https:\/\/www.eracleapalacehotel.it\/de\/unsere-besten-dienstleistungen\/","url":"https:\/\/www.eracleapalacehotel.it\/de\/unsere-besten-dienstleistungen\/","name":"Unsere besten Dienstleistungen - Eraclea Palace Hotel","isPartOf":{"@id":"https:\/\/www.eracleapalacehotel.it\/de\/#website"},"primaryImageOfPage":{"@id":"https:\/\/www.eracleapalacehotel.it\/de\/unsere-besten-dienstleistungen\/#primaryimage"},"image":{"@id":"https:\/\/www.eracleapalacehotel.it\/de\/unsere-besten-dienstleistungen\/#primaryimage"},"thumbnailUrl":"https:\/\/www.eracleapalacehotel.it\/wp-content\/uploads\/2020\/04\/Eraclea_Palace_Piscina@2x.jpg","datePublished":"2020-03-28T13:51:09+00:00","dateModified":"2022-03-25T10:52:13+00:00","description":"Das Hotel selbst wurde neu konstruiert und bietet jeden Komfort f\u00fcr eine unvergessliche Ferienzeit","breadcrumb":{"@id":"https:\/\/www.eracleapalacehotel.it\/de\/unsere-besten-dienstleistungen\/#breadcrumb"},"inLanguage":"de","potentialAction":[{"@type":"ReadAction","target":["https:\/\/www.eracleapalacehotel.it\/de\/unsere-besten-dienstleistungen\/"]}]},{"@type":"ImageObject","inLanguage":"de","@id":"https:\/\/www.eracleapalacehotel.it\/de\/unsere-besten-dienstleistungen\/#primaryimage","url":"https:\/\/www.eracleapalacehotel.it\/wp-content\/uploads\/2020\/04\/Eraclea_Palace_Piscina@2x.jpg","contentUrl":"https:\/\/www.eracleapalacehotel.it\/wp-content\/uploads\/2020\/04\/Eraclea_Palace_Piscina@2x.jpg","width":2560,"height":563},{"@type":"BreadcrumbList","@id":"https:\/\/www.eracleapalacehotel.it\/de\/unsere-besten-dienstleistungen\/#breadcrumb","itemListElement":[{"@type":"ListItem","position":1,"name":"Home","item":"https:\/\/www.eracleapalacehotel.it\/de\/"},{"@type":"ListItem","position":2,"name":"Unsere besten Dienstleistungen"}]},{"@type":"WebSite","@id":"https:\/\/www.eracleapalacehotel.it\/de\/#website","url":"https:\/\/www.eracleapalacehotel.it\/de\/","name":"Eraclea Palace Hotel","description":"****s - Eraclea Mare","publisher":{"@id":"https:\/\/www.eracleapalacehotel.it\/de\/#organization"},"potentialAction":[{"@type":"SearchAction","target":{"@type":"EntryPoint","urlTemplate":"https:\/\/www.eracleapalacehotel.it\/de\/?s={search_term_string}"},"query-input":{"@type":"PropertyValueSpecification","valueRequired":true,"valueName":"search_term_string"}}],"inLanguage":"de"},{"@type":"Organization","@id":"https:\/\/www.eracleapalacehotel.it\/de\/#organization","name":"Eraclea Palace Hotel","url":"https:\/\/www.eracleapalacehotel.it\/de\/","logo":{"@type":"ImageObject","inLanguage":"de","@id":"https:\/\/www.eracleapalacehotel.it\/de\/#\/schema\/logo\/image\/","url":"https:\/\/www.eracleapalacehotel.it\/wp-content\/uploads\/2020\/03\/cropped-logo_Eraclea_palace_hotel@2x.png","contentUrl":"https:\/\/www.eracleapalacehotel.it\/wp-content\/uploads\/2020\/03\/cropped-logo_Eraclea_palace_hotel@2x.png","width":400,"height":277,"caption":"Eraclea Palace Hotel"},"image":{"@id":"https:\/\/www.eracleapalacehotel.it\/de\/#\/schema\/logo\/image\/"}}]}},"uagb_featured_image_src":{"full":["https:\/\/www.eracleapalacehotel.it\/wp-content\/uploads\/2020\/04\/Eraclea_Palace_Piscina@2x.jpg",2560,563,false],"thumbnail":["https:\/\/www.eracleapalacehotel.it\/wp-content\/uploads\/2020\/04\/Eraclea_Palace_Piscina@2x-150x150.jpg",150,150,true],"medium":["https:\/\/www.eracleapalacehotel.it\/wp-content\/uploads\/2020\/04\/Eraclea_Palace_Piscina@2x-300x66.jpg",300,66,true],"medium_large":["https:\/\/www.eracleapalacehotel.it\/wp-content\/uploads\/2020\/04\/Eraclea_Palace_Piscina@2x-768x169.jpg",580,128,true],"large":["https:\/\/www.eracleapalacehotel.it\/wp-content\/uploads\/2020\/04\/Eraclea_Palace_Piscina@2x-1024x225.jpg",580,127,true],"1536x1536":["https:\/\/www.eracleapalacehotel.it\/wp-content\/uploads\/2020\/04\/Eraclea_Palace_Piscina@2x-1536x338.jpg",1536,338,true],"2048x2048":["https:\/\/www.eracleapalacehotel.it\/wp-content\/uploads\/2020\/04\/Eraclea_Palace_Piscina@2x-2048x451.jpg",2048,451,true],"post-thumbnail":["https:\/\/www.eracleapalacehotel.it\/wp-content\/uploads\/2020\/04\/Eraclea_Palace_Piscina@2x-1200x264.jpg",1200,264,true],"twentytwenty-fullscreen":["https:\/\/www.eracleapalacehotel.it\/wp-content\/uploads\/2020\/04\/Eraclea_Palace_Piscina@2x-1980x436.jpg",1980,436,true]},"uagb_author_info":{"display_name":"3r4cl3-p4l4","author_link":"https:\/\/www.eracleapalacehotel.it\/de\/author\/3r4cl3-p4l4\/"},"uagb_comment_info":0,"uagb_excerpt":"Ein Urlaub nach Ma\u00df in einer friedlichen und entspannenden Atmosph\u00e4re. Herzlich Willkommen im Eraclea Palace Hotel Das Hotel selbst wurde neu konstruiert und bietet jeden Komfort f\u00fcr eine unvergessliche Ferienzeit: beheizte Schwimmb\u00e4der mit fantastischer Aussicht auf das Meer; Wellness-Anlage mit Sauna, t\u00fcrkischem Bad und Aromadusche; Spielecke f\u00fcr Kinder; Rezeption ist 24\/24 Stunden besetzt; Restaurant, Bar&hellip;","coauthors":[],"author_meta":{"author_link":"https:\/\/www.eracleapalacehotel.it\/de\/author\/3r4cl3-p4l4\/","display_name":"3r4cl3-p4l4"},"relative_dates":{"created":"Posted 6\u00a0Jahren ago","modified":"Updated 4\u00a0Jahren ago"},"absolute_dates":{"created":"Posted on 28 M\u00e4rz 2020","modified":"Updated on 25 M\u00e4rz 2022"},"absolute_dates_time":{"created":"Posted on 28 M\u00e4rz 2020 14:51","modified":"Updated on 25 M\u00e4rz 2022 11:52"},"featured_img_caption":"","featured_img":"https:\/\/www.eracleapalacehotel.it\/wp-content\/uploads\/2020\/04\/Eraclea_Palace_Piscina@2x-1200x264.jpg","series_order":"","_links":{"self":[{"href":"https:\/\/www.eracleapalacehotel.it\/de\/wp-json\/wp\/v2\/pages\/1608","targetHints":{"allow":["GET"]}}],"collection":[{"href":"https:\/\/www.eracleapalacehotel.it\/de\/wp-json\/wp\/v2\/pages"}],"about":[{"href":"https:\/\/www.eracleapalacehotel.it\/de\/wp-json\/wp\/v2\/types\/page"}],"author":[{"embeddable":true,"href":"https:\/\/www.eracleapalacehotel.it\/de\/wp-json\/wp\/v2\/users\/1"}],"replies":[{"embeddable":true,"href":"https:\/\/www.eracleapalacehotel.it\/de\/wp-json\/wp\/v2\/comments?post=1608"}],"version-history":[{"count":1,"href":"https:\/\/www.eracleapalacehotel.it\/de\/wp-json\/wp\/v2\/pages\/1608\/revisions"}],"predecessor-version":[{"id":3538,"href":"https:\/\/www.eracleapalacehotel.it\/de\/wp-json\/wp\/v2\/pages\/1608\/revisions\/3538"}],"wp:featuredmedia":[{"embeddable":true,"href":"https:\/\/www.eracleapalacehotel.it\/de\/wp-json\/wp\/v2\/media\/2409"}],"wp:attachment":[{"href":"https:\/\/www.eracleapalacehotel.it\/de\/wp-json\/wp\/v2\/media?parent=1608"}],"curies":[{"name":"wp","href":"https:\/\/api.w.org\/{rel}","templated":true}]}}