{"id":1568,"date":"2020-03-28T14:15:00","date_gmt":"2020-03-28T13:15:00","guid":{"rendered":"http:\/\/eraclea.promoservicebeta.com\/?page_id=1568"},"modified":"2022-03-25T11:55:06","modified_gmt":"2022-03-25T10:55:06","slug":"swimmingpool-und-jacuzzi","status":"publish","type":"page","link":"https:\/\/www.eracleapalacehotel.it\/de\/swimmingpool-und-jacuzzi\/","title":{"rendered":"Swimmingpool und Jacuzzi"},"content":{"rendered":"\n<div class=\"wp-block-group promo-eracleaint-1\"><div class=\"wp-block-group__inner-container is-layout-flow wp-block-group-is-layout-flow\">\n<h3 class=\"wp-block-heading\">Verfallen Sie der absoluten Entspannung an unserem Pool <\/h3>\n\n\n\n<h2 class=\"wp-block-heading\">Hotel mit Swimmingpool in Eraclea Mare <\/h2>\n\n\n\n<p>Die Dachterrasse des <strong>Eraclea Palace Hotel<\/strong> mit den beiden beheizbaren Swimmingpools (Erwachsene und Kinder) und den Whirlpools bieten einen der exklusivsten Ausblicke aufs Meer in <strong>Eraclea Mare<\/strong>.<\/p>\n\n\n\n<p>Hier k\u00f6nnen Sie dank Wasserfall und Massagestrahl im Pool sowie den gem\u00fctlichen Liegen mit Blick aufs Meer und Pinienwald eine entspannte und private Atmosph\u00e4re genie\u00dfen.<\/p>\n\n\n\n<p>All dies Cocktail schl\u00fcrfend an unserer Poolbar oder aber einen leichten Snack genie\u00dfend aus einem ausgew\u00e4hltem Men\u00fc aus Salaten, Toast, Eis, frischem Obst und anderen K\u00f6stlichkeiten.<\/p>\n\n\n\n<p>Der ideale Ort um entspannte Momente zu erleben, sich von den \nSonnenstrahlen streicheln zu lassen, w\u00e4hrend die Kinder im eigenen Pool \nmit regulierter Temperatur spielen k\u00f6nnen.<\/p>\n\n\n\n<p>F\u00fcr alle, die Privatsph\u00e4re und Ruhe suchen, bietet die Dachterrasse des <strong>4-Stern-Hotels in Eraclea Mare<\/strong>  mit Panoramablick am Swimmingpool einen einzigartigen und hochwertigen Aufenthalt im Eraclea Palace Hotel w\u00e4hrend Ihrer Sommerferien.<\/p>\n\n\n\n<p><\/p>\n<\/div><\/div>\n\n\n\n<figure class=\"wp-block-image size-large promo-eracleaint-2\"><img loading=\"lazy\" decoding=\"async\" width=\"1000\" height=\"1000\" src=\"https:\/\/www.eracleapalacehotel.it\/wp-content\/uploads\/2020\/03\/hotel-con-piscina-eraclea-quadrata.jpg\" alt=\"\" class=\"wp-image-774\" srcset=\"https:\/\/www.eracleapalacehotel.it\/wp-content\/uploads\/2020\/03\/hotel-con-piscina-eraclea-quadrata.jpg 1000w, https:\/\/www.eracleapalacehotel.it\/wp-content\/uploads\/2020\/03\/hotel-con-piscina-eraclea-quadrata-300x300.jpg 300w, https:\/\/www.eracleapalacehotel.it\/wp-content\/uploads\/2020\/03\/hotel-con-piscina-eraclea-quadrata-150x150.jpg 150w, https:\/\/www.eracleapalacehotel.it\/wp-content\/uploads\/2020\/03\/hotel-con-piscina-eraclea-quadrata-768x768.jpg 768w\" sizes=\"auto, (max-width: 1000px) 100vw, 1000px\" \/><\/figure>\n\n\n\n<figure class=\"wp-block-gallery columns-3 is-cropped promo-eracleaint-5 wp-block-gallery-2\"><ul class=\"blocks-gallery-grid\"><li class=\"blocks-gallery-item\"><figure><img loading=\"lazy\" decoding=\"async\" width=\"1024\" height=\"683\" src=\"https:\/\/www.eracleapalacehotel.it\/wp-content\/uploads\/2020\/03\/hotel-con-piscina-vista-mare-eraclea-1024x683.jpg\" alt=\"\" data-id=\"765\" data-full-url=\"https:\/\/eracleapalacehotel.it\/wp-content\/uploads\/2020\/03\/hotel-con-piscina-vista-mare-eraclea.jpg\" data-link=\"https:\/\/eracleapalacehotel.it\/piscina-jacuzzi\/hotel-con-piscina-vista-mare-eraclea\/\" class=\"wp-image-768\" srcset=\"https:\/\/www.eracleapalacehotel.it\/wp-content\/uploads\/2020\/03\/hotel-con-piscina-vista-mare-eraclea-1024x683.jpg 1024w, https:\/\/www.eracleapalacehotel.it\/wp-content\/uploads\/2020\/03\/hotel-con-piscina-vista-mare-eraclea-300x200.jpg 300w, https:\/\/www.eracleapalacehotel.it\/wp-content\/uploads\/2020\/03\/hotel-con-piscina-vista-mare-eraclea-768x512.jpg 768w, https:\/\/www.eracleapalacehotel.it\/wp-content\/uploads\/2020\/03\/hotel-con-piscina-vista-mare-eraclea.jpg 1200w\" sizes=\"auto, (max-width: 1024px) 100vw, 1024px\" \/><\/figure><\/li><li class=\"blocks-gallery-item\"><figure><img loading=\"lazy\" decoding=\"async\" width=\"1024\" height=\"683\" src=\"https:\/\/www.eracleapalacehotel.it\/wp-content\/uploads\/2020\/03\/hotel-con-piscina-riscaldata-eraclea-1024x683.jpg\" alt=\"\" data-id=\"759\" data-full-url=\"https:\/\/eracleapalacehotel.it\/wp-content\/uploads\/2020\/03\/hotel-con-piscina-riscaldata-eraclea.jpg\" data-link=\"https:\/\/eracleapalacehotel.it\/piscina-jacuzzi\/hotel-con-piscina-riscaldata-eraclea\/\" class=\"wp-image-762\" srcset=\"https:\/\/www.eracleapalacehotel.it\/wp-content\/uploads\/2020\/03\/hotel-con-piscina-riscaldata-eraclea-1024x683.jpg 1024w, https:\/\/www.eracleapalacehotel.it\/wp-content\/uploads\/2020\/03\/hotel-con-piscina-riscaldata-eraclea-300x200.jpg 300w, https:\/\/www.eracleapalacehotel.it\/wp-content\/uploads\/2020\/03\/hotel-con-piscina-riscaldata-eraclea-768x512.jpg 768w, https:\/\/www.eracleapalacehotel.it\/wp-content\/uploads\/2020\/03\/hotel-con-piscina-riscaldata-eraclea.jpg 1200w\" sizes=\"auto, (max-width: 1024px) 100vw, 1024px\" \/><\/figure><\/li><li class=\"blocks-gallery-item\"><figure><img loading=\"lazy\" decoding=\"async\" width=\"1024\" height=\"683\" src=\"https:\/\/www.eracleapalacehotel.it\/wp-content\/uploads\/2020\/03\/hotel-con-piscina-per-bambini-1024x683.jpg\" alt=\"\" data-id=\"753\" data-full-url=\"https:\/\/eracleapalacehotel.it\/wp-content\/uploads\/2020\/03\/hotel-con-piscina-per-bambini.jpg\" data-link=\"https:\/\/eracleapalacehotel.it\/piscina-jacuzzi\/hotel-con-piscina-per-bambini\/\" class=\"wp-image-756\" srcset=\"https:\/\/www.eracleapalacehotel.it\/wp-content\/uploads\/2020\/03\/hotel-con-piscina-per-bambini-1024x683.jpg 1024w, https:\/\/www.eracleapalacehotel.it\/wp-content\/uploads\/2020\/03\/hotel-con-piscina-per-bambini-300x200.jpg 300w, https:\/\/www.eracleapalacehotel.it\/wp-content\/uploads\/2020\/03\/hotel-con-piscina-per-bambini-768x512.jpg 768w, https:\/\/www.eracleapalacehotel.it\/wp-content\/uploads\/2020\/03\/hotel-con-piscina-per-bambini.jpg 1200w\" sizes=\"auto, (max-width: 1024px) 100vw, 1024px\" \/><\/figure><\/li><li class=\"blocks-gallery-item\"><figure><img loading=\"lazy\" decoding=\"async\" width=\"1024\" height=\"683\" src=\"https:\/\/www.eracleapalacehotel.it\/wp-content\/uploads\/2020\/03\/hotel-con-piscina-e-jacuzzi-1024x683.jpg\" alt=\"\" data-id=\"747\" data-full-url=\"https:\/\/eracleapalacehotel.it\/wp-content\/uploads\/2020\/03\/hotel-con-piscina-e-jacuzzi.jpg\" data-link=\"https:\/\/eracleapalacehotel.it\/piscina-jacuzzi\/hotel-con-piscina-e-jacuzzi\/\" class=\"wp-image-750\" srcset=\"https:\/\/www.eracleapalacehotel.it\/wp-content\/uploads\/2020\/03\/hotel-con-piscina-e-jacuzzi-1024x683.jpg 1024w, https:\/\/www.eracleapalacehotel.it\/wp-content\/uploads\/2020\/03\/hotel-con-piscina-e-jacuzzi-300x200.jpg 300w, https:\/\/www.eracleapalacehotel.it\/wp-content\/uploads\/2020\/03\/hotel-con-piscina-e-jacuzzi-768x512.jpg 768w, https:\/\/www.eracleapalacehotel.it\/wp-content\/uploads\/2020\/03\/hotel-con-piscina-e-jacuzzi.jpg 1200w\" sizes=\"auto, (max-width: 1024px) 100vw, 1024px\" \/><\/figure><\/li><li class=\"blocks-gallery-item\"><figure><img loading=\"lazy\" decoding=\"async\" width=\"1024\" height=\"683\" src=\"https:\/\/www.eracleapalacehotel.it\/wp-content\/uploads\/2020\/03\/hotel-con-jacuzzi-1024x683.jpg\" alt=\"\" data-id=\"741\" data-full-url=\"https:\/\/eracleapalacehotel.it\/wp-content\/uploads\/2020\/03\/hotel-con-jacuzzi.jpg\" data-link=\"https:\/\/eracleapalacehotel.it\/piscina-jacuzzi\/hotel-con-jacuzzi\/\" class=\"wp-image-744 is-layout-flex wp-block-gallery-is-layout-flex\" srcset=\"https:\/\/www.eracleapalacehotel.it\/wp-content\/uploads\/2020\/03\/hotel-con-jacuzzi-1024x683.jpg 1024w, https:\/\/www.eracleapalacehotel.it\/wp-content\/uploads\/2020\/03\/hotel-con-jacuzzi-300x200.jpg 300w, https:\/\/www.eracleapalacehotel.it\/wp-content\/uploads\/2020\/03\/hotel-con-jacuzzi-768x512.jpg 768w, https:\/\/www.eracleapalacehotel.it\/wp-content\/uploads\/2020\/03\/hotel-con-jacuzzi.jpg 1200w\" sizes=\"auto, (max-width: 1024px) 100vw, 1024px\" \/><\/figure><\/li><\/ul><\/figure>\n","protected":false},"excerpt":{"rendered":"<p>Verfallen Sie der absoluten Entspannung an unserem Pool Hotel mit Swimmingpool in Eraclea Mare Die Dachterrasse des Eraclea Palace Hotel mit den beiden beheizbaren Swimmingpools (Erwachsene und Kinder) und den Whirlpools bieten einen der exklusivsten Ausblicke aufs Meer in Eraclea Mare. Hier k\u00f6nnen Sie dank Wasserfall und Massagestrahl im Pool sowie den gem\u00fctlichen Liegen mit [&hellip;]<\/p>\n","protected":false},"author":1,"featured_media":2409,"parent":0,"menu_order":0,"comment_status":"closed","ping_status":"closed","template":"","meta":{"_acf_changed":false,"_uag_custom_page_level_css":"","advgb_blocks_editor_width":"","advgb_blocks_columns_visual_guide":"","footnotes":""},"class_list":["post-1568","page","type-page","status-publish","has-post-thumbnail","hentry"],"acf":[],"yoast_head":"<!-- This site is optimized with the Yoast SEO plugin v25.6 - https:\/\/yoast.com\/wordpress\/plugins\/seo\/ -->\n<title>Swimmingpool und Jacuzzi - Eraclea Palace Hotel<\/title>\n<meta name=\"description\" content=\"Die Dachterrasse des Eraclea Palace Hotel mit den beiden beheizbaren Swimmingpools (Erwachsene und Kinder) und den Whirlpools\" \/>\n<meta name=\"robots\" content=\"index, follow, max-snippet:-1, max-image-preview:large, max-video-preview:-1\" \/>\n<link rel=\"canonical\" href=\"https:\/\/www.eracleapalacehotel.it\/de\/swimmingpool-und-jacuzzi\/\" \/>\n<meta property=\"og:locale\" content=\"de_DE\" \/>\n<meta property=\"og:type\" content=\"article\" \/>\n<meta property=\"og:title\" content=\"Swimmingpool und Jacuzzi - Eraclea Palace Hotel\" \/>\n<meta property=\"og:description\" content=\"Die Dachterrasse des Eraclea Palace Hotel mit den beiden beheizbaren Swimmingpools (Erwachsene und Kinder) und den Whirlpools\" \/>\n<meta property=\"og:url\" content=\"https:\/\/www.eracleapalacehotel.it\/de\/swimmingpool-und-jacuzzi\/\" \/>\n<meta property=\"og:site_name\" content=\"Eraclea Palace Hotel\" \/>\n<meta property=\"article:modified_time\" content=\"2022-03-25T10:55:06+00:00\" \/>\n<meta property=\"og:image\" content=\"https:\/\/www.eracleapalacehotel.it\/wp-content\/uploads\/2020\/04\/Eraclea_Palace_Piscina@2x.jpg\" \/>\n\t<meta property=\"og:image:width\" content=\"2560\" \/>\n\t<meta property=\"og:image:height\" content=\"563\" \/>\n\t<meta property=\"og:image:type\" content=\"image\/jpeg\" \/>\n<meta name=\"twitter:card\" content=\"summary_large_image\" \/>\n<meta name=\"twitter:label1\" content=\"Gesch\u00e4tzte Lesezeit\" \/>\n\t<meta name=\"twitter:data1\" content=\"2\u00a0Minuten\" \/>\n<script type=\"application\/ld+json\" class=\"yoast-schema-graph\">{\"@context\":\"https:\/\/schema.org\",\"@graph\":[{\"@type\":\"WebPage\",\"@id\":\"https:\/\/www.eracleapalacehotel.it\/de\/swimmingpool-und-jacuzzi\/\",\"url\":\"https:\/\/www.eracleapalacehotel.it\/de\/swimmingpool-und-jacuzzi\/\",\"name\":\"Swimmingpool und Jacuzzi - Eraclea Palace Hotel\",\"isPartOf\":{\"@id\":\"https:\/\/www.eracleapalacehotel.it\/de\/#website\"},\"primaryImageOfPage\":{\"@id\":\"https:\/\/www.eracleapalacehotel.it\/de\/swimmingpool-und-jacuzzi\/#primaryimage\"},\"image\":{\"@id\":\"https:\/\/www.eracleapalacehotel.it\/de\/swimmingpool-und-jacuzzi\/#primaryimage\"},\"thumbnailUrl\":\"https:\/\/www.eracleapalacehotel.it\/wp-content\/uploads\/2020\/04\/Eraclea_Palace_Piscina@2x.jpg\",\"datePublished\":\"2020-03-28T13:15:00+00:00\",\"dateModified\":\"2022-03-25T10:55:06+00:00\",\"description\":\"Die Dachterrasse des Eraclea Palace Hotel mit den beiden beheizbaren Swimmingpools (Erwachsene und Kinder) und den Whirlpools\",\"breadcrumb\":{\"@id\":\"https:\/\/www.eracleapalacehotel.it\/de\/swimmingpool-und-jacuzzi\/#breadcrumb\"},\"inLanguage\":\"de\",\"potentialAction\":[{\"@type\":\"ReadAction\",\"target\":[\"https:\/\/www.eracleapalacehotel.it\/de\/swimmingpool-und-jacuzzi\/\"]}]},{\"@type\":\"ImageObject\",\"inLanguage\":\"de\",\"@id\":\"https:\/\/www.eracleapalacehotel.it\/de\/swimmingpool-und-jacuzzi\/#primaryimage\",\"url\":\"https:\/\/www.eracleapalacehotel.it\/wp-content\/uploads\/2020\/04\/Eraclea_Palace_Piscina@2x.jpg\",\"contentUrl\":\"https:\/\/www.eracleapalacehotel.it\/wp-content\/uploads\/2020\/04\/Eraclea_Palace_Piscina@2x.jpg\",\"width\":2560,\"height\":563},{\"@type\":\"BreadcrumbList\",\"@id\":\"https:\/\/www.eracleapalacehotel.it\/de\/swimmingpool-und-jacuzzi\/#breadcrumb\",\"itemListElement\":[{\"@type\":\"ListItem\",\"position\":1,\"name\":\"Home\",\"item\":\"https:\/\/www.eracleapalacehotel.it\/de\/\"},{\"@type\":\"ListItem\",\"position\":2,\"name\":\"Swimmingpool und Jacuzzi\"}]},{\"@type\":\"WebSite\",\"@id\":\"https:\/\/www.eracleapalacehotel.it\/de\/#website\",\"url\":\"https:\/\/www.eracleapalacehotel.it\/de\/\",\"name\":\"Eraclea Palace Hotel\",\"description\":\"****s - Eraclea Mare\",\"publisher\":{\"@id\":\"https:\/\/www.eracleapalacehotel.it\/de\/#organization\"},\"potentialAction\":[{\"@type\":\"SearchAction\",\"target\":{\"@type\":\"EntryPoint\",\"urlTemplate\":\"https:\/\/www.eracleapalacehotel.it\/de\/?s={search_term_string}\"},\"query-input\":{\"@type\":\"PropertyValueSpecification\",\"valueRequired\":true,\"valueName\":\"search_term_string\"}}],\"inLanguage\":\"de\"},{\"@type\":\"Organization\",\"@id\":\"https:\/\/www.eracleapalacehotel.it\/de\/#organization\",\"name\":\"Eraclea Palace Hotel\",\"url\":\"https:\/\/www.eracleapalacehotel.it\/de\/\",\"logo\":{\"@type\":\"ImageObject\",\"inLanguage\":\"de\",\"@id\":\"https:\/\/www.eracleapalacehotel.it\/de\/#\/schema\/logo\/image\/\",\"url\":\"https:\/\/www.eracleapalacehotel.it\/wp-content\/uploads\/2020\/03\/cropped-logo_Eraclea_palace_hotel@2x.png\",\"contentUrl\":\"https:\/\/www.eracleapalacehotel.it\/wp-content\/uploads\/2020\/03\/cropped-logo_Eraclea_palace_hotel@2x.png\",\"width\":400,\"height\":277,\"caption\":\"Eraclea Palace Hotel\"},\"image\":{\"@id\":\"https:\/\/www.eracleapalacehotel.it\/de\/#\/schema\/logo\/image\/\"}}]}<\/script>\n<!-- \/ Yoast SEO plugin. -->","yoast_head_json":{"title":"Swimmingpool und Jacuzzi - Eraclea Palace Hotel","description":"Die Dachterrasse des Eraclea Palace Hotel mit den beiden beheizbaren Swimmingpools (Erwachsene und Kinder) und den Whirlpools","robots":{"index":"index","follow":"follow","max-snippet":"max-snippet:-1","max-image-preview":"max-image-preview:large","max-video-preview":"max-video-preview:-1"},"canonical":"https:\/\/www.eracleapalacehotel.it\/de\/swimmingpool-und-jacuzzi\/","og_locale":"de_DE","og_type":"article","og_title":"Swimmingpool und Jacuzzi - Eraclea Palace Hotel","og_description":"Die Dachterrasse des Eraclea Palace Hotel mit den beiden beheizbaren Swimmingpools (Erwachsene und Kinder) und den Whirlpools","og_url":"https:\/\/www.eracleapalacehotel.it\/de\/swimmingpool-und-jacuzzi\/","og_site_name":"Eraclea Palace Hotel","article_modified_time":"2022-03-25T10:55:06+00:00","og_image":[{"width":2560,"height":563,"url":"https:\/\/www.eracleapalacehotel.it\/wp-content\/uploads\/2020\/04\/Eraclea_Palace_Piscina@2x.jpg","type":"image\/jpeg"}],"twitter_card":"summary_large_image","twitter_misc":{"Gesch\u00e4tzte Lesezeit":"2\u00a0Minuten"},"schema":{"@context":"https:\/\/schema.org","@graph":[{"@type":"WebPage","@id":"https:\/\/www.eracleapalacehotel.it\/de\/swimmingpool-und-jacuzzi\/","url":"https:\/\/www.eracleapalacehotel.it\/de\/swimmingpool-und-jacuzzi\/","name":"Swimmingpool und Jacuzzi - Eraclea Palace Hotel","isPartOf":{"@id":"https:\/\/www.eracleapalacehotel.it\/de\/#website"},"primaryImageOfPage":{"@id":"https:\/\/www.eracleapalacehotel.it\/de\/swimmingpool-und-jacuzzi\/#primaryimage"},"image":{"@id":"https:\/\/www.eracleapalacehotel.it\/de\/swimmingpool-und-jacuzzi\/#primaryimage"},"thumbnailUrl":"https:\/\/www.eracleapalacehotel.it\/wp-content\/uploads\/2020\/04\/Eraclea_Palace_Piscina@2x.jpg","datePublished":"2020-03-28T13:15:00+00:00","dateModified":"2022-03-25T10:55:06+00:00","description":"Die Dachterrasse des Eraclea Palace Hotel mit den beiden beheizbaren Swimmingpools (Erwachsene und Kinder) und den Whirlpools","breadcrumb":{"@id":"https:\/\/www.eracleapalacehotel.it\/de\/swimmingpool-und-jacuzzi\/#breadcrumb"},"inLanguage":"de","potentialAction":[{"@type":"ReadAction","target":["https:\/\/www.eracleapalacehotel.it\/de\/swimmingpool-und-jacuzzi\/"]}]},{"@type":"ImageObject","inLanguage":"de","@id":"https:\/\/www.eracleapalacehotel.it\/de\/swimmingpool-und-jacuzzi\/#primaryimage","url":"https:\/\/www.eracleapalacehotel.it\/wp-content\/uploads\/2020\/04\/Eraclea_Palace_Piscina@2x.jpg","contentUrl":"https:\/\/www.eracleapalacehotel.it\/wp-content\/uploads\/2020\/04\/Eraclea_Palace_Piscina@2x.jpg","width":2560,"height":563},{"@type":"BreadcrumbList","@id":"https:\/\/www.eracleapalacehotel.it\/de\/swimmingpool-und-jacuzzi\/#breadcrumb","itemListElement":[{"@type":"ListItem","position":1,"name":"Home","item":"https:\/\/www.eracleapalacehotel.it\/de\/"},{"@type":"ListItem","position":2,"name":"Swimmingpool und Jacuzzi"}]},{"@type":"WebSite","@id":"https:\/\/www.eracleapalacehotel.it\/de\/#website","url":"https:\/\/www.eracleapalacehotel.it\/de\/","name":"Eraclea Palace Hotel","description":"****s - Eraclea Mare","publisher":{"@id":"https:\/\/www.eracleapalacehotel.it\/de\/#organization"},"potentialAction":[{"@type":"SearchAction","target":{"@type":"EntryPoint","urlTemplate":"https:\/\/www.eracleapalacehotel.it\/de\/?s={search_term_string}"},"query-input":{"@type":"PropertyValueSpecification","valueRequired":true,"valueName":"search_term_string"}}],"inLanguage":"de"},{"@type":"Organization","@id":"https:\/\/www.eracleapalacehotel.it\/de\/#organization","name":"Eraclea Palace Hotel","url":"https:\/\/www.eracleapalacehotel.it\/de\/","logo":{"@type":"ImageObject","inLanguage":"de","@id":"https:\/\/www.eracleapalacehotel.it\/de\/#\/schema\/logo\/image\/","url":"https:\/\/www.eracleapalacehotel.it\/wp-content\/uploads\/2020\/03\/cropped-logo_Eraclea_palace_hotel@2x.png","contentUrl":"https:\/\/www.eracleapalacehotel.it\/wp-content\/uploads\/2020\/03\/cropped-logo_Eraclea_palace_hotel@2x.png","width":400,"height":277,"caption":"Eraclea Palace Hotel"},"image":{"@id":"https:\/\/www.eracleapalacehotel.it\/de\/#\/schema\/logo\/image\/"}}]}},"uagb_featured_image_src":{"full":["https:\/\/www.eracleapalacehotel.it\/wp-content\/uploads\/2020\/04\/Eraclea_Palace_Piscina@2x.jpg",2560,563,false],"thumbnail":["https:\/\/www.eracleapalacehotel.it\/wp-content\/uploads\/2020\/04\/Eraclea_Palace_Piscina@2x-150x150.jpg",150,150,true],"medium":["https:\/\/www.eracleapalacehotel.it\/wp-content\/uploads\/2020\/04\/Eraclea_Palace_Piscina@2x-300x66.jpg",300,66,true],"medium_large":["https:\/\/www.eracleapalacehotel.it\/wp-content\/uploads\/2020\/04\/Eraclea_Palace_Piscina@2x-768x169.jpg",580,128,true],"large":["https:\/\/www.eracleapalacehotel.it\/wp-content\/uploads\/2020\/04\/Eraclea_Palace_Piscina@2x-1024x225.jpg",580,127,true],"1536x1536":["https:\/\/www.eracleapalacehotel.it\/wp-content\/uploads\/2020\/04\/Eraclea_Palace_Piscina@2x-1536x338.jpg",1536,338,true],"2048x2048":["https:\/\/www.eracleapalacehotel.it\/wp-content\/uploads\/2020\/04\/Eraclea_Palace_Piscina@2x-2048x451.jpg",2048,451,true],"post-thumbnail":["https:\/\/www.eracleapalacehotel.it\/wp-content\/uploads\/2020\/04\/Eraclea_Palace_Piscina@2x-1200x264.jpg",1200,264,true],"twentytwenty-fullscreen":["https:\/\/www.eracleapalacehotel.it\/wp-content\/uploads\/2020\/04\/Eraclea_Palace_Piscina@2x-1980x436.jpg",1980,436,true]},"uagb_author_info":{"display_name":"3r4cl3-p4l4","author_link":"https:\/\/www.eracleapalacehotel.it\/de\/author\/3r4cl3-p4l4\/"},"uagb_comment_info":0,"uagb_excerpt":"Verfallen Sie der absoluten Entspannung an unserem Pool Hotel mit Swimmingpool in Eraclea Mare Die Dachterrasse des Eraclea Palace Hotel mit den beiden beheizbaren Swimmingpools (Erwachsene und Kinder) und den Whirlpools bieten einen der exklusivsten Ausblicke aufs Meer in Eraclea Mare. Hier k\u00f6nnen Sie dank Wasserfall und Massagestrahl im Pool sowie den gem\u00fctlichen Liegen mit&hellip;","coauthors":[],"author_meta":{"author_link":"https:\/\/www.eracleapalacehotel.it\/de\/author\/3r4cl3-p4l4\/","display_name":"3r4cl3-p4l4"},"relative_dates":{"created":"Posted 6\u00a0Jahren ago","modified":"Updated 4\u00a0Jahren ago"},"absolute_dates":{"created":"Posted on 28 M\u00e4rz 2020","modified":"Updated on 25 M\u00e4rz 2022"},"absolute_dates_time":{"created":"Posted on 28 M\u00e4rz 2020 14:15","modified":"Updated on 25 M\u00e4rz 2022 11:55"},"featured_img_caption":"","featured_img":"https:\/\/www.eracleapalacehotel.it\/wp-content\/uploads\/2020\/04\/Eraclea_Palace_Piscina@2x-1200x264.jpg","series_order":"","_links":{"self":[{"href":"https:\/\/www.eracleapalacehotel.it\/de\/wp-json\/wp\/v2\/pages\/1568","targetHints":{"allow":["GET"]}}],"collection":[{"href":"https:\/\/www.eracleapalacehotel.it\/de\/wp-json\/wp\/v2\/pages"}],"about":[{"href":"https:\/\/www.eracleapalacehotel.it\/de\/wp-json\/wp\/v2\/types\/page"}],"author":[{"embeddable":true,"href":"https:\/\/www.eracleapalacehotel.it\/de\/wp-json\/wp\/v2\/users\/1"}],"replies":[{"embeddable":true,"href":"https:\/\/www.eracleapalacehotel.it\/de\/wp-json\/wp\/v2\/comments?post=1568"}],"version-history":[{"count":1,"href":"https:\/\/www.eracleapalacehotel.it\/de\/wp-json\/wp\/v2\/pages\/1568\/revisions"}],"predecessor-version":[{"id":3544,"href":"https:\/\/www.eracleapalacehotel.it\/de\/wp-json\/wp\/v2\/pages\/1568\/revisions\/3544"}],"wp:featuredmedia":[{"embeddable":true,"href":"https:\/\/www.eracleapalacehotel.it\/de\/wp-json\/wp\/v2\/media\/2409"}],"wp:attachment":[{"href":"https:\/\/www.eracleapalacehotel.it\/de\/wp-json\/wp\/v2\/media?parent=1568"}],"curies":[{"name":"wp","href":"https:\/\/api.w.org\/{rel}","templated":true}]}}