{"id":1558,"date":"2020-03-28T14:08:12","date_gmt":"2020-03-28T13:08:12","guid":{"rendered":"http:\/\/eraclea.promoservicebeta.com\/?page_id=1558"},"modified":"2020-04-21T17:18:26","modified_gmt":"2020-04-21T15:18:26","slug":"das-restaurant","status":"publish","type":"page","link":"https:\/\/www.eracleapalacehotel.it\/de\/das-restaurant\/","title":{"rendered":"Das Restaurant"},"content":{"rendered":"\n<div class=\"wp-block-group promo-eracleaint-1\"><div class=\"wp-block-group__inner-container is-layout-flow wp-block-group-is-layout-flow\">\n<h3 class=\"wp-block-heading\">Lassen Sie sich von unserer hohen Kochkunst verw\u00f6hnen <\/h3>\n\n\n\n<h2 class=\"wp-block-heading\">Das Restaurant <\/h2>\n\n\n\n<p>Das Restaurant ist einladend und elegant eingerichtet und wir  verw\u00f6hnen unsere G\u00e4ste mit einer gro\u00dfen Auswahl an verschiedensten  K\u00f6stlichkeiten.<br>Die traditionellen Rezepte aus unserer  Region sowie die Speisen aus internationaler K\u00fcche ergeben ein  abwechslungsreiches Men\u00fc. Zus\u00e4tzlich bieten wir Ihnen eine reiche  Auswahl an Weinen an.<br>Wir bieten unseren G\u00e4sten ein  reichhaltiges Fr\u00fchst\u00fccksbuffet, Mittag- und Abendessen mit Wahlmen\u00fc und  einem Salat- und Dessertbuffet an. <\/p>\n<\/div><\/div>\n\n\n\n<figure class=\"wp-block-image size-large promo-eracleaint-2\"><img loading=\"lazy\" decoding=\"async\" width=\"960\" height=\"650\" src=\"https:\/\/eracleapalacehotel.it\/wp-content\/uploads\/2020\/03\/Hotel_Eraclea_Palace_Ristorante.jpg\" alt=\"\" class=\"wp-image-1351\" srcset=\"https:\/\/www.eracleapalacehotel.it\/wp-content\/uploads\/2020\/03\/Hotel_Eraclea_Palace_Ristorante.jpg 960w, https:\/\/www.eracleapalacehotel.it\/wp-content\/uploads\/2020\/03\/Hotel_Eraclea_Palace_Ristorante-300x203.jpg 300w, https:\/\/www.eracleapalacehotel.it\/wp-content\/uploads\/2020\/03\/Hotel_Eraclea_Palace_Ristorante-768x520.jpg 768w\" sizes=\"auto, (max-width: 960px) 100vw, 960px\" \/><\/figure>\n\n\n\n<figure class=\"wp-block-gallery columns-3 is-cropped promo-eracleaint-5 wp-block-gallery-2\"><ul class=\"blocks-gallery-grid\"><li class=\"blocks-gallery-item\"><figure><img loading=\"lazy\" decoding=\"async\" width=\"1024\" height=\"399\" src=\"https:\/\/eracleapalacehotel.it\/wp-content\/uploads\/2020\/03\/RISTORANTE-1024x399.jpg\" alt=\"\" data-id=\"1142\" data-full-url=\"https:\/\/eracleapalacehotel.it\/wp-content\/uploads\/2020\/03\/RISTORANTE-scaled.jpg\" data-link=\"https:\/\/eracleapalacehotel.it\/ristorante\/\" class=\"wp-image-1142\" srcset=\"https:\/\/www.eracleapalacehotel.it\/wp-content\/uploads\/2020\/03\/RISTORANTE-1024x399.jpg 1024w, https:\/\/www.eracleapalacehotel.it\/wp-content\/uploads\/2020\/03\/RISTORANTE-300x117.jpg 300w, https:\/\/www.eracleapalacehotel.it\/wp-content\/uploads\/2020\/03\/RISTORANTE-768x299.jpg 768w, https:\/\/www.eracleapalacehotel.it\/wp-content\/uploads\/2020\/03\/RISTORANTE-1536x598.jpg 1536w, https:\/\/www.eracleapalacehotel.it\/wp-content\/uploads\/2020\/03\/RISTORANTE-2048x797.jpg 2048w, https:\/\/www.eracleapalacehotel.it\/wp-content\/uploads\/2020\/03\/RISTORANTE-1200x467.jpg 1200w, https:\/\/www.eracleapalacehotel.it\/wp-content\/uploads\/2020\/03\/RISTORANTE-1980x771.jpg 1980w\" sizes=\"auto, (max-width: 1024px) 100vw, 1024px\" \/><\/figure><\/li><li class=\"blocks-gallery-item\"><figure><img loading=\"lazy\" decoding=\"async\" width=\"1024\" height=\"683\" src=\"https:\/\/eracleapalacehotel.it\/wp-content\/uploads\/2020\/03\/RISTORANTE-1-1024x683.jpg\" alt=\"\" data-id=\"1136\" data-full-url=\"https:\/\/eracleapalacehotel.it\/wp-content\/uploads\/2020\/03\/RISTORANTE-1-scaled.jpg\" data-link=\"https:\/\/eracleapalacehotel.it\/ristorante-1\/\" class=\"wp-image-1136\" srcset=\"https:\/\/www.eracleapalacehotel.it\/wp-content\/uploads\/2020\/03\/RISTORANTE-1-1024x683.jpg 1024w, https:\/\/www.eracleapalacehotel.it\/wp-content\/uploads\/2020\/03\/RISTORANTE-1-300x200.jpg 300w, https:\/\/www.eracleapalacehotel.it\/wp-content\/uploads\/2020\/03\/RISTORANTE-1-768x512.jpg 768w, https:\/\/www.eracleapalacehotel.it\/wp-content\/uploads\/2020\/03\/RISTORANTE-1-1536x1024.jpg 1536w, https:\/\/www.eracleapalacehotel.it\/wp-content\/uploads\/2020\/03\/RISTORANTE-1-2048x1365.jpg 2048w, https:\/\/www.eracleapalacehotel.it\/wp-content\/uploads\/2020\/03\/RISTORANTE-1-1200x800.jpg 1200w, https:\/\/www.eracleapalacehotel.it\/wp-content\/uploads\/2020\/03\/RISTORANTE-1-1980x1320.jpg 1980w\" sizes=\"auto, (max-width: 1024px) 100vw, 1024px\" \/><\/figure><\/li><li class=\"blocks-gallery-item\"><figure><img loading=\"lazy\" decoding=\"async\" width=\"1000\" height=\"667\" src=\"https:\/\/eracleapalacehotel.it\/wp-content\/uploads\/2020\/03\/IMG_3197.jpg\" alt=\"\" data-id=\"1082\" data-full-url=\"https:\/\/eracleapalacehotel.it\/wp-content\/uploads\/2020\/03\/IMG_3197.jpg\" data-link=\"https:\/\/eracleapalacehotel.it\/img_3197\/\" class=\"wp-image-1082 is-layout-flex wp-block-gallery-is-layout-flex\" srcset=\"https:\/\/www.eracleapalacehotel.it\/wp-content\/uploads\/2020\/03\/IMG_3197.jpg 1000w, https:\/\/www.eracleapalacehotel.it\/wp-content\/uploads\/2020\/03\/IMG_3197-300x200.jpg 300w, https:\/\/www.eracleapalacehotel.it\/wp-content\/uploads\/2020\/03\/IMG_3197-768x512.jpg 768w\" sizes=\"auto, (max-width: 1000px) 100vw, 1000px\" \/><\/figure><\/li><\/ul><\/figure>\n","protected":false},"excerpt":{"rendered":"<p>Lassen Sie sich von unserer hohen Kochkunst verw\u00f6hnen Das Restaurant Das Restaurant ist einladend und elegant eingerichtet und wir verw\u00f6hnen unsere G\u00e4ste mit einer gro\u00dfen Auswahl an verschiedensten K\u00f6stlichkeiten.Die traditionellen Rezepte aus unserer Region sowie die Speisen aus internationaler K\u00fcche ergeben ein abwechslungsreiches Men\u00fc. Zus\u00e4tzlich bieten wir Ihnen eine reiche Auswahl an Weinen an.Wir bieten [&hellip;]<\/p>\n","protected":false},"author":1,"featured_media":2427,"parent":0,"menu_order":0,"comment_status":"closed","ping_status":"closed","template":"","meta":{"_acf_changed":false,"_uag_custom_page_level_css":"","advgb_blocks_editor_width":"","advgb_blocks_columns_visual_guide":"","footnotes":""},"class_list":["post-1558","page","type-page","status-publish","has-post-thumbnail","hentry"],"acf":[],"yoast_head":"<!-- This site is optimized with the Yoast SEO plugin v25.6 - https:\/\/yoast.com\/wordpress\/plugins\/seo\/ -->\n<title>Restaurant Eraclea Mare - Hotel Eraclea Mare Italien - Eraclea Palace Hotel<\/title>\n<meta name=\"description\" content=\"Eraclea Palace Hotel 4-Sterne-Meer mit privatem Pool und Wellness. Neubau Hotels in Eraclea Mare, zwischen Caorle und Jesolo Lido\" \/>\n<meta name=\"robots\" content=\"index, follow, max-snippet:-1, max-image-preview:large, max-video-preview:-1\" \/>\n<link rel=\"canonical\" href=\"https:\/\/www.eracleapalacehotel.it\/de\/das-restaurant\/\" \/>\n<meta property=\"og:locale\" content=\"de_DE\" \/>\n<meta property=\"og:type\" content=\"article\" \/>\n<meta property=\"og:title\" content=\"Restaurant Eraclea Mare - Hotel Eraclea Mare Italien - Eraclea Palace Hotel\" \/>\n<meta property=\"og:description\" content=\"Eraclea Palace Hotel 4-Sterne-Meer mit privatem Pool und Wellness. Neubau Hotels in Eraclea Mare, zwischen Caorle und Jesolo Lido\" \/>\n<meta property=\"og:url\" content=\"https:\/\/www.eracleapalacehotel.it\/de\/das-restaurant\/\" \/>\n<meta property=\"og:site_name\" content=\"Eraclea Palace Hotel\" \/>\n<meta property=\"article:modified_time\" content=\"2020-04-21T15:18:26+00:00\" \/>\n<meta property=\"og:image\" content=\"https:\/\/www.eracleapalacehotel.it\/wp-content\/uploads\/2020\/04\/Eraclea_Palace_Ristorante@2x.jpg\" \/>\n\t<meta property=\"og:image:width\" content=\"2560\" \/>\n\t<meta property=\"og:image:height\" content=\"563\" \/>\n\t<meta property=\"og:image:type\" content=\"image\/jpeg\" \/>\n<meta name=\"twitter:card\" content=\"summary_large_image\" \/>\n<script type=\"application\/ld+json\" class=\"yoast-schema-graph\">{\"@context\":\"https:\/\/schema.org\",\"@graph\":[{\"@type\":\"WebPage\",\"@id\":\"https:\/\/www.eracleapalacehotel.it\/de\/das-restaurant\/\",\"url\":\"https:\/\/www.eracleapalacehotel.it\/de\/das-restaurant\/\",\"name\":\"Restaurant Eraclea Mare - Hotel Eraclea Mare Italien - Eraclea Palace Hotel\",\"isPartOf\":{\"@id\":\"https:\/\/www.eracleapalacehotel.it\/de\/#website\"},\"primaryImageOfPage\":{\"@id\":\"https:\/\/www.eracleapalacehotel.it\/de\/das-restaurant\/#primaryimage\"},\"image\":{\"@id\":\"https:\/\/www.eracleapalacehotel.it\/de\/das-restaurant\/#primaryimage\"},\"thumbnailUrl\":\"https:\/\/www.eracleapalacehotel.it\/wp-content\/uploads\/2020\/04\/Eraclea_Palace_Ristorante@2x.jpg\",\"datePublished\":\"2020-03-28T13:08:12+00:00\",\"dateModified\":\"2020-04-21T15:18:26+00:00\",\"description\":\"Eraclea Palace Hotel 4-Sterne-Meer mit privatem Pool und Wellness. Neubau Hotels in Eraclea Mare, zwischen Caorle und Jesolo Lido\",\"breadcrumb\":{\"@id\":\"https:\/\/www.eracleapalacehotel.it\/de\/das-restaurant\/#breadcrumb\"},\"inLanguage\":\"de\",\"potentialAction\":[{\"@type\":\"ReadAction\",\"target\":[\"https:\/\/www.eracleapalacehotel.it\/de\/das-restaurant\/\"]}]},{\"@type\":\"ImageObject\",\"inLanguage\":\"de\",\"@id\":\"https:\/\/www.eracleapalacehotel.it\/de\/das-restaurant\/#primaryimage\",\"url\":\"https:\/\/www.eracleapalacehotel.it\/wp-content\/uploads\/2020\/04\/Eraclea_Palace_Ristorante@2x.jpg\",\"contentUrl\":\"https:\/\/www.eracleapalacehotel.it\/wp-content\/uploads\/2020\/04\/Eraclea_Palace_Ristorante@2x.jpg\",\"width\":2560,\"height\":563},{\"@type\":\"BreadcrumbList\",\"@id\":\"https:\/\/www.eracleapalacehotel.it\/de\/das-restaurant\/#breadcrumb\",\"itemListElement\":[{\"@type\":\"ListItem\",\"position\":1,\"name\":\"Home\",\"item\":\"https:\/\/www.eracleapalacehotel.it\/de\/\"},{\"@type\":\"ListItem\",\"position\":2,\"name\":\"Das Restaurant\"}]},{\"@type\":\"WebSite\",\"@id\":\"https:\/\/www.eracleapalacehotel.it\/de\/#website\",\"url\":\"https:\/\/www.eracleapalacehotel.it\/de\/\",\"name\":\"Eraclea Palace Hotel\",\"description\":\"****s - Eraclea Mare\",\"publisher\":{\"@id\":\"https:\/\/www.eracleapalacehotel.it\/de\/#organization\"},\"potentialAction\":[{\"@type\":\"SearchAction\",\"target\":{\"@type\":\"EntryPoint\",\"urlTemplate\":\"https:\/\/www.eracleapalacehotel.it\/de\/?s={search_term_string}\"},\"query-input\":{\"@type\":\"PropertyValueSpecification\",\"valueRequired\":true,\"valueName\":\"search_term_string\"}}],\"inLanguage\":\"de\"},{\"@type\":\"Organization\",\"@id\":\"https:\/\/www.eracleapalacehotel.it\/de\/#organization\",\"name\":\"Eraclea Palace Hotel\",\"url\":\"https:\/\/www.eracleapalacehotel.it\/de\/\",\"logo\":{\"@type\":\"ImageObject\",\"inLanguage\":\"de\",\"@id\":\"https:\/\/www.eracleapalacehotel.it\/de\/#\/schema\/logo\/image\/\",\"url\":\"https:\/\/www.eracleapalacehotel.it\/wp-content\/uploads\/2020\/03\/cropped-logo_Eraclea_palace_hotel@2x.png\",\"contentUrl\":\"https:\/\/www.eracleapalacehotel.it\/wp-content\/uploads\/2020\/03\/cropped-logo_Eraclea_palace_hotel@2x.png\",\"width\":400,\"height\":277,\"caption\":\"Eraclea Palace Hotel\"},\"image\":{\"@id\":\"https:\/\/www.eracleapalacehotel.it\/de\/#\/schema\/logo\/image\/\"}}]}<\/script>\n<!-- \/ Yoast SEO plugin. -->","yoast_head_json":{"title":"Restaurant Eraclea Mare - Hotel Eraclea Mare Italien - Eraclea Palace Hotel","description":"Eraclea Palace Hotel 4-Sterne-Meer mit privatem Pool und Wellness. Neubau Hotels in Eraclea Mare, zwischen Caorle und Jesolo Lido","robots":{"index":"index","follow":"follow","max-snippet":"max-snippet:-1","max-image-preview":"max-image-preview:large","max-video-preview":"max-video-preview:-1"},"canonical":"https:\/\/www.eracleapalacehotel.it\/de\/das-restaurant\/","og_locale":"de_DE","og_type":"article","og_title":"Restaurant Eraclea Mare - Hotel Eraclea Mare Italien - Eraclea Palace Hotel","og_description":"Eraclea Palace Hotel 4-Sterne-Meer mit privatem Pool und Wellness. Neubau Hotels in Eraclea Mare, zwischen Caorle und Jesolo Lido","og_url":"https:\/\/www.eracleapalacehotel.it\/de\/das-restaurant\/","og_site_name":"Eraclea Palace Hotel","article_modified_time":"2020-04-21T15:18:26+00:00","og_image":[{"width":2560,"height":563,"url":"https:\/\/www.eracleapalacehotel.it\/wp-content\/uploads\/2020\/04\/Eraclea_Palace_Ristorante@2x.jpg","type":"image\/jpeg"}],"twitter_card":"summary_large_image","schema":{"@context":"https:\/\/schema.org","@graph":[{"@type":"WebPage","@id":"https:\/\/www.eracleapalacehotel.it\/de\/das-restaurant\/","url":"https:\/\/www.eracleapalacehotel.it\/de\/das-restaurant\/","name":"Restaurant Eraclea Mare - Hotel Eraclea Mare Italien - Eraclea Palace Hotel","isPartOf":{"@id":"https:\/\/www.eracleapalacehotel.it\/de\/#website"},"primaryImageOfPage":{"@id":"https:\/\/www.eracleapalacehotel.it\/de\/das-restaurant\/#primaryimage"},"image":{"@id":"https:\/\/www.eracleapalacehotel.it\/de\/das-restaurant\/#primaryimage"},"thumbnailUrl":"https:\/\/www.eracleapalacehotel.it\/wp-content\/uploads\/2020\/04\/Eraclea_Palace_Ristorante@2x.jpg","datePublished":"2020-03-28T13:08:12+00:00","dateModified":"2020-04-21T15:18:26+00:00","description":"Eraclea Palace Hotel 4-Sterne-Meer mit privatem Pool und Wellness. Neubau Hotels in Eraclea Mare, zwischen Caorle und Jesolo Lido","breadcrumb":{"@id":"https:\/\/www.eracleapalacehotel.it\/de\/das-restaurant\/#breadcrumb"},"inLanguage":"de","potentialAction":[{"@type":"ReadAction","target":["https:\/\/www.eracleapalacehotel.it\/de\/das-restaurant\/"]}]},{"@type":"ImageObject","inLanguage":"de","@id":"https:\/\/www.eracleapalacehotel.it\/de\/das-restaurant\/#primaryimage","url":"https:\/\/www.eracleapalacehotel.it\/wp-content\/uploads\/2020\/04\/Eraclea_Palace_Ristorante@2x.jpg","contentUrl":"https:\/\/www.eracleapalacehotel.it\/wp-content\/uploads\/2020\/04\/Eraclea_Palace_Ristorante@2x.jpg","width":2560,"height":563},{"@type":"BreadcrumbList","@id":"https:\/\/www.eracleapalacehotel.it\/de\/das-restaurant\/#breadcrumb","itemListElement":[{"@type":"ListItem","position":1,"name":"Home","item":"https:\/\/www.eracleapalacehotel.it\/de\/"},{"@type":"ListItem","position":2,"name":"Das Restaurant"}]},{"@type":"WebSite","@id":"https:\/\/www.eracleapalacehotel.it\/de\/#website","url":"https:\/\/www.eracleapalacehotel.it\/de\/","name":"Eraclea Palace Hotel","description":"****s - Eraclea Mare","publisher":{"@id":"https:\/\/www.eracleapalacehotel.it\/de\/#organization"},"potentialAction":[{"@type":"SearchAction","target":{"@type":"EntryPoint","urlTemplate":"https:\/\/www.eracleapalacehotel.it\/de\/?s={search_term_string}"},"query-input":{"@type":"PropertyValueSpecification","valueRequired":true,"valueName":"search_term_string"}}],"inLanguage":"de"},{"@type":"Organization","@id":"https:\/\/www.eracleapalacehotel.it\/de\/#organization","name":"Eraclea Palace Hotel","url":"https:\/\/www.eracleapalacehotel.it\/de\/","logo":{"@type":"ImageObject","inLanguage":"de","@id":"https:\/\/www.eracleapalacehotel.it\/de\/#\/schema\/logo\/image\/","url":"https:\/\/www.eracleapalacehotel.it\/wp-content\/uploads\/2020\/03\/cropped-logo_Eraclea_palace_hotel@2x.png","contentUrl":"https:\/\/www.eracleapalacehotel.it\/wp-content\/uploads\/2020\/03\/cropped-logo_Eraclea_palace_hotel@2x.png","width":400,"height":277,"caption":"Eraclea Palace Hotel"},"image":{"@id":"https:\/\/www.eracleapalacehotel.it\/de\/#\/schema\/logo\/image\/"}}]}},"uagb_featured_image_src":{"full":["https:\/\/www.eracleapalacehotel.it\/wp-content\/uploads\/2020\/04\/Eraclea_Palace_Ristorante@2x.jpg",2560,563,false],"thumbnail":["https:\/\/www.eracleapalacehotel.it\/wp-content\/uploads\/2020\/04\/Eraclea_Palace_Ristorante@2x-150x150.jpg",150,150,true],"medium":["https:\/\/www.eracleapalacehotel.it\/wp-content\/uploads\/2020\/04\/Eraclea_Palace_Ristorante@2x-300x66.jpg",300,66,true],"medium_large":["https:\/\/www.eracleapalacehotel.it\/wp-content\/uploads\/2020\/04\/Eraclea_Palace_Ristorante@2x-768x169.jpg",580,128,true],"large":["https:\/\/www.eracleapalacehotel.it\/wp-content\/uploads\/2020\/04\/Eraclea_Palace_Ristorante@2x-1024x225.jpg",580,127,true],"1536x1536":["https:\/\/www.eracleapalacehotel.it\/wp-content\/uploads\/2020\/04\/Eraclea_Palace_Ristorante@2x-1536x338.jpg",1536,338,true],"2048x2048":["https:\/\/www.eracleapalacehotel.it\/wp-content\/uploads\/2020\/04\/Eraclea_Palace_Ristorante@2x-2048x451.jpg",2048,451,true],"post-thumbnail":["https:\/\/www.eracleapalacehotel.it\/wp-content\/uploads\/2020\/04\/Eraclea_Palace_Ristorante@2x-1200x264.jpg",1200,264,true],"twentytwenty-fullscreen":["https:\/\/www.eracleapalacehotel.it\/wp-content\/uploads\/2020\/04\/Eraclea_Palace_Ristorante@2x-1980x436.jpg",1980,436,true]},"uagb_author_info":{"display_name":"3r4cl3-p4l4","author_link":"https:\/\/www.eracleapalacehotel.it\/de\/author\/3r4cl3-p4l4\/"},"uagb_comment_info":0,"uagb_excerpt":"Lassen Sie sich von unserer hohen Kochkunst verw\u00f6hnen Das Restaurant Das Restaurant ist einladend und elegant eingerichtet und wir verw\u00f6hnen unsere G\u00e4ste mit einer gro\u00dfen Auswahl an verschiedensten K\u00f6stlichkeiten.Die traditionellen Rezepte aus unserer Region sowie die Speisen aus internationaler K\u00fcche ergeben ein abwechslungsreiches Men\u00fc. Zus\u00e4tzlich bieten wir Ihnen eine reiche Auswahl an Weinen an.Wir bieten&hellip;","coauthors":[],"author_meta":{"author_link":"https:\/\/www.eracleapalacehotel.it\/de\/author\/3r4cl3-p4l4\/","display_name":"3r4cl3-p4l4"},"relative_dates":{"created":"Posted 6\u00a0Jahren ago","modified":"Updated 6\u00a0Jahren ago"},"absolute_dates":{"created":"Posted on 28 M\u00e4rz 2020","modified":"Updated on 21 April 2020"},"absolute_dates_time":{"created":"Posted on 28 M\u00e4rz 2020 14:08","modified":"Updated on 21 April 2020 17:18"},"featured_img_caption":"","featured_img":"https:\/\/www.eracleapalacehotel.it\/wp-content\/uploads\/2020\/04\/Eraclea_Palace_Ristorante@2x-1200x264.jpg","series_order":"","_links":{"self":[{"href":"https:\/\/www.eracleapalacehotel.it\/de\/wp-json\/wp\/v2\/pages\/1558","targetHints":{"allow":["GET"]}}],"collection":[{"href":"https:\/\/www.eracleapalacehotel.it\/de\/wp-json\/wp\/v2\/pages"}],"about":[{"href":"https:\/\/www.eracleapalacehotel.it\/de\/wp-json\/wp\/v2\/types\/page"}],"author":[{"embeddable":true,"href":"https:\/\/www.eracleapalacehotel.it\/de\/wp-json\/wp\/v2\/users\/1"}],"replies":[{"embeddable":true,"href":"https:\/\/www.eracleapalacehotel.it\/de\/wp-json\/wp\/v2\/comments?post=1558"}],"version-history":[{"count":0,"href":"https:\/\/www.eracleapalacehotel.it\/de\/wp-json\/wp\/v2\/pages\/1558\/revisions"}],"wp:featuredmedia":[{"embeddable":true,"href":"https:\/\/www.eracleapalacehotel.it\/de\/wp-json\/wp\/v2\/media\/2427"}],"wp:attachment":[{"href":"https:\/\/www.eracleapalacehotel.it\/de\/wp-json\/wp\/v2\/media?parent=1558"}],"curies":[{"name":"wp","href":"https:\/\/api.w.org\/{rel}","templated":true}]}}