{"id":1528,"date":"2020-03-27T10:54:38","date_gmt":"2020-03-27T09:54:38","guid":{"rendered":"http:\/\/eraclea.promoservicebeta.com\/?page_id=1528"},"modified":"2022-04-06T09:29:02","modified_gmt":"2022-04-06T07:29:02","slug":"wie-sie-uns-erreichen","status":"publish","type":"page","link":"https:\/\/www.eracleapalacehotel.it\/de\/wie-sie-uns-erreichen\/","title":{"rendered":"Wie Sie uns erreichen"},"content":{"rendered":"\n<div class=\"wp-block-group alignfull promo-eracleaint-5\"><div class=\"wp-block-group__inner-container is-layout-flow wp-block-group-is-layout-flow\">\n<div class=\"wp-block-columns alignfull is-layout-flex wp-container-core-columns-is-layout-9d6595d7 wp-block-columns-is-layout-flex\">\n<div class=\"wp-block-column is-layout-flow wp-block-column-is-layout-flow\">\n<figure class=\"wp-block-image size-large\"><img loading=\"lazy\" decoding=\"async\" width=\"900\" height=\"600\" src=\"https:\/\/www.eracleapalacehotel.it\/wp-content\/uploads\/2020\/03\/Aereoplano.png\" alt=\"\" class=\"wp-image-944\" srcset=\"https:\/\/www.eracleapalacehotel.it\/wp-content\/uploads\/2020\/03\/Aereoplano.png 900w, https:\/\/www.eracleapalacehotel.it\/wp-content\/uploads\/2020\/03\/Aereoplano-300x200.png 300w, https:\/\/www.eracleapalacehotel.it\/wp-content\/uploads\/2020\/03\/Aereoplano-768x512.png 768w\" sizes=\"auto, (max-width: 900px) 100vw, 900px\" \/><\/figure>\n\n\n\n<h3 class=\"wp-block-heading\">ERREICHBAR MIT DEM FLUGZEUG<\/h3>\n\n\n\n<p>Es gibt 2 Flugh\u00e4fen in der N\u00e4he des Hotels.<br>Venedig ist ungef\u00e4hr 45 km und Treviso 53 km entfernt.<br>Von beiden Flugh\u00e4fen aus k\u00f6nnen Sie uns auch sehr leicht mit den \u00f6ffentlichen Verkehrsmitteln via Autobus ATVO (direkt Eraclea Mare oder mit dem Wechsel in San Don\u00e0 di Piave) erreichen. <\/p>\n\n\n\n<div style=\"height:20px\" aria-hidden=\"true\" class=\"wp-block-spacer\"><\/div>\n<\/div>\n\n\n\n<div class=\"wp-block-column is-layout-flow wp-block-column-is-layout-flow\">\n<figure class=\"wp-block-image size-large\"><img loading=\"lazy\" decoding=\"async\" width=\"900\" height=\"600\" src=\"https:\/\/www.eracleapalacehotel.it\/wp-content\/uploads\/2020\/03\/Treno.png\" alt=\"\" class=\"wp-image-956\" srcset=\"https:\/\/www.eracleapalacehotel.it\/wp-content\/uploads\/2020\/03\/Treno.png 900w, https:\/\/www.eracleapalacehotel.it\/wp-content\/uploads\/2020\/03\/Treno-300x200.png 300w, https:\/\/www.eracleapalacehotel.it\/wp-content\/uploads\/2020\/03\/Treno-768x512.png 768w\" sizes=\"auto, (max-width: 900px) 100vw, 900px\" \/><\/figure>\n\n\n\n<h3 class=\"wp-block-heading\">ERREICHBAR MIT DEM ZUG <\/h3>\n\n\n\n<p>Aus allen Regionen kann man San Don\u00e0 di Piave (Linea Venezia &#8211; Trieste) oder mit dem Autobus ATVO Eraclea Mare erreichen. Die Busstation ist nur 300 Meter vom Hotel entfernt. <\/p>\n\n\n\n<div style=\"height:20px\" aria-hidden=\"true\" class=\"wp-block-spacer\"><\/div>\n<\/div>\n\n\n\n<div class=\"wp-block-column is-layout-flow wp-block-column-is-layout-flow\">\n<figure class=\"wp-block-image size-large\"><img loading=\"lazy\" decoding=\"async\" width=\"900\" height=\"600\" src=\"https:\/\/www.eracleapalacehotel.it\/wp-content\/uploads\/2020\/03\/Auto.png\" alt=\"\" class=\"wp-image-950\" srcset=\"https:\/\/www.eracleapalacehotel.it\/wp-content\/uploads\/2020\/03\/Auto.png 900w, https:\/\/www.eracleapalacehotel.it\/wp-content\/uploads\/2020\/03\/Auto-300x200.png 300w, https:\/\/www.eracleapalacehotel.it\/wp-content\/uploads\/2020\/03\/Auto-768x512.png 768w\" sizes=\"auto, (max-width: 900px) 100vw, 900px\" \/><\/figure>\n\n\n\n<h3 class=\"wp-block-heading\">ERREICHBAR MIT DEM AUTO <\/h3>\n\n\n\n<p>Die Autobahn A4 (Venezia &#8211; Trieste), mit der Ausfahrt Noventa di Piave \/ San Don\u00e0, folgen Sie den Ortstafeln in Richtung Eraclea Mare. In zirka 30 Minuten erreichen Sie Eraclea Mare.<\/p>\n\n\n\n<div style=\"height:20px\" aria-hidden=\"true\" class=\"wp-block-spacer\"><\/div>\n<\/div>\n<\/div>\n\n\n\n<div class=\"wp-block-columns alignfull hide-element is-layout-flex wp-container-core-columns-is-layout-9d6595d7 wp-block-columns-is-layout-flex\">\n<div class=\"wp-block-column is-layout-flow wp-block-column-is-layout-flow\">\n<figure class=\"wp-block-image size-large\"><img loading=\"lazy\" decoding=\"async\" width=\"900\" height=\"600\" src=\"https:\/\/www.eracleapalacehotel.it\/wp-content\/uploads\/2020\/03\/Aereoplano.png\" alt=\"\" class=\"wp-image-944\" srcset=\"https:\/\/www.eracleapalacehotel.it\/wp-content\/uploads\/2020\/03\/Aereoplano.png 900w, https:\/\/www.eracleapalacehotel.it\/wp-content\/uploads\/2020\/03\/Aereoplano-300x200.png 300w, https:\/\/www.eracleapalacehotel.it\/wp-content\/uploads\/2020\/03\/Aereoplano-768x512.png 768w\" sizes=\"auto, (max-width: 900px) 100vw, 900px\" \/><\/figure>\n\n\n\n<h3 class=\"wp-block-heading\">ERREICHBAR MIT DEM FLUGZEUG<\/h3>\n\n\n\n<p>Es gibt 2 Flugh\u00e4fen in der N\u00e4he des Hotels.<br>Venedig ist ungef\u00e4hr 45 km und Treviso 53 km entfernt.<br>Von beiden Flugh\u00e4fen aus k\u00f6nnen Sie uns auch sehr leicht mit den \u00f6ffentlichen Verkehrsmitteln via Autobus ATVO (direkt Eraclea Mare oder mit dem Wechsel in San Don\u00e0 di Piave) erreichen. <\/p>\n\n\n\n<div style=\"height:20px\" aria-hidden=\"true\" class=\"wp-block-spacer\"><\/div>\n<\/div>\n\n\n\n<div class=\"wp-block-column is-layout-flow wp-block-column-is-layout-flow\">\n<figure class=\"wp-block-image size-large\"><img loading=\"lazy\" decoding=\"async\" width=\"900\" height=\"600\" src=\"https:\/\/www.eracleapalacehotel.it\/wp-content\/uploads\/2020\/03\/Treno.png\" alt=\"\" class=\"wp-image-956\" srcset=\"https:\/\/www.eracleapalacehotel.it\/wp-content\/uploads\/2020\/03\/Treno.png 900w, https:\/\/www.eracleapalacehotel.it\/wp-content\/uploads\/2020\/03\/Treno-300x200.png 300w, https:\/\/www.eracleapalacehotel.it\/wp-content\/uploads\/2020\/03\/Treno-768x512.png 768w\" sizes=\"auto, (max-width: 900px) 100vw, 900px\" \/><\/figure>\n\n\n\n<h3 class=\"wp-block-heading\">ERREICHBAR MIT DEM ZUG <\/h3>\n\n\n\n<p>Aus allen Regionen kann man San Don\u00e0 di Piave (Linea Venezia &#8211; Trieste) oder mit dem Autobus ATVO Eraclea Mare erreichen. Die Busstation ist nur 300 Meter vom Hotel entfernt. <\/p>\n\n\n\n<div style=\"height:20px\" aria-hidden=\"true\" class=\"wp-block-spacer\"><\/div>\n<\/div>\n\n\n\n<div class=\"wp-block-column is-layout-flow wp-block-column-is-layout-flow\">\n<figure class=\"wp-block-image size-large\"><img loading=\"lazy\" decoding=\"async\" width=\"900\" height=\"600\" src=\"https:\/\/www.eracleapalacehotel.it\/wp-content\/uploads\/2020\/03\/Auto.png\" alt=\"\" class=\"wp-image-950\" srcset=\"https:\/\/www.eracleapalacehotel.it\/wp-content\/uploads\/2020\/03\/Auto.png 900w, https:\/\/www.eracleapalacehotel.it\/wp-content\/uploads\/2020\/03\/Auto-300x200.png 300w, https:\/\/www.eracleapalacehotel.it\/wp-content\/uploads\/2020\/03\/Auto-768x512.png 768w\" sizes=\"auto, (max-width: 900px) 100vw, 900px\" \/><\/figure>\n\n\n\n<h3 class=\"wp-block-heading\">ERREICHBAR MIT DEM AUTO <\/h3>\n\n\n\n<p>Die Autobahn A4 (Venezia &#8211; Trieste), mit der Ausfahrt Noventa di Piave \/ San Don\u00e0, folgen Sie den Ortstafeln in Richtung Eraclea Mare. In zirka 30 Minuten erreichen Sie Eraclea Mare.<\/p>\n\n\n\n<div style=\"height:20px\" aria-hidden=\"true\" class=\"wp-block-spacer\"><\/div>\n<\/div>\n<\/div>\n\n\n\n<iframe loading=\"lazy\" src=\"https:\/\/www.google.com\/maps\/embed?pb=!1m18!1m12!1m3!1d2794.2524384469575!2d12.753727015686197!3d45.545247136052566!2m3!1f0!2f0!3f0!3m2!1i1024!2i768!4f13.1!3m3!1m2!1s0x477bf9bb764aed7d%3A0x20e1986a2c5e0092!2sEraclea%20Palace%20Hotel!5e0!3m2!1sit!2sit!4v1588001538721!5m2!1sit!2sit\" width=\"100%\" height=\"450\" frameborder=\"0\" style=\"border:0;\" allowfullscreen=\"\" aria-hidden=\"false\" tabindex=\"0\"><\/iframe>\n<\/div><\/div>\n","protected":false},"excerpt":{"rendered":"<p>ERREICHBAR MIT DEM FLUGZEUG Es gibt 2 Flugh\u00e4fen in der N\u00e4he des Hotels.Venedig ist ungef\u00e4hr 45 km und Treviso 53 km entfernt.Von beiden Flugh\u00e4fen aus k\u00f6nnen Sie uns auch sehr leicht mit den \u00f6ffentlichen Verkehrsmitteln via Autobus ATVO (direkt Eraclea Mare oder mit dem Wechsel in San Don\u00e0 di Piave) erreichen. ERREICHBAR MIT DEM ZUG [&hellip;]<\/p>\n","protected":false},"author":1,"featured_media":2446,"parent":0,"menu_order":0,"comment_status":"closed","ping_status":"closed","template":"","meta":{"_acf_changed":false,"_uag_custom_page_level_css":"","advgb_blocks_editor_width":"","advgb_blocks_columns_visual_guide":"","footnotes":""},"class_list":["post-1528","page","type-page","status-publish","has-post-thumbnail","hentry"],"acf":[],"yoast_head":"<!-- This site is optimized with the Yoast SEO plugin v25.6 - https:\/\/yoast.com\/wordpress\/plugins\/seo\/ -->\n<title>Wie Sie uns erreichen - Eraclea Palace Hotel<\/title>\n<meta name=\"description\" content=\"Das Eraclea Palace Hotel ist das groesste 4 Sterne Hotel. Eraclea Palace hotel liegt zwischen Caorle und Jesolo und Venedig.\" \/>\n<meta name=\"robots\" content=\"index, follow, max-snippet:-1, max-image-preview:large, max-video-preview:-1\" \/>\n<link rel=\"canonical\" href=\"https:\/\/www.eracleapalacehotel.it\/de\/wie-sie-uns-erreichen\/\" \/>\n<meta property=\"og:locale\" content=\"de_DE\" \/>\n<meta property=\"og:type\" content=\"article\" \/>\n<meta property=\"og:title\" content=\"Wie Sie uns erreichen - Eraclea Palace Hotel\" \/>\n<meta property=\"og:description\" content=\"Das Eraclea Palace Hotel ist das groesste 4 Sterne Hotel. Eraclea Palace hotel liegt zwischen Caorle und Jesolo und Venedig.\" \/>\n<meta property=\"og:url\" content=\"https:\/\/www.eracleapalacehotel.it\/de\/wie-sie-uns-erreichen\/\" \/>\n<meta property=\"og:site_name\" content=\"Eraclea Palace Hotel\" \/>\n<meta property=\"article:modified_time\" content=\"2022-04-06T07:29:02+00:00\" \/>\n<meta property=\"og:image\" content=\"https:\/\/www.eracleapalacehotel.it\/wp-content\/uploads\/2020\/04\/Eraclea_Palace_Hotel_esterno@2x.jpg\" \/>\n\t<meta property=\"og:image:width\" content=\"2560\" \/>\n\t<meta property=\"og:image:height\" content=\"563\" \/>\n\t<meta property=\"og:image:type\" content=\"image\/jpeg\" \/>\n<meta name=\"twitter:card\" content=\"summary_large_image\" \/>\n<meta name=\"twitter:label1\" content=\"Gesch\u00e4tzte Lesezeit\" \/>\n\t<meta name=\"twitter:data1\" content=\"3\u00a0Minuten\" \/>\n<script type=\"application\/ld+json\" class=\"yoast-schema-graph\">{\"@context\":\"https:\/\/schema.org\",\"@graph\":[{\"@type\":\"WebPage\",\"@id\":\"https:\/\/www.eracleapalacehotel.it\/de\/wie-sie-uns-erreichen\/\",\"url\":\"https:\/\/www.eracleapalacehotel.it\/de\/wie-sie-uns-erreichen\/\",\"name\":\"Wie Sie uns erreichen - Eraclea Palace Hotel\",\"isPartOf\":{\"@id\":\"https:\/\/www.eracleapalacehotel.it\/de\/#website\"},\"primaryImageOfPage\":{\"@id\":\"https:\/\/www.eracleapalacehotel.it\/de\/wie-sie-uns-erreichen\/#primaryimage\"},\"image\":{\"@id\":\"https:\/\/www.eracleapalacehotel.it\/de\/wie-sie-uns-erreichen\/#primaryimage\"},\"thumbnailUrl\":\"https:\/\/www.eracleapalacehotel.it\/wp-content\/uploads\/2020\/04\/Eraclea_Palace_Hotel_esterno@2x.jpg\",\"datePublished\":\"2020-03-27T09:54:38+00:00\",\"dateModified\":\"2022-04-06T07:29:02+00:00\",\"description\":\"Das Eraclea Palace Hotel ist das groesste 4 Sterne Hotel. Eraclea Palace hotel liegt zwischen Caorle und Jesolo und Venedig.\",\"breadcrumb\":{\"@id\":\"https:\/\/www.eracleapalacehotel.it\/de\/wie-sie-uns-erreichen\/#breadcrumb\"},\"inLanguage\":\"de\",\"potentialAction\":[{\"@type\":\"ReadAction\",\"target\":[\"https:\/\/www.eracleapalacehotel.it\/de\/wie-sie-uns-erreichen\/\"]}]},{\"@type\":\"ImageObject\",\"inLanguage\":\"de\",\"@id\":\"https:\/\/www.eracleapalacehotel.it\/de\/wie-sie-uns-erreichen\/#primaryimage\",\"url\":\"https:\/\/www.eracleapalacehotel.it\/wp-content\/uploads\/2020\/04\/Eraclea_Palace_Hotel_esterno@2x.jpg\",\"contentUrl\":\"https:\/\/www.eracleapalacehotel.it\/wp-content\/uploads\/2020\/04\/Eraclea_Palace_Hotel_esterno@2x.jpg\",\"width\":2560,\"height\":563},{\"@type\":\"BreadcrumbList\",\"@id\":\"https:\/\/www.eracleapalacehotel.it\/de\/wie-sie-uns-erreichen\/#breadcrumb\",\"itemListElement\":[{\"@type\":\"ListItem\",\"position\":1,\"name\":\"Home\",\"item\":\"https:\/\/www.eracleapalacehotel.it\/de\/\"},{\"@type\":\"ListItem\",\"position\":2,\"name\":\"Wie Sie uns erreichen\"}]},{\"@type\":\"WebSite\",\"@id\":\"https:\/\/www.eracleapalacehotel.it\/de\/#website\",\"url\":\"https:\/\/www.eracleapalacehotel.it\/de\/\",\"name\":\"Eraclea Palace Hotel\",\"description\":\"****s - Eraclea Mare\",\"publisher\":{\"@id\":\"https:\/\/www.eracleapalacehotel.it\/de\/#organization\"},\"potentialAction\":[{\"@type\":\"SearchAction\",\"target\":{\"@type\":\"EntryPoint\",\"urlTemplate\":\"https:\/\/www.eracleapalacehotel.it\/de\/?s={search_term_string}\"},\"query-input\":{\"@type\":\"PropertyValueSpecification\",\"valueRequired\":true,\"valueName\":\"search_term_string\"}}],\"inLanguage\":\"de\"},{\"@type\":\"Organization\",\"@id\":\"https:\/\/www.eracleapalacehotel.it\/de\/#organization\",\"name\":\"Eraclea Palace Hotel\",\"url\":\"https:\/\/www.eracleapalacehotel.it\/de\/\",\"logo\":{\"@type\":\"ImageObject\",\"inLanguage\":\"de\",\"@id\":\"https:\/\/www.eracleapalacehotel.it\/de\/#\/schema\/logo\/image\/\",\"url\":\"https:\/\/www.eracleapalacehotel.it\/wp-content\/uploads\/2020\/03\/cropped-logo_Eraclea_palace_hotel@2x.png\",\"contentUrl\":\"https:\/\/www.eracleapalacehotel.it\/wp-content\/uploads\/2020\/03\/cropped-logo_Eraclea_palace_hotel@2x.png\",\"width\":400,\"height\":277,\"caption\":\"Eraclea Palace Hotel\"},\"image\":{\"@id\":\"https:\/\/www.eracleapalacehotel.it\/de\/#\/schema\/logo\/image\/\"}}]}<\/script>\n<!-- \/ Yoast SEO plugin. -->","yoast_head_json":{"title":"Wie Sie uns erreichen - Eraclea Palace Hotel","description":"Das Eraclea Palace Hotel ist das groesste 4 Sterne Hotel. Eraclea Palace hotel liegt zwischen Caorle und Jesolo und Venedig.","robots":{"index":"index","follow":"follow","max-snippet":"max-snippet:-1","max-image-preview":"max-image-preview:large","max-video-preview":"max-video-preview:-1"},"canonical":"https:\/\/www.eracleapalacehotel.it\/de\/wie-sie-uns-erreichen\/","og_locale":"de_DE","og_type":"article","og_title":"Wie Sie uns erreichen - Eraclea Palace Hotel","og_description":"Das Eraclea Palace Hotel ist das groesste 4 Sterne Hotel. Eraclea Palace hotel liegt zwischen Caorle und Jesolo und Venedig.","og_url":"https:\/\/www.eracleapalacehotel.it\/de\/wie-sie-uns-erreichen\/","og_site_name":"Eraclea Palace Hotel","article_modified_time":"2022-04-06T07:29:02+00:00","og_image":[{"width":2560,"height":563,"url":"https:\/\/www.eracleapalacehotel.it\/wp-content\/uploads\/2020\/04\/Eraclea_Palace_Hotel_esterno@2x.jpg","type":"image\/jpeg"}],"twitter_card":"summary_large_image","twitter_misc":{"Gesch\u00e4tzte Lesezeit":"3\u00a0Minuten"},"schema":{"@context":"https:\/\/schema.org","@graph":[{"@type":"WebPage","@id":"https:\/\/www.eracleapalacehotel.it\/de\/wie-sie-uns-erreichen\/","url":"https:\/\/www.eracleapalacehotel.it\/de\/wie-sie-uns-erreichen\/","name":"Wie Sie uns erreichen - Eraclea Palace Hotel","isPartOf":{"@id":"https:\/\/www.eracleapalacehotel.it\/de\/#website"},"primaryImageOfPage":{"@id":"https:\/\/www.eracleapalacehotel.it\/de\/wie-sie-uns-erreichen\/#primaryimage"},"image":{"@id":"https:\/\/www.eracleapalacehotel.it\/de\/wie-sie-uns-erreichen\/#primaryimage"},"thumbnailUrl":"https:\/\/www.eracleapalacehotel.it\/wp-content\/uploads\/2020\/04\/Eraclea_Palace_Hotel_esterno@2x.jpg","datePublished":"2020-03-27T09:54:38+00:00","dateModified":"2022-04-06T07:29:02+00:00","description":"Das Eraclea Palace Hotel ist das groesste 4 Sterne Hotel. Eraclea Palace hotel liegt zwischen Caorle und Jesolo und Venedig.","breadcrumb":{"@id":"https:\/\/www.eracleapalacehotel.it\/de\/wie-sie-uns-erreichen\/#breadcrumb"},"inLanguage":"de","potentialAction":[{"@type":"ReadAction","target":["https:\/\/www.eracleapalacehotel.it\/de\/wie-sie-uns-erreichen\/"]}]},{"@type":"ImageObject","inLanguage":"de","@id":"https:\/\/www.eracleapalacehotel.it\/de\/wie-sie-uns-erreichen\/#primaryimage","url":"https:\/\/www.eracleapalacehotel.it\/wp-content\/uploads\/2020\/04\/Eraclea_Palace_Hotel_esterno@2x.jpg","contentUrl":"https:\/\/www.eracleapalacehotel.it\/wp-content\/uploads\/2020\/04\/Eraclea_Palace_Hotel_esterno@2x.jpg","width":2560,"height":563},{"@type":"BreadcrumbList","@id":"https:\/\/www.eracleapalacehotel.it\/de\/wie-sie-uns-erreichen\/#breadcrumb","itemListElement":[{"@type":"ListItem","position":1,"name":"Home","item":"https:\/\/www.eracleapalacehotel.it\/de\/"},{"@type":"ListItem","position":2,"name":"Wie Sie uns erreichen"}]},{"@type":"WebSite","@id":"https:\/\/www.eracleapalacehotel.it\/de\/#website","url":"https:\/\/www.eracleapalacehotel.it\/de\/","name":"Eraclea Palace Hotel","description":"****s - Eraclea Mare","publisher":{"@id":"https:\/\/www.eracleapalacehotel.it\/de\/#organization"},"potentialAction":[{"@type":"SearchAction","target":{"@type":"EntryPoint","urlTemplate":"https:\/\/www.eracleapalacehotel.it\/de\/?s={search_term_string}"},"query-input":{"@type":"PropertyValueSpecification","valueRequired":true,"valueName":"search_term_string"}}],"inLanguage":"de"},{"@type":"Organization","@id":"https:\/\/www.eracleapalacehotel.it\/de\/#organization","name":"Eraclea Palace Hotel","url":"https:\/\/www.eracleapalacehotel.it\/de\/","logo":{"@type":"ImageObject","inLanguage":"de","@id":"https:\/\/www.eracleapalacehotel.it\/de\/#\/schema\/logo\/image\/","url":"https:\/\/www.eracleapalacehotel.it\/wp-content\/uploads\/2020\/03\/cropped-logo_Eraclea_palace_hotel@2x.png","contentUrl":"https:\/\/www.eracleapalacehotel.it\/wp-content\/uploads\/2020\/03\/cropped-logo_Eraclea_palace_hotel@2x.png","width":400,"height":277,"caption":"Eraclea Palace Hotel"},"image":{"@id":"https:\/\/www.eracleapalacehotel.it\/de\/#\/schema\/logo\/image\/"}}]}},"uagb_featured_image_src":{"full":["https:\/\/www.eracleapalacehotel.it\/wp-content\/uploads\/2020\/04\/Eraclea_Palace_Hotel_esterno@2x.jpg",2560,563,false],"thumbnail":["https:\/\/www.eracleapalacehotel.it\/wp-content\/uploads\/2020\/04\/Eraclea_Palace_Hotel_esterno@2x-150x150.jpg",150,150,true],"medium":["https:\/\/www.eracleapalacehotel.it\/wp-content\/uploads\/2020\/04\/Eraclea_Palace_Hotel_esterno@2x-300x66.jpg",300,66,true],"medium_large":["https:\/\/www.eracleapalacehotel.it\/wp-content\/uploads\/2020\/04\/Eraclea_Palace_Hotel_esterno@2x-768x169.jpg",580,128,true],"large":["https:\/\/www.eracleapalacehotel.it\/wp-content\/uploads\/2020\/04\/Eraclea_Palace_Hotel_esterno@2x-1024x225.jpg",580,127,true],"1536x1536":["https:\/\/www.eracleapalacehotel.it\/wp-content\/uploads\/2020\/04\/Eraclea_Palace_Hotel_esterno@2x-1536x338.jpg",1536,338,true],"2048x2048":["https:\/\/www.eracleapalacehotel.it\/wp-content\/uploads\/2020\/04\/Eraclea_Palace_Hotel_esterno@2x-2048x451.jpg",2048,451,true],"post-thumbnail":["https:\/\/www.eracleapalacehotel.it\/wp-content\/uploads\/2020\/04\/Eraclea_Palace_Hotel_esterno@2x-1200x264.jpg",1200,264,true],"twentytwenty-fullscreen":["https:\/\/www.eracleapalacehotel.it\/wp-content\/uploads\/2020\/04\/Eraclea_Palace_Hotel_esterno@2x-1980x436.jpg",1980,436,true]},"uagb_author_info":{"display_name":"3r4cl3-p4l4","author_link":"https:\/\/www.eracleapalacehotel.it\/de\/author\/3r4cl3-p4l4\/"},"uagb_comment_info":0,"uagb_excerpt":"ERREICHBAR MIT DEM FLUGZEUG Es gibt 2 Flugh\u00e4fen in der N\u00e4he des Hotels.Venedig ist ungef\u00e4hr 45 km und Treviso 53 km entfernt.Von beiden Flugh\u00e4fen aus k\u00f6nnen Sie uns auch sehr leicht mit den \u00f6ffentlichen Verkehrsmitteln via Autobus ATVO (direkt Eraclea Mare oder mit dem Wechsel in San Don\u00e0 di Piave) erreichen. ERREICHBAR MIT DEM ZUG&hellip;","coauthors":[],"author_meta":{"author_link":"https:\/\/www.eracleapalacehotel.it\/de\/author\/3r4cl3-p4l4\/","display_name":"3r4cl3-p4l4"},"relative_dates":{"created":"Posted 6\u00a0Jahren ago","modified":"Updated 4\u00a0Jahren ago"},"absolute_dates":{"created":"Posted on 27 M\u00e4rz 2020","modified":"Updated on 6 April 2022"},"absolute_dates_time":{"created":"Posted on 27 M\u00e4rz 2020 10:54","modified":"Updated on 6 April 2022 09:29"},"featured_img_caption":"","featured_img":"https:\/\/www.eracleapalacehotel.it\/wp-content\/uploads\/2020\/04\/Eraclea_Palace_Hotel_esterno@2x-1200x264.jpg","series_order":"","_links":{"self":[{"href":"https:\/\/www.eracleapalacehotel.it\/de\/wp-json\/wp\/v2\/pages\/1528","targetHints":{"allow":["GET"]}}],"collection":[{"href":"https:\/\/www.eracleapalacehotel.it\/de\/wp-json\/wp\/v2\/pages"}],"about":[{"href":"https:\/\/www.eracleapalacehotel.it\/de\/wp-json\/wp\/v2\/types\/page"}],"author":[{"embeddable":true,"href":"https:\/\/www.eracleapalacehotel.it\/de\/wp-json\/wp\/v2\/users\/1"}],"replies":[{"embeddable":true,"href":"https:\/\/www.eracleapalacehotel.it\/de\/wp-json\/wp\/v2\/comments?post=1528"}],"version-history":[{"count":1,"href":"https:\/\/www.eracleapalacehotel.it\/de\/wp-json\/wp\/v2\/pages\/1528\/revisions"}],"predecessor-version":[{"id":3584,"href":"https:\/\/www.eracleapalacehotel.it\/de\/wp-json\/wp\/v2\/pages\/1528\/revisions\/3584"}],"wp:featuredmedia":[{"embeddable":true,"href":"https:\/\/www.eracleapalacehotel.it\/de\/wp-json\/wp\/v2\/media\/2446"}],"wp:attachment":[{"href":"https:\/\/www.eracleapalacehotel.it\/de\/wp-json\/wp\/v2\/media?parent=1528"}],"curies":[{"name":"wp","href":"https:\/\/api.w.org\/{rel}","templated":true}]}}