{"id":1518,"date":"2020-03-27T10:43:11","date_gmt":"2020-03-27T09:43:11","guid":{"rendered":"http:\/\/eraclea.promoservicebeta.com\/?page_id=1518"},"modified":"2024-07-30T19:27:37","modified_gmt":"2024-07-30T17:27:37","slug":"kinderbereich","status":"publish","type":"page","link":"https:\/\/www.eracleapalacehotel.it\/de\/kinderbereich\/","title":{"rendered":"Kinderbereich"},"content":{"rendered":"\n<div class=\"wp-block-group promo-eracleaint-1\"><div class=\"wp-block-group__inner-container is-layout-flow wp-block-group-is-layout-flow\">\n<h3 class=\"wp-block-heading\">Platz f\u00fcr Unterhaltung! <\/h3>\n\n\n\n<h2 class=\"wp-block-heading\">Hotel f\u00fcr Familien und Kinder <\/h2>\n\n\n\n<p>Das Eraclea Palace Hotel ist der perfekte Ort um den Urlaub mit der gesamten Familie zu verbringen. Die kleinen G\u00e4ste k\u00f6nnen in einladendem Ambiente spielen, die Eltern Ruhe und Augeglichenheit genie\u00dfen.<\/p>\n\n\n\n<p><\/p>\n\n\n\n<p><\/p>\n\n\n\n<p><\/p>\n<\/div><\/div>\n\n\n\n<figure class=\"wp-block-image size-large promo-eracleaint-2\"><img loading=\"lazy\" decoding=\"async\" width=\"1000\" height=\"1000\" src=\"https:\/\/eracleapalacehotel.it\/wp-content\/uploads\/2020\/03\/bambini-piscina.jpg\" alt=\"\" class=\"wp-image-835\" srcset=\"https:\/\/www.eracleapalacehotel.it\/wp-content\/uploads\/2020\/03\/bambini-piscina.jpg 1000w, https:\/\/www.eracleapalacehotel.it\/wp-content\/uploads\/2020\/03\/bambini-piscina-300x300.jpg 300w, https:\/\/www.eracleapalacehotel.it\/wp-content\/uploads\/2020\/03\/bambini-piscina-150x150.jpg 150w, https:\/\/www.eracleapalacehotel.it\/wp-content\/uploads\/2020\/03\/bambini-piscina-768x768.jpg 768w\" sizes=\"auto, (max-width: 1000px) 100vw, 1000px\" \/><\/figure>\n\n\n\n<figure class=\"wp-block-gallery has-nested-images columns-3 is-cropped promo-eracleaint-5 wp-block-gallery-2 is-layout-flex wp-block-gallery-is-layout-flex\">\n<figure class=\"wp-block-image size-large\"><img loading=\"lazy\" decoding=\"async\" width=\"1024\" height=\"683\" data-id=\"817\" src=\"https:\/\/eracleapalacehotel.it\/wp-content\/uploads\/2020\/03\/hotel-con-servizio-di-babysitter-1024x683.jpg\" alt=\"\" class=\"wp-image-817\" srcset=\"https:\/\/www.eracleapalacehotel.it\/wp-content\/uploads\/2020\/03\/hotel-con-servizio-di-babysitter-1024x683.jpg 1024w, https:\/\/www.eracleapalacehotel.it\/wp-content\/uploads\/2020\/03\/hotel-con-servizio-di-babysitter-300x200.jpg 300w, https:\/\/www.eracleapalacehotel.it\/wp-content\/uploads\/2020\/03\/hotel-con-servizio-di-babysitter-768x512.jpg 768w, https:\/\/www.eracleapalacehotel.it\/wp-content\/uploads\/2020\/03\/hotel-con-servizio-di-babysitter.jpg 1200w\" sizes=\"auto, (max-width: 1024px) 100vw, 1024px\" \/><\/figure>\n\n\n\n<figure class=\"wp-block-image size-large\"><img loading=\"lazy\" decoding=\"async\" width=\"1024\" height=\"683\" data-id=\"823\" src=\"https:\/\/eracleapalacehotel.it\/wp-content\/uploads\/2020\/03\/hotel-famiglie-eraclea-mare-1024x683.jpg\" alt=\"\" class=\"wp-image-823\" srcset=\"https:\/\/www.eracleapalacehotel.it\/wp-content\/uploads\/2020\/03\/hotel-famiglie-eraclea-mare-1024x683.jpg 1024w, https:\/\/www.eracleapalacehotel.it\/wp-content\/uploads\/2020\/03\/hotel-famiglie-eraclea-mare-300x200.jpg 300w, https:\/\/www.eracleapalacehotel.it\/wp-content\/uploads\/2020\/03\/hotel-famiglie-eraclea-mare-768x512.jpg 768w, https:\/\/www.eracleapalacehotel.it\/wp-content\/uploads\/2020\/03\/hotel-famiglie-eraclea-mare.jpg 1200w\" sizes=\"auto, (max-width: 1024px) 100vw, 1024px\" \/><\/figure>\n\n\n\n<figure class=\"wp-block-image size-large\"><img loading=\"lazy\" decoding=\"async\" width=\"1024\" height=\"683\" data-id=\"829\" src=\"https:\/\/eracleapalacehotel.it\/wp-content\/uploads\/2020\/03\/hotel-per-famiglie-e-bambini-1024x683.jpg\" alt=\"\" class=\"wp-image-829\" srcset=\"https:\/\/www.eracleapalacehotel.it\/wp-content\/uploads\/2020\/03\/hotel-per-famiglie-e-bambini-1024x683.jpg 1024w, https:\/\/www.eracleapalacehotel.it\/wp-content\/uploads\/2020\/03\/hotel-per-famiglie-e-bambini-300x200.jpg 300w, https:\/\/www.eracleapalacehotel.it\/wp-content\/uploads\/2020\/03\/hotel-per-famiglie-e-bambini-768x512.jpg 768w, https:\/\/www.eracleapalacehotel.it\/wp-content\/uploads\/2020\/03\/hotel-per-famiglie-e-bambini.jpg 1200w\" sizes=\"auto, (max-width: 1024px) 100vw, 1024px\" \/><\/figure>\n<\/figure>\n","protected":false},"excerpt":{"rendered":"<p>Platz f\u00fcr Unterhaltung! Hotel f\u00fcr Familien und Kinder Das Eraclea Palace Hotel ist der perfekte Ort um den Urlaub mit der gesamten Familie zu verbringen. Die kleinen G\u00e4ste k\u00f6nnen in einladendem Ambiente spielen, die Eltern Ruhe und Augeglichenheit genie\u00dfen.<\/p>\n","protected":false},"author":1,"featured_media":2391,"parent":0,"menu_order":0,"comment_status":"closed","ping_status":"closed","template":"","meta":{"_acf_changed":false,"_uag_custom_page_level_css":"","advgb_blocks_editor_width":"","advgb_blocks_columns_visual_guide":"","footnotes":""},"class_list":["post-1518","page","type-page","status-publish","has-post-thumbnail","hentry"],"acf":[],"yoast_head":"<!-- This site is optimized with the Yoast SEO plugin v25.6 - https:\/\/yoast.com\/wordpress\/plugins\/seo\/ -->\n<title>Hotel f\u00fcr Familien und Kinder - Eraclea Palace Hotel<\/title>\n<meta name=\"description\" content=\"Das Eraclea Palace Hotel ist der perfekte Ort um den Urlaub mit der gesamten Familie zu verbringen.\" \/>\n<meta name=\"robots\" content=\"index, follow, max-snippet:-1, max-image-preview:large, max-video-preview:-1\" \/>\n<link rel=\"canonical\" href=\"https:\/\/www.eracleapalacehotel.it\/de\/kinderbereich\/\" \/>\n<meta property=\"og:locale\" content=\"de_DE\" \/>\n<meta property=\"og:type\" content=\"article\" \/>\n<meta property=\"og:title\" content=\"Hotel f\u00fcr Familien und Kinder - Eraclea Palace Hotel\" \/>\n<meta property=\"og:description\" content=\"Das Eraclea Palace Hotel ist der perfekte Ort um den Urlaub mit der gesamten Familie zu verbringen.\" \/>\n<meta property=\"og:url\" content=\"https:\/\/www.eracleapalacehotel.it\/de\/kinderbereich\/\" \/>\n<meta property=\"og:site_name\" content=\"Eraclea Palace Hotel\" \/>\n<meta property=\"article:modified_time\" content=\"2024-07-30T17:27:37+00:00\" \/>\n<meta property=\"og:image\" content=\"https:\/\/www.eracleapalacehotel.it\/wp-content\/uploads\/2020\/04\/Eraclea_Palace_AreaBambini@2x.jpg\" \/>\n\t<meta property=\"og:image:width\" content=\"2560\" \/>\n\t<meta property=\"og:image:height\" content=\"563\" \/>\n\t<meta property=\"og:image:type\" content=\"image\/jpeg\" \/>\n<meta name=\"twitter:card\" content=\"summary_large_image\" \/>\n<meta name=\"twitter:label1\" content=\"Gesch\u00e4tzte Lesezeit\" \/>\n\t<meta name=\"twitter:data1\" content=\"2\u00a0Minuten\" \/>\n<script type=\"application\/ld+json\" class=\"yoast-schema-graph\">{\"@context\":\"https:\/\/schema.org\",\"@graph\":[{\"@type\":\"WebPage\",\"@id\":\"https:\/\/www.eracleapalacehotel.it\/de\/kinderbereich\/\",\"url\":\"https:\/\/www.eracleapalacehotel.it\/de\/kinderbereich\/\",\"name\":\"Hotel f\u00fcr Familien und Kinder - Eraclea Palace Hotel\",\"isPartOf\":{\"@id\":\"https:\/\/www.eracleapalacehotel.it\/de\/#website\"},\"primaryImageOfPage\":{\"@id\":\"https:\/\/www.eracleapalacehotel.it\/de\/kinderbereich\/#primaryimage\"},\"image\":{\"@id\":\"https:\/\/www.eracleapalacehotel.it\/de\/kinderbereich\/#primaryimage\"},\"thumbnailUrl\":\"https:\/\/www.eracleapalacehotel.it\/wp-content\/uploads\/2020\/04\/Eraclea_Palace_AreaBambini@2x.jpg\",\"datePublished\":\"2020-03-27T09:43:11+00:00\",\"dateModified\":\"2024-07-30T17:27:37+00:00\",\"description\":\"Das Eraclea Palace Hotel ist der perfekte Ort um den Urlaub mit der gesamten Familie zu verbringen.\",\"breadcrumb\":{\"@id\":\"https:\/\/www.eracleapalacehotel.it\/de\/kinderbereich\/#breadcrumb\"},\"inLanguage\":\"de\",\"potentialAction\":[{\"@type\":\"ReadAction\",\"target\":[\"https:\/\/www.eracleapalacehotel.it\/de\/kinderbereich\/\"]}]},{\"@type\":\"ImageObject\",\"inLanguage\":\"de\",\"@id\":\"https:\/\/www.eracleapalacehotel.it\/de\/kinderbereich\/#primaryimage\",\"url\":\"https:\/\/www.eracleapalacehotel.it\/wp-content\/uploads\/2020\/04\/Eraclea_Palace_AreaBambini@2x.jpg\",\"contentUrl\":\"https:\/\/www.eracleapalacehotel.it\/wp-content\/uploads\/2020\/04\/Eraclea_Palace_AreaBambini@2x.jpg\",\"width\":2560,\"height\":563},{\"@type\":\"BreadcrumbList\",\"@id\":\"https:\/\/www.eracleapalacehotel.it\/de\/kinderbereich\/#breadcrumb\",\"itemListElement\":[{\"@type\":\"ListItem\",\"position\":1,\"name\":\"Home\",\"item\":\"https:\/\/www.eracleapalacehotel.it\/de\/\"},{\"@type\":\"ListItem\",\"position\":2,\"name\":\"Kinderbereich\"}]},{\"@type\":\"WebSite\",\"@id\":\"https:\/\/www.eracleapalacehotel.it\/de\/#website\",\"url\":\"https:\/\/www.eracleapalacehotel.it\/de\/\",\"name\":\"Eraclea Palace Hotel\",\"description\":\"****s - Eraclea Mare\",\"publisher\":{\"@id\":\"https:\/\/www.eracleapalacehotel.it\/de\/#organization\"},\"potentialAction\":[{\"@type\":\"SearchAction\",\"target\":{\"@type\":\"EntryPoint\",\"urlTemplate\":\"https:\/\/www.eracleapalacehotel.it\/de\/?s={search_term_string}\"},\"query-input\":{\"@type\":\"PropertyValueSpecification\",\"valueRequired\":true,\"valueName\":\"search_term_string\"}}],\"inLanguage\":\"de\"},{\"@type\":\"Organization\",\"@id\":\"https:\/\/www.eracleapalacehotel.it\/de\/#organization\",\"name\":\"Eraclea Palace Hotel\",\"url\":\"https:\/\/www.eracleapalacehotel.it\/de\/\",\"logo\":{\"@type\":\"ImageObject\",\"inLanguage\":\"de\",\"@id\":\"https:\/\/www.eracleapalacehotel.it\/de\/#\/schema\/logo\/image\/\",\"url\":\"https:\/\/www.eracleapalacehotel.it\/wp-content\/uploads\/2020\/03\/cropped-logo_Eraclea_palace_hotel@2x.png\",\"contentUrl\":\"https:\/\/www.eracleapalacehotel.it\/wp-content\/uploads\/2020\/03\/cropped-logo_Eraclea_palace_hotel@2x.png\",\"width\":400,\"height\":277,\"caption\":\"Eraclea Palace Hotel\"},\"image\":{\"@id\":\"https:\/\/www.eracleapalacehotel.it\/de\/#\/schema\/logo\/image\/\"}}]}<\/script>\n<!-- \/ Yoast SEO plugin. -->","yoast_head_json":{"title":"Hotel f\u00fcr Familien und Kinder - Eraclea Palace Hotel","description":"Das Eraclea Palace Hotel ist der perfekte Ort um den Urlaub mit der gesamten Familie zu verbringen.","robots":{"index":"index","follow":"follow","max-snippet":"max-snippet:-1","max-image-preview":"max-image-preview:large","max-video-preview":"max-video-preview:-1"},"canonical":"https:\/\/www.eracleapalacehotel.it\/de\/kinderbereich\/","og_locale":"de_DE","og_type":"article","og_title":"Hotel f\u00fcr Familien und Kinder - Eraclea Palace Hotel","og_description":"Das Eraclea Palace Hotel ist der perfekte Ort um den Urlaub mit der gesamten Familie zu verbringen.","og_url":"https:\/\/www.eracleapalacehotel.it\/de\/kinderbereich\/","og_site_name":"Eraclea Palace Hotel","article_modified_time":"2024-07-30T17:27:37+00:00","og_image":[{"width":2560,"height":563,"url":"https:\/\/www.eracleapalacehotel.it\/wp-content\/uploads\/2020\/04\/Eraclea_Palace_AreaBambini@2x.jpg","type":"image\/jpeg"}],"twitter_card":"summary_large_image","twitter_misc":{"Gesch\u00e4tzte Lesezeit":"2\u00a0Minuten"},"schema":{"@context":"https:\/\/schema.org","@graph":[{"@type":"WebPage","@id":"https:\/\/www.eracleapalacehotel.it\/de\/kinderbereich\/","url":"https:\/\/www.eracleapalacehotel.it\/de\/kinderbereich\/","name":"Hotel f\u00fcr Familien und Kinder - Eraclea Palace Hotel","isPartOf":{"@id":"https:\/\/www.eracleapalacehotel.it\/de\/#website"},"primaryImageOfPage":{"@id":"https:\/\/www.eracleapalacehotel.it\/de\/kinderbereich\/#primaryimage"},"image":{"@id":"https:\/\/www.eracleapalacehotel.it\/de\/kinderbereich\/#primaryimage"},"thumbnailUrl":"https:\/\/www.eracleapalacehotel.it\/wp-content\/uploads\/2020\/04\/Eraclea_Palace_AreaBambini@2x.jpg","datePublished":"2020-03-27T09:43:11+00:00","dateModified":"2024-07-30T17:27:37+00:00","description":"Das Eraclea Palace Hotel ist der perfekte Ort um den Urlaub mit der gesamten Familie zu verbringen.","breadcrumb":{"@id":"https:\/\/www.eracleapalacehotel.it\/de\/kinderbereich\/#breadcrumb"},"inLanguage":"de","potentialAction":[{"@type":"ReadAction","target":["https:\/\/www.eracleapalacehotel.it\/de\/kinderbereich\/"]}]},{"@type":"ImageObject","inLanguage":"de","@id":"https:\/\/www.eracleapalacehotel.it\/de\/kinderbereich\/#primaryimage","url":"https:\/\/www.eracleapalacehotel.it\/wp-content\/uploads\/2020\/04\/Eraclea_Palace_AreaBambini@2x.jpg","contentUrl":"https:\/\/www.eracleapalacehotel.it\/wp-content\/uploads\/2020\/04\/Eraclea_Palace_AreaBambini@2x.jpg","width":2560,"height":563},{"@type":"BreadcrumbList","@id":"https:\/\/www.eracleapalacehotel.it\/de\/kinderbereich\/#breadcrumb","itemListElement":[{"@type":"ListItem","position":1,"name":"Home","item":"https:\/\/www.eracleapalacehotel.it\/de\/"},{"@type":"ListItem","position":2,"name":"Kinderbereich"}]},{"@type":"WebSite","@id":"https:\/\/www.eracleapalacehotel.it\/de\/#website","url":"https:\/\/www.eracleapalacehotel.it\/de\/","name":"Eraclea Palace Hotel","description":"****s - Eraclea Mare","publisher":{"@id":"https:\/\/www.eracleapalacehotel.it\/de\/#organization"},"potentialAction":[{"@type":"SearchAction","target":{"@type":"EntryPoint","urlTemplate":"https:\/\/www.eracleapalacehotel.it\/de\/?s={search_term_string}"},"query-input":{"@type":"PropertyValueSpecification","valueRequired":true,"valueName":"search_term_string"}}],"inLanguage":"de"},{"@type":"Organization","@id":"https:\/\/www.eracleapalacehotel.it\/de\/#organization","name":"Eraclea Palace Hotel","url":"https:\/\/www.eracleapalacehotel.it\/de\/","logo":{"@type":"ImageObject","inLanguage":"de","@id":"https:\/\/www.eracleapalacehotel.it\/de\/#\/schema\/logo\/image\/","url":"https:\/\/www.eracleapalacehotel.it\/wp-content\/uploads\/2020\/03\/cropped-logo_Eraclea_palace_hotel@2x.png","contentUrl":"https:\/\/www.eracleapalacehotel.it\/wp-content\/uploads\/2020\/03\/cropped-logo_Eraclea_palace_hotel@2x.png","width":400,"height":277,"caption":"Eraclea Palace Hotel"},"image":{"@id":"https:\/\/www.eracleapalacehotel.it\/de\/#\/schema\/logo\/image\/"}}]}},"uagb_featured_image_src":{"full":["https:\/\/www.eracleapalacehotel.it\/wp-content\/uploads\/2020\/04\/Eraclea_Palace_AreaBambini@2x.jpg",2560,563,false],"thumbnail":["https:\/\/www.eracleapalacehotel.it\/wp-content\/uploads\/2020\/04\/Eraclea_Palace_AreaBambini@2x-150x150.jpg",150,150,true],"medium":["https:\/\/www.eracleapalacehotel.it\/wp-content\/uploads\/2020\/04\/Eraclea_Palace_AreaBambini@2x-300x66.jpg",300,66,true],"medium_large":["https:\/\/www.eracleapalacehotel.it\/wp-content\/uploads\/2020\/04\/Eraclea_Palace_AreaBambini@2x-768x169.jpg",580,128,true],"large":["https:\/\/www.eracleapalacehotel.it\/wp-content\/uploads\/2020\/04\/Eraclea_Palace_AreaBambini@2x-1024x225.jpg",580,127,true],"1536x1536":["https:\/\/www.eracleapalacehotel.it\/wp-content\/uploads\/2020\/04\/Eraclea_Palace_AreaBambini@2x-1536x338.jpg",1536,338,true],"2048x2048":["https:\/\/www.eracleapalacehotel.it\/wp-content\/uploads\/2020\/04\/Eraclea_Palace_AreaBambini@2x-2048x451.jpg",2048,451,true],"post-thumbnail":["https:\/\/www.eracleapalacehotel.it\/wp-content\/uploads\/2020\/04\/Eraclea_Palace_AreaBambini@2x-1200x264.jpg",1200,264,true],"twentytwenty-fullscreen":["https:\/\/www.eracleapalacehotel.it\/wp-content\/uploads\/2020\/04\/Eraclea_Palace_AreaBambini@2x-1980x436.jpg",1980,436,true]},"uagb_author_info":{"display_name":"3r4cl3-p4l4","author_link":"https:\/\/www.eracleapalacehotel.it\/de\/author\/3r4cl3-p4l4\/"},"uagb_comment_info":0,"uagb_excerpt":"Platz f\u00fcr Unterhaltung! Hotel f\u00fcr Familien und Kinder Das Eraclea Palace Hotel ist der perfekte Ort um den Urlaub mit der gesamten Familie zu verbringen. Die kleinen G\u00e4ste k\u00f6nnen in einladendem Ambiente spielen, die Eltern Ruhe und Augeglichenheit genie\u00dfen.","coauthors":[],"author_meta":{"author_link":"https:\/\/www.eracleapalacehotel.it\/de\/author\/3r4cl3-p4l4\/","display_name":"3r4cl3-p4l4"},"relative_dates":{"created":"Posted 6\u00a0Jahren ago","modified":"Updated 2\u00a0Jahren ago"},"absolute_dates":{"created":"Posted on 27 M\u00e4rz 2020","modified":"Updated on 30 Juli 2024"},"absolute_dates_time":{"created":"Posted on 27 M\u00e4rz 2020 10:43","modified":"Updated on 30 Juli 2024 19:27"},"featured_img_caption":"","featured_img":"https:\/\/www.eracleapalacehotel.it\/wp-content\/uploads\/2020\/04\/Eraclea_Palace_AreaBambini@2x-1200x264.jpg","series_order":"","_links":{"self":[{"href":"https:\/\/www.eracleapalacehotel.it\/de\/wp-json\/wp\/v2\/pages\/1518","targetHints":{"allow":["GET"]}}],"collection":[{"href":"https:\/\/www.eracleapalacehotel.it\/de\/wp-json\/wp\/v2\/pages"}],"about":[{"href":"https:\/\/www.eracleapalacehotel.it\/de\/wp-json\/wp\/v2\/types\/page"}],"author":[{"embeddable":true,"href":"https:\/\/www.eracleapalacehotel.it\/de\/wp-json\/wp\/v2\/users\/1"}],"replies":[{"embeddable":true,"href":"https:\/\/www.eracleapalacehotel.it\/de\/wp-json\/wp\/v2\/comments?post=1518"}],"version-history":[{"count":2,"href":"https:\/\/www.eracleapalacehotel.it\/de\/wp-json\/wp\/v2\/pages\/1518\/revisions"}],"predecessor-version":[{"id":3919,"href":"https:\/\/www.eracleapalacehotel.it\/de\/wp-json\/wp\/v2\/pages\/1518\/revisions\/3919"}],"wp:featuredmedia":[{"embeddable":true,"href":"https:\/\/www.eracleapalacehotel.it\/de\/wp-json\/wp\/v2\/media\/2391"}],"wp:attachment":[{"href":"https:\/\/www.eracleapalacehotel.it\/de\/wp-json\/wp\/v2\/media?parent=1518"}],"curies":[{"name":"wp","href":"https:\/\/api.w.org\/{rel}","templated":true}]}}