{"id":2513,"date":"2020-02-13T15:47:01","date_gmt":"2020-02-13T14:47:01","guid":{"rendered":"http:\/\/eraclea.promoservicebeta.com\/homepage\/"},"modified":"2020-04-28T16:53:19","modified_gmt":"2020-04-28T14:53:19","slug":"homepage","status":"publish","type":"page","link":"https:\/\/www.eracleapalacehotel.it\/cs\/","title":{"rendered":"Home"},"content":{"rendered":"\n<div class=\"wp-block-group alignfull promo-item-chi-siamo\"><div class=\"wp-block-group__inner-container is-layout-flow wp-block-group-is-layout-flow\">\n<div class=\"wp-block-group chi-siamo-inner-block\"><div class=\"wp-block-group__inner-container is-layout-flow wp-block-group-is-layout-flow\">\n<h3>Privet, kak priyatno, chto ty s nami!<\/h3>\n\n\n\n<h2>My teplo privetstvuyem vas<\/h2>\n\n\n\n<p><span style=\"font-weight: 400;\"><strong>Eraclea Palace Hotel****s<\/strong> je to nejv\u011bt\u0161\u00ed \u010dty\u0159hv\u011bzdi\u010dkov\u00fd hotel vy\u0161\u0161\u00ed kategorie v Eraclea Mare. Najdete n\u00e1s jen p\u00e1r krok\u016f od mo\u0159e , mezi Caorle a Jesolo, a jen kousek od Ben\u00e1tek. <\/span><\/p>\n<p><span style=\"font-weight: 400;\">Ide\u00e1ln\u00ed destinace pro u\u017eit\u00ed si mo\u0159e d\u00edky p\u011b\u0161\u0161\u00edm t\u00far\u00e1m, na kole, na koni a pro ty, kte\u0159\u00ed krom\u011b relaxace u mo\u0159e r\u00e1di nav\u0161t\u011bvuj\u00ed kulturn\u00ed m\u00edsta. <\/span><\/p>\n<\/div><\/div>\n\n\n\n<p><\/p>\n<\/div><\/div>\n\n\n\n<div class=\"wp-block-group alignfull promo-item-chi-siamo-img\"><div class=\"wp-block-group__inner-container is-layout-flow wp-block-group-is-layout-flow\">\n<figure class=\"wp-block-image size-large\"><img loading=\"lazy\" decoding=\"async\" width=\"1024\" height=\"683\" src=\"https:\/\/www.eracleapalacehotel.it\/wp-content\/uploads\/2020\/03\/hotel-con-piscina-vista-mare-eraclea-1024x683.jpg\" alt=\"\" class=\"wp-image-765\" srcset=\"https:\/\/www.eracleapalacehotel.it\/wp-content\/uploads\/2020\/03\/hotel-con-piscina-vista-mare-eraclea-1024x683.jpg 1024w, https:\/\/www.eracleapalacehotel.it\/wp-content\/uploads\/2020\/03\/hotel-con-piscina-vista-mare-eraclea-300x200.jpg 300w, https:\/\/www.eracleapalacehotel.it\/wp-content\/uploads\/2020\/03\/hotel-con-piscina-vista-mare-eraclea-768x512.jpg 768w, https:\/\/www.eracleapalacehotel.it\/wp-content\/uploads\/2020\/03\/hotel-con-piscina-vista-mare-eraclea.jpg 1200w\" sizes=\"auto, (max-width: 1024px) 100vw, 1024px\" \/><\/figure>\n<\/div><\/div>\n\n\n\n\n<div class=\"wp-block-image promo-item-3\">\n\t<div class=\"main-title\"><h2> Na\u0161e nejlep\u0161\u00ed slu\u017eby<\/h2><\/div>\n    <div class=\"horizontal-scroll-wrapper\">\n\t\t\t\t\t<div class=\"item-0\">\n\t\t\t\t<figure class=\"aligncenter size-large\">\n\t\t\t\t\t<a href=\"\/cs\/bazen-a-jacuzzi\/\"><img decoding=\"async\" src=\"https:\/\/www.eracleapalacehotel.it\/wp-content\/uploads\/2020\/03\/Piscina-e-jacuzzi-2.png\" alt=\"\" class=\"wp-image-54\">\n\t\t\t\t\t\t<div class=\"overlay\"><span class=\"dashicons dashicons-plus\"><\/span>\n\t\t\t\t\t\t\t<p class=\"promo-figcaption\">BAZ\u00c9N & JACUZZI<\/p>\n\t\t\t\t\t\t<\/div>\n\t\t\t\t\t<\/a>\n\t\t\t\t<\/figure>\n\t\t\t<\/div>\n\t\t\t\t\t<div class=\"item-1\">\n\t\t\t\t<figure class=\"aligncenter size-large\">\n\t\t\t\t\t<a href=\"\/cs\/spa-a-wellness-centrum\/\"><img decoding=\"async\" src=\"https:\/\/www.eracleapalacehotel.it\/wp-content\/uploads\/2020\/03\/Wellness-e-spa.png\" alt=\"\" class=\"wp-image-54\">\n\t\t\t\t\t\t<div class=\"overlay\"><span class=\"dashicons dashicons-plus\"><\/span>\n\t\t\t\t\t\t\t<p class=\"promo-figcaption\">SPA A WELLNESS<\/p>\n\t\t\t\t\t\t<\/div>\n\t\t\t\t\t<\/a>\n\t\t\t\t<\/figure>\n\t\t\t<\/div>\n\t\t\t\t\t<div class=\"item-2\">\n\t\t\t\t<figure class=\"aligncenter size-large\">\n\t\t\t\t\t<a href=\"\/cs\/plaz\/\"><img decoding=\"async\" src=\"https:\/\/www.eracleapalacehotel.it\/wp-content\/uploads\/2020\/03\/Spiaggia-Privata.png\" alt=\"\" class=\"wp-image-54\">\n\t\t\t\t\t\t<div class=\"overlay\"><span class=\"dashicons dashicons-plus\"><\/span>\n\t\t\t\t\t\t\t<p class=\"promo-figcaption\">PL\u00c1\u017d<\/p>\n\t\t\t\t\t\t<\/div>\n\t\t\t\t\t<\/a>\n\t\t\t\t<\/figure>\n\t\t\t<\/div>\n\t\t\t\t\t<div class=\"item-3\">\n\t\t\t\t<figure class=\"aligncenter size-large\">\n\t\t\t\t\t<a href=\"\/cs\/fitness-centrum\/\"><img decoding=\"async\" src=\"https:\/\/www.eracleapalacehotel.it\/wp-content\/uploads\/2020\/03\/Palestra.png\" alt=\"\" class=\"wp-image-54\">\n\t\t\t\t\t\t<div class=\"overlay\"><span class=\"dashicons dashicons-plus\"><\/span>\n\t\t\t\t\t\t\t<p class=\"promo-figcaption\">FITNESS CENTRUM<\/p>\n\t\t\t\t\t\t<\/div>\n\t\t\t\t\t<\/a>\n\t\t\t\t<\/figure>\n\t\t\t<\/div>\n\t\t\t\t\n\t\t<!--\n\t\t<div class=\"item-1\">\n            <figure class=\"aligncenter size-large\">\n                <a href=\"#\"><img decoding=\"async\" src=\"http:\/\/eraclea.promoservicebeta.com\/wp-content\/uploads\/2020\/03\/colazioneTavola-disegno-1-100-1.png\" alt=\"\" class=\"wp-image-54\">\n                    <div class=\"overlay\"><span class=\"dashicons dashicons-plus\"><\/span>\n                        <p class=\"promo-figcaption\">PRIMA COLAZIONE<\/p>\n                    <\/div>\n                <\/a>\n            <\/figure>\n        <\/div>\n        <div class=\"item-2\">\n            <figure class=\"aligncenter size-large\">\n                <a href=\"#\"><img decoding=\"async\" src=\"http:\/\/eraclea.promoservicebeta.com\/wp-content\/uploads\/2020\/03\/piscina-e-jacuzzi.png\" alt=\"\" class=\"wp-image-54\">\n                    <div class=\"overlay\"><span class=\"dashicons dashicons-plus\"><\/span>\n                        <p class=\"promo-figcaption\">PRIMA COLAZIONE<\/p>\n                    <\/div>\n                <\/a>\n            <\/figure>\n        <\/div>\n        <div class=\"item-3\">\n            <figure class=\"aligncenter size-large\">\n                <a href=\"#\"><img decoding=\"async\" src=\"http:\/\/eraclea.promoservicebeta.com\/wp-content\/uploads\/2020\/03\/piscina-e-jacuzzi.png\" alt=\"\" class=\"wp-image-54\">\n                    <div class=\"overlay\"><span class=\"dashicons dashicons-plus\"><\/span>\n                        <p class=\"promo-figcaption\">PRIMA COLAZIONE<\/p>\n                    <\/div>\n                <\/a>\n            <\/figure>\n        <\/div>\n\t\t-->\n    <\/div>\n<\/div>\n\n\n\n\n<div class=\"wp-block-image promo-item-4\">\n    <div class=\"horizontal-scroll-wrapper-2\">\n\t\t\t\t\t<div class=\"services-box\">\n\t\t\t\t<a href=\"\/cs\/nase-nejlepsi-sluzby\">\n\t\t\t\t\t<img decoding=\"async\" src=\"https:\/\/www.eracleapalacehotel.it\/wp-content\/uploads\/2020\/03\/coffee-solid-1.png\" alt=\"\" class=\"wp-image-54\">\n\t\t\t\t\t<p class=\"promo-figcaption\">Otlichnyy zavtrak<\/p>\n\t\t\t\t<\/a>\n\t\t\t<\/div>\n\t\t\t\t\t<div class=\"services-box\">\n\t\t\t\t<a href=\"\/cs\/bazen-a-jacuzzi\/\">\n\t\t\t\t\t<img decoding=\"async\" src=\"https:\/\/www.eracleapalacehotel.it\/wp-content\/uploads\/2020\/03\/swimmer-solid-1.png\" alt=\"\" class=\"wp-image-54\">\n\t\t\t\t\t<p class=\"promo-figcaption\">Panoramnyy basseyn<\/p>\n\t\t\t\t<\/a>\n\t\t\t<\/div>\n\t\t\t\t\t<div class=\"services-box\">\n\t\t\t\t<a href=\"\/cs\/fitness-centrum\/\">\n\t\t\t\t\t<img decoding=\"async\" src=\"https:\/\/www.eracleapalacehotel.it\/wp-content\/uploads\/2020\/03\/dumbbell-solid-1.png\" alt=\"\" class=\"wp-image-54\">\n\t\t\t\t\t<p class=\"promo-figcaption\">Ide\u00e1ln\u00ed pro rodiny<\/p>\n\t\t\t\t<\/a>\n\t\t\t<\/div>\n\t\t\t\t\t<div class=\"services-box\">\n\t\t\t\t<a href=\"\/cs\/nase-nejlepsi-sluzby\/\">\n\t\t\t\t\t<img decoding=\"async\" src=\"https:\/\/www.eracleapalacehotel.it\/wp-content\/uploads\/2020\/03\/familyRisorsa.png\" alt=\"\" class=\"wp-image-54\">\n\t\t\t\t\t<p class=\"promo-figcaption\">Ideal'no dlya sem'i<\/p>\n\t\t\t\t<\/a>\n\t\t\t<\/div>\n\t\t\t\t\t<div class=\"services-box\">\n\t\t\t\t<a href=\"\/cs\/nase-nejlepsi-sluzby\">\n\t\t\t\t\t<img decoding=\"async\" src=\"https:\/\/www.eracleapalacehotel.it\/wp-content\/uploads\/2020\/03\/great-serviceRisorsa-2-1-1.png\" alt=\"\" class=\"wp-image-54\">\n\t\t\t\t\t<p class=\"promo-figcaption\">Otlichnyy servis<\/p>\n\t\t\t\t<\/a>\n\t\t\t<\/div>\n\t\t    <\/div>\n<\/div>\n\n\n\n<div class=\"wp-block-group promo-item-servizi\"><div class=\"wp-block-group__inner-container is-layout-flow wp-block-group-is-layout-flow\">\n<h3>Ideal&#8217;noye raspolozheniye dlya nashikh gostey!<\/h3>\n\n\n\n<h2>Kde jsme<\/h2>\n\n\n\n<p>Etot elegantnyy otel&#8216; raspolozhen v <strong>5 minutakh khod&#8217;by ot plyazha<\/strong> (300 metrov), v 6 km ot 18-lunochnogo polya dlya gol&#8217;fa Club Pra&#8216; delle Torri i v <strong>49 km ot Venetsii<\/strong>.<\/p>\n<\/div><\/div>\n\n\n\t\t\t<div \n\t\t\tclass=\"wp-block-uagb-google-map uagb-google-map__wrap uagb-block-136c8e5c-a86d-474e-a20d-031fc2fadc19     promo-item-img-servizi\"\n\t\t\tstyle=\"\" >\n\t\t\t\t<embed\n\t\t\t\t\tclass=\"uagb-google-map__iframe\"\n\t\t\t\t\ttitle=\"Google Map for \"\n\t\t\t\t\tsrc=\"https:\/\/maps.google.com\/maps?q=Hotel%20Eraclea%20Palace&#038;z=10&#038;hl=en&#038;t=m&#038;output=embed&#038;iwloc=near\"\n\t\t\t\t\twidth=\"640\"\n\t\t\t\t\theight=\"400\"\n\t\t\t\t\tloading=\"lazy\"\n\t\t\t\t><\/embed>\n\t\t\t<\/div>\n\t\t\t\n\n\n\n<div class=\"wp-block-image promo_hotel_outer_services\">\n    <div class=\"service-scroll-wrapper-2\">\n\t\t\t\t\t<div class=\"services-box\">\n\t\t\t\t<a href=\"\/cs\/eraclea-mare\/\"><img decoding=\"async\" src=\"https:\/\/www.eracleapalacehotel.it\/wp-content\/uploads\/2020\/03\/map-marked-alt-solid.png\" alt=\"\" class=\"wp-image-54\">\n\t\t\t\t\t<p class=\"promo-figcaption\">Eraclea Mare a okol\u00ed<\/p>\n\t\t\t\t<\/a>\n\t\t\t<\/div>\n\t\t\t\t\t<div class=\"services-box\">\n\t\t\t\t<a href=\"\/cs\/kyvadlova-doprava\/\"><img decoding=\"async\" src=\"https:\/\/www.eracleapalacehotel.it\/wp-content\/uploads\/2020\/03\/bus-solid.png\" alt=\"\" class=\"wp-image-54\">\n\t\t\t\t\t<p class=\"promo-figcaption\">Kyvadlov\u00e1 doprava<\/p>\n\t\t\t\t<\/a>\n\t\t\t<\/div>\n\t\t\t\t\t<div class=\"services-box\">\n\t\t\t\t<a href=\"\/cs\/jak-se-k-nam-dostanete\/\"><img decoding=\"async\" src=\"https:\/\/www.eracleapalacehotel.it\/wp-content\/uploads\/2020\/03\/route-solid-1.png\" alt=\"\" class=\"wp-image-54\">\n\t\t\t\t\t<p class=\"promo-figcaption\">Jak se k n\u00e1m dostanete \u00a0<\/p>\n\t\t\t\t<\/a>\n\t\t\t<\/div>\n\t\t\t\t\t<div class=\"services-box\">\n\t\t\t\t<a href=\"\/cs\/jak-se-k-nam-dostanete\/\"><img decoding=\"async\" src=\"https:\/\/www.eracleapalacehotel.it\/wp-content\/uploads\/2020\/03\/plane-solid.png\" alt=\"\" class=\"wp-image-54\">\n\t\t\t\t\t<p class=\"promo-figcaption\">Leti\u0161t\u011b \u00a0<\/p>\n\t\t\t\t<\/a>\n\t\t\t<\/div>\n\t\t    <\/div>\n<\/div>\n\n\n\n<div class=\"wp-block-group promo-item-offers\"><div class=\"wp-block-group__inner-container is-layout-flow wp-block-group-is-layout-flow\">\n<div class=\"offers_wrapper_container\">\n\t\t\t\t\t\t<div class=\"offers_wrapper\">\n\t\t\t\t\t\t<div class=\"offer_block\">   \n\t\t\t\t\t\t\t<h3>\u2022News\u2022<\/h3>\n\t\t\t\t\t\t\t<a href=\"https:\/\/www.eracleapalacehotel.it\/cs\/offers\/summer-2020\/\"><h2>Summer 2020<\/h2><\/a>\n\t\t\t\t\t\t\t<p class=\"promo-desc\">Our Hotel will open on 16th May 2020<\/p>\n\t\t\t\t\t\t\t<p class=\"promo-note\"><\/p>\n\t\t\t\t\t\t\t<div class=\"wp-block-button promo-margin-bottom-1\"><a class=\"wp-block-button__link has-background\" href=\"https:\/\/www.eracleapalacehotel.it\/cs\/offers\/summer-2020\/\" rel=\"noreferrer noopener\">Objevit<\/a><\/div>\n\t\t\t\t\t\t<\/div>\n\t\t\t\t\t<\/div>\n\t<\/div>\n<\/div><\/div>\n\n\n\n\n<div class=\"wp-block-image promo-item-reviews\">\n\t<div class=\"promo-item-reviews-inner\">\n\t\t<div class=\"main-title\"><h2><\/h2><\/div>\n\t\t<div class=\"review-scroll-wrapper\">\n\t\t\t\t\t<\/div>\n    <\/div>\n<\/div>\n","protected":false},"excerpt":{"rendered":"<p>Privet, kak priyatno, chto ty s nami! My teplo privetstvuyem vas Eraclea Palace Hotel****s je to nejv\u011bt\u0161\u00ed \u010dty\u0159hv\u011bzdi\u010dkov\u00fd hotel vy\u0161\u0161\u00ed kategorie v Eraclea Mare. Najdete n\u00e1s jen p\u00e1r krok\u016f od mo\u0159e , mezi Caorle a Jesolo, a jen kousek od Ben\u00e1tek. Ide\u00e1ln\u00ed destinace pro u\u017eit\u00ed si mo\u0159e d\u00edky p\u011b\u0161\u0161\u00edm t\u00far\u00e1m, na kole, na koni a [&hellip;]<\/p>\n","protected":false},"author":1,"featured_media":0,"parent":0,"menu_order":0,"comment_status":"closed","ping_status":"closed","template":"","meta":{"_acf_changed":false,"_uag_custom_page_level_css":"","advgb_blocks_editor_width":"","advgb_blocks_columns_visual_guide":"","footnotes":""},"class_list":["post-2513","page","type-page","status-publish","hentry"],"acf":[],"yoast_head":"<!-- This site is optimized with the Yoast SEO plugin v25.6 - https:\/\/yoast.com\/wordpress\/plugins\/seo\/ -->\n<title>Eraclea Palace Hotel ****s - Eraclea Mare<\/title>\n<meta name=\"robots\" content=\"index, follow, max-snippet:-1, max-image-preview:large, max-video-preview:-1\" \/>\n<link rel=\"canonical\" href=\"https:\/\/www.eracleapalacehotel.it\/cs\/\" \/>\n<meta property=\"og:locale\" content=\"cs_CZ\" \/>\n<meta property=\"og:type\" content=\"article\" \/>\n<meta property=\"og:title\" content=\"Eraclea Palace Hotel ****s - Eraclea Mare\" \/>\n<meta property=\"og:description\" content=\"Privet, kak priyatno, chto ty s nami! My teplo privetstvuyem vas Eraclea Palace Hotel****s je to nejv\u011bt\u0161\u00ed \u010dty\u0159hv\u011bzdi\u010dkov\u00fd hotel vy\u0161\u0161\u00ed kategorie v Eraclea Mare. Najdete n\u00e1s jen p\u00e1r krok\u016f od mo\u0159e , mezi Caorle a Jesolo, a jen kousek od Ben\u00e1tek. Ide\u00e1ln\u00ed destinace pro u\u017eit\u00ed si mo\u0159e d\u00edky p\u011b\u0161\u0161\u00edm t\u00far\u00e1m, na kole, na koni a [&hellip;]\" \/>\n<meta property=\"og:url\" content=\"https:\/\/www.eracleapalacehotel.it\/cs\/\" \/>\n<meta property=\"og:site_name\" content=\"Eraclea Palace Hotel\" \/>\n<meta property=\"article:modified_time\" content=\"2020-04-28T14:53:19+00:00\" \/>\n<meta property=\"og:image\" content=\"https:\/\/www.eracleapalacehotel.it\/wp-content\/uploads\/2020\/03\/hotel-con-piscina-vista-mare-eraclea-1024x683.jpg\" \/>\n<meta name=\"twitter:card\" content=\"summary_large_image\" \/>\n<meta name=\"twitter:label1\" content=\"Odhadovan\u00e1 doba \u010dten\u00ed\" \/>\n\t<meta name=\"twitter:data1\" content=\"1 minuta\" \/>\n<script type=\"application\/ld+json\" class=\"yoast-schema-graph\">{\"@context\":\"https:\/\/schema.org\",\"@graph\":[{\"@type\":\"WebPage\",\"@id\":\"https:\/\/www.eracleapalacehotel.it\/cs\/\",\"url\":\"https:\/\/www.eracleapalacehotel.it\/cs\/\",\"name\":\"Eraclea Palace Hotel ****s - Eraclea Mare\",\"isPartOf\":{\"@id\":\"https:\/\/www.eracleapalacehotel.it\/cs\/#website\"},\"primaryImageOfPage\":{\"@id\":\"https:\/\/www.eracleapalacehotel.it\/cs\/#primaryimage\"},\"image\":{\"@id\":\"https:\/\/www.eracleapalacehotel.it\/cs\/#primaryimage\"},\"thumbnailUrl\":\"https:\/\/www.eracleapalacehotel.it\/wp-content\/uploads\/2020\/03\/hotel-con-piscina-vista-mare-eraclea-1024x683.jpg\",\"datePublished\":\"2020-02-13T14:47:01+00:00\",\"dateModified\":\"2020-04-28T14:53:19+00:00\",\"breadcrumb\":{\"@id\":\"https:\/\/www.eracleapalacehotel.it\/cs\/#breadcrumb\"},\"inLanguage\":\"cs\",\"potentialAction\":[{\"@type\":\"ReadAction\",\"target\":[\"https:\/\/www.eracleapalacehotel.it\/cs\/\"]}]},{\"@type\":\"ImageObject\",\"inLanguage\":\"cs\",\"@id\":\"https:\/\/www.eracleapalacehotel.it\/cs\/#primaryimage\",\"url\":\"https:\/\/www.eracleapalacehotel.it\/wp-content\/uploads\/2020\/03\/hotel-con-piscina-vista-mare-eraclea-1024x683.jpg\",\"contentUrl\":\"https:\/\/www.eracleapalacehotel.it\/wp-content\/uploads\/2020\/03\/hotel-con-piscina-vista-mare-eraclea-1024x683.jpg\"},{\"@type\":\"BreadcrumbList\",\"@id\":\"https:\/\/www.eracleapalacehotel.it\/cs\/#breadcrumb\",\"itemListElement\":[{\"@type\":\"ListItem\",\"position\":1,\"name\":\"Home\",\"item\":\"https:\/\/www.eracleapalacehotel.it\/cs\/\"},{\"@type\":\"ListItem\",\"position\":2,\"name\":\"Home\"}]},{\"@type\":\"WebSite\",\"@id\":\"https:\/\/www.eracleapalacehotel.it\/cs\/#website\",\"url\":\"https:\/\/www.eracleapalacehotel.it\/cs\/\",\"name\":\"Eraclea Palace Hotel\",\"description\":\"****s - Eraclea Mare\",\"publisher\":{\"@id\":\"https:\/\/www.eracleapalacehotel.it\/cs\/#organization\"},\"potentialAction\":[{\"@type\":\"SearchAction\",\"target\":{\"@type\":\"EntryPoint\",\"urlTemplate\":\"https:\/\/www.eracleapalacehotel.it\/cs\/?s={search_term_string}\"},\"query-input\":{\"@type\":\"PropertyValueSpecification\",\"valueRequired\":true,\"valueName\":\"search_term_string\"}}],\"inLanguage\":\"cs\"},{\"@type\":\"Organization\",\"@id\":\"https:\/\/www.eracleapalacehotel.it\/cs\/#organization\",\"name\":\"Eraclea Palace Hotel\",\"url\":\"https:\/\/www.eracleapalacehotel.it\/cs\/\",\"logo\":{\"@type\":\"ImageObject\",\"inLanguage\":\"cs\",\"@id\":\"https:\/\/www.eracleapalacehotel.it\/cs\/#\/schema\/logo\/image\/\",\"url\":\"https:\/\/www.eracleapalacehotel.it\/wp-content\/uploads\/2020\/03\/cropped-logo_Eraclea_palace_hotel@2x.png\",\"contentUrl\":\"https:\/\/www.eracleapalacehotel.it\/wp-content\/uploads\/2020\/03\/cropped-logo_Eraclea_palace_hotel@2x.png\",\"width\":400,\"height\":277,\"caption\":\"Eraclea Palace Hotel\"},\"image\":{\"@id\":\"https:\/\/www.eracleapalacehotel.it\/cs\/#\/schema\/logo\/image\/\"}}]}<\/script>\n<!-- \/ Yoast SEO plugin. -->","yoast_head_json":{"title":"Eraclea Palace Hotel ****s - Eraclea Mare","robots":{"index":"index","follow":"follow","max-snippet":"max-snippet:-1","max-image-preview":"max-image-preview:large","max-video-preview":"max-video-preview:-1"},"canonical":"https:\/\/www.eracleapalacehotel.it\/cs\/","og_locale":"cs_CZ","og_type":"article","og_title":"Eraclea Palace Hotel ****s - Eraclea Mare","og_description":"Privet, kak priyatno, chto ty s nami! My teplo privetstvuyem vas Eraclea Palace Hotel****s je to nejv\u011bt\u0161\u00ed \u010dty\u0159hv\u011bzdi\u010dkov\u00fd hotel vy\u0161\u0161\u00ed kategorie v Eraclea Mare. Najdete n\u00e1s jen p\u00e1r krok\u016f od mo\u0159e , mezi Caorle a Jesolo, a jen kousek od Ben\u00e1tek. Ide\u00e1ln\u00ed destinace pro u\u017eit\u00ed si mo\u0159e d\u00edky p\u011b\u0161\u0161\u00edm t\u00far\u00e1m, na kole, na koni a [&hellip;]","og_url":"https:\/\/www.eracleapalacehotel.it\/cs\/","og_site_name":"Eraclea Palace Hotel","article_modified_time":"2020-04-28T14:53:19+00:00","og_image":[{"url":"https:\/\/www.eracleapalacehotel.it\/wp-content\/uploads\/2020\/03\/hotel-con-piscina-vista-mare-eraclea-1024x683.jpg","type":"","width":"","height":""}],"twitter_card":"summary_large_image","twitter_misc":{"Odhadovan\u00e1 doba \u010dten\u00ed":"1 minuta"},"schema":{"@context":"https:\/\/schema.org","@graph":[{"@type":"WebPage","@id":"https:\/\/www.eracleapalacehotel.it\/cs\/","url":"https:\/\/www.eracleapalacehotel.it\/cs\/","name":"Eraclea Palace Hotel ****s - Eraclea Mare","isPartOf":{"@id":"https:\/\/www.eracleapalacehotel.it\/cs\/#website"},"primaryImageOfPage":{"@id":"https:\/\/www.eracleapalacehotel.it\/cs\/#primaryimage"},"image":{"@id":"https:\/\/www.eracleapalacehotel.it\/cs\/#primaryimage"},"thumbnailUrl":"https:\/\/www.eracleapalacehotel.it\/wp-content\/uploads\/2020\/03\/hotel-con-piscina-vista-mare-eraclea-1024x683.jpg","datePublished":"2020-02-13T14:47:01+00:00","dateModified":"2020-04-28T14:53:19+00:00","breadcrumb":{"@id":"https:\/\/www.eracleapalacehotel.it\/cs\/#breadcrumb"},"inLanguage":"cs","potentialAction":[{"@type":"ReadAction","target":["https:\/\/www.eracleapalacehotel.it\/cs\/"]}]},{"@type":"ImageObject","inLanguage":"cs","@id":"https:\/\/www.eracleapalacehotel.it\/cs\/#primaryimage","url":"https:\/\/www.eracleapalacehotel.it\/wp-content\/uploads\/2020\/03\/hotel-con-piscina-vista-mare-eraclea-1024x683.jpg","contentUrl":"https:\/\/www.eracleapalacehotel.it\/wp-content\/uploads\/2020\/03\/hotel-con-piscina-vista-mare-eraclea-1024x683.jpg"},{"@type":"BreadcrumbList","@id":"https:\/\/www.eracleapalacehotel.it\/cs\/#breadcrumb","itemListElement":[{"@type":"ListItem","position":1,"name":"Home","item":"https:\/\/www.eracleapalacehotel.it\/cs\/"},{"@type":"ListItem","position":2,"name":"Home"}]},{"@type":"WebSite","@id":"https:\/\/www.eracleapalacehotel.it\/cs\/#website","url":"https:\/\/www.eracleapalacehotel.it\/cs\/","name":"Eraclea Palace Hotel","description":"****s - Eraclea Mare","publisher":{"@id":"https:\/\/www.eracleapalacehotel.it\/cs\/#organization"},"potentialAction":[{"@type":"SearchAction","target":{"@type":"EntryPoint","urlTemplate":"https:\/\/www.eracleapalacehotel.it\/cs\/?s={search_term_string}"},"query-input":{"@type":"PropertyValueSpecification","valueRequired":true,"valueName":"search_term_string"}}],"inLanguage":"cs"},{"@type":"Organization","@id":"https:\/\/www.eracleapalacehotel.it\/cs\/#organization","name":"Eraclea Palace Hotel","url":"https:\/\/www.eracleapalacehotel.it\/cs\/","logo":{"@type":"ImageObject","inLanguage":"cs","@id":"https:\/\/www.eracleapalacehotel.it\/cs\/#\/schema\/logo\/image\/","url":"https:\/\/www.eracleapalacehotel.it\/wp-content\/uploads\/2020\/03\/cropped-logo_Eraclea_palace_hotel@2x.png","contentUrl":"https:\/\/www.eracleapalacehotel.it\/wp-content\/uploads\/2020\/03\/cropped-logo_Eraclea_palace_hotel@2x.png","width":400,"height":277,"caption":"Eraclea Palace Hotel"},"image":{"@id":"https:\/\/www.eracleapalacehotel.it\/cs\/#\/schema\/logo\/image\/"}}]}},"uagb_featured_image_src":{"full":false,"thumbnail":false,"medium":false,"medium_large":false,"large":false,"1536x1536":false,"2048x2048":false,"post-thumbnail":false,"twentytwenty-fullscreen":false},"uagb_author_info":{"display_name":"3r4cl3-p4l4","author_link":"https:\/\/www.eracleapalacehotel.it\/cs\/author\/3r4cl3-p4l4\/"},"uagb_comment_info":0,"uagb_excerpt":"Privet, kak priyatno, chto ty s nami! My teplo privetstvuyem vas Eraclea Palace Hotel****s je to nejv\u011bt\u0161\u00ed \u010dty\u0159hv\u011bzdi\u010dkov\u00fd hotel vy\u0161\u0161\u00ed kategorie v Eraclea Mare. Najdete n\u00e1s jen p\u00e1r krok\u016f od mo\u0159e , mezi Caorle a Jesolo, a jen kousek od Ben\u00e1tek. Ide\u00e1ln\u00ed destinace pro u\u017eit\u00ed si mo\u0159e d\u00edky p\u011b\u0161\u0161\u00edm t\u00far\u00e1m, na kole, na koni a&hellip;","coauthors":[],"author_meta":{"author_link":"https:\/\/www.eracleapalacehotel.it\/cs\/author\/3r4cl3-p4l4\/","display_name":"3r4cl3-p4l4"},"relative_dates":{"created":"Posted 6 roky ago","modified":"Updated 6 roky ago"},"absolute_dates":{"created":"Posted on 13 \u00fanora 2020","modified":"Updated on 28 dubna 2020"},"absolute_dates_time":{"created":"Posted on 13 \u00fanora 2020 15:47","modified":"Updated on 28 dubna 2020 16:53"},"featured_img_caption":"","featured_img":false,"series_order":"","_links":{"self":[{"href":"https:\/\/www.eracleapalacehotel.it\/cs\/wp-json\/wp\/v2\/pages\/2513","targetHints":{"allow":["GET"]}}],"collection":[{"href":"https:\/\/www.eracleapalacehotel.it\/cs\/wp-json\/wp\/v2\/pages"}],"about":[{"href":"https:\/\/www.eracleapalacehotel.it\/cs\/wp-json\/wp\/v2\/types\/page"}],"author":[{"embeddable":true,"href":"https:\/\/www.eracleapalacehotel.it\/cs\/wp-json\/wp\/v2\/users\/1"}],"replies":[{"embeddable":true,"href":"https:\/\/www.eracleapalacehotel.it\/cs\/wp-json\/wp\/v2\/comments?post=2513"}],"version-history":[{"count":0,"href":"https:\/\/www.eracleapalacehotel.it\/cs\/wp-json\/wp\/v2\/pages\/2513\/revisions"}],"wp:attachment":[{"href":"https:\/\/www.eracleapalacehotel.it\/cs\/wp-json\/wp\/v2\/media?parent=2513"}],"curies":[{"name":"wp","href":"https:\/\/api.w.org\/{rel}","templated":true}]}}