{"id":2469,"date":"2020-04-03T14:43:25","date_gmt":"2020-04-03T12:43:25","guid":{"rendered":"http:\/\/eraclea.promoservicebeta.com\/?page_id=2469"},"modified":"2022-03-25T11:48:14","modified_gmt":"2022-03-25T10:48:14","slug":"eraclea-palace-hotel-da-tradurre","status":"publish","type":"page","link":"https:\/\/www.eracleapalacehotel.it\/cs\/eraclea-palace-hotel-da-tradurre\/","title":{"rendered":"Eraclea Palace Hotel"},"content":{"rendered":"\n<div style=\"height:60px\" aria-hidden=\"true\" class=\"wp-block-spacer\"><\/div>\n\n\n\n<div class=\"wp-block-group promo-eracleaint-1\"><div class=\"wp-block-group__inner-container is-layout-flow wp-block-group-is-layout-flow\">\n<h3 class=\"wp-block-heading\">Dovolen\u00e1 na m\u00edru v&nbsp;atmosf\u00e9\u0159e klidu a relaxace<\/h3>\n\n\n\n<h2 class=\"wp-block-heading\">V\u00edtejte v&nbsp;Eraclea Palace Hote<\/h2>\n\n\n\n<p><strong>Eraclea Palace Hotel**** <\/strong>je nejv\u011bt\u0161\u00ed \u010dty\u0159hv\u011bzdi\u010dkov\u00fd hotel v&nbsp;Eraclea Mare. Najdete n\u00e1s u borov\u00e9ho lesa a jen p\u00e1r krok\u016f od mo\u0159e.<\/p>\n\n\n\n<div style=\"height:20px\" aria-hidden=\"true\" class=\"wp-block-spacer\"><\/div>\n\n\n\n<p><strong>Nov\u011b postaven\u00fd hotel nab\u00edz\u00ed host\u016fm ve\u0161ker\u00e9 pohodl\u00ed <\/strong>pro nezapomenutelnou dovolenou u mo\u0159e:<\/p>\n\n\n\n<div class=\"wp-block-columns is-layout-flex wp-container-core-columns-is-layout-9d6595d7 wp-block-columns-is-layout-flex\">\n<div class=\"wp-block-column is-layout-flow wp-block-column-is-layout-flow\">\n<ul class=\"wp-block-list\"><li>dva vyh\u0159\u00edvan\u00e9 baz\u00e9ny s&nbsp;panoramatick\u00fdm v\u00fdhledem na mo\u0159e, sol\u00e1rn\u00ed terasa;<\/li><li>dob\u0159e vybaven\u00e9 wellness centrum \u2013 sauna, tureck\u00e1 l\u00e1ze\u0148, emo\u010dn\u00ed sprcha;<\/li><li>fitness koutek a koutek pro d\u011bti;<\/li><li>hala, recepce otev\u0159en\u00e1 24h denn\u011b;<\/li><\/ul>\n<\/div>\n\n\n\n<div class=\"wp-block-column is-layout-flow wp-block-column-is-layout-flow\">\n<ul class=\"wp-block-list\"><li>restaurace, bar, americk\u00fd bar u baz\u00e9nu;<\/li><li>zasedac\u00ed m\u00edstnost pro 10 a\u017e 100 lid\u00ed;<\/li><li>dva v\u00fdtahy;<\/li><li>pr\u00e1delna na \u017eetony a \u017eehlen\u00ed zdarma;<\/li><li>parkovi\u0161t\u011b\/gar\u00e1\u017e.<\/li><\/ul>\n<\/div>\n<\/div>\n<\/div><\/div>\n\n\n\n<div id=\"promo-eracleaint-2\" class=\"wp-block-group promo-eracleaint-2\"><div class=\"wp-block-group__inner-container is-layout-flow wp-block-group-is-layout-flow\">\n<figure class=\"wp-block-image size-large\"><img loading=\"lazy\" decoding=\"async\" width=\"1000\" height=\"1000\" src=\"https:\/\/www.eracleapalacehotel.it\/wp-content\/uploads\/2020\/03\/Hotel_Eraclea_palace_ESTERNO_quadrata.jpg\" alt=\"\" class=\"wp-image-698\" srcset=\"https:\/\/www.eracleapalacehotel.it\/wp-content\/uploads\/2020\/03\/Hotel_Eraclea_palace_ESTERNO_quadrata.jpg 1000w, https:\/\/www.eracleapalacehotel.it\/wp-content\/uploads\/2020\/03\/Hotel_Eraclea_palace_ESTERNO_quadrata-300x300.jpg 300w, https:\/\/www.eracleapalacehotel.it\/wp-content\/uploads\/2020\/03\/Hotel_Eraclea_palace_ESTERNO_quadrata-150x150.jpg 150w, https:\/\/www.eracleapalacehotel.it\/wp-content\/uploads\/2020\/03\/Hotel_Eraclea_palace_ESTERNO_quadrata-768x768.jpg 768w\" sizes=\"auto, (max-width: 1000px) 100vw, 1000px\" \/><\/figure>\n\n\n\n<div style=\"height:60px\" aria-hidden=\"true\" class=\"wp-block-spacer\"><\/div>\n<\/div><\/div>\n\n\n\n<div class=\"wp-block-group promo-eracleaint-133\"><div class=\"wp-block-group__inner-container is-layout-flow wp-block-group-is-layout-flow\">\n<div class=\"wp-block-image\"><figure class=\"aligncenter size-full is-resized\"><img loading=\"lazy\" decoding=\"async\" src=\"https:\/\/www.eracleapalacehotel.it\/wp-content\/uploads\/2020\/03\/eraclea_palace_hotel_eraclea-mare.jpg\" alt=\"\" class=\"wp-image-708\" width=\"720\" height=\"488\" srcset=\"https:\/\/www.eracleapalacehotel.it\/wp-content\/uploads\/2020\/03\/eraclea_palace_hotel_eraclea-mare.jpg 960w, https:\/\/www.eracleapalacehotel.it\/wp-content\/uploads\/2020\/03\/eraclea_palace_hotel_eraclea-mare-300x203.jpg 300w, https:\/\/www.eracleapalacehotel.it\/wp-content\/uploads\/2020\/03\/eraclea_palace_hotel_eraclea-mare-768x520.jpg 768w\" sizes=\"auto, (max-width: 720px) 100vw, 720px\" \/><\/figure><\/div>\n<\/div><\/div>\n\n\n\n<p class=\"promo-eracleaint-144\"><strong>Najdete n\u00e1s jen p\u00e1r krok\u016f od mo\u0159e<\/strong> , mezi Caorle a Jesolo, a jen kousek od Ben\u00e1tek.<br><br>Ide\u00e1ln\u00ed destinace pro u\u017eit\u00ed si mo\u0159e d\u00edky p\u011b\u0161\u00edm t\u00far\u00e1m, na kole, na koni a pro ty, kte\u0159\u00ed krom\u011b relaxace u mo\u0159e r\u00e1di nav\u0161t\u011bvuj\u00ed kulturn\u00ed m\u00edsta.<br><br>N\u00e1\u0161 person\u00e1l je k&nbsp;dispozici pro po\u0159\u00e1d\u00e1n\u00ed v\u00fdlet\u016f do bl\u00edzk\u00fdch m\u011bst: Ben\u00e1tky, Treviso, Padova, Trieste, Concordia Sagittaria, v\u0161e snadno dostupn\u00e9 autem nebo ve\u0159ejnou dopravou.<\/p>\n\n\n\n<div class=\"promo-eraclea-services\"> \n    <div class=\"promo-eraclea-services1 border-animation\">\n        <figure class=\"wp-block-image size-large is-resized\"><img loading=\"lazy\" decoding=\"async\" src=\"https:\/\/eracleapalacehotel.it\/wp-content\/uploads\/2020\/03\/wi-fi-icon@2x.png\" alt=\"\" width=\"61\" height=\"60\">\n        <\/figure>\n        <figcaption class=\"promo-caption-services\">Wi-fi<\/figcaption>\n    <\/div>\n    <div class=\"promo-eraclea-services2\">\n        <figure class=\"wp-block-image size-large is-resized\"><img loading=\"lazy\" decoding=\"async\" src=\"https:\/\/eracleapalacehotel.it\/wp-content\/uploads\/2020\/03\/piscina-icon@2x.png\" alt=\"\" width=\"61\" height=\"60\">\n        <\/figure>\n        <figcaption class=\"promo-caption-services\">Baz\u00e9n a jacuzzi<\/figcaption>\n    <\/div>\n    <div class=\"promo-eraclea-services3\">\n        <figure class=\"wp-block-image size-large is-resized\"><img loading=\"lazy\" decoding=\"async\" src=\"https:\/\/eracleapalacehotel.it\/wp-content\/uploads\/2020\/03\/spiaggia-icon@2x.png\" alt=\"\" width=\"61\" height=\"60\">\n        <\/figure>\n        <figcaption class=\"promo-caption-services\">Soukrom\u00e1 pl\u00e1\u017e<\/figcaption>\n    <\/div>\n    <div class=\"promo-eraclea-services4\">\n        <figure class=\"wp-block-image size-large is-resized\"><img loading=\"lazy\" decoding=\"async\" src=\"https:\/\/eracleapalacehotel.it\/wp-content\/uploads\/2020\/03\/spa-icon@2x.png\" alt=\"\" width=\"61\" height=\"60\">\n        <\/figure>\n        <figcaption class=\"promo-caption-services\">Wellness centrum<\/figcaption>\n    <\/div>\n    <div class=\"promo-eraclea-services5\">\n        <figure class=\"wp-block-image size-large is-resized\"><img loading=\"lazy\" decoding=\"async\" src=\"https:\/\/eracleapalacehotel.it\/wp-content\/uploads\/2020\/03\/palestra-icon@2x.png\" alt=\"\" width=\"61\" height=\"60\">\n        <\/figure>\n        <figcaption class=\"promo-caption-services\">Fitness centrum<\/figcaption>\n    <\/div>\n    <div class=\"promo-eraclea-services6\">\n        <figure class=\"wp-block-image size-large is-resized\"><img loading=\"lazy\" decoding=\"async\" src=\"https:\/\/eracleapalacehotel.it\/wp-content\/uploads\/2020\/03\/accessibile-icon@2x.png\" alt=\"\" width=\"61\" height=\"60\">\n        <\/figure>\n        <figcaption class=\"promo-caption-services\">Accessibile<\/figcaption>\n    <\/div>\n\n    <div class=\"promo-eraclea-services1_2\">\n        <figure class=\"wp-block-image size-large is-resized\"><img loading=\"lazy\" decoding=\"async\" src=\"https:\/\/eracleapalacehotel.it\/wp-content\/uploads\/2020\/03\/Aparthotel-icon@2x.png\" alt=\"\" width=\"61\" height=\"60\">\n        <\/figure>\n        <figcaption class=\"promo-caption-services\">Aparthotel<\/figcaption>\n    <\/div>\n    <div class=\"promo-eraclea-services2_2\">\n        <figure class=\"wp-block-image size-large is-resized\"><img loading=\"lazy\" decoding=\"async\" src=\"https:\/\/eracleapalacehotel.it\/wp-content\/uploads\/2020\/03\/family-icon@2x.png\" alt=\"\" width=\"61\" height=\"60\">\n        <\/figure>\n        <figcaption class=\"promo-caption-services\">Pro rodiny<\/figcaption>\n    <\/div>\n    <div class=\"promo-eraclea-services3_2\">\n        <figure class=\"wp-block-image size-large is-resized\"><img loading=\"lazy\" decoding=\"async\" src=\"https:\/\/eracleapalacehotel.it\/wp-content\/uploads\/2020\/03\/bar-icon@2x.png\" alt=\"\" width=\"61\" height=\"60\">\n        <\/figure>\n        <figcaption class=\"promo-caption-services\">Bar<\/figcaption>\n    <\/div>\n    <div class=\"promo-eraclea-services4_2\">\n        <figure class=\"wp-block-image size-large is-resized\"><img loading=\"lazy\" decoding=\"async\" src=\"https:\/\/eracleapalacehotel.it\/wp-content\/uploads\/2020\/03\/colazione-icon@2x.png\" alt=\"\" width=\"61\" height=\"60\">\n        <\/figure>\n        <figcaption class=\"promo-caption-services\">Sn\u00eddan\u011b<\/figcaption>\n    <\/div>\n    <div class=\"promo-eraclea-services5_2\">\n        <figure class=\"wp-block-image size-large is-resized\"><img loading=\"lazy\" decoding=\"async\" src=\"https:\/\/eracleapalacehotel.it\/wp-content\/uploads\/2020\/03\/lavanderia-icon@2x.png\" alt=\"\" width=\"61\" height=\"60\">\n        <\/figure>\n        <figcaption class=\"promo-caption-services\">Pr\u00e1dlo<\/figcaption>\n    <\/div>\n    <div class=\"promo-eraclea-services6_2\">\n        <figure class=\"wp-block-image size-large is-resized\"><img loading=\"lazy\" decoding=\"async\" src=\"https:\/\/eracleapalacehotel.it\/wp-content\/uploads\/2020\/03\/parcheggio-icon@2x.png\" alt=\"\" width=\"61\" height=\"60\">\n        <\/figure>\n        <figcaption class=\"promo-caption-services\">Parkov\u00e1n\u00ed<\/figcaption>\n    <\/div>\n    <div class=\"promo-eraclea-services1_3\">\n        <figure class=\"wp-block-image size-large is-resized\"><img loading=\"lazy\" decoding=\"async\" src=\"https:\/\/www.eracleapalacehotel.it\/wp-content\/uploads\/2020\/04\/Icon_Babysitter.png\" alt=\"\" width=\"61\" height=\"60\">\n        <\/figure>\n        <figcaption class=\"promo-caption-services\">Babysitter<\/figcaption>\n    <\/div>\n    <div class=\"promo-eraclea-services2_3\">\n        <figure class=\"wp-block-image size-large is-resized\"><img loading=\"lazy\" decoding=\"async\" src=\"https:\/\/www.eracleapalacehotel.it\/wp-content\/uploads\/2020\/04\/icon_Babyclub.png\" alt=\"\" width=\"61\" height=\"60\">\n        <\/figure>\n        <figcaption class=\"promo-caption-services\">d\u011btsk\u00fd klub<\/figcaption>\n    <\/div>\n    <div class=\"promo-eraclea-services3_3\">\n        <figure class=\"wp-block-image size-large is-resized\"><img loading=\"lazy\" decoding=\"async\" src=\"https:\/\/www.eracleapalacehotel.it\/wp-content\/uploads\/2020\/04\/bici-icon@2x.png\" alt=\"\" width=\"61\" height=\"60\">\n        <\/figure>\n        <figcaption class=\"promo-caption-services\">P\u016fj\u010dovna kol<\/figcaption>\n    <\/div>\n    <div class=\"promo-eraclea-services4_3\">\n        <figure class=\"wp-block-image size-large is-resized\"><img loading=\"lazy\" decoding=\"async\" src=\"https:\/\/www.eracleapalacehotel.it\/wp-content\/uploads\/2020\/04\/Icon_solarium.png\" alt=\"\" width=\"61\" height=\"60\">\n        <\/figure>\n        <figcaption class=\"promo-caption-services\">Solarium<\/figcaption>\n    <\/div>\n<\/div>\n\n\n\n<p><\/p>\n","protected":false},"excerpt":{"rendered":"<p>Dovolen\u00e1 na m\u00edru v&nbsp;atmosf\u00e9\u0159e klidu a relaxace V\u00edtejte v&nbsp;Eraclea Palace Hote Eraclea Palace Hotel**** je nejv\u011bt\u0161\u00ed \u010dty\u0159hv\u011bzdi\u010dkov\u00fd hotel v&nbsp;Eraclea Mare. Najdete n\u00e1s u borov\u00e9ho lesa a jen p\u00e1r krok\u016f od mo\u0159e. Nov\u011b postaven\u00fd hotel nab\u00edz\u00ed host\u016fm ve\u0161ker\u00e9 pohodl\u00ed pro nezapomenutelnou dovolenou u mo\u0159e: dva vyh\u0159\u00edvan\u00e9 baz\u00e9ny s&nbsp;panoramatick\u00fdm v\u00fdhledem na mo\u0159e, sol\u00e1rn\u00ed terasa; dob\u0159e vybaven\u00e9 wellness [&hellip;]<\/p>\n","protected":false},"author":1,"featured_media":2444,"parent":0,"menu_order":0,"comment_status":"closed","ping_status":"closed","template":"","meta":{"_acf_changed":false,"_uag_custom_page_level_css":"","advgb_blocks_editor_width":"","advgb_blocks_columns_visual_guide":"","footnotes":""},"class_list":["post-2469","page","type-page","status-publish","has-post-thumbnail","hentry"],"acf":[],"yoast_head":"<!-- This site is optimized with the Yoast SEO plugin v25.6 - https:\/\/yoast.com\/wordpress\/plugins\/seo\/ -->\n<title>Eraclea Palace Hotel ****s - Eraclea Mare<\/title>\n<meta name=\"description\" content=\"Eraclea Palace Hotel**** je nejv\u011bt\u0161\u00ed \u010dty\u0159hv\u011bzdi\u010dkov\u00fd hotel v Eraclea Mare. Najdete n\u00e1s u borov\u00e9ho lesa a jen p\u00e1r krok\u016f od mo\u0159e.\" \/>\n<meta name=\"robots\" content=\"index, follow, max-snippet:-1, max-image-preview:large, max-video-preview:-1\" \/>\n<link rel=\"canonical\" href=\"https:\/\/www.eracleapalacehotel.it\/cs\/eraclea-palace-hotel-da-tradurre\/\" \/>\n<meta property=\"og:locale\" content=\"cs_CZ\" \/>\n<meta property=\"og:type\" content=\"article\" \/>\n<meta property=\"og:title\" content=\"Eraclea Palace Hotel ****s - Eraclea Mare\" \/>\n<meta property=\"og:description\" content=\"Eraclea Palace Hotel**** je nejv\u011bt\u0161\u00ed \u010dty\u0159hv\u011bzdi\u010dkov\u00fd hotel v Eraclea Mare. Najdete n\u00e1s u borov\u00e9ho lesa a jen p\u00e1r krok\u016f od mo\u0159e.\" \/>\n<meta property=\"og:url\" content=\"https:\/\/www.eracleapalacehotel.it\/cs\/eraclea-palace-hotel-da-tradurre\/\" \/>\n<meta property=\"og:site_name\" content=\"Eraclea Palace Hotel\" \/>\n<meta property=\"article:modified_time\" content=\"2022-03-25T10:48:14+00:00\" \/>\n<meta property=\"og:image\" content=\"https:\/\/www.eracleapalacehotel.it\/wp-content\/uploads\/2020\/04\/Eraclea_Palace_Hotel_esterno@2x.jpg\" \/>\n\t<meta property=\"og:image:width\" content=\"2560\" \/>\n\t<meta property=\"og:image:height\" content=\"563\" \/>\n\t<meta property=\"og:image:type\" content=\"image\/jpeg\" \/>\n<meta name=\"twitter:card\" content=\"summary_large_image\" \/>\n<meta name=\"twitter:label1\" content=\"Odhadovan\u00e1 doba \u010dten\u00ed\" \/>\n\t<meta name=\"twitter:data1\" content=\"5 minut\" \/>\n<script type=\"application\/ld+json\" class=\"yoast-schema-graph\">{\"@context\":\"https:\/\/schema.org\",\"@graph\":[{\"@type\":\"WebPage\",\"@id\":\"https:\/\/www.eracleapalacehotel.it\/cs\/eraclea-palace-hotel-da-tradurre\/\",\"url\":\"https:\/\/www.eracleapalacehotel.it\/cs\/eraclea-palace-hotel-da-tradurre\/\",\"name\":\"Eraclea Palace Hotel ****s - Eraclea Mare\",\"isPartOf\":{\"@id\":\"https:\/\/www.eracleapalacehotel.it\/cs\/#website\"},\"primaryImageOfPage\":{\"@id\":\"https:\/\/www.eracleapalacehotel.it\/cs\/eraclea-palace-hotel-da-tradurre\/#primaryimage\"},\"image\":{\"@id\":\"https:\/\/www.eracleapalacehotel.it\/cs\/eraclea-palace-hotel-da-tradurre\/#primaryimage\"},\"thumbnailUrl\":\"https:\/\/www.eracleapalacehotel.it\/wp-content\/uploads\/2020\/04\/Eraclea_Palace_Hotel_esterno@2x.jpg\",\"datePublished\":\"2020-04-03T12:43:25+00:00\",\"dateModified\":\"2022-03-25T10:48:14+00:00\",\"description\":\"Eraclea Palace Hotel**** je nejv\u011bt\u0161\u00ed \u010dty\u0159hv\u011bzdi\u010dkov\u00fd hotel v Eraclea Mare. Najdete n\u00e1s u borov\u00e9ho lesa a jen p\u00e1r krok\u016f od mo\u0159e.\",\"breadcrumb\":{\"@id\":\"https:\/\/www.eracleapalacehotel.it\/cs\/eraclea-palace-hotel-da-tradurre\/#breadcrumb\"},\"inLanguage\":\"cs\",\"potentialAction\":[{\"@type\":\"ReadAction\",\"target\":[\"https:\/\/www.eracleapalacehotel.it\/cs\/eraclea-palace-hotel-da-tradurre\/\"]}]},{\"@type\":\"ImageObject\",\"inLanguage\":\"cs\",\"@id\":\"https:\/\/www.eracleapalacehotel.it\/cs\/eraclea-palace-hotel-da-tradurre\/#primaryimage\",\"url\":\"https:\/\/www.eracleapalacehotel.it\/wp-content\/uploads\/2020\/04\/Eraclea_Palace_Hotel_esterno@2x.jpg\",\"contentUrl\":\"https:\/\/www.eracleapalacehotel.it\/wp-content\/uploads\/2020\/04\/Eraclea_Palace_Hotel_esterno@2x.jpg\",\"width\":2560,\"height\":563},{\"@type\":\"BreadcrumbList\",\"@id\":\"https:\/\/www.eracleapalacehotel.it\/cs\/eraclea-palace-hotel-da-tradurre\/#breadcrumb\",\"itemListElement\":[{\"@type\":\"ListItem\",\"position\":1,\"name\":\"Home\",\"item\":\"https:\/\/www.eracleapalacehotel.it\/cs\/\"},{\"@type\":\"ListItem\",\"position\":2,\"name\":\"Eraclea Palace Hotel\"}]},{\"@type\":\"WebSite\",\"@id\":\"https:\/\/www.eracleapalacehotel.it\/cs\/#website\",\"url\":\"https:\/\/www.eracleapalacehotel.it\/cs\/\",\"name\":\"Eraclea Palace Hotel\",\"description\":\"****s - Eraclea Mare\",\"publisher\":{\"@id\":\"https:\/\/www.eracleapalacehotel.it\/cs\/#organization\"},\"potentialAction\":[{\"@type\":\"SearchAction\",\"target\":{\"@type\":\"EntryPoint\",\"urlTemplate\":\"https:\/\/www.eracleapalacehotel.it\/cs\/?s={search_term_string}\"},\"query-input\":{\"@type\":\"PropertyValueSpecification\",\"valueRequired\":true,\"valueName\":\"search_term_string\"}}],\"inLanguage\":\"cs\"},{\"@type\":\"Organization\",\"@id\":\"https:\/\/www.eracleapalacehotel.it\/cs\/#organization\",\"name\":\"Eraclea Palace Hotel\",\"url\":\"https:\/\/www.eracleapalacehotel.it\/cs\/\",\"logo\":{\"@type\":\"ImageObject\",\"inLanguage\":\"cs\",\"@id\":\"https:\/\/www.eracleapalacehotel.it\/cs\/#\/schema\/logo\/image\/\",\"url\":\"https:\/\/www.eracleapalacehotel.it\/wp-content\/uploads\/2020\/03\/cropped-logo_Eraclea_palace_hotel@2x.png\",\"contentUrl\":\"https:\/\/www.eracleapalacehotel.it\/wp-content\/uploads\/2020\/03\/cropped-logo_Eraclea_palace_hotel@2x.png\",\"width\":400,\"height\":277,\"caption\":\"Eraclea Palace Hotel\"},\"image\":{\"@id\":\"https:\/\/www.eracleapalacehotel.it\/cs\/#\/schema\/logo\/image\/\"}}]}<\/script>\n<!-- \/ Yoast SEO plugin. -->","yoast_head_json":{"title":"Eraclea Palace Hotel ****s - Eraclea Mare","description":"Eraclea Palace Hotel**** je nejv\u011bt\u0161\u00ed \u010dty\u0159hv\u011bzdi\u010dkov\u00fd hotel v Eraclea Mare. Najdete n\u00e1s u borov\u00e9ho lesa a jen p\u00e1r krok\u016f od mo\u0159e.","robots":{"index":"index","follow":"follow","max-snippet":"max-snippet:-1","max-image-preview":"max-image-preview:large","max-video-preview":"max-video-preview:-1"},"canonical":"https:\/\/www.eracleapalacehotel.it\/cs\/eraclea-palace-hotel-da-tradurre\/","og_locale":"cs_CZ","og_type":"article","og_title":"Eraclea Palace Hotel ****s - Eraclea Mare","og_description":"Eraclea Palace Hotel**** je nejv\u011bt\u0161\u00ed \u010dty\u0159hv\u011bzdi\u010dkov\u00fd hotel v Eraclea Mare. Najdete n\u00e1s u borov\u00e9ho lesa a jen p\u00e1r krok\u016f od mo\u0159e.","og_url":"https:\/\/www.eracleapalacehotel.it\/cs\/eraclea-palace-hotel-da-tradurre\/","og_site_name":"Eraclea Palace Hotel","article_modified_time":"2022-03-25T10:48:14+00:00","og_image":[{"width":2560,"height":563,"url":"https:\/\/www.eracleapalacehotel.it\/wp-content\/uploads\/2020\/04\/Eraclea_Palace_Hotel_esterno@2x.jpg","type":"image\/jpeg"}],"twitter_card":"summary_large_image","twitter_misc":{"Odhadovan\u00e1 doba \u010dten\u00ed":"5 minut"},"schema":{"@context":"https:\/\/schema.org","@graph":[{"@type":"WebPage","@id":"https:\/\/www.eracleapalacehotel.it\/cs\/eraclea-palace-hotel-da-tradurre\/","url":"https:\/\/www.eracleapalacehotel.it\/cs\/eraclea-palace-hotel-da-tradurre\/","name":"Eraclea Palace Hotel ****s - Eraclea Mare","isPartOf":{"@id":"https:\/\/www.eracleapalacehotel.it\/cs\/#website"},"primaryImageOfPage":{"@id":"https:\/\/www.eracleapalacehotel.it\/cs\/eraclea-palace-hotel-da-tradurre\/#primaryimage"},"image":{"@id":"https:\/\/www.eracleapalacehotel.it\/cs\/eraclea-palace-hotel-da-tradurre\/#primaryimage"},"thumbnailUrl":"https:\/\/www.eracleapalacehotel.it\/wp-content\/uploads\/2020\/04\/Eraclea_Palace_Hotel_esterno@2x.jpg","datePublished":"2020-04-03T12:43:25+00:00","dateModified":"2022-03-25T10:48:14+00:00","description":"Eraclea Palace Hotel**** je nejv\u011bt\u0161\u00ed \u010dty\u0159hv\u011bzdi\u010dkov\u00fd hotel v Eraclea Mare. Najdete n\u00e1s u borov\u00e9ho lesa a jen p\u00e1r krok\u016f od mo\u0159e.","breadcrumb":{"@id":"https:\/\/www.eracleapalacehotel.it\/cs\/eraclea-palace-hotel-da-tradurre\/#breadcrumb"},"inLanguage":"cs","potentialAction":[{"@type":"ReadAction","target":["https:\/\/www.eracleapalacehotel.it\/cs\/eraclea-palace-hotel-da-tradurre\/"]}]},{"@type":"ImageObject","inLanguage":"cs","@id":"https:\/\/www.eracleapalacehotel.it\/cs\/eraclea-palace-hotel-da-tradurre\/#primaryimage","url":"https:\/\/www.eracleapalacehotel.it\/wp-content\/uploads\/2020\/04\/Eraclea_Palace_Hotel_esterno@2x.jpg","contentUrl":"https:\/\/www.eracleapalacehotel.it\/wp-content\/uploads\/2020\/04\/Eraclea_Palace_Hotel_esterno@2x.jpg","width":2560,"height":563},{"@type":"BreadcrumbList","@id":"https:\/\/www.eracleapalacehotel.it\/cs\/eraclea-palace-hotel-da-tradurre\/#breadcrumb","itemListElement":[{"@type":"ListItem","position":1,"name":"Home","item":"https:\/\/www.eracleapalacehotel.it\/cs\/"},{"@type":"ListItem","position":2,"name":"Eraclea Palace Hotel"}]},{"@type":"WebSite","@id":"https:\/\/www.eracleapalacehotel.it\/cs\/#website","url":"https:\/\/www.eracleapalacehotel.it\/cs\/","name":"Eraclea Palace Hotel","description":"****s - Eraclea Mare","publisher":{"@id":"https:\/\/www.eracleapalacehotel.it\/cs\/#organization"},"potentialAction":[{"@type":"SearchAction","target":{"@type":"EntryPoint","urlTemplate":"https:\/\/www.eracleapalacehotel.it\/cs\/?s={search_term_string}"},"query-input":{"@type":"PropertyValueSpecification","valueRequired":true,"valueName":"search_term_string"}}],"inLanguage":"cs"},{"@type":"Organization","@id":"https:\/\/www.eracleapalacehotel.it\/cs\/#organization","name":"Eraclea Palace Hotel","url":"https:\/\/www.eracleapalacehotel.it\/cs\/","logo":{"@type":"ImageObject","inLanguage":"cs","@id":"https:\/\/www.eracleapalacehotel.it\/cs\/#\/schema\/logo\/image\/","url":"https:\/\/www.eracleapalacehotel.it\/wp-content\/uploads\/2020\/03\/cropped-logo_Eraclea_palace_hotel@2x.png","contentUrl":"https:\/\/www.eracleapalacehotel.it\/wp-content\/uploads\/2020\/03\/cropped-logo_Eraclea_palace_hotel@2x.png","width":400,"height":277,"caption":"Eraclea Palace Hotel"},"image":{"@id":"https:\/\/www.eracleapalacehotel.it\/cs\/#\/schema\/logo\/image\/"}}]}},"uagb_featured_image_src":{"full":["https:\/\/www.eracleapalacehotel.it\/wp-content\/uploads\/2020\/04\/Eraclea_Palace_Hotel_esterno@2x.jpg",2560,563,false],"thumbnail":["https:\/\/www.eracleapalacehotel.it\/wp-content\/uploads\/2020\/04\/Eraclea_Palace_Hotel_esterno@2x-150x150.jpg",150,150,true],"medium":["https:\/\/www.eracleapalacehotel.it\/wp-content\/uploads\/2020\/04\/Eraclea_Palace_Hotel_esterno@2x-300x66.jpg",300,66,true],"medium_large":["https:\/\/www.eracleapalacehotel.it\/wp-content\/uploads\/2020\/04\/Eraclea_Palace_Hotel_esterno@2x-768x169.jpg",580,128,true],"large":["https:\/\/www.eracleapalacehotel.it\/wp-content\/uploads\/2020\/04\/Eraclea_Palace_Hotel_esterno@2x-1024x225.jpg",580,127,true],"1536x1536":["https:\/\/www.eracleapalacehotel.it\/wp-content\/uploads\/2020\/04\/Eraclea_Palace_Hotel_esterno@2x-1536x338.jpg",1536,338,true],"2048x2048":["https:\/\/www.eracleapalacehotel.it\/wp-content\/uploads\/2020\/04\/Eraclea_Palace_Hotel_esterno@2x-2048x451.jpg",2048,451,true],"post-thumbnail":["https:\/\/www.eracleapalacehotel.it\/wp-content\/uploads\/2020\/04\/Eraclea_Palace_Hotel_esterno@2x-1200x264.jpg",1200,264,true],"twentytwenty-fullscreen":["https:\/\/www.eracleapalacehotel.it\/wp-content\/uploads\/2020\/04\/Eraclea_Palace_Hotel_esterno@2x-1980x436.jpg",1980,436,true]},"uagb_author_info":{"display_name":"3r4cl3-p4l4","author_link":"https:\/\/www.eracleapalacehotel.it\/cs\/author\/3r4cl3-p4l4\/"},"uagb_comment_info":0,"uagb_excerpt":"Dovolen\u00e1 na m\u00edru v&nbsp;atmosf\u00e9\u0159e klidu a relaxace V\u00edtejte v&nbsp;Eraclea Palace Hote Eraclea Palace Hotel**** je nejv\u011bt\u0161\u00ed \u010dty\u0159hv\u011bzdi\u010dkov\u00fd hotel v&nbsp;Eraclea Mare. Najdete n\u00e1s u borov\u00e9ho lesa a jen p\u00e1r krok\u016f od mo\u0159e. Nov\u011b postaven\u00fd hotel nab\u00edz\u00ed host\u016fm ve\u0161ker\u00e9 pohodl\u00ed pro nezapomenutelnou dovolenou u mo\u0159e: dva vyh\u0159\u00edvan\u00e9 baz\u00e9ny s&nbsp;panoramatick\u00fdm v\u00fdhledem na mo\u0159e, sol\u00e1rn\u00ed terasa; dob\u0159e vybaven\u00e9 wellness&hellip;","coauthors":[],"author_meta":{"author_link":"https:\/\/www.eracleapalacehotel.it\/cs\/author\/3r4cl3-p4l4\/","display_name":"3r4cl3-p4l4"},"relative_dates":{"created":"Posted 6 roky ago","modified":"Updated 4 roky ago"},"absolute_dates":{"created":"Posted on 3 dubna 2020","modified":"Updated on 25 b\u0159ezna 2022"},"absolute_dates_time":{"created":"Posted on 3 dubna 2020 14:43","modified":"Updated on 25 b\u0159ezna 2022 11:48"},"featured_img_caption":"","featured_img":"https:\/\/www.eracleapalacehotel.it\/wp-content\/uploads\/2020\/04\/Eraclea_Palace_Hotel_esterno@2x-1200x264.jpg","series_order":"","_links":{"self":[{"href":"https:\/\/www.eracleapalacehotel.it\/cs\/wp-json\/wp\/v2\/pages\/2469","targetHints":{"allow":["GET"]}}],"collection":[{"href":"https:\/\/www.eracleapalacehotel.it\/cs\/wp-json\/wp\/v2\/pages"}],"about":[{"href":"https:\/\/www.eracleapalacehotel.it\/cs\/wp-json\/wp\/v2\/types\/page"}],"author":[{"embeddable":true,"href":"https:\/\/www.eracleapalacehotel.it\/cs\/wp-json\/wp\/v2\/users\/1"}],"replies":[{"embeddable":true,"href":"https:\/\/www.eracleapalacehotel.it\/cs\/wp-json\/wp\/v2\/comments?post=2469"}],"version-history":[{"count":1,"href":"https:\/\/www.eracleapalacehotel.it\/cs\/wp-json\/wp\/v2\/pages\/2469\/revisions"}],"predecessor-version":[{"id":3530,"href":"https:\/\/www.eracleapalacehotel.it\/cs\/wp-json\/wp\/v2\/pages\/2469\/revisions\/3530"}],"wp:featuredmedia":[{"embeddable":true,"href":"https:\/\/www.eracleapalacehotel.it\/cs\/wp-json\/wp\/v2\/media\/2444"}],"wp:attachment":[{"href":"https:\/\/www.eracleapalacehotel.it\/cs\/wp-json\/wp\/v2\/media?parent=2469"}],"curies":[{"name":"wp","href":"https:\/\/api.w.org\/{rel}","templated":true}]}}