{"id":1740,"date":"2020-03-31T21:54:31","date_gmt":"2020-03-31T19:54:31","guid":{"rendered":"http:\/\/eraclea.promoservicebeta.com\/?page_id=1740"},"modified":"2020-04-02T17:31:46","modified_gmt":"2020-04-02T15:31:46","slug":"plaz","status":"publish","type":"page","link":"https:\/\/www.eracleapalacehotel.it\/cs\/plaz\/","title":{"rendered":"Pl\u00e1\u017e"},"content":{"rendered":"\n<div class=\"wp-block-group promo-eracleaint-1\"><div class=\"wp-block-group__inner-container is-layout-flow wp-block-group-is-layout-flow\">\n<h3 class=\"wp-block-heading\">Modr\u00e1 vlajka<\/h3>\n\n\n\n<h2 class=\"wp-block-heading\">Soukrom\u00e1 pl\u00e1\u017e v Eraclea Mare<\/h2>\n\n\n\n<p>N\u00e1\u0161 hotel nab\u00edz\u00ed soukromou pl\u00e1\u017e jen p\u00e1r minut p\u011b\u0161ky od hotelu, k dispozici m\u00e1te slune\u010dn\u00edk, pl\u00e1\u017eov\u00e9 k\u0159eslo nebo leh\u00e1tko pro v\u00e1\u0161 relax.<\/p>\n\n\n\n<p><br>Dlouh\u00fd pruh jemn\u00e9ho zlat\u00e9ho p\u00edsku, kde najdete sv\u00e9 m\u00edsto, u\u017eijte si pohodl\u00ed a bezpe\u010d\u00ed, kter\u00e9 pl\u00e1\u017e nab\u00edc\u00ed, u\u017eijte si v\u00fdhled na mo\u0159e, slu\u017eby minigolfu, ping pong, pono\u0159te se do sladk\u00fdch slune\u010dn\u00fdch dn\u016f. <\/p>\n\n\n\n<p><br>\u0160irok\u00e9 prostory, vzd\u00e1lenost mezi slune\u010dn\u00edky a poloha d\u011blaj\u00ed z na\u0161\u00ed pl\u00e1\u017ee rozhoduj\u00edc\u00ed d\u016fvod pro\u010d zvolit Eraclea Palace Hotel. <\/p>\n\n\n\n<p><\/p>\n<\/div><\/div>\n\n\n\n<figure class=\"wp-block-image size-large promo-eracleaint-2\"><img loading=\"lazy\" decoding=\"async\" width=\"960\" height=\"650\" src=\"https:\/\/eracleapalacehotel.it\/wp-content\/uploads\/2020\/03\/eraclea_palace_hotel_eraclea-mare.jpg\" alt=\"\" class=\"wp-image-707\" srcset=\"https:\/\/www.eracleapalacehotel.it\/wp-content\/uploads\/2020\/03\/eraclea_palace_hotel_eraclea-mare.jpg 960w, https:\/\/www.eracleapalacehotel.it\/wp-content\/uploads\/2020\/03\/eraclea_palace_hotel_eraclea-mare-300x203.jpg 300w, https:\/\/www.eracleapalacehotel.it\/wp-content\/uploads\/2020\/03\/eraclea_palace_hotel_eraclea-mare-768x520.jpg 768w\" sizes=\"auto, (max-width: 960px) 100vw, 960px\" \/><\/figure>\n","protected":false},"excerpt":{"rendered":"<p>Modr\u00e1 vlajka Soukrom\u00e1 pl\u00e1\u017e v Eraclea Mare N\u00e1\u0161 hotel nab\u00edz\u00ed soukromou pl\u00e1\u017e jen p\u00e1r minut p\u011b\u0161ky od hotelu, k dispozici m\u00e1te slune\u010dn\u00edk, pl\u00e1\u017eov\u00e9 k\u0159eslo nebo leh\u00e1tko pro v\u00e1\u0161 relax. Dlouh\u00fd pruh jemn\u00e9ho zlat\u00e9ho p\u00edsku, kde najdete sv\u00e9 m\u00edsto, u\u017eijte si pohodl\u00ed a bezpe\u010d\u00ed, kter\u00e9 pl\u00e1\u017e nab\u00edc\u00ed, u\u017eijte si v\u00fdhled na mo\u0159e, slu\u017eby minigolfu, ping pong, [&hellip;]<\/p>\n","protected":false},"author":1,"featured_media":2456,"parent":0,"menu_order":0,"comment_status":"closed","ping_status":"closed","template":"","meta":{"_acf_changed":false,"_uag_custom_page_level_css":"","advgb_blocks_editor_width":"","advgb_blocks_columns_visual_guide":"","footnotes":""},"class_list":["post-1740","page","type-page","status-publish","has-post-thumbnail","hentry"],"acf":[],"yoast_head":"<!-- This site is optimized with the Yoast SEO plugin v25.6 - https:\/\/yoast.com\/wordpress\/plugins\/seo\/ -->\n<title>Pl\u00e1\u017e - Eraclea Palace Hotel ****s - Eraclea Mare<\/title>\n<meta name=\"description\" content=\"N\u00e1\u0161 hotel nab\u00edz\u00ed soukromou pl\u00e1\u017e jen p\u00e1r minut p\u011b\u0161ky od hotelu, k dispozici m\u00e1te slune\u010dn\u00edk, pl\u00e1\u017eov\u00e9 k\u0159eslo nebo leh\u00e1tko pro v\u00e1\u0161 relax.\" \/>\n<meta name=\"robots\" content=\"index, follow, max-snippet:-1, max-image-preview:large, max-video-preview:-1\" \/>\n<link rel=\"canonical\" href=\"https:\/\/www.eracleapalacehotel.it\/cs\/plaz\/\" \/>\n<meta property=\"og:locale\" content=\"cs_CZ\" \/>\n<meta property=\"og:type\" content=\"article\" \/>\n<meta property=\"og:title\" content=\"Pl\u00e1\u017e - Eraclea Palace Hotel ****s - Eraclea Mare\" \/>\n<meta property=\"og:description\" content=\"N\u00e1\u0161 hotel nab\u00edz\u00ed soukromou pl\u00e1\u017e jen p\u00e1r minut p\u011b\u0161ky od hotelu, k dispozici m\u00e1te slune\u010dn\u00edk, pl\u00e1\u017eov\u00e9 k\u0159eslo nebo leh\u00e1tko pro v\u00e1\u0161 relax.\" \/>\n<meta property=\"og:url\" content=\"https:\/\/www.eracleapalacehotel.it\/cs\/plaz\/\" \/>\n<meta property=\"og:site_name\" content=\"Eraclea Palace Hotel\" \/>\n<meta property=\"article:modified_time\" content=\"2020-04-02T15:31:46+00:00\" \/>\n<meta property=\"og:image\" content=\"https:\/\/www.eracleapalacehotel.it\/wp-content\/uploads\/2020\/04\/Eraclea_Palace_Spiaggia_02@2x.jpg\" \/>\n\t<meta property=\"og:image:width\" content=\"2560\" \/>\n\t<meta property=\"og:image:height\" content=\"563\" \/>\n\t<meta property=\"og:image:type\" content=\"image\/jpeg\" \/>\n<meta name=\"twitter:card\" content=\"summary_large_image\" \/>\n<meta name=\"twitter:label1\" content=\"Odhadovan\u00e1 doba \u010dten\u00ed\" \/>\n\t<meta name=\"twitter:data1\" content=\"1 minuta\" \/>\n<script type=\"application\/ld+json\" class=\"yoast-schema-graph\">{\"@context\":\"https:\/\/schema.org\",\"@graph\":[{\"@type\":\"WebPage\",\"@id\":\"https:\/\/www.eracleapalacehotel.it\/cs\/plaz\/\",\"url\":\"https:\/\/www.eracleapalacehotel.it\/cs\/plaz\/\",\"name\":\"Pl\u00e1\u017e - Eraclea Palace Hotel ****s - Eraclea Mare\",\"isPartOf\":{\"@id\":\"https:\/\/www.eracleapalacehotel.it\/cs\/#website\"},\"primaryImageOfPage\":{\"@id\":\"https:\/\/www.eracleapalacehotel.it\/cs\/plaz\/#primaryimage\"},\"image\":{\"@id\":\"https:\/\/www.eracleapalacehotel.it\/cs\/plaz\/#primaryimage\"},\"thumbnailUrl\":\"https:\/\/www.eracleapalacehotel.it\/wp-content\/uploads\/2020\/04\/Eraclea_Palace_Spiaggia_02@2x.jpg\",\"datePublished\":\"2020-03-31T19:54:31+00:00\",\"dateModified\":\"2020-04-02T15:31:46+00:00\",\"description\":\"N\u00e1\u0161 hotel nab\u00edz\u00ed soukromou pl\u00e1\u017e jen p\u00e1r minut p\u011b\u0161ky od hotelu, k dispozici m\u00e1te slune\u010dn\u00edk, pl\u00e1\u017eov\u00e9 k\u0159eslo nebo leh\u00e1tko pro v\u00e1\u0161 relax.\",\"breadcrumb\":{\"@id\":\"https:\/\/www.eracleapalacehotel.it\/cs\/plaz\/#breadcrumb\"},\"inLanguage\":\"cs\",\"potentialAction\":[{\"@type\":\"ReadAction\",\"target\":[\"https:\/\/www.eracleapalacehotel.it\/cs\/plaz\/\"]}]},{\"@type\":\"ImageObject\",\"inLanguage\":\"cs\",\"@id\":\"https:\/\/www.eracleapalacehotel.it\/cs\/plaz\/#primaryimage\",\"url\":\"https:\/\/www.eracleapalacehotel.it\/wp-content\/uploads\/2020\/04\/Eraclea_Palace_Spiaggia_02@2x.jpg\",\"contentUrl\":\"https:\/\/www.eracleapalacehotel.it\/wp-content\/uploads\/2020\/04\/Eraclea_Palace_Spiaggia_02@2x.jpg\",\"width\":2560,\"height\":563},{\"@type\":\"BreadcrumbList\",\"@id\":\"https:\/\/www.eracleapalacehotel.it\/cs\/plaz\/#breadcrumb\",\"itemListElement\":[{\"@type\":\"ListItem\",\"position\":1,\"name\":\"Home\",\"item\":\"https:\/\/www.eracleapalacehotel.it\/cs\/\"},{\"@type\":\"ListItem\",\"position\":2,\"name\":\"Pl\u00e1\u017e\"}]},{\"@type\":\"WebSite\",\"@id\":\"https:\/\/www.eracleapalacehotel.it\/cs\/#website\",\"url\":\"https:\/\/www.eracleapalacehotel.it\/cs\/\",\"name\":\"Eraclea Palace Hotel\",\"description\":\"****s - Eraclea Mare\",\"publisher\":{\"@id\":\"https:\/\/www.eracleapalacehotel.it\/cs\/#organization\"},\"potentialAction\":[{\"@type\":\"SearchAction\",\"target\":{\"@type\":\"EntryPoint\",\"urlTemplate\":\"https:\/\/www.eracleapalacehotel.it\/cs\/?s={search_term_string}\"},\"query-input\":{\"@type\":\"PropertyValueSpecification\",\"valueRequired\":true,\"valueName\":\"search_term_string\"}}],\"inLanguage\":\"cs\"},{\"@type\":\"Organization\",\"@id\":\"https:\/\/www.eracleapalacehotel.it\/cs\/#organization\",\"name\":\"Eraclea Palace Hotel\",\"url\":\"https:\/\/www.eracleapalacehotel.it\/cs\/\",\"logo\":{\"@type\":\"ImageObject\",\"inLanguage\":\"cs\",\"@id\":\"https:\/\/www.eracleapalacehotel.it\/cs\/#\/schema\/logo\/image\/\",\"url\":\"https:\/\/www.eracleapalacehotel.it\/wp-content\/uploads\/2020\/03\/cropped-logo_Eraclea_palace_hotel@2x.png\",\"contentUrl\":\"https:\/\/www.eracleapalacehotel.it\/wp-content\/uploads\/2020\/03\/cropped-logo_Eraclea_palace_hotel@2x.png\",\"width\":400,\"height\":277,\"caption\":\"Eraclea Palace Hotel\"},\"image\":{\"@id\":\"https:\/\/www.eracleapalacehotel.it\/cs\/#\/schema\/logo\/image\/\"}}]}<\/script>\n<!-- \/ Yoast SEO plugin. -->","yoast_head_json":{"title":"Pl\u00e1\u017e - Eraclea Palace Hotel ****s - Eraclea Mare","description":"N\u00e1\u0161 hotel nab\u00edz\u00ed soukromou pl\u00e1\u017e jen p\u00e1r minut p\u011b\u0161ky od hotelu, k dispozici m\u00e1te slune\u010dn\u00edk, pl\u00e1\u017eov\u00e9 k\u0159eslo nebo leh\u00e1tko pro v\u00e1\u0161 relax.","robots":{"index":"index","follow":"follow","max-snippet":"max-snippet:-1","max-image-preview":"max-image-preview:large","max-video-preview":"max-video-preview:-1"},"canonical":"https:\/\/www.eracleapalacehotel.it\/cs\/plaz\/","og_locale":"cs_CZ","og_type":"article","og_title":"Pl\u00e1\u017e - Eraclea Palace Hotel ****s - Eraclea Mare","og_description":"N\u00e1\u0161 hotel nab\u00edz\u00ed soukromou pl\u00e1\u017e jen p\u00e1r minut p\u011b\u0161ky od hotelu, k dispozici m\u00e1te slune\u010dn\u00edk, pl\u00e1\u017eov\u00e9 k\u0159eslo nebo leh\u00e1tko pro v\u00e1\u0161 relax.","og_url":"https:\/\/www.eracleapalacehotel.it\/cs\/plaz\/","og_site_name":"Eraclea Palace Hotel","article_modified_time":"2020-04-02T15:31:46+00:00","og_image":[{"width":2560,"height":563,"url":"https:\/\/www.eracleapalacehotel.it\/wp-content\/uploads\/2020\/04\/Eraclea_Palace_Spiaggia_02@2x.jpg","type":"image\/jpeg"}],"twitter_card":"summary_large_image","twitter_misc":{"Odhadovan\u00e1 doba \u010dten\u00ed":"1 minuta"},"schema":{"@context":"https:\/\/schema.org","@graph":[{"@type":"WebPage","@id":"https:\/\/www.eracleapalacehotel.it\/cs\/plaz\/","url":"https:\/\/www.eracleapalacehotel.it\/cs\/plaz\/","name":"Pl\u00e1\u017e - Eraclea Palace Hotel ****s - Eraclea Mare","isPartOf":{"@id":"https:\/\/www.eracleapalacehotel.it\/cs\/#website"},"primaryImageOfPage":{"@id":"https:\/\/www.eracleapalacehotel.it\/cs\/plaz\/#primaryimage"},"image":{"@id":"https:\/\/www.eracleapalacehotel.it\/cs\/plaz\/#primaryimage"},"thumbnailUrl":"https:\/\/www.eracleapalacehotel.it\/wp-content\/uploads\/2020\/04\/Eraclea_Palace_Spiaggia_02@2x.jpg","datePublished":"2020-03-31T19:54:31+00:00","dateModified":"2020-04-02T15:31:46+00:00","description":"N\u00e1\u0161 hotel nab\u00edz\u00ed soukromou pl\u00e1\u017e jen p\u00e1r minut p\u011b\u0161ky od hotelu, k dispozici m\u00e1te slune\u010dn\u00edk, pl\u00e1\u017eov\u00e9 k\u0159eslo nebo leh\u00e1tko pro v\u00e1\u0161 relax.","breadcrumb":{"@id":"https:\/\/www.eracleapalacehotel.it\/cs\/plaz\/#breadcrumb"},"inLanguage":"cs","potentialAction":[{"@type":"ReadAction","target":["https:\/\/www.eracleapalacehotel.it\/cs\/plaz\/"]}]},{"@type":"ImageObject","inLanguage":"cs","@id":"https:\/\/www.eracleapalacehotel.it\/cs\/plaz\/#primaryimage","url":"https:\/\/www.eracleapalacehotel.it\/wp-content\/uploads\/2020\/04\/Eraclea_Palace_Spiaggia_02@2x.jpg","contentUrl":"https:\/\/www.eracleapalacehotel.it\/wp-content\/uploads\/2020\/04\/Eraclea_Palace_Spiaggia_02@2x.jpg","width":2560,"height":563},{"@type":"BreadcrumbList","@id":"https:\/\/www.eracleapalacehotel.it\/cs\/plaz\/#breadcrumb","itemListElement":[{"@type":"ListItem","position":1,"name":"Home","item":"https:\/\/www.eracleapalacehotel.it\/cs\/"},{"@type":"ListItem","position":2,"name":"Pl\u00e1\u017e"}]},{"@type":"WebSite","@id":"https:\/\/www.eracleapalacehotel.it\/cs\/#website","url":"https:\/\/www.eracleapalacehotel.it\/cs\/","name":"Eraclea Palace Hotel","description":"****s - Eraclea Mare","publisher":{"@id":"https:\/\/www.eracleapalacehotel.it\/cs\/#organization"},"potentialAction":[{"@type":"SearchAction","target":{"@type":"EntryPoint","urlTemplate":"https:\/\/www.eracleapalacehotel.it\/cs\/?s={search_term_string}"},"query-input":{"@type":"PropertyValueSpecification","valueRequired":true,"valueName":"search_term_string"}}],"inLanguage":"cs"},{"@type":"Organization","@id":"https:\/\/www.eracleapalacehotel.it\/cs\/#organization","name":"Eraclea Palace Hotel","url":"https:\/\/www.eracleapalacehotel.it\/cs\/","logo":{"@type":"ImageObject","inLanguage":"cs","@id":"https:\/\/www.eracleapalacehotel.it\/cs\/#\/schema\/logo\/image\/","url":"https:\/\/www.eracleapalacehotel.it\/wp-content\/uploads\/2020\/03\/cropped-logo_Eraclea_palace_hotel@2x.png","contentUrl":"https:\/\/www.eracleapalacehotel.it\/wp-content\/uploads\/2020\/03\/cropped-logo_Eraclea_palace_hotel@2x.png","width":400,"height":277,"caption":"Eraclea Palace Hotel"},"image":{"@id":"https:\/\/www.eracleapalacehotel.it\/cs\/#\/schema\/logo\/image\/"}}]}},"uagb_featured_image_src":{"full":["https:\/\/www.eracleapalacehotel.it\/wp-content\/uploads\/2020\/04\/Eraclea_Palace_Spiaggia_02@2x.jpg",2560,563,false],"thumbnail":["https:\/\/www.eracleapalacehotel.it\/wp-content\/uploads\/2020\/04\/Eraclea_Palace_Spiaggia_02@2x-150x150.jpg",150,150,true],"medium":["https:\/\/www.eracleapalacehotel.it\/wp-content\/uploads\/2020\/04\/Eraclea_Palace_Spiaggia_02@2x-300x66.jpg",300,66,true],"medium_large":["https:\/\/www.eracleapalacehotel.it\/wp-content\/uploads\/2020\/04\/Eraclea_Palace_Spiaggia_02@2x-768x169.jpg",580,128,true],"large":["https:\/\/www.eracleapalacehotel.it\/wp-content\/uploads\/2020\/04\/Eraclea_Palace_Spiaggia_02@2x-1024x225.jpg",580,127,true],"1536x1536":["https:\/\/www.eracleapalacehotel.it\/wp-content\/uploads\/2020\/04\/Eraclea_Palace_Spiaggia_02@2x-1536x338.jpg",1536,338,true],"2048x2048":["https:\/\/www.eracleapalacehotel.it\/wp-content\/uploads\/2020\/04\/Eraclea_Palace_Spiaggia_02@2x-2048x451.jpg",2048,451,true],"post-thumbnail":["https:\/\/www.eracleapalacehotel.it\/wp-content\/uploads\/2020\/04\/Eraclea_Palace_Spiaggia_02@2x-1200x264.jpg",1200,264,true],"twentytwenty-fullscreen":["https:\/\/www.eracleapalacehotel.it\/wp-content\/uploads\/2020\/04\/Eraclea_Palace_Spiaggia_02@2x-1980x436.jpg",1980,436,true]},"uagb_author_info":{"display_name":"3r4cl3-p4l4","author_link":"https:\/\/www.eracleapalacehotel.it\/cs\/author\/3r4cl3-p4l4\/"},"uagb_comment_info":0,"uagb_excerpt":"Modr\u00e1 vlajka Soukrom\u00e1 pl\u00e1\u017e v Eraclea Mare N\u00e1\u0161 hotel nab\u00edz\u00ed soukromou pl\u00e1\u017e jen p\u00e1r minut p\u011b\u0161ky od hotelu, k dispozici m\u00e1te slune\u010dn\u00edk, pl\u00e1\u017eov\u00e9 k\u0159eslo nebo leh\u00e1tko pro v\u00e1\u0161 relax. Dlouh\u00fd pruh jemn\u00e9ho zlat\u00e9ho p\u00edsku, kde najdete sv\u00e9 m\u00edsto, u\u017eijte si pohodl\u00ed a bezpe\u010d\u00ed, kter\u00e9 pl\u00e1\u017e nab\u00edc\u00ed, u\u017eijte si v\u00fdhled na mo\u0159e, slu\u017eby minigolfu, ping pong,&hellip;","coauthors":[],"author_meta":{"author_link":"https:\/\/www.eracleapalacehotel.it\/cs\/author\/3r4cl3-p4l4\/","display_name":"3r4cl3-p4l4"},"relative_dates":{"created":"Posted 6 roky ago","modified":"Updated 6 roky ago"},"absolute_dates":{"created":"Posted on 31 b\u0159ezna 2020","modified":"Updated on 2 dubna 2020"},"absolute_dates_time":{"created":"Posted on 31 b\u0159ezna 2020 21:54","modified":"Updated on 2 dubna 2020 17:31"},"featured_img_caption":"","featured_img":"https:\/\/www.eracleapalacehotel.it\/wp-content\/uploads\/2020\/04\/Eraclea_Palace_Spiaggia_02@2x-1200x264.jpg","series_order":"","_links":{"self":[{"href":"https:\/\/www.eracleapalacehotel.it\/cs\/wp-json\/wp\/v2\/pages\/1740","targetHints":{"allow":["GET"]}}],"collection":[{"href":"https:\/\/www.eracleapalacehotel.it\/cs\/wp-json\/wp\/v2\/pages"}],"about":[{"href":"https:\/\/www.eracleapalacehotel.it\/cs\/wp-json\/wp\/v2\/types\/page"}],"author":[{"embeddable":true,"href":"https:\/\/www.eracleapalacehotel.it\/cs\/wp-json\/wp\/v2\/users\/1"}],"replies":[{"embeddable":true,"href":"https:\/\/www.eracleapalacehotel.it\/cs\/wp-json\/wp\/v2\/comments?post=1740"}],"version-history":[{"count":0,"href":"https:\/\/www.eracleapalacehotel.it\/cs\/wp-json\/wp\/v2\/pages\/1740\/revisions"}],"wp:featuredmedia":[{"embeddable":true,"href":"https:\/\/www.eracleapalacehotel.it\/cs\/wp-json\/wp\/v2\/media\/2456"}],"wp:attachment":[{"href":"https:\/\/www.eracleapalacehotel.it\/cs\/wp-json\/wp\/v2\/media?parent=1740"}],"curies":[{"name":"wp","href":"https:\/\/api.w.org\/{rel}","templated":true}]}}