{"id":1728,"date":"2020-03-31T21:43:07","date_gmt":"2020-03-31T19:43:07","guid":{"rendered":"http:\/\/eraclea.promoservicebeta.com\/?page_id=1728"},"modified":"2020-03-31T21:43:08","modified_gmt":"2020-03-31T19:43:08","slug":"spa-a-wellness-centrum","status":"publish","type":"page","link":"https:\/\/www.eracleapalacehotel.it\/cs\/spa-a-wellness-centrum\/","title":{"rendered":"Spa a wellness centrum"},"content":{"rendered":"\n<div class=\"wp-block-group promo-eracleaint-1\"><div class=\"wp-block-group__inner-container is-layout-flow wp-block-group-is-layout-flow\">\n<h3 class=\"wp-block-heading\">Osvobo\u010fte se od stresu, t\u00f3nujte sv\u00e9 t\u011blo, obnovte ducha i v\u0161echny smysly<\/h3>\n\n\n\n<h2 class=\"wp-block-heading\">Hotel s wellness centrem v Eraclea Mare<\/h2>\n\n\n\n<p>Na\u0161e wellness centrum, um\u00edst\u011bn\u00e9 v nejvy\u0161\u0161\u00edm pat\u0159e hotelu, v n\u00e1dhern\u00e9 panoramatick\u00e9 poloze je \u00fapln\u00fdm r\u00e1jem. <br>M\u016f\u017eete si vybrat, zda dob\u00edt baterky ve finsk\u00e9 l\u00e1zni, tureck\u00e9 l\u00e1zni nebo jen jedodu\u0161e relaxovat v emo\u010dn\u00ed spr\u0161e.<br>Na\u0161e wellness centrum uvol\u0148uje \u00fanavu, regeneruje ducha a \u010dist\u00ed t\u011blo. <br>Pro ty, kte\u0159\u00ed cht\u011bj\u00ed vyu\u017e\u00edt na\u0161e kosmetick\u00e9 slu\u017eby, m\u00e1me p\u0159ipraven\u00e9 r\u016fzn\u00e9 procedury na o\u010di\u0161t\u011bn\u00ed obli\u010deje a t\u011bla, manik\u00faru a pedik\u00faru, depilace, darujeme v\u00e1m jedine\u010dn\u00fd a sv\u011b\u017e\u00ed vzhled i na va\u0161\u00ed dovolen\u00e9.<br>Kosmetick\u00e9 centrum je otev\u0159en\u00e9 nejen pro hotelov\u00e9 klienty. <\/p>\n\n\n\n<p><\/p>\n<\/div><\/div>\n\n\n\n<figure class=\"wp-block-image size-large promo-eracleaint-2\"><img loading=\"lazy\" decoding=\"async\" width=\"1000\" height=\"1000\" src=\"https:\/\/www.eracleapalacehotel.it\/wp-content\/uploads\/2020\/03\/spa-quadrata.jpg\" alt=\"\" class=\"wp-image-781\" srcset=\"https:\/\/www.eracleapalacehotel.it\/wp-content\/uploads\/2020\/03\/spa-quadrata.jpg 1000w, https:\/\/www.eracleapalacehotel.it\/wp-content\/uploads\/2020\/03\/spa-quadrata-300x300.jpg 300w, https:\/\/www.eracleapalacehotel.it\/wp-content\/uploads\/2020\/03\/spa-quadrata-150x150.jpg 150w, https:\/\/www.eracleapalacehotel.it\/wp-content\/uploads\/2020\/03\/spa-quadrata-768x768.jpg 768w\" sizes=\"auto, (max-width: 1000px) 100vw, 1000px\" \/><\/figure>\n\n\n\n<figure class=\"wp-block-gallery columns-4 is-cropped promo-eracleaint-5 wp-block-gallery-2\"><ul class=\"blocks-gallery-grid\"><li class=\"blocks-gallery-item\"><figure><img loading=\"lazy\" decoding=\"async\" width=\"1000\" height=\"667\" src=\"https:\/\/www.eracleapalacehotel.it\/wp-content\/uploads\/2020\/03\/SAUNA-SPA.jpg\" alt=\"\" data-id=\"805\" data-full-url=\"https:\/\/www.eracleapalacehotel.it\/wp-content\/uploads\/2020\/03\/SAUNA-SPA.jpg\" data-link=\"https:\/\/eracleapalacehotel.it\/?attachment_id=805\" class=\"wp-image-805\" srcset=\"https:\/\/www.eracleapalacehotel.it\/wp-content\/uploads\/2020\/03\/SAUNA-SPA.jpg 1000w, https:\/\/www.eracleapalacehotel.it\/wp-content\/uploads\/2020\/03\/SAUNA-SPA-300x200.jpg 300w, https:\/\/www.eracleapalacehotel.it\/wp-content\/uploads\/2020\/03\/SAUNA-SPA-768x512.jpg 768w\" sizes=\"auto, (max-width: 1000px) 100vw, 1000px\" \/><\/figure><\/li><li class=\"blocks-gallery-item\"><figure><img loading=\"lazy\" decoding=\"async\" width=\"667\" height=\"1000\" src=\"https:\/\/www.eracleapalacehotel.it\/wp-content\/uploads\/2020\/03\/hotel-con-sauna-bagno-turco-eraclea-mare.jpg\" alt=\"\" data-id=\"793\" data-full-url=\"https:\/\/www.eracleapalacehotel.it\/wp-content\/uploads\/2020\/03\/hotel-con-sauna-bagno-turco-eraclea-mare.jpg\" data-link=\"https:\/\/eracleapalacehotel.it\/?attachment_id=793\" class=\"wp-image-793\" srcset=\"https:\/\/www.eracleapalacehotel.it\/wp-content\/uploads\/2020\/03\/hotel-con-sauna-bagno-turco-eraclea-mare.jpg 667w, https:\/\/www.eracleapalacehotel.it\/wp-content\/uploads\/2020\/03\/hotel-con-sauna-bagno-turco-eraclea-mare-200x300.jpg 200w\" sizes=\"auto, (max-width: 667px) 100vw, 667px\" \/><\/figure><\/li><li class=\"blocks-gallery-item\"><figure><img loading=\"lazy\" decoding=\"async\" width=\"1000\" height=\"667\" src=\"https:\/\/www.eracleapalacehotel.it\/wp-content\/uploads\/2020\/03\/hotel-con-spa-eraclea.jpg\" alt=\"\" data-id=\"799\" data-full-url=\"https:\/\/www.eracleapalacehotel.it\/wp-content\/uploads\/2020\/03\/hotel-con-spa-eraclea.jpg\" data-link=\"https:\/\/eracleapalacehotel.it\/?attachment_id=799\" class=\"wp-image-799\" srcset=\"https:\/\/www.eracleapalacehotel.it\/wp-content\/uploads\/2020\/03\/hotel-con-spa-eraclea.jpg 1000w, https:\/\/www.eracleapalacehotel.it\/wp-content\/uploads\/2020\/03\/hotel-con-spa-eraclea-300x200.jpg 300w, https:\/\/www.eracleapalacehotel.it\/wp-content\/uploads\/2020\/03\/hotel-con-spa-eraclea-768x512.jpg 768w\" sizes=\"auto, (max-width: 1000px) 100vw, 1000px\" \/><\/figure><\/li><li class=\"blocks-gallery-item\"><figure><img loading=\"lazy\" decoding=\"async\" width=\"1024\" height=\"683\" src=\"https:\/\/www.eracleapalacehotel.it\/wp-content\/uploads\/2020\/03\/BEAUTY-1024x683.jpg\" alt=\"\" data-id=\"787\" data-full-url=\"https:\/\/eracleapalacehotel.it\/wp-content\/uploads\/2020\/03\/BEAUTY.jpg\" data-link=\"https:\/\/eracleapalacehotel.it\/?attachment_id=787\" class=\"wp-image-787 is-layout-flex wp-block-gallery-is-layout-flex\" srcset=\"https:\/\/www.eracleapalacehotel.it\/wp-content\/uploads\/2020\/03\/BEAUTY-1024x683.jpg 1024w, https:\/\/www.eracleapalacehotel.it\/wp-content\/uploads\/2020\/03\/BEAUTY-300x200.jpg 300w, https:\/\/www.eracleapalacehotel.it\/wp-content\/uploads\/2020\/03\/BEAUTY-768x512.jpg 768w, https:\/\/www.eracleapalacehotel.it\/wp-content\/uploads\/2020\/03\/BEAUTY.jpg 1197w\" sizes=\"auto, (max-width: 1024px) 100vw, 1024px\" \/><\/figure><\/li><\/ul><\/figure>\n","protected":false},"excerpt":{"rendered":"<p>Osvobo\u010fte se od stresu, t\u00f3nujte sv\u00e9 t\u011blo, obnovte ducha i v\u0161echny smysly Hotel s wellness centrem v Eraclea Mare Na\u0161e wellness centrum, um\u00edst\u011bn\u00e9 v nejvy\u0161\u0161\u00edm pat\u0159e hotelu, v n\u00e1dhern\u00e9 panoramatick\u00e9 poloze je \u00fapln\u00fdm r\u00e1jem. M\u016f\u017eete si vybrat, zda dob\u00edt baterky ve finsk\u00e9 l\u00e1zni, tureck\u00e9 l\u00e1zni nebo jen jedodu\u0161e relaxovat v emo\u010dn\u00ed spr\u0161e.Na\u0161e wellness centrum uvol\u0148uje [&hellip;]<\/p>\n","protected":false},"author":1,"featured_media":2437,"parent":0,"menu_order":0,"comment_status":"closed","ping_status":"closed","template":"","meta":{"_acf_changed":false,"_uag_custom_page_level_css":"","advgb_blocks_editor_width":"","advgb_blocks_columns_visual_guide":"","footnotes":""},"class_list":["post-1728","page","type-page","status-publish","has-post-thumbnail","hentry"],"acf":[],"yoast_head":"<!-- This site is optimized with the Yoast SEO plugin v25.6 - https:\/\/yoast.com\/wordpress\/plugins\/seo\/ -->\n<title>Spa a wellness centrum - Eraclea Palace Hotel<\/title>\n<meta name=\"robots\" content=\"index, follow, max-snippet:-1, max-image-preview:large, max-video-preview:-1\" \/>\n<link rel=\"canonical\" href=\"https:\/\/www.eracleapalacehotel.it\/cs\/spa-a-wellness-centrum\/\" \/>\n<meta property=\"og:locale\" content=\"cs_CZ\" \/>\n<meta property=\"og:type\" content=\"article\" \/>\n<meta property=\"og:title\" content=\"Spa a wellness centrum - Eraclea Palace Hotel\" \/>\n<meta property=\"og:description\" content=\"Osvobo\u010fte se od stresu, t\u00f3nujte sv\u00e9 t\u011blo, obnovte ducha i v\u0161echny smysly Hotel s wellness centrem v Eraclea Mare Na\u0161e wellness centrum, um\u00edst\u011bn\u00e9 v nejvy\u0161\u0161\u00edm pat\u0159e hotelu, v n\u00e1dhern\u00e9 panoramatick\u00e9 poloze je \u00fapln\u00fdm r\u00e1jem. M\u016f\u017eete si vybrat, zda dob\u00edt baterky ve finsk\u00e9 l\u00e1zni, tureck\u00e9 l\u00e1zni nebo jen jedodu\u0161e relaxovat v emo\u010dn\u00ed spr\u0161e.Na\u0161e wellness centrum uvol\u0148uje [&hellip;]\" \/>\n<meta property=\"og:url\" content=\"https:\/\/www.eracleapalacehotel.it\/cs\/spa-a-wellness-centrum\/\" \/>\n<meta property=\"og:site_name\" content=\"Eraclea Palace Hotel\" \/>\n<meta property=\"article:modified_time\" content=\"2020-03-31T19:43:08+00:00\" \/>\n<meta property=\"og:image\" content=\"https:\/\/www.eracleapalacehotel.it\/wp-content\/uploads\/2020\/04\/Eraclea_Palace_Wellness@2x.jpg\" \/>\n\t<meta property=\"og:image:width\" content=\"2560\" \/>\n\t<meta property=\"og:image:height\" content=\"563\" \/>\n\t<meta property=\"og:image:type\" content=\"image\/jpeg\" \/>\n<meta name=\"twitter:card\" content=\"summary_large_image\" \/>\n<meta name=\"twitter:label1\" content=\"Odhadovan\u00e1 doba \u010dten\u00ed\" \/>\n\t<meta name=\"twitter:data1\" content=\"1 minuta\" \/>\n<script type=\"application\/ld+json\" class=\"yoast-schema-graph\">{\"@context\":\"https:\/\/schema.org\",\"@graph\":[{\"@type\":\"WebPage\",\"@id\":\"https:\/\/www.eracleapalacehotel.it\/cs\/spa-a-wellness-centrum\/\",\"url\":\"https:\/\/www.eracleapalacehotel.it\/cs\/spa-a-wellness-centrum\/\",\"name\":\"Spa a wellness centrum - Eraclea Palace Hotel\",\"isPartOf\":{\"@id\":\"https:\/\/www.eracleapalacehotel.it\/cs\/#website\"},\"primaryImageOfPage\":{\"@id\":\"https:\/\/www.eracleapalacehotel.it\/cs\/spa-a-wellness-centrum\/#primaryimage\"},\"image\":{\"@id\":\"https:\/\/www.eracleapalacehotel.it\/cs\/spa-a-wellness-centrum\/#primaryimage\"},\"thumbnailUrl\":\"https:\/\/www.eracleapalacehotel.it\/wp-content\/uploads\/2020\/04\/Eraclea_Palace_Wellness@2x.jpg\",\"datePublished\":\"2020-03-31T19:43:07+00:00\",\"dateModified\":\"2020-03-31T19:43:08+00:00\",\"breadcrumb\":{\"@id\":\"https:\/\/www.eracleapalacehotel.it\/cs\/spa-a-wellness-centrum\/#breadcrumb\"},\"inLanguage\":\"cs\",\"potentialAction\":[{\"@type\":\"ReadAction\",\"target\":[\"https:\/\/www.eracleapalacehotel.it\/cs\/spa-a-wellness-centrum\/\"]}]},{\"@type\":\"ImageObject\",\"inLanguage\":\"cs\",\"@id\":\"https:\/\/www.eracleapalacehotel.it\/cs\/spa-a-wellness-centrum\/#primaryimage\",\"url\":\"https:\/\/www.eracleapalacehotel.it\/wp-content\/uploads\/2020\/04\/Eraclea_Palace_Wellness@2x.jpg\",\"contentUrl\":\"https:\/\/www.eracleapalacehotel.it\/wp-content\/uploads\/2020\/04\/Eraclea_Palace_Wellness@2x.jpg\",\"width\":2560,\"height\":563},{\"@type\":\"BreadcrumbList\",\"@id\":\"https:\/\/www.eracleapalacehotel.it\/cs\/spa-a-wellness-centrum\/#breadcrumb\",\"itemListElement\":[{\"@type\":\"ListItem\",\"position\":1,\"name\":\"Home\",\"item\":\"https:\/\/www.eracleapalacehotel.it\/cs\/\"},{\"@type\":\"ListItem\",\"position\":2,\"name\":\"Spa a wellness centrum\"}]},{\"@type\":\"WebSite\",\"@id\":\"https:\/\/www.eracleapalacehotel.it\/cs\/#website\",\"url\":\"https:\/\/www.eracleapalacehotel.it\/cs\/\",\"name\":\"Eraclea Palace Hotel\",\"description\":\"****s - Eraclea Mare\",\"publisher\":{\"@id\":\"https:\/\/www.eracleapalacehotel.it\/cs\/#organization\"},\"potentialAction\":[{\"@type\":\"SearchAction\",\"target\":{\"@type\":\"EntryPoint\",\"urlTemplate\":\"https:\/\/www.eracleapalacehotel.it\/cs\/?s={search_term_string}\"},\"query-input\":{\"@type\":\"PropertyValueSpecification\",\"valueRequired\":true,\"valueName\":\"search_term_string\"}}],\"inLanguage\":\"cs\"},{\"@type\":\"Organization\",\"@id\":\"https:\/\/www.eracleapalacehotel.it\/cs\/#organization\",\"name\":\"Eraclea Palace Hotel\",\"url\":\"https:\/\/www.eracleapalacehotel.it\/cs\/\",\"logo\":{\"@type\":\"ImageObject\",\"inLanguage\":\"cs\",\"@id\":\"https:\/\/www.eracleapalacehotel.it\/cs\/#\/schema\/logo\/image\/\",\"url\":\"https:\/\/www.eracleapalacehotel.it\/wp-content\/uploads\/2020\/03\/cropped-logo_Eraclea_palace_hotel@2x.png\",\"contentUrl\":\"https:\/\/www.eracleapalacehotel.it\/wp-content\/uploads\/2020\/03\/cropped-logo_Eraclea_palace_hotel@2x.png\",\"width\":400,\"height\":277,\"caption\":\"Eraclea Palace Hotel\"},\"image\":{\"@id\":\"https:\/\/www.eracleapalacehotel.it\/cs\/#\/schema\/logo\/image\/\"}}]}<\/script>\n<!-- \/ Yoast SEO plugin. -->","yoast_head_json":{"title":"Spa a wellness centrum - Eraclea Palace Hotel","robots":{"index":"index","follow":"follow","max-snippet":"max-snippet:-1","max-image-preview":"max-image-preview:large","max-video-preview":"max-video-preview:-1"},"canonical":"https:\/\/www.eracleapalacehotel.it\/cs\/spa-a-wellness-centrum\/","og_locale":"cs_CZ","og_type":"article","og_title":"Spa a wellness centrum - Eraclea Palace Hotel","og_description":"Osvobo\u010fte se od stresu, t\u00f3nujte sv\u00e9 t\u011blo, obnovte ducha i v\u0161echny smysly Hotel s wellness centrem v Eraclea Mare Na\u0161e wellness centrum, um\u00edst\u011bn\u00e9 v nejvy\u0161\u0161\u00edm pat\u0159e hotelu, v n\u00e1dhern\u00e9 panoramatick\u00e9 poloze je \u00fapln\u00fdm r\u00e1jem. M\u016f\u017eete si vybrat, zda dob\u00edt baterky ve finsk\u00e9 l\u00e1zni, tureck\u00e9 l\u00e1zni nebo jen jedodu\u0161e relaxovat v emo\u010dn\u00ed spr\u0161e.Na\u0161e wellness centrum uvol\u0148uje [&hellip;]","og_url":"https:\/\/www.eracleapalacehotel.it\/cs\/spa-a-wellness-centrum\/","og_site_name":"Eraclea Palace Hotel","article_modified_time":"2020-03-31T19:43:08+00:00","og_image":[{"width":2560,"height":563,"url":"https:\/\/www.eracleapalacehotel.it\/wp-content\/uploads\/2020\/04\/Eraclea_Palace_Wellness@2x.jpg","type":"image\/jpeg"}],"twitter_card":"summary_large_image","twitter_misc":{"Odhadovan\u00e1 doba \u010dten\u00ed":"1 minuta"},"schema":{"@context":"https:\/\/schema.org","@graph":[{"@type":"WebPage","@id":"https:\/\/www.eracleapalacehotel.it\/cs\/spa-a-wellness-centrum\/","url":"https:\/\/www.eracleapalacehotel.it\/cs\/spa-a-wellness-centrum\/","name":"Spa a wellness centrum - Eraclea Palace Hotel","isPartOf":{"@id":"https:\/\/www.eracleapalacehotel.it\/cs\/#website"},"primaryImageOfPage":{"@id":"https:\/\/www.eracleapalacehotel.it\/cs\/spa-a-wellness-centrum\/#primaryimage"},"image":{"@id":"https:\/\/www.eracleapalacehotel.it\/cs\/spa-a-wellness-centrum\/#primaryimage"},"thumbnailUrl":"https:\/\/www.eracleapalacehotel.it\/wp-content\/uploads\/2020\/04\/Eraclea_Palace_Wellness@2x.jpg","datePublished":"2020-03-31T19:43:07+00:00","dateModified":"2020-03-31T19:43:08+00:00","breadcrumb":{"@id":"https:\/\/www.eracleapalacehotel.it\/cs\/spa-a-wellness-centrum\/#breadcrumb"},"inLanguage":"cs","potentialAction":[{"@type":"ReadAction","target":["https:\/\/www.eracleapalacehotel.it\/cs\/spa-a-wellness-centrum\/"]}]},{"@type":"ImageObject","inLanguage":"cs","@id":"https:\/\/www.eracleapalacehotel.it\/cs\/spa-a-wellness-centrum\/#primaryimage","url":"https:\/\/www.eracleapalacehotel.it\/wp-content\/uploads\/2020\/04\/Eraclea_Palace_Wellness@2x.jpg","contentUrl":"https:\/\/www.eracleapalacehotel.it\/wp-content\/uploads\/2020\/04\/Eraclea_Palace_Wellness@2x.jpg","width":2560,"height":563},{"@type":"BreadcrumbList","@id":"https:\/\/www.eracleapalacehotel.it\/cs\/spa-a-wellness-centrum\/#breadcrumb","itemListElement":[{"@type":"ListItem","position":1,"name":"Home","item":"https:\/\/www.eracleapalacehotel.it\/cs\/"},{"@type":"ListItem","position":2,"name":"Spa a wellness centrum"}]},{"@type":"WebSite","@id":"https:\/\/www.eracleapalacehotel.it\/cs\/#website","url":"https:\/\/www.eracleapalacehotel.it\/cs\/","name":"Eraclea Palace Hotel","description":"****s - Eraclea Mare","publisher":{"@id":"https:\/\/www.eracleapalacehotel.it\/cs\/#organization"},"potentialAction":[{"@type":"SearchAction","target":{"@type":"EntryPoint","urlTemplate":"https:\/\/www.eracleapalacehotel.it\/cs\/?s={search_term_string}"},"query-input":{"@type":"PropertyValueSpecification","valueRequired":true,"valueName":"search_term_string"}}],"inLanguage":"cs"},{"@type":"Organization","@id":"https:\/\/www.eracleapalacehotel.it\/cs\/#organization","name":"Eraclea Palace Hotel","url":"https:\/\/www.eracleapalacehotel.it\/cs\/","logo":{"@type":"ImageObject","inLanguage":"cs","@id":"https:\/\/www.eracleapalacehotel.it\/cs\/#\/schema\/logo\/image\/","url":"https:\/\/www.eracleapalacehotel.it\/wp-content\/uploads\/2020\/03\/cropped-logo_Eraclea_palace_hotel@2x.png","contentUrl":"https:\/\/www.eracleapalacehotel.it\/wp-content\/uploads\/2020\/03\/cropped-logo_Eraclea_palace_hotel@2x.png","width":400,"height":277,"caption":"Eraclea Palace Hotel"},"image":{"@id":"https:\/\/www.eracleapalacehotel.it\/cs\/#\/schema\/logo\/image\/"}}]}},"uagb_featured_image_src":{"full":["https:\/\/www.eracleapalacehotel.it\/wp-content\/uploads\/2020\/04\/Eraclea_Palace_Wellness@2x.jpg",2560,563,false],"thumbnail":["https:\/\/www.eracleapalacehotel.it\/wp-content\/uploads\/2020\/04\/Eraclea_Palace_Wellness@2x-150x150.jpg",150,150,true],"medium":["https:\/\/www.eracleapalacehotel.it\/wp-content\/uploads\/2020\/04\/Eraclea_Palace_Wellness@2x-300x66.jpg",300,66,true],"medium_large":["https:\/\/www.eracleapalacehotel.it\/wp-content\/uploads\/2020\/04\/Eraclea_Palace_Wellness@2x-768x169.jpg",580,128,true],"large":["https:\/\/www.eracleapalacehotel.it\/wp-content\/uploads\/2020\/04\/Eraclea_Palace_Wellness@2x-1024x225.jpg",580,127,true],"1536x1536":["https:\/\/www.eracleapalacehotel.it\/wp-content\/uploads\/2020\/04\/Eraclea_Palace_Wellness@2x-1536x338.jpg",1536,338,true],"2048x2048":["https:\/\/www.eracleapalacehotel.it\/wp-content\/uploads\/2020\/04\/Eraclea_Palace_Wellness@2x-2048x451.jpg",2048,451,true],"post-thumbnail":["https:\/\/www.eracleapalacehotel.it\/wp-content\/uploads\/2020\/04\/Eraclea_Palace_Wellness@2x-1200x264.jpg",1200,264,true],"twentytwenty-fullscreen":["https:\/\/www.eracleapalacehotel.it\/wp-content\/uploads\/2020\/04\/Eraclea_Palace_Wellness@2x-1980x436.jpg",1980,436,true]},"uagb_author_info":{"display_name":"3r4cl3-p4l4","author_link":"https:\/\/www.eracleapalacehotel.it\/cs\/author\/3r4cl3-p4l4\/"},"uagb_comment_info":0,"uagb_excerpt":"Osvobo\u010fte se od stresu, t\u00f3nujte sv\u00e9 t\u011blo, obnovte ducha i v\u0161echny smysly Hotel s wellness centrem v Eraclea Mare Na\u0161e wellness centrum, um\u00edst\u011bn\u00e9 v nejvy\u0161\u0161\u00edm pat\u0159e hotelu, v n\u00e1dhern\u00e9 panoramatick\u00e9 poloze je \u00fapln\u00fdm r\u00e1jem. M\u016f\u017eete si vybrat, zda dob\u00edt baterky ve finsk\u00e9 l\u00e1zni, tureck\u00e9 l\u00e1zni nebo jen jedodu\u0161e relaxovat v emo\u010dn\u00ed spr\u0161e.Na\u0161e wellness centrum uvol\u0148uje&hellip;","coauthors":[],"author_meta":{"author_link":"https:\/\/www.eracleapalacehotel.it\/cs\/author\/3r4cl3-p4l4\/","display_name":"3r4cl3-p4l4"},"relative_dates":{"created":"Posted 6 roky ago","modified":"Updated 6 roky ago"},"absolute_dates":{"created":"Posted on 31 b\u0159ezna 2020","modified":"Updated on 31 b\u0159ezna 2020"},"absolute_dates_time":{"created":"Posted on 31 b\u0159ezna 2020 21:43","modified":"Updated on 31 b\u0159ezna 2020 21:43"},"featured_img_caption":"","featured_img":"https:\/\/www.eracleapalacehotel.it\/wp-content\/uploads\/2020\/04\/Eraclea_Palace_Wellness@2x-1200x264.jpg","series_order":"","_links":{"self":[{"href":"https:\/\/www.eracleapalacehotel.it\/cs\/wp-json\/wp\/v2\/pages\/1728","targetHints":{"allow":["GET"]}}],"collection":[{"href":"https:\/\/www.eracleapalacehotel.it\/cs\/wp-json\/wp\/v2\/pages"}],"about":[{"href":"https:\/\/www.eracleapalacehotel.it\/cs\/wp-json\/wp\/v2\/types\/page"}],"author":[{"embeddable":true,"href":"https:\/\/www.eracleapalacehotel.it\/cs\/wp-json\/wp\/v2\/users\/1"}],"replies":[{"embeddable":true,"href":"https:\/\/www.eracleapalacehotel.it\/cs\/wp-json\/wp\/v2\/comments?post=1728"}],"version-history":[{"count":0,"href":"https:\/\/www.eracleapalacehotel.it\/cs\/wp-json\/wp\/v2\/pages\/1728\/revisions"}],"wp:featuredmedia":[{"embeddable":true,"href":"https:\/\/www.eracleapalacehotel.it\/cs\/wp-json\/wp\/v2\/media\/2437"}],"wp:attachment":[{"href":"https:\/\/www.eracleapalacehotel.it\/cs\/wp-json\/wp\/v2\/media?parent=1728"}],"curies":[{"name":"wp","href":"https:\/\/api.w.org\/{rel}","templated":true}]}}