{"id":1604,"date":"2020-03-28T14:46:26","date_gmt":"2020-03-28T13:46:26","guid":{"rendered":"http:\/\/eraclea.promoservicebeta.com\/?page_id=1604"},"modified":"2022-03-25T11:51:18","modified_gmt":"2022-03-25T10:51:18","slug":"nase-nejlepsi-sluzby","status":"publish","type":"page","link":"https:\/\/www.eracleapalacehotel.it\/cs\/nase-nejlepsi-sluzby\/","title":{"rendered":"Na\u0161e nejlep\u0161\u00ed slu\u017eby"},"content":{"rendered":"\n<div class=\"wp-block-group promo-eracleaint-1\"><div class=\"wp-block-group__inner-container is-layout-flow wp-block-group-is-layout-flow\">\n<h3 class=\"wp-block-heading\">Dovolen\u00e1 na m\u00edru v&nbsp;atmosf\u00e9\u0159e klidu a relaxace<\/h3>\n\n\n\n<h2 class=\"wp-block-heading\">Na\u0161e nejlep\u0161\u00ed slu\u017eby<\/h2>\n\n\n\n<p><strong>Nov\u011b postaven\u00fd hotel nab\u00edz\u00ed host\u016fm ve\u0161ker\u00e9 pohodl\u00ed <\/strong>pro nezapomenutelnou dovolenou u mo\u0159e:<\/p>\n\n\n\n<div class=\"wp-block-columns is-layout-flex wp-container-core-columns-is-layout-9d6595d7 wp-block-columns-is-layout-flex\">\n<div class=\"wp-block-column is-layout-flow wp-block-column-is-layout-flow\">\n<ul class=\"wp-block-list\"><li>dva vyh\u0159\u00edvan\u00e9 baz\u00e9ny s&nbsp;panoramatick\u00fdm v\u00fdhledem na mo\u0159e, sol\u00e1rn\u00ed terasa;<\/li><li>dob\u0159e vybaven\u00e9 wellness centrum \u2013 sauna, tureck\u00e1 l\u00e1ze\u0148, emo\u010dn\u00ed sprcha;<\/li><li>fitness koutek a koutek pro d\u011bti;<\/li><li>hala, recepce otev\u0159en\u00e1 24h denn\u011b;<\/li><\/ul>\n<\/div>\n\n\n\n<div class=\"wp-block-column is-layout-flow wp-block-column-is-layout-flow\">\n<ul class=\"wp-block-list\"><li>restaurace, bar, americk\u00fd bar u baz\u00e9nu;<\/li><li>zasedac\u00ed m\u00edstnost pro 10 a\u017e 100 lid\u00ed;<\/li><li>dva v\u00fdtahy;<\/li><li>pr\u00e1delna na \u017eetony a \u017eehlen\u00ed zdarma;<\/li><li>parkovi\u0161t\u011b\/gar\u00e1\u017e.<\/li><\/ul>\n<\/div>\n<\/div>\n<\/div><\/div>\n\n\n\n<figure class=\"wp-block-image size-large promo-eracleaint-2\"><img loading=\"lazy\" decoding=\"async\" width=\"960\" height=\"650\" src=\"https:\/\/www.eracleapalacehotel.it\/wp-content\/uploads\/2020\/03\/Eraclea_Palace_Hotel_Servizi_spiaggia.jpg\" alt=\"\" class=\"wp-image-1370\" srcset=\"https:\/\/www.eracleapalacehotel.it\/wp-content\/uploads\/2020\/03\/Eraclea_Palace_Hotel_Servizi_spiaggia.jpg 960w, https:\/\/www.eracleapalacehotel.it\/wp-content\/uploads\/2020\/03\/Eraclea_Palace_Hotel_Servizi_spiaggia-300x203.jpg 300w, https:\/\/www.eracleapalacehotel.it\/wp-content\/uploads\/2020\/03\/Eraclea_Palace_Hotel_Servizi_spiaggia-768x520.jpg 768w\" sizes=\"auto, (max-width: 960px) 100vw, 960px\" \/><\/figure>\n\n\n\n<div class=\"promo-eraclea-services\"> \n\t<ul>\n\t\t<li><span class=\"material-icons\">wifi<\/span> Wi-fi<\/li>\n\t\t<li><span class=\"material-icons\">pool<\/span> Baz\u00e9n a jacuzzi<\/li>\n\t\t<li><span class=\"material-icons\">beach_access<\/span> Soukrom\u00e1 pl\u00e1\u017e<\/li>\n\t\t<li><span class=\"material-icons\">spa<\/span> Wellness centrum<\/li>\n\t\t<li><span class=\"material-icons\">fitness_center<\/span> Fitness centrum<\/li>\n\t\t<li><span class=\"material-icons\">accessible<\/span> Accessibile<\/li>\n\t\t<li><span class=\"material-icons\">apartment<\/span> Aparthotel<\/li>\n\t\t<li><span class=\"material-icons\">family_restroom<\/span> Pro rodiny<\/li>\n\t\t<li><span class=\"material-icons\">local_bar<\/span> Bar<\/li>\n\t\t<li><span class=\"material-icons\">free_breakfast<\/span> Sn\u00eddan\u011b<\/li>\n\t\t<li><span class=\"material-icons\">local_laundry_service<\/span> Pr\u00e1dlo<\/li>\n\t\t<li><span class=\"material-icons\">local_parking<\/span> Parkov\u00e1n\u00ed<\/li>\n\t\t<li><span class=\"material-icons\">escalator_warning<\/span> Babysitter<\/li>\n\t\t<li><span class=\"material-icons\">child_care<\/span> d\u011btsk\u00fd klub<\/li>\n\t\t<li><span class=\"material-icons\">pedal_bike<\/span> P\u016fj\u010dovna kol<\/li>\n\t\t<li><span class=\"material-icons\">wb_sunny<\/span> Solarium<\/li>\n\t<\/ul>\n<\/div>\n","protected":false},"excerpt":{"rendered":"<p>Dovolen\u00e1 na m\u00edru v&nbsp;atmosf\u00e9\u0159e klidu a relaxace Na\u0161e nejlep\u0161\u00ed slu\u017eby Nov\u011b postaven\u00fd hotel nab\u00edz\u00ed host\u016fm ve\u0161ker\u00e9 pohodl\u00ed pro nezapomenutelnou dovolenou u mo\u0159e: dva vyh\u0159\u00edvan\u00e9 baz\u00e9ny s&nbsp;panoramatick\u00fdm v\u00fdhledem na mo\u0159e, sol\u00e1rn\u00ed terasa; dob\u0159e vybaven\u00e9 wellness centrum \u2013 sauna, tureck\u00e1 l\u00e1ze\u0148, emo\u010dn\u00ed sprcha; fitness koutek a koutek pro d\u011bti; hala, recepce otev\u0159en\u00e1 24h denn\u011b; restaurace, bar, americk\u00fd [&hellip;]<\/p>\n","protected":false},"author":1,"featured_media":2407,"parent":0,"menu_order":0,"comment_status":"closed","ping_status":"closed","template":"","meta":{"_acf_changed":false,"_uag_custom_page_level_css":"","advgb_blocks_editor_width":"","advgb_blocks_columns_visual_guide":"","footnotes":""},"class_list":["post-1604","page","type-page","status-publish","has-post-thumbnail","hentry"],"acf":[],"yoast_head":"<!-- This site is optimized with the Yoast SEO plugin v25.6 - https:\/\/yoast.com\/wordpress\/plugins\/seo\/ -->\n<title>Na\u0161e nejlep\u0161\u00ed slu\u017eby - Eraclea Palace Hotel ****s - Eraclea Mare<\/title>\n<meta name=\"description\" content=\"Dovolen\u00e1 na m\u00edru v atmosf\u00e9\u0159e klidu a relaxace. Nov\u011b postaven\u00fd hotel nab\u00edz\u00ed host\u016fm ve\u0161ker\u00e9 pohodl\u00ed pro nezapomenutelnou dovolenou u mo\u0159e\" \/>\n<meta name=\"robots\" content=\"index, follow, max-snippet:-1, max-image-preview:large, max-video-preview:-1\" \/>\n<link rel=\"canonical\" href=\"https:\/\/www.eracleapalacehotel.it\/cs\/nase-nejlepsi-sluzby\/\" \/>\n<meta property=\"og:locale\" content=\"cs_CZ\" \/>\n<meta property=\"og:type\" content=\"article\" \/>\n<meta property=\"og:title\" content=\"Na\u0161e nejlep\u0161\u00ed slu\u017eby - Eraclea Palace Hotel ****s - Eraclea Mare\" \/>\n<meta property=\"og:description\" content=\"Dovolen\u00e1 na m\u00edru v atmosf\u00e9\u0159e klidu a relaxace. Nov\u011b postaven\u00fd hotel nab\u00edz\u00ed host\u016fm ve\u0161ker\u00e9 pohodl\u00ed pro nezapomenutelnou dovolenou u mo\u0159e\" \/>\n<meta property=\"og:url\" content=\"https:\/\/www.eracleapalacehotel.it\/cs\/nase-nejlepsi-sluzby\/\" \/>\n<meta property=\"og:site_name\" content=\"Eraclea Palace Hotel\" \/>\n<meta property=\"article:modified_time\" content=\"2022-03-25T10:51:18+00:00\" \/>\n<meta property=\"og:image\" content=\"https:\/\/www.eracleapalacehotel.it\/wp-content\/uploads\/2020\/04\/Eraclea_Palace_Piscina@2x.jpg\" \/>\n\t<meta property=\"og:image:width\" content=\"2560\" \/>\n\t<meta property=\"og:image:height\" content=\"563\" \/>\n\t<meta property=\"og:image:type\" content=\"image\/jpeg\" \/>\n<meta name=\"twitter:card\" content=\"summary_large_image\" \/>\n<meta name=\"twitter:label1\" content=\"Odhadovan\u00e1 doba \u010dten\u00ed\" \/>\n\t<meta name=\"twitter:data1\" content=\"1 minuta\" \/>\n<script type=\"application\/ld+json\" class=\"yoast-schema-graph\">{\"@context\":\"https:\/\/schema.org\",\"@graph\":[{\"@type\":\"WebPage\",\"@id\":\"https:\/\/www.eracleapalacehotel.it\/cs\/nase-nejlepsi-sluzby\/\",\"url\":\"https:\/\/www.eracleapalacehotel.it\/cs\/nase-nejlepsi-sluzby\/\",\"name\":\"Na\u0161e nejlep\u0161\u00ed slu\u017eby - Eraclea Palace Hotel ****s - Eraclea Mare\",\"isPartOf\":{\"@id\":\"https:\/\/www.eracleapalacehotel.it\/cs\/#website\"},\"primaryImageOfPage\":{\"@id\":\"https:\/\/www.eracleapalacehotel.it\/cs\/nase-nejlepsi-sluzby\/#primaryimage\"},\"image\":{\"@id\":\"https:\/\/www.eracleapalacehotel.it\/cs\/nase-nejlepsi-sluzby\/#primaryimage\"},\"thumbnailUrl\":\"https:\/\/www.eracleapalacehotel.it\/wp-content\/uploads\/2020\/04\/Eraclea_Palace_Piscina@2x.jpg\",\"datePublished\":\"2020-03-28T13:46:26+00:00\",\"dateModified\":\"2022-03-25T10:51:18+00:00\",\"description\":\"Dovolen\u00e1 na m\u00edru v atmosf\u00e9\u0159e klidu a relaxace. Nov\u011b postaven\u00fd hotel nab\u00edz\u00ed host\u016fm ve\u0161ker\u00e9 pohodl\u00ed pro nezapomenutelnou dovolenou u mo\u0159e\",\"breadcrumb\":{\"@id\":\"https:\/\/www.eracleapalacehotel.it\/cs\/nase-nejlepsi-sluzby\/#breadcrumb\"},\"inLanguage\":\"cs\",\"potentialAction\":[{\"@type\":\"ReadAction\",\"target\":[\"https:\/\/www.eracleapalacehotel.it\/cs\/nase-nejlepsi-sluzby\/\"]}]},{\"@type\":\"ImageObject\",\"inLanguage\":\"cs\",\"@id\":\"https:\/\/www.eracleapalacehotel.it\/cs\/nase-nejlepsi-sluzby\/#primaryimage\",\"url\":\"https:\/\/www.eracleapalacehotel.it\/wp-content\/uploads\/2020\/04\/Eraclea_Palace_Piscina@2x.jpg\",\"contentUrl\":\"https:\/\/www.eracleapalacehotel.it\/wp-content\/uploads\/2020\/04\/Eraclea_Palace_Piscina@2x.jpg\",\"width\":2560,\"height\":563},{\"@type\":\"BreadcrumbList\",\"@id\":\"https:\/\/www.eracleapalacehotel.it\/cs\/nase-nejlepsi-sluzby\/#breadcrumb\",\"itemListElement\":[{\"@type\":\"ListItem\",\"position\":1,\"name\":\"Home\",\"item\":\"https:\/\/www.eracleapalacehotel.it\/cs\/\"},{\"@type\":\"ListItem\",\"position\":2,\"name\":\"Na\u0161e nejlep\u0161\u00ed slu\u017eby\"}]},{\"@type\":\"WebSite\",\"@id\":\"https:\/\/www.eracleapalacehotel.it\/cs\/#website\",\"url\":\"https:\/\/www.eracleapalacehotel.it\/cs\/\",\"name\":\"Eraclea Palace Hotel\",\"description\":\"****s - Eraclea Mare\",\"publisher\":{\"@id\":\"https:\/\/www.eracleapalacehotel.it\/cs\/#organization\"},\"potentialAction\":[{\"@type\":\"SearchAction\",\"target\":{\"@type\":\"EntryPoint\",\"urlTemplate\":\"https:\/\/www.eracleapalacehotel.it\/cs\/?s={search_term_string}\"},\"query-input\":{\"@type\":\"PropertyValueSpecification\",\"valueRequired\":true,\"valueName\":\"search_term_string\"}}],\"inLanguage\":\"cs\"},{\"@type\":\"Organization\",\"@id\":\"https:\/\/www.eracleapalacehotel.it\/cs\/#organization\",\"name\":\"Eraclea Palace Hotel\",\"url\":\"https:\/\/www.eracleapalacehotel.it\/cs\/\",\"logo\":{\"@type\":\"ImageObject\",\"inLanguage\":\"cs\",\"@id\":\"https:\/\/www.eracleapalacehotel.it\/cs\/#\/schema\/logo\/image\/\",\"url\":\"https:\/\/www.eracleapalacehotel.it\/wp-content\/uploads\/2020\/03\/cropped-logo_Eraclea_palace_hotel@2x.png\",\"contentUrl\":\"https:\/\/www.eracleapalacehotel.it\/wp-content\/uploads\/2020\/03\/cropped-logo_Eraclea_palace_hotel@2x.png\",\"width\":400,\"height\":277,\"caption\":\"Eraclea Palace Hotel\"},\"image\":{\"@id\":\"https:\/\/www.eracleapalacehotel.it\/cs\/#\/schema\/logo\/image\/\"}}]}<\/script>\n<!-- \/ Yoast SEO plugin. -->","yoast_head_json":{"title":"Na\u0161e nejlep\u0161\u00ed slu\u017eby - Eraclea Palace Hotel ****s - Eraclea Mare","description":"Dovolen\u00e1 na m\u00edru v atmosf\u00e9\u0159e klidu a relaxace. Nov\u011b postaven\u00fd hotel nab\u00edz\u00ed host\u016fm ve\u0161ker\u00e9 pohodl\u00ed pro nezapomenutelnou dovolenou u mo\u0159e","robots":{"index":"index","follow":"follow","max-snippet":"max-snippet:-1","max-image-preview":"max-image-preview:large","max-video-preview":"max-video-preview:-1"},"canonical":"https:\/\/www.eracleapalacehotel.it\/cs\/nase-nejlepsi-sluzby\/","og_locale":"cs_CZ","og_type":"article","og_title":"Na\u0161e nejlep\u0161\u00ed slu\u017eby - Eraclea Palace Hotel ****s - Eraclea Mare","og_description":"Dovolen\u00e1 na m\u00edru v atmosf\u00e9\u0159e klidu a relaxace. Nov\u011b postaven\u00fd hotel nab\u00edz\u00ed host\u016fm ve\u0161ker\u00e9 pohodl\u00ed pro nezapomenutelnou dovolenou u mo\u0159e","og_url":"https:\/\/www.eracleapalacehotel.it\/cs\/nase-nejlepsi-sluzby\/","og_site_name":"Eraclea Palace Hotel","article_modified_time":"2022-03-25T10:51:18+00:00","og_image":[{"width":2560,"height":563,"url":"https:\/\/www.eracleapalacehotel.it\/wp-content\/uploads\/2020\/04\/Eraclea_Palace_Piscina@2x.jpg","type":"image\/jpeg"}],"twitter_card":"summary_large_image","twitter_misc":{"Odhadovan\u00e1 doba \u010dten\u00ed":"1 minuta"},"schema":{"@context":"https:\/\/schema.org","@graph":[{"@type":"WebPage","@id":"https:\/\/www.eracleapalacehotel.it\/cs\/nase-nejlepsi-sluzby\/","url":"https:\/\/www.eracleapalacehotel.it\/cs\/nase-nejlepsi-sluzby\/","name":"Na\u0161e nejlep\u0161\u00ed slu\u017eby - Eraclea Palace Hotel ****s - Eraclea Mare","isPartOf":{"@id":"https:\/\/www.eracleapalacehotel.it\/cs\/#website"},"primaryImageOfPage":{"@id":"https:\/\/www.eracleapalacehotel.it\/cs\/nase-nejlepsi-sluzby\/#primaryimage"},"image":{"@id":"https:\/\/www.eracleapalacehotel.it\/cs\/nase-nejlepsi-sluzby\/#primaryimage"},"thumbnailUrl":"https:\/\/www.eracleapalacehotel.it\/wp-content\/uploads\/2020\/04\/Eraclea_Palace_Piscina@2x.jpg","datePublished":"2020-03-28T13:46:26+00:00","dateModified":"2022-03-25T10:51:18+00:00","description":"Dovolen\u00e1 na m\u00edru v atmosf\u00e9\u0159e klidu a relaxace. Nov\u011b postaven\u00fd hotel nab\u00edz\u00ed host\u016fm ve\u0161ker\u00e9 pohodl\u00ed pro nezapomenutelnou dovolenou u mo\u0159e","breadcrumb":{"@id":"https:\/\/www.eracleapalacehotel.it\/cs\/nase-nejlepsi-sluzby\/#breadcrumb"},"inLanguage":"cs","potentialAction":[{"@type":"ReadAction","target":["https:\/\/www.eracleapalacehotel.it\/cs\/nase-nejlepsi-sluzby\/"]}]},{"@type":"ImageObject","inLanguage":"cs","@id":"https:\/\/www.eracleapalacehotel.it\/cs\/nase-nejlepsi-sluzby\/#primaryimage","url":"https:\/\/www.eracleapalacehotel.it\/wp-content\/uploads\/2020\/04\/Eraclea_Palace_Piscina@2x.jpg","contentUrl":"https:\/\/www.eracleapalacehotel.it\/wp-content\/uploads\/2020\/04\/Eraclea_Palace_Piscina@2x.jpg","width":2560,"height":563},{"@type":"BreadcrumbList","@id":"https:\/\/www.eracleapalacehotel.it\/cs\/nase-nejlepsi-sluzby\/#breadcrumb","itemListElement":[{"@type":"ListItem","position":1,"name":"Home","item":"https:\/\/www.eracleapalacehotel.it\/cs\/"},{"@type":"ListItem","position":2,"name":"Na\u0161e nejlep\u0161\u00ed slu\u017eby"}]},{"@type":"WebSite","@id":"https:\/\/www.eracleapalacehotel.it\/cs\/#website","url":"https:\/\/www.eracleapalacehotel.it\/cs\/","name":"Eraclea Palace Hotel","description":"****s - Eraclea Mare","publisher":{"@id":"https:\/\/www.eracleapalacehotel.it\/cs\/#organization"},"potentialAction":[{"@type":"SearchAction","target":{"@type":"EntryPoint","urlTemplate":"https:\/\/www.eracleapalacehotel.it\/cs\/?s={search_term_string}"},"query-input":{"@type":"PropertyValueSpecification","valueRequired":true,"valueName":"search_term_string"}}],"inLanguage":"cs"},{"@type":"Organization","@id":"https:\/\/www.eracleapalacehotel.it\/cs\/#organization","name":"Eraclea Palace Hotel","url":"https:\/\/www.eracleapalacehotel.it\/cs\/","logo":{"@type":"ImageObject","inLanguage":"cs","@id":"https:\/\/www.eracleapalacehotel.it\/cs\/#\/schema\/logo\/image\/","url":"https:\/\/www.eracleapalacehotel.it\/wp-content\/uploads\/2020\/03\/cropped-logo_Eraclea_palace_hotel@2x.png","contentUrl":"https:\/\/www.eracleapalacehotel.it\/wp-content\/uploads\/2020\/03\/cropped-logo_Eraclea_palace_hotel@2x.png","width":400,"height":277,"caption":"Eraclea Palace Hotel"},"image":{"@id":"https:\/\/www.eracleapalacehotel.it\/cs\/#\/schema\/logo\/image\/"}}]}},"uagb_featured_image_src":{"full":["https:\/\/www.eracleapalacehotel.it\/wp-content\/uploads\/2020\/04\/Eraclea_Palace_Piscina@2x.jpg",2560,563,false],"thumbnail":["https:\/\/www.eracleapalacehotel.it\/wp-content\/uploads\/2020\/04\/Eraclea_Palace_Piscina@2x-150x150.jpg",150,150,true],"medium":["https:\/\/www.eracleapalacehotel.it\/wp-content\/uploads\/2020\/04\/Eraclea_Palace_Piscina@2x-300x66.jpg",300,66,true],"medium_large":["https:\/\/www.eracleapalacehotel.it\/wp-content\/uploads\/2020\/04\/Eraclea_Palace_Piscina@2x-768x169.jpg",580,128,true],"large":["https:\/\/www.eracleapalacehotel.it\/wp-content\/uploads\/2020\/04\/Eraclea_Palace_Piscina@2x-1024x225.jpg",580,127,true],"1536x1536":["https:\/\/www.eracleapalacehotel.it\/wp-content\/uploads\/2020\/04\/Eraclea_Palace_Piscina@2x-1536x338.jpg",1536,338,true],"2048x2048":["https:\/\/www.eracleapalacehotel.it\/wp-content\/uploads\/2020\/04\/Eraclea_Palace_Piscina@2x-2048x451.jpg",2048,451,true],"post-thumbnail":["https:\/\/www.eracleapalacehotel.it\/wp-content\/uploads\/2020\/04\/Eraclea_Palace_Piscina@2x-1200x264.jpg",1200,264,true],"twentytwenty-fullscreen":["https:\/\/www.eracleapalacehotel.it\/wp-content\/uploads\/2020\/04\/Eraclea_Palace_Piscina@2x-1980x436.jpg",1980,436,true]},"uagb_author_info":{"display_name":"3r4cl3-p4l4","author_link":"https:\/\/www.eracleapalacehotel.it\/cs\/author\/3r4cl3-p4l4\/"},"uagb_comment_info":0,"uagb_excerpt":"Dovolen\u00e1 na m\u00edru v&nbsp;atmosf\u00e9\u0159e klidu a relaxace Na\u0161e nejlep\u0161\u00ed slu\u017eby Nov\u011b postaven\u00fd hotel nab\u00edz\u00ed host\u016fm ve\u0161ker\u00e9 pohodl\u00ed pro nezapomenutelnou dovolenou u mo\u0159e: dva vyh\u0159\u00edvan\u00e9 baz\u00e9ny s&nbsp;panoramatick\u00fdm v\u00fdhledem na mo\u0159e, sol\u00e1rn\u00ed terasa; dob\u0159e vybaven\u00e9 wellness centrum \u2013 sauna, tureck\u00e1 l\u00e1ze\u0148, emo\u010dn\u00ed sprcha; fitness koutek a koutek pro d\u011bti; hala, recepce otev\u0159en\u00e1 24h denn\u011b; restaurace, bar, americk\u00fd&hellip;","coauthors":[],"author_meta":{"author_link":"https:\/\/www.eracleapalacehotel.it\/cs\/author\/3r4cl3-p4l4\/","display_name":"3r4cl3-p4l4"},"relative_dates":{"created":"Posted 6 roky ago","modified":"Updated 4 roky ago"},"absolute_dates":{"created":"Posted on 28 b\u0159ezna 2020","modified":"Updated on 25 b\u0159ezna 2022"},"absolute_dates_time":{"created":"Posted on 28 b\u0159ezna 2020 14:46","modified":"Updated on 25 b\u0159ezna 2022 11:51"},"featured_img_caption":"","featured_img":"https:\/\/www.eracleapalacehotel.it\/wp-content\/uploads\/2020\/04\/Eraclea_Palace_Piscina@2x-1200x264.jpg","series_order":"","_links":{"self":[{"href":"https:\/\/www.eracleapalacehotel.it\/cs\/wp-json\/wp\/v2\/pages\/1604","targetHints":{"allow":["GET"]}}],"collection":[{"href":"https:\/\/www.eracleapalacehotel.it\/cs\/wp-json\/wp\/v2\/pages"}],"about":[{"href":"https:\/\/www.eracleapalacehotel.it\/cs\/wp-json\/wp\/v2\/types\/page"}],"author":[{"embeddable":true,"href":"https:\/\/www.eracleapalacehotel.it\/cs\/wp-json\/wp\/v2\/users\/1"}],"replies":[{"embeddable":true,"href":"https:\/\/www.eracleapalacehotel.it\/cs\/wp-json\/wp\/v2\/comments?post=1604"}],"version-history":[{"count":1,"href":"https:\/\/www.eracleapalacehotel.it\/cs\/wp-json\/wp\/v2\/pages\/1604\/revisions"}],"predecessor-version":[{"id":3536,"href":"https:\/\/www.eracleapalacehotel.it\/cs\/wp-json\/wp\/v2\/pages\/1604\/revisions\/3536"}],"wp:featuredmedia":[{"embeddable":true,"href":"https:\/\/www.eracleapalacehotel.it\/cs\/wp-json\/wp\/v2\/media\/2407"}],"wp:attachment":[{"href":"https:\/\/www.eracleapalacehotel.it\/cs\/wp-json\/wp\/v2\/media?parent=1604"}],"curies":[{"name":"wp","href":"https:\/\/api.w.org\/{rel}","templated":true}]}}