{"id":1574,"date":"2020-03-28T14:25:25","date_gmt":"2020-03-28T13:25:25","guid":{"rendered":"http:\/\/eraclea.promoservicebeta.com\/?page_id=1574"},"modified":"2020-04-02T17:34:00","modified_gmt":"2020-04-02T15:34:00","slug":"pizzeria","status":"publish","type":"page","link":"https:\/\/www.eracleapalacehotel.it\/cs\/pizzeria\/","title":{"rendered":"Pizzerie"},"content":{"rendered":"\n<div class=\"wp-block-group promo-eracleaint-1\"><div class=\"wp-block-group__inner-container is-layout-flow wp-block-group-is-layout-flow\">\n<h3 class=\"wp-block-heading\">Otev\u0159en\u00e1 ka\u017ed\u00fd den od 12 do 18 hodin<\/h3>\n\n\n\n<h2 class=\"wp-block-heading\">Pizzerie<\/h2>\n\n\n\n<p><strong>Nov\u00e1 pizzerie<\/strong> v\u00a0<strong>hotelu Eraclea Palace<\/strong> v\u00a0<strong>Eraclea Mare<\/strong> nab\u00edz\u00ed mo\u017enost u\u017e\u00edt si lahodn\u00fd ob\u011bd u baz\u00e9nu.<\/p>\n\n\n\n<p>Otev\u0159en\u00e1 <strong>od 12 do 18 hodin<\/strong>, tato slu\u017eba je ide\u00e1ln\u00ed pr\u00e1v\u011b pro ty, kte\u0159\u00ed si cht\u011bj\u00ed vychutnat j\u00eddlo i tak, \u017ee budou nad\u00e1le tr\u00e1vit den na slunci.<\/p>\n<\/div><\/div>\n\n\n\n<figure class=\"wp-block-image size-large promo-eracleaint-2\"><img loading=\"lazy\" decoding=\"async\" width=\"1000\" height=\"667\" src=\"https:\/\/www.eracleapalacehotel.it\/wp-content\/uploads\/2020\/03\/Hotel_Eraclea_pizza_in_Piscina.jpg\" alt=\"\" class=\"wp-image-856\" srcset=\"https:\/\/www.eracleapalacehotel.it\/wp-content\/uploads\/2020\/03\/Hotel_Eraclea_pizza_in_Piscina.jpg 1000w, https:\/\/www.eracleapalacehotel.it\/wp-content\/uploads\/2020\/03\/Hotel_Eraclea_pizza_in_Piscina-300x200.jpg 300w, https:\/\/www.eracleapalacehotel.it\/wp-content\/uploads\/2020\/03\/Hotel_Eraclea_pizza_in_Piscina-768x512.jpg 768w\" sizes=\"auto, (max-width: 1000px) 100vw, 1000px\" \/><\/figure>\n\n\n\n<figure class=\"wp-block-gallery columns-3 is-cropped promo-eracleaint-5 wp-block-gallery-2\"><ul class=\"blocks-gallery-grid\"><li class=\"blocks-gallery-item\"><figure><img loading=\"lazy\" decoding=\"async\" width=\"1000\" height=\"677\" src=\"https:\/\/www.eracleapalacehotel.it\/wp-content\/uploads\/2020\/03\/pizzeria_2019_2.jpg\" alt=\"\" data-id=\"874\" data-full-url=\"https:\/\/www.eracleapalacehotel.it\/wp-content\/uploads\/2020\/03\/pizzeria_2019_2.jpg\" data-link=\"https:\/\/eracleapalacehotel.it\/?attachment_id=874\" class=\"wp-image-874\" srcset=\"https:\/\/www.eracleapalacehotel.it\/wp-content\/uploads\/2020\/03\/pizzeria_2019_2.jpg 1000w, https:\/\/www.eracleapalacehotel.it\/wp-content\/uploads\/2020\/03\/pizzeria_2019_2-300x203.jpg 300w, https:\/\/www.eracleapalacehotel.it\/wp-content\/uploads\/2020\/03\/pizzeria_2019_2-768x520.jpg 768w\" sizes=\"auto, (max-width: 1000px) 100vw, 1000px\" \/><\/figure><\/li><li class=\"blocks-gallery-item\"><figure><img loading=\"lazy\" decoding=\"async\" width=\"1000\" height=\"667\" src=\"https:\/\/www.eracleapalacehotel.it\/wp-content\/uploads\/2020\/03\/insalatona.jpg\" alt=\"\" data-id=\"862\" data-full-url=\"https:\/\/www.eracleapalacehotel.it\/wp-content\/uploads\/2020\/03\/insalatona.jpg\" data-link=\"https:\/\/eracleapalacehotel.it\/?attachment_id=862\" class=\"wp-image-862\" srcset=\"https:\/\/www.eracleapalacehotel.it\/wp-content\/uploads\/2020\/03\/insalatona.jpg 1000w, https:\/\/www.eracleapalacehotel.it\/wp-content\/uploads\/2020\/03\/insalatona-300x200.jpg 300w, https:\/\/www.eracleapalacehotel.it\/wp-content\/uploads\/2020\/03\/insalatona-768x512.jpg 768w\" sizes=\"auto, (max-width: 1000px) 100vw, 1000px\" \/><\/figure><\/li><li class=\"blocks-gallery-item\"><figure><img loading=\"lazy\" decoding=\"async\" width=\"1000\" height=\"677\" src=\"https:\/\/www.eracleapalacehotel.it\/wp-content\/uploads\/2020\/03\/pizzeria_2019_1.jpg\" alt=\"\" data-id=\"868\" data-full-url=\"https:\/\/www.eracleapalacehotel.it\/wp-content\/uploads\/2020\/03\/pizzeria_2019_1.jpg\" data-link=\"https:\/\/eracleapalacehotel.it\/?attachment_id=868\" class=\"wp-image-868 is-layout-flex wp-block-gallery-is-layout-flex\" srcset=\"https:\/\/www.eracleapalacehotel.it\/wp-content\/uploads\/2020\/03\/pizzeria_2019_1.jpg 1000w, https:\/\/www.eracleapalacehotel.it\/wp-content\/uploads\/2020\/03\/pizzeria_2019_1-300x203.jpg 300w, https:\/\/www.eracleapalacehotel.it\/wp-content\/uploads\/2020\/03\/pizzeria_2019_1-768x520.jpg 768w\" sizes=\"auto, (max-width: 1000px) 100vw, 1000px\" \/><\/figure><\/li><\/ul><\/figure>\n","protected":false},"excerpt":{"rendered":"<p>Otev\u0159en\u00e1 ka\u017ed\u00fd den od 12 do 18 hodin Pizzerie Nov\u00e1 pizzerie v\u00a0hotelu Eraclea Palace v\u00a0Eraclea Mare nab\u00edz\u00ed mo\u017enost u\u017e\u00edt si lahodn\u00fd ob\u011bd u baz\u00e9nu. Otev\u0159en\u00e1 od 12 do 18 hodin, tato slu\u017eba je ide\u00e1ln\u00ed pr\u00e1v\u011b pro ty, kte\u0159\u00ed si cht\u011bj\u00ed vychutnat j\u00eddlo i tak, \u017ee budou nad\u00e1le tr\u00e1vit den na slunci.<\/p>\n","protected":false},"author":1,"featured_media":2413,"parent":0,"menu_order":0,"comment_status":"closed","ping_status":"closed","template":"","meta":{"_acf_changed":false,"_uag_custom_page_level_css":"","advgb_blocks_editor_width":"","advgb_blocks_columns_visual_guide":"","footnotes":""},"class_list":["post-1574","page","type-page","status-publish","has-post-thumbnail","hentry"],"acf":[],"yoast_head":"<!-- This site is optimized with the Yoast SEO plugin v25.6 - https:\/\/yoast.com\/wordpress\/plugins\/seo\/ -->\n<title>Pizzerie - Eraclea Palace Hotel<\/title>\n<meta name=\"robots\" content=\"index, follow, max-snippet:-1, max-image-preview:large, max-video-preview:-1\" \/>\n<link rel=\"canonical\" href=\"https:\/\/www.eracleapalacehotel.it\/cs\/pizzeria\/\" \/>\n<meta property=\"og:locale\" content=\"cs_CZ\" \/>\n<meta property=\"og:type\" content=\"article\" \/>\n<meta property=\"og:title\" content=\"Pizzerie - Eraclea Palace Hotel\" \/>\n<meta property=\"og:description\" content=\"Otev\u0159en\u00e1 ka\u017ed\u00fd den od 12 do 18 hodin Pizzerie Nov\u00e1 pizzerie v\u00a0hotelu Eraclea Palace v\u00a0Eraclea Mare nab\u00edz\u00ed mo\u017enost u\u017e\u00edt si lahodn\u00fd ob\u011bd u baz\u00e9nu. Otev\u0159en\u00e1 od 12 do 18 hodin, tato slu\u017eba je ide\u00e1ln\u00ed pr\u00e1v\u011b pro ty, kte\u0159\u00ed si cht\u011bj\u00ed vychutnat j\u00eddlo i tak, \u017ee budou nad\u00e1le tr\u00e1vit den na slunci.\" \/>\n<meta property=\"og:url\" content=\"https:\/\/www.eracleapalacehotel.it\/cs\/pizzeria\/\" \/>\n<meta property=\"og:site_name\" content=\"Eraclea Palace Hotel\" \/>\n<meta property=\"article:modified_time\" content=\"2020-04-02T15:34:00+00:00\" \/>\n<meta property=\"og:image\" content=\"https:\/\/www.eracleapalacehotel.it\/wp-content\/uploads\/2020\/04\/Eraclea_Palace_Pizzeria@2x.jpg\" \/>\n\t<meta property=\"og:image:width\" content=\"2560\" \/>\n\t<meta property=\"og:image:height\" content=\"563\" \/>\n\t<meta property=\"og:image:type\" content=\"image\/jpeg\" \/>\n<meta name=\"twitter:card\" content=\"summary_large_image\" \/>\n<script type=\"application\/ld+json\" class=\"yoast-schema-graph\">{\"@context\":\"https:\/\/schema.org\",\"@graph\":[{\"@type\":\"WebPage\",\"@id\":\"https:\/\/www.eracleapalacehotel.it\/cs\/pizzeria\/\",\"url\":\"https:\/\/www.eracleapalacehotel.it\/cs\/pizzeria\/\",\"name\":\"Pizzerie - Eraclea Palace Hotel\",\"isPartOf\":{\"@id\":\"https:\/\/www.eracleapalacehotel.it\/cs\/#website\"},\"primaryImageOfPage\":{\"@id\":\"https:\/\/www.eracleapalacehotel.it\/cs\/pizzeria\/#primaryimage\"},\"image\":{\"@id\":\"https:\/\/www.eracleapalacehotel.it\/cs\/pizzeria\/#primaryimage\"},\"thumbnailUrl\":\"https:\/\/www.eracleapalacehotel.it\/wp-content\/uploads\/2020\/04\/Eraclea_Palace_Pizzeria@2x.jpg\",\"datePublished\":\"2020-03-28T13:25:25+00:00\",\"dateModified\":\"2020-04-02T15:34:00+00:00\",\"breadcrumb\":{\"@id\":\"https:\/\/www.eracleapalacehotel.it\/cs\/pizzeria\/#breadcrumb\"},\"inLanguage\":\"cs\",\"potentialAction\":[{\"@type\":\"ReadAction\",\"target\":[\"https:\/\/www.eracleapalacehotel.it\/cs\/pizzeria\/\"]}]},{\"@type\":\"ImageObject\",\"inLanguage\":\"cs\",\"@id\":\"https:\/\/www.eracleapalacehotel.it\/cs\/pizzeria\/#primaryimage\",\"url\":\"https:\/\/www.eracleapalacehotel.it\/wp-content\/uploads\/2020\/04\/Eraclea_Palace_Pizzeria@2x.jpg\",\"contentUrl\":\"https:\/\/www.eracleapalacehotel.it\/wp-content\/uploads\/2020\/04\/Eraclea_Palace_Pizzeria@2x.jpg\",\"width\":2560,\"height\":563},{\"@type\":\"BreadcrumbList\",\"@id\":\"https:\/\/www.eracleapalacehotel.it\/cs\/pizzeria\/#breadcrumb\",\"itemListElement\":[{\"@type\":\"ListItem\",\"position\":1,\"name\":\"Home\",\"item\":\"https:\/\/www.eracleapalacehotel.it\/cs\/\"},{\"@type\":\"ListItem\",\"position\":2,\"name\":\"Pizzerie\"}]},{\"@type\":\"WebSite\",\"@id\":\"https:\/\/www.eracleapalacehotel.it\/cs\/#website\",\"url\":\"https:\/\/www.eracleapalacehotel.it\/cs\/\",\"name\":\"Eraclea Palace Hotel\",\"description\":\"****s - Eraclea Mare\",\"publisher\":{\"@id\":\"https:\/\/www.eracleapalacehotel.it\/cs\/#organization\"},\"potentialAction\":[{\"@type\":\"SearchAction\",\"target\":{\"@type\":\"EntryPoint\",\"urlTemplate\":\"https:\/\/www.eracleapalacehotel.it\/cs\/?s={search_term_string}\"},\"query-input\":{\"@type\":\"PropertyValueSpecification\",\"valueRequired\":true,\"valueName\":\"search_term_string\"}}],\"inLanguage\":\"cs\"},{\"@type\":\"Organization\",\"@id\":\"https:\/\/www.eracleapalacehotel.it\/cs\/#organization\",\"name\":\"Eraclea Palace Hotel\",\"url\":\"https:\/\/www.eracleapalacehotel.it\/cs\/\",\"logo\":{\"@type\":\"ImageObject\",\"inLanguage\":\"cs\",\"@id\":\"https:\/\/www.eracleapalacehotel.it\/cs\/#\/schema\/logo\/image\/\",\"url\":\"https:\/\/www.eracleapalacehotel.it\/wp-content\/uploads\/2020\/03\/cropped-logo_Eraclea_palace_hotel@2x.png\",\"contentUrl\":\"https:\/\/www.eracleapalacehotel.it\/wp-content\/uploads\/2020\/03\/cropped-logo_Eraclea_palace_hotel@2x.png\",\"width\":400,\"height\":277,\"caption\":\"Eraclea Palace Hotel\"},\"image\":{\"@id\":\"https:\/\/www.eracleapalacehotel.it\/cs\/#\/schema\/logo\/image\/\"}}]}<\/script>\n<!-- \/ Yoast SEO plugin. -->","yoast_head_json":{"title":"Pizzerie - Eraclea Palace Hotel","robots":{"index":"index","follow":"follow","max-snippet":"max-snippet:-1","max-image-preview":"max-image-preview:large","max-video-preview":"max-video-preview:-1"},"canonical":"https:\/\/www.eracleapalacehotel.it\/cs\/pizzeria\/","og_locale":"cs_CZ","og_type":"article","og_title":"Pizzerie - Eraclea Palace Hotel","og_description":"Otev\u0159en\u00e1 ka\u017ed\u00fd den od 12 do 18 hodin Pizzerie Nov\u00e1 pizzerie v\u00a0hotelu Eraclea Palace v\u00a0Eraclea Mare nab\u00edz\u00ed mo\u017enost u\u017e\u00edt si lahodn\u00fd ob\u011bd u baz\u00e9nu. Otev\u0159en\u00e1 od 12 do 18 hodin, tato slu\u017eba je ide\u00e1ln\u00ed pr\u00e1v\u011b pro ty, kte\u0159\u00ed si cht\u011bj\u00ed vychutnat j\u00eddlo i tak, \u017ee budou nad\u00e1le tr\u00e1vit den na slunci.","og_url":"https:\/\/www.eracleapalacehotel.it\/cs\/pizzeria\/","og_site_name":"Eraclea Palace Hotel","article_modified_time":"2020-04-02T15:34:00+00:00","og_image":[{"width":2560,"height":563,"url":"https:\/\/www.eracleapalacehotel.it\/wp-content\/uploads\/2020\/04\/Eraclea_Palace_Pizzeria@2x.jpg","type":"image\/jpeg"}],"twitter_card":"summary_large_image","schema":{"@context":"https:\/\/schema.org","@graph":[{"@type":"WebPage","@id":"https:\/\/www.eracleapalacehotel.it\/cs\/pizzeria\/","url":"https:\/\/www.eracleapalacehotel.it\/cs\/pizzeria\/","name":"Pizzerie - Eraclea Palace Hotel","isPartOf":{"@id":"https:\/\/www.eracleapalacehotel.it\/cs\/#website"},"primaryImageOfPage":{"@id":"https:\/\/www.eracleapalacehotel.it\/cs\/pizzeria\/#primaryimage"},"image":{"@id":"https:\/\/www.eracleapalacehotel.it\/cs\/pizzeria\/#primaryimage"},"thumbnailUrl":"https:\/\/www.eracleapalacehotel.it\/wp-content\/uploads\/2020\/04\/Eraclea_Palace_Pizzeria@2x.jpg","datePublished":"2020-03-28T13:25:25+00:00","dateModified":"2020-04-02T15:34:00+00:00","breadcrumb":{"@id":"https:\/\/www.eracleapalacehotel.it\/cs\/pizzeria\/#breadcrumb"},"inLanguage":"cs","potentialAction":[{"@type":"ReadAction","target":["https:\/\/www.eracleapalacehotel.it\/cs\/pizzeria\/"]}]},{"@type":"ImageObject","inLanguage":"cs","@id":"https:\/\/www.eracleapalacehotel.it\/cs\/pizzeria\/#primaryimage","url":"https:\/\/www.eracleapalacehotel.it\/wp-content\/uploads\/2020\/04\/Eraclea_Palace_Pizzeria@2x.jpg","contentUrl":"https:\/\/www.eracleapalacehotel.it\/wp-content\/uploads\/2020\/04\/Eraclea_Palace_Pizzeria@2x.jpg","width":2560,"height":563},{"@type":"BreadcrumbList","@id":"https:\/\/www.eracleapalacehotel.it\/cs\/pizzeria\/#breadcrumb","itemListElement":[{"@type":"ListItem","position":1,"name":"Home","item":"https:\/\/www.eracleapalacehotel.it\/cs\/"},{"@type":"ListItem","position":2,"name":"Pizzerie"}]},{"@type":"WebSite","@id":"https:\/\/www.eracleapalacehotel.it\/cs\/#website","url":"https:\/\/www.eracleapalacehotel.it\/cs\/","name":"Eraclea Palace Hotel","description":"****s - Eraclea Mare","publisher":{"@id":"https:\/\/www.eracleapalacehotel.it\/cs\/#organization"},"potentialAction":[{"@type":"SearchAction","target":{"@type":"EntryPoint","urlTemplate":"https:\/\/www.eracleapalacehotel.it\/cs\/?s={search_term_string}"},"query-input":{"@type":"PropertyValueSpecification","valueRequired":true,"valueName":"search_term_string"}}],"inLanguage":"cs"},{"@type":"Organization","@id":"https:\/\/www.eracleapalacehotel.it\/cs\/#organization","name":"Eraclea Palace Hotel","url":"https:\/\/www.eracleapalacehotel.it\/cs\/","logo":{"@type":"ImageObject","inLanguage":"cs","@id":"https:\/\/www.eracleapalacehotel.it\/cs\/#\/schema\/logo\/image\/","url":"https:\/\/www.eracleapalacehotel.it\/wp-content\/uploads\/2020\/03\/cropped-logo_Eraclea_palace_hotel@2x.png","contentUrl":"https:\/\/www.eracleapalacehotel.it\/wp-content\/uploads\/2020\/03\/cropped-logo_Eraclea_palace_hotel@2x.png","width":400,"height":277,"caption":"Eraclea Palace Hotel"},"image":{"@id":"https:\/\/www.eracleapalacehotel.it\/cs\/#\/schema\/logo\/image\/"}}]}},"uagb_featured_image_src":{"full":["https:\/\/www.eracleapalacehotel.it\/wp-content\/uploads\/2020\/04\/Eraclea_Palace_Pizzeria@2x.jpg",2560,563,false],"thumbnail":["https:\/\/www.eracleapalacehotel.it\/wp-content\/uploads\/2020\/04\/Eraclea_Palace_Pizzeria@2x-150x150.jpg",150,150,true],"medium":["https:\/\/www.eracleapalacehotel.it\/wp-content\/uploads\/2020\/04\/Eraclea_Palace_Pizzeria@2x-300x66.jpg",300,66,true],"medium_large":["https:\/\/www.eracleapalacehotel.it\/wp-content\/uploads\/2020\/04\/Eraclea_Palace_Pizzeria@2x-768x169.jpg",580,128,true],"large":["https:\/\/www.eracleapalacehotel.it\/wp-content\/uploads\/2020\/04\/Eraclea_Palace_Pizzeria@2x-1024x225.jpg",580,127,true],"1536x1536":["https:\/\/www.eracleapalacehotel.it\/wp-content\/uploads\/2020\/04\/Eraclea_Palace_Pizzeria@2x-1536x338.jpg",1536,338,true],"2048x2048":["https:\/\/www.eracleapalacehotel.it\/wp-content\/uploads\/2020\/04\/Eraclea_Palace_Pizzeria@2x-2048x451.jpg",2048,451,true],"post-thumbnail":["https:\/\/www.eracleapalacehotel.it\/wp-content\/uploads\/2020\/04\/Eraclea_Palace_Pizzeria@2x-1200x264.jpg",1200,264,true],"twentytwenty-fullscreen":["https:\/\/www.eracleapalacehotel.it\/wp-content\/uploads\/2020\/04\/Eraclea_Palace_Pizzeria@2x-1980x436.jpg",1980,436,true]},"uagb_author_info":{"display_name":"3r4cl3-p4l4","author_link":"https:\/\/www.eracleapalacehotel.it\/cs\/author\/3r4cl3-p4l4\/"},"uagb_comment_info":0,"uagb_excerpt":"Otev\u0159en\u00e1 ka\u017ed\u00fd den od 12 do 18 hodin Pizzerie Nov\u00e1 pizzerie v\u00a0hotelu Eraclea Palace v\u00a0Eraclea Mare nab\u00edz\u00ed mo\u017enost u\u017e\u00edt si lahodn\u00fd ob\u011bd u baz\u00e9nu. Otev\u0159en\u00e1 od 12 do 18 hodin, tato slu\u017eba je ide\u00e1ln\u00ed pr\u00e1v\u011b pro ty, kte\u0159\u00ed si cht\u011bj\u00ed vychutnat j\u00eddlo i tak, \u017ee budou nad\u00e1le tr\u00e1vit den na slunci.","coauthors":[],"author_meta":{"author_link":"https:\/\/www.eracleapalacehotel.it\/cs\/author\/3r4cl3-p4l4\/","display_name":"3r4cl3-p4l4"},"relative_dates":{"created":"Posted 6 roky ago","modified":"Updated 6 roky ago"},"absolute_dates":{"created":"Posted on 28 b\u0159ezna 2020","modified":"Updated on 2 dubna 2020"},"absolute_dates_time":{"created":"Posted on 28 b\u0159ezna 2020 14:25","modified":"Updated on 2 dubna 2020 17:34"},"featured_img_caption":"","featured_img":"https:\/\/www.eracleapalacehotel.it\/wp-content\/uploads\/2020\/04\/Eraclea_Palace_Pizzeria@2x-1200x264.jpg","series_order":"","_links":{"self":[{"href":"https:\/\/www.eracleapalacehotel.it\/cs\/wp-json\/wp\/v2\/pages\/1574","targetHints":{"allow":["GET"]}}],"collection":[{"href":"https:\/\/www.eracleapalacehotel.it\/cs\/wp-json\/wp\/v2\/pages"}],"about":[{"href":"https:\/\/www.eracleapalacehotel.it\/cs\/wp-json\/wp\/v2\/types\/page"}],"author":[{"embeddable":true,"href":"https:\/\/www.eracleapalacehotel.it\/cs\/wp-json\/wp\/v2\/users\/1"}],"replies":[{"embeddable":true,"href":"https:\/\/www.eracleapalacehotel.it\/cs\/wp-json\/wp\/v2\/comments?post=1574"}],"version-history":[{"count":0,"href":"https:\/\/www.eracleapalacehotel.it\/cs\/wp-json\/wp\/v2\/pages\/1574\/revisions"}],"wp:featuredmedia":[{"embeddable":true,"href":"https:\/\/www.eracleapalacehotel.it\/cs\/wp-json\/wp\/v2\/media\/2413"}],"wp:attachment":[{"href":"https:\/\/www.eracleapalacehotel.it\/cs\/wp-json\/wp\/v2\/media?parent=1574"}],"curies":[{"name":"wp","href":"https:\/\/api.w.org\/{rel}","templated":true}]}}