{"id":1564,"date":"2020-03-28T14:11:02","date_gmt":"2020-03-28T13:11:02","guid":{"rendered":"http:\/\/eraclea.promoservicebeta.com\/?page_id=1564"},"modified":"2020-04-03T14:38:27","modified_gmt":"2020-04-03T12:38:27","slug":"bazen-a-jacuzzi","status":"publish","type":"page","link":"https:\/\/www.eracleapalacehotel.it\/cs\/bazen-a-jacuzzi\/","title":{"rendered":"Baz\u00e9n a jacuzzi"},"content":{"rendered":"\n<div class=\"wp-block-group promo-eracleaint-1\"><div class=\"wp-block-group__inner-container is-layout-flow wp-block-group-is-layout-flow\">\n<h3 class=\"wp-block-heading\">Oddejte se \u00fapln\u00e9mu relaxu u baz\u00e9nu<\/h3>\n\n\n\n<h2 class=\"wp-block-heading\">Hotel s baz\u00e9nem v Eraclea Mare<\/h2>\n\n\n\n<p>Na <strong>st\u0159e\u0161e Eralea Palace Hotelu<\/strong> jsou <strong>dva vyh\u0159\u00edvan\u00e9 baz\u00e9ny<\/strong> (pro dosp\u011bl\u00e9 i d\u011bti) a <strong>v\u00ed\u0159ivka<\/strong>, nab\u00edz\u00ed se v\u00e1m \u00fa\u017easn\u00fd v\u00fdhled na <strong>pl\u00e1\u017ee Eraclea Mare<\/strong>. <\/p>\n\n\n\n<p>U\u017eijte si uvol\u0148uj\u00edc\u00ed atmosf\u00e9ru d\u00edky baz\u00e9nu a pohodln\u00fdm leh\u00e1tk\u00e1m v prost\u0159ed\u00ed u pinety a bl\u00edzko mo\u0159e.<\/p>\n\n\n\n<p>U baz\u00e9nu m\u016f\u017eete pop\u00edjet vynikaj\u00edc\u00ed koktejly p\u0159ipraven\u00e9 na na\u0161em baru, light ob\u011bd s bohat\u00fdm v\u00fdb\u011brem ze sal\u00e1t\u016f, toust\u016f, zmrzlin, \u010derstv\u00e9ho ovoce a dal\u0161\u00edch l\u00e1kav\u00fdch nab\u00eddek.<\/p>\n\n\n\n<p>M\u00edsto, kde m\u016f\u017eete str\u00e1vit chv\u00edle odpo\u010dinku a relaxace na slunci, zat\u00edmco si va\u0161e d\u011bti m\u016f\u017eou hr\u00e1t v d\u011btsk\u00e9m baz\u00e9nu p\u0159izp\u016fsoben\u00e9mu teplotou pro d\u011bti.<\/p>\n\n\n\n<p>Ide\u00e1ln\u00ed volbou pro ty, kte\u0159\u00ed miluj\u00ed sv\u00e9 soukrom\u00ed a klid, <strong>st\u0159e\u0161n\u00ed panoramatick\u00fd v\u00fdhled a baz\u00e9ny \u010dty\u0159hv\u011bzdi\u010dkov\u00e9ho hotelu Eraclea Palace<\/strong> u\u010din\u00ed va\u0161\u00ed letn\u00ed dovolenou jedine\u010dn\u00fdm z\u00e1\u017eitkem.<\/p>\n<\/div><\/div>\n\n\n\n<figure class=\"wp-block-image size-large promo-eracleaint-2\"><img loading=\"lazy\" decoding=\"async\" width=\"1000\" height=\"1000\" src=\"https:\/\/www.eracleapalacehotel.it\/wp-content\/uploads\/2020\/03\/hotel-con-piscina-eraclea-quadrata.jpg\" alt=\"\" class=\"wp-image-772\" srcset=\"https:\/\/www.eracleapalacehotel.it\/wp-content\/uploads\/2020\/03\/hotel-con-piscina-eraclea-quadrata.jpg 1000w, https:\/\/www.eracleapalacehotel.it\/wp-content\/uploads\/2020\/03\/hotel-con-piscina-eraclea-quadrata-300x300.jpg 300w, https:\/\/www.eracleapalacehotel.it\/wp-content\/uploads\/2020\/03\/hotel-con-piscina-eraclea-quadrata-150x150.jpg 150w, https:\/\/www.eracleapalacehotel.it\/wp-content\/uploads\/2020\/03\/hotel-con-piscina-eraclea-quadrata-768x768.jpg 768w\" sizes=\"auto, (max-width: 1000px) 100vw, 1000px\" \/><\/figure>\n\n\n\n<figure class=\"wp-block-gallery columns-3 is-cropped promo-eracleaint-5 wp-block-gallery-2\"><ul class=\"blocks-gallery-grid\"><li class=\"blocks-gallery-item\"><figure><img loading=\"lazy\" decoding=\"async\" width=\"1024\" height=\"683\" src=\"https:\/\/www.eracleapalacehotel.it\/wp-content\/uploads\/2020\/03\/hotel-con-piscina-vista-mare-eraclea-1024x683.jpg\" alt=\"\" data-id=\"765\" data-full-url=\"https:\/\/eracleapalacehotel.it\/wp-content\/uploads\/2020\/03\/hotel-con-piscina-vista-mare-eraclea.jpg\" data-link=\"https:\/\/eracleapalacehotel.it\/piscina-jacuzzi\/hotel-con-piscina-vista-mare-eraclea\/\" class=\"wp-image-766\" srcset=\"https:\/\/www.eracleapalacehotel.it\/wp-content\/uploads\/2020\/03\/hotel-con-piscina-vista-mare-eraclea-1024x683.jpg 1024w, https:\/\/www.eracleapalacehotel.it\/wp-content\/uploads\/2020\/03\/hotel-con-piscina-vista-mare-eraclea-300x200.jpg 300w, https:\/\/www.eracleapalacehotel.it\/wp-content\/uploads\/2020\/03\/hotel-con-piscina-vista-mare-eraclea-768x512.jpg 768w, https:\/\/www.eracleapalacehotel.it\/wp-content\/uploads\/2020\/03\/hotel-con-piscina-vista-mare-eraclea.jpg 1200w\" sizes=\"auto, (max-width: 1024px) 100vw, 1024px\" \/><\/figure><\/li><li class=\"blocks-gallery-item\"><figure><img loading=\"lazy\" decoding=\"async\" width=\"1024\" height=\"683\" src=\"https:\/\/www.eracleapalacehotel.it\/wp-content\/uploads\/2020\/03\/hotel-con-piscina-riscaldata-eraclea-1024x683.jpg\" alt=\"\" data-id=\"759\" data-full-url=\"https:\/\/eracleapalacehotel.it\/wp-content\/uploads\/2020\/03\/hotel-con-piscina-riscaldata-eraclea.jpg\" data-link=\"https:\/\/eracleapalacehotel.it\/piscina-jacuzzi\/hotel-con-piscina-riscaldata-eraclea\/\" class=\"wp-image-760\" srcset=\"https:\/\/www.eracleapalacehotel.it\/wp-content\/uploads\/2020\/03\/hotel-con-piscina-riscaldata-eraclea-1024x683.jpg 1024w, https:\/\/www.eracleapalacehotel.it\/wp-content\/uploads\/2020\/03\/hotel-con-piscina-riscaldata-eraclea-300x200.jpg 300w, https:\/\/www.eracleapalacehotel.it\/wp-content\/uploads\/2020\/03\/hotel-con-piscina-riscaldata-eraclea-768x512.jpg 768w, https:\/\/www.eracleapalacehotel.it\/wp-content\/uploads\/2020\/03\/hotel-con-piscina-riscaldata-eraclea.jpg 1200w\" sizes=\"auto, (max-width: 1024px) 100vw, 1024px\" \/><\/figure><\/li><li class=\"blocks-gallery-item\"><figure><img loading=\"lazy\" decoding=\"async\" width=\"1024\" height=\"683\" src=\"https:\/\/www.eracleapalacehotel.it\/wp-content\/uploads\/2020\/03\/hotel-con-piscina-per-bambini-1024x683.jpg\" alt=\"\" data-id=\"753\" data-full-url=\"https:\/\/eracleapalacehotel.it\/wp-content\/uploads\/2020\/03\/hotel-con-piscina-per-bambini.jpg\" data-link=\"https:\/\/eracleapalacehotel.it\/piscina-jacuzzi\/hotel-con-piscina-per-bambini\/\" class=\"wp-image-754\" srcset=\"https:\/\/www.eracleapalacehotel.it\/wp-content\/uploads\/2020\/03\/hotel-con-piscina-per-bambini-1024x683.jpg 1024w, https:\/\/www.eracleapalacehotel.it\/wp-content\/uploads\/2020\/03\/hotel-con-piscina-per-bambini-300x200.jpg 300w, https:\/\/www.eracleapalacehotel.it\/wp-content\/uploads\/2020\/03\/hotel-con-piscina-per-bambini-768x512.jpg 768w, https:\/\/www.eracleapalacehotel.it\/wp-content\/uploads\/2020\/03\/hotel-con-piscina-per-bambini.jpg 1200w\" sizes=\"auto, (max-width: 1024px) 100vw, 1024px\" \/><\/figure><\/li><li class=\"blocks-gallery-item\"><figure><img loading=\"lazy\" decoding=\"async\" width=\"1024\" height=\"683\" src=\"https:\/\/www.eracleapalacehotel.it\/wp-content\/uploads\/2020\/03\/hotel-con-piscina-e-jacuzzi-1024x683.jpg\" alt=\"\" data-id=\"747\" data-full-url=\"https:\/\/eracleapalacehotel.it\/wp-content\/uploads\/2020\/03\/hotel-con-piscina-e-jacuzzi.jpg\" data-link=\"https:\/\/eracleapalacehotel.it\/piscina-jacuzzi\/hotel-con-piscina-e-jacuzzi\/\" class=\"wp-image-748\" srcset=\"https:\/\/www.eracleapalacehotel.it\/wp-content\/uploads\/2020\/03\/hotel-con-piscina-e-jacuzzi-1024x683.jpg 1024w, https:\/\/www.eracleapalacehotel.it\/wp-content\/uploads\/2020\/03\/hotel-con-piscina-e-jacuzzi-300x200.jpg 300w, https:\/\/www.eracleapalacehotel.it\/wp-content\/uploads\/2020\/03\/hotel-con-piscina-e-jacuzzi-768x512.jpg 768w, https:\/\/www.eracleapalacehotel.it\/wp-content\/uploads\/2020\/03\/hotel-con-piscina-e-jacuzzi.jpg 1200w\" sizes=\"auto, (max-width: 1024px) 100vw, 1024px\" \/><\/figure><\/li><li class=\"blocks-gallery-item\"><figure><img loading=\"lazy\" decoding=\"async\" width=\"1024\" height=\"683\" src=\"https:\/\/www.eracleapalacehotel.it\/wp-content\/uploads\/2020\/03\/hotel-con-jacuzzi-1024x683.jpg\" alt=\"\" data-id=\"741\" data-full-url=\"https:\/\/eracleapalacehotel.it\/wp-content\/uploads\/2020\/03\/hotel-con-jacuzzi.jpg\" data-link=\"https:\/\/eracleapalacehotel.it\/piscina-jacuzzi\/hotel-con-jacuzzi\/\" class=\"wp-image-742 is-layout-flex wp-block-gallery-is-layout-flex\" srcset=\"https:\/\/www.eracleapalacehotel.it\/wp-content\/uploads\/2020\/03\/hotel-con-jacuzzi-1024x683.jpg 1024w, https:\/\/www.eracleapalacehotel.it\/wp-content\/uploads\/2020\/03\/hotel-con-jacuzzi-300x200.jpg 300w, https:\/\/www.eracleapalacehotel.it\/wp-content\/uploads\/2020\/03\/hotel-con-jacuzzi-768x512.jpg 768w, https:\/\/www.eracleapalacehotel.it\/wp-content\/uploads\/2020\/03\/hotel-con-jacuzzi.jpg 1200w\" sizes=\"auto, (max-width: 1024px) 100vw, 1024px\" \/><\/figure><\/li><\/ul><\/figure>\n","protected":false},"excerpt":{"rendered":"<p>Oddejte se \u00fapln\u00e9mu relaxu u baz\u00e9nu Hotel s baz\u00e9nem v Eraclea Mare Na st\u0159e\u0161e Eralea Palace Hotelu jsou dva vyh\u0159\u00edvan\u00e9 baz\u00e9ny (pro dosp\u011bl\u00e9 i d\u011bti) a v\u00ed\u0159ivka, nab\u00edz\u00ed se v\u00e1m \u00fa\u017easn\u00fd v\u00fdhled na pl\u00e1\u017ee Eraclea Mare. U\u017eijte si uvol\u0148uj\u00edc\u00ed atmosf\u00e9ru d\u00edky baz\u00e9nu a pohodln\u00fdm leh\u00e1tk\u00e1m v prost\u0159ed\u00ed u pinety a bl\u00edzko mo\u0159e. U baz\u00e9nu m\u016f\u017eete [&hellip;]<\/p>\n","protected":false},"author":1,"featured_media":2407,"parent":0,"menu_order":0,"comment_status":"closed","ping_status":"closed","template":"","meta":{"_acf_changed":false,"_uag_custom_page_level_css":"","advgb_blocks_editor_width":"","advgb_blocks_columns_visual_guide":"","footnotes":""},"class_list":["post-1564","page","type-page","status-publish","has-post-thumbnail","hentry"],"acf":[],"yoast_head":"<!-- This site is optimized with the Yoast SEO plugin v25.6 - https:\/\/yoast.com\/wordpress\/plugins\/seo\/ -->\n<title>Baz\u00e9n a jacuzzi - Eraclea Palace Hotel<\/title>\n<meta name=\"robots\" content=\"index, follow, max-snippet:-1, max-image-preview:large, max-video-preview:-1\" \/>\n<link rel=\"canonical\" href=\"https:\/\/www.eracleapalacehotel.it\/cs\/bazen-a-jacuzzi\/\" \/>\n<meta property=\"og:locale\" content=\"cs_CZ\" \/>\n<meta property=\"og:type\" content=\"article\" \/>\n<meta property=\"og:title\" content=\"Baz\u00e9n a jacuzzi - Eraclea Palace Hotel\" \/>\n<meta property=\"og:description\" content=\"Oddejte se \u00fapln\u00e9mu relaxu u baz\u00e9nu Hotel s baz\u00e9nem v Eraclea Mare Na st\u0159e\u0161e Eralea Palace Hotelu jsou dva vyh\u0159\u00edvan\u00e9 baz\u00e9ny (pro dosp\u011bl\u00e9 i d\u011bti) a v\u00ed\u0159ivka, nab\u00edz\u00ed se v\u00e1m \u00fa\u017easn\u00fd v\u00fdhled na pl\u00e1\u017ee Eraclea Mare. U\u017eijte si uvol\u0148uj\u00edc\u00ed atmosf\u00e9ru d\u00edky baz\u00e9nu a pohodln\u00fdm leh\u00e1tk\u00e1m v prost\u0159ed\u00ed u pinety a bl\u00edzko mo\u0159e. U baz\u00e9nu m\u016f\u017eete [&hellip;]\" \/>\n<meta property=\"og:url\" content=\"https:\/\/www.eracleapalacehotel.it\/cs\/bazen-a-jacuzzi\/\" \/>\n<meta property=\"og:site_name\" content=\"Eraclea Palace Hotel\" \/>\n<meta property=\"article:modified_time\" content=\"2020-04-03T12:38:27+00:00\" \/>\n<meta property=\"og:image\" content=\"https:\/\/www.eracleapalacehotel.it\/wp-content\/uploads\/2020\/04\/Eraclea_Palace_Piscina@2x.jpg\" \/>\n\t<meta property=\"og:image:width\" content=\"2560\" \/>\n\t<meta property=\"og:image:height\" content=\"563\" \/>\n\t<meta property=\"og:image:type\" content=\"image\/jpeg\" \/>\n<meta name=\"twitter:card\" content=\"summary_large_image\" \/>\n<meta name=\"twitter:label1\" content=\"Odhadovan\u00e1 doba \u010dten\u00ed\" \/>\n\t<meta name=\"twitter:data1\" content=\"1 minuta\" \/>\n<script type=\"application\/ld+json\" class=\"yoast-schema-graph\">{\"@context\":\"https:\/\/schema.org\",\"@graph\":[{\"@type\":\"WebPage\",\"@id\":\"https:\/\/www.eracleapalacehotel.it\/cs\/bazen-a-jacuzzi\/\",\"url\":\"https:\/\/www.eracleapalacehotel.it\/cs\/bazen-a-jacuzzi\/\",\"name\":\"Baz\u00e9n a jacuzzi - Eraclea Palace Hotel\",\"isPartOf\":{\"@id\":\"https:\/\/www.eracleapalacehotel.it\/cs\/#website\"},\"primaryImageOfPage\":{\"@id\":\"https:\/\/www.eracleapalacehotel.it\/cs\/bazen-a-jacuzzi\/#primaryimage\"},\"image\":{\"@id\":\"https:\/\/www.eracleapalacehotel.it\/cs\/bazen-a-jacuzzi\/#primaryimage\"},\"thumbnailUrl\":\"https:\/\/www.eracleapalacehotel.it\/wp-content\/uploads\/2020\/04\/Eraclea_Palace_Piscina@2x.jpg\",\"datePublished\":\"2020-03-28T13:11:02+00:00\",\"dateModified\":\"2020-04-03T12:38:27+00:00\",\"breadcrumb\":{\"@id\":\"https:\/\/www.eracleapalacehotel.it\/cs\/bazen-a-jacuzzi\/#breadcrumb\"},\"inLanguage\":\"cs\",\"potentialAction\":[{\"@type\":\"ReadAction\",\"target\":[\"https:\/\/www.eracleapalacehotel.it\/cs\/bazen-a-jacuzzi\/\"]}]},{\"@type\":\"ImageObject\",\"inLanguage\":\"cs\",\"@id\":\"https:\/\/www.eracleapalacehotel.it\/cs\/bazen-a-jacuzzi\/#primaryimage\",\"url\":\"https:\/\/www.eracleapalacehotel.it\/wp-content\/uploads\/2020\/04\/Eraclea_Palace_Piscina@2x.jpg\",\"contentUrl\":\"https:\/\/www.eracleapalacehotel.it\/wp-content\/uploads\/2020\/04\/Eraclea_Palace_Piscina@2x.jpg\",\"width\":2560,\"height\":563},{\"@type\":\"BreadcrumbList\",\"@id\":\"https:\/\/www.eracleapalacehotel.it\/cs\/bazen-a-jacuzzi\/#breadcrumb\",\"itemListElement\":[{\"@type\":\"ListItem\",\"position\":1,\"name\":\"Home\",\"item\":\"https:\/\/www.eracleapalacehotel.it\/cs\/\"},{\"@type\":\"ListItem\",\"position\":2,\"name\":\"Baz\u00e9n a jacuzzi\"}]},{\"@type\":\"WebSite\",\"@id\":\"https:\/\/www.eracleapalacehotel.it\/cs\/#website\",\"url\":\"https:\/\/www.eracleapalacehotel.it\/cs\/\",\"name\":\"Eraclea Palace Hotel\",\"description\":\"****s - Eraclea Mare\",\"publisher\":{\"@id\":\"https:\/\/www.eracleapalacehotel.it\/cs\/#organization\"},\"potentialAction\":[{\"@type\":\"SearchAction\",\"target\":{\"@type\":\"EntryPoint\",\"urlTemplate\":\"https:\/\/www.eracleapalacehotel.it\/cs\/?s={search_term_string}\"},\"query-input\":{\"@type\":\"PropertyValueSpecification\",\"valueRequired\":true,\"valueName\":\"search_term_string\"}}],\"inLanguage\":\"cs\"},{\"@type\":\"Organization\",\"@id\":\"https:\/\/www.eracleapalacehotel.it\/cs\/#organization\",\"name\":\"Eraclea Palace Hotel\",\"url\":\"https:\/\/www.eracleapalacehotel.it\/cs\/\",\"logo\":{\"@type\":\"ImageObject\",\"inLanguage\":\"cs\",\"@id\":\"https:\/\/www.eracleapalacehotel.it\/cs\/#\/schema\/logo\/image\/\",\"url\":\"https:\/\/www.eracleapalacehotel.it\/wp-content\/uploads\/2020\/03\/cropped-logo_Eraclea_palace_hotel@2x.png\",\"contentUrl\":\"https:\/\/www.eracleapalacehotel.it\/wp-content\/uploads\/2020\/03\/cropped-logo_Eraclea_palace_hotel@2x.png\",\"width\":400,\"height\":277,\"caption\":\"Eraclea Palace Hotel\"},\"image\":{\"@id\":\"https:\/\/www.eracleapalacehotel.it\/cs\/#\/schema\/logo\/image\/\"}}]}<\/script>\n<!-- \/ Yoast SEO plugin. -->","yoast_head_json":{"title":"Baz\u00e9n a jacuzzi - Eraclea Palace Hotel","robots":{"index":"index","follow":"follow","max-snippet":"max-snippet:-1","max-image-preview":"max-image-preview:large","max-video-preview":"max-video-preview:-1"},"canonical":"https:\/\/www.eracleapalacehotel.it\/cs\/bazen-a-jacuzzi\/","og_locale":"cs_CZ","og_type":"article","og_title":"Baz\u00e9n a jacuzzi - Eraclea Palace Hotel","og_description":"Oddejte se \u00fapln\u00e9mu relaxu u baz\u00e9nu Hotel s baz\u00e9nem v Eraclea Mare Na st\u0159e\u0161e Eralea Palace Hotelu jsou dva vyh\u0159\u00edvan\u00e9 baz\u00e9ny (pro dosp\u011bl\u00e9 i d\u011bti) a v\u00ed\u0159ivka, nab\u00edz\u00ed se v\u00e1m \u00fa\u017easn\u00fd v\u00fdhled na pl\u00e1\u017ee Eraclea Mare. U\u017eijte si uvol\u0148uj\u00edc\u00ed atmosf\u00e9ru d\u00edky baz\u00e9nu a pohodln\u00fdm leh\u00e1tk\u00e1m v prost\u0159ed\u00ed u pinety a bl\u00edzko mo\u0159e. U baz\u00e9nu m\u016f\u017eete [&hellip;]","og_url":"https:\/\/www.eracleapalacehotel.it\/cs\/bazen-a-jacuzzi\/","og_site_name":"Eraclea Palace Hotel","article_modified_time":"2020-04-03T12:38:27+00:00","og_image":[{"width":2560,"height":563,"url":"https:\/\/www.eracleapalacehotel.it\/wp-content\/uploads\/2020\/04\/Eraclea_Palace_Piscina@2x.jpg","type":"image\/jpeg"}],"twitter_card":"summary_large_image","twitter_misc":{"Odhadovan\u00e1 doba \u010dten\u00ed":"1 minuta"},"schema":{"@context":"https:\/\/schema.org","@graph":[{"@type":"WebPage","@id":"https:\/\/www.eracleapalacehotel.it\/cs\/bazen-a-jacuzzi\/","url":"https:\/\/www.eracleapalacehotel.it\/cs\/bazen-a-jacuzzi\/","name":"Baz\u00e9n a jacuzzi - Eraclea Palace Hotel","isPartOf":{"@id":"https:\/\/www.eracleapalacehotel.it\/cs\/#website"},"primaryImageOfPage":{"@id":"https:\/\/www.eracleapalacehotel.it\/cs\/bazen-a-jacuzzi\/#primaryimage"},"image":{"@id":"https:\/\/www.eracleapalacehotel.it\/cs\/bazen-a-jacuzzi\/#primaryimage"},"thumbnailUrl":"https:\/\/www.eracleapalacehotel.it\/wp-content\/uploads\/2020\/04\/Eraclea_Palace_Piscina@2x.jpg","datePublished":"2020-03-28T13:11:02+00:00","dateModified":"2020-04-03T12:38:27+00:00","breadcrumb":{"@id":"https:\/\/www.eracleapalacehotel.it\/cs\/bazen-a-jacuzzi\/#breadcrumb"},"inLanguage":"cs","potentialAction":[{"@type":"ReadAction","target":["https:\/\/www.eracleapalacehotel.it\/cs\/bazen-a-jacuzzi\/"]}]},{"@type":"ImageObject","inLanguage":"cs","@id":"https:\/\/www.eracleapalacehotel.it\/cs\/bazen-a-jacuzzi\/#primaryimage","url":"https:\/\/www.eracleapalacehotel.it\/wp-content\/uploads\/2020\/04\/Eraclea_Palace_Piscina@2x.jpg","contentUrl":"https:\/\/www.eracleapalacehotel.it\/wp-content\/uploads\/2020\/04\/Eraclea_Palace_Piscina@2x.jpg","width":2560,"height":563},{"@type":"BreadcrumbList","@id":"https:\/\/www.eracleapalacehotel.it\/cs\/bazen-a-jacuzzi\/#breadcrumb","itemListElement":[{"@type":"ListItem","position":1,"name":"Home","item":"https:\/\/www.eracleapalacehotel.it\/cs\/"},{"@type":"ListItem","position":2,"name":"Baz\u00e9n a jacuzzi"}]},{"@type":"WebSite","@id":"https:\/\/www.eracleapalacehotel.it\/cs\/#website","url":"https:\/\/www.eracleapalacehotel.it\/cs\/","name":"Eraclea Palace Hotel","description":"****s - Eraclea Mare","publisher":{"@id":"https:\/\/www.eracleapalacehotel.it\/cs\/#organization"},"potentialAction":[{"@type":"SearchAction","target":{"@type":"EntryPoint","urlTemplate":"https:\/\/www.eracleapalacehotel.it\/cs\/?s={search_term_string}"},"query-input":{"@type":"PropertyValueSpecification","valueRequired":true,"valueName":"search_term_string"}}],"inLanguage":"cs"},{"@type":"Organization","@id":"https:\/\/www.eracleapalacehotel.it\/cs\/#organization","name":"Eraclea Palace Hotel","url":"https:\/\/www.eracleapalacehotel.it\/cs\/","logo":{"@type":"ImageObject","inLanguage":"cs","@id":"https:\/\/www.eracleapalacehotel.it\/cs\/#\/schema\/logo\/image\/","url":"https:\/\/www.eracleapalacehotel.it\/wp-content\/uploads\/2020\/03\/cropped-logo_Eraclea_palace_hotel@2x.png","contentUrl":"https:\/\/www.eracleapalacehotel.it\/wp-content\/uploads\/2020\/03\/cropped-logo_Eraclea_palace_hotel@2x.png","width":400,"height":277,"caption":"Eraclea Palace Hotel"},"image":{"@id":"https:\/\/www.eracleapalacehotel.it\/cs\/#\/schema\/logo\/image\/"}}]}},"uagb_featured_image_src":{"full":["https:\/\/www.eracleapalacehotel.it\/wp-content\/uploads\/2020\/04\/Eraclea_Palace_Piscina@2x.jpg",2560,563,false],"thumbnail":["https:\/\/www.eracleapalacehotel.it\/wp-content\/uploads\/2020\/04\/Eraclea_Palace_Piscina@2x-150x150.jpg",150,150,true],"medium":["https:\/\/www.eracleapalacehotel.it\/wp-content\/uploads\/2020\/04\/Eraclea_Palace_Piscina@2x-300x66.jpg",300,66,true],"medium_large":["https:\/\/www.eracleapalacehotel.it\/wp-content\/uploads\/2020\/04\/Eraclea_Palace_Piscina@2x-768x169.jpg",580,128,true],"large":["https:\/\/www.eracleapalacehotel.it\/wp-content\/uploads\/2020\/04\/Eraclea_Palace_Piscina@2x-1024x225.jpg",580,127,true],"1536x1536":["https:\/\/www.eracleapalacehotel.it\/wp-content\/uploads\/2020\/04\/Eraclea_Palace_Piscina@2x-1536x338.jpg",1536,338,true],"2048x2048":["https:\/\/www.eracleapalacehotel.it\/wp-content\/uploads\/2020\/04\/Eraclea_Palace_Piscina@2x-2048x451.jpg",2048,451,true],"post-thumbnail":["https:\/\/www.eracleapalacehotel.it\/wp-content\/uploads\/2020\/04\/Eraclea_Palace_Piscina@2x-1200x264.jpg",1200,264,true],"twentytwenty-fullscreen":["https:\/\/www.eracleapalacehotel.it\/wp-content\/uploads\/2020\/04\/Eraclea_Palace_Piscina@2x-1980x436.jpg",1980,436,true]},"uagb_author_info":{"display_name":"3r4cl3-p4l4","author_link":"https:\/\/www.eracleapalacehotel.it\/cs\/author\/3r4cl3-p4l4\/"},"uagb_comment_info":0,"uagb_excerpt":"Oddejte se \u00fapln\u00e9mu relaxu u baz\u00e9nu Hotel s baz\u00e9nem v Eraclea Mare Na st\u0159e\u0161e Eralea Palace Hotelu jsou dva vyh\u0159\u00edvan\u00e9 baz\u00e9ny (pro dosp\u011bl\u00e9 i d\u011bti) a v\u00ed\u0159ivka, nab\u00edz\u00ed se v\u00e1m \u00fa\u017easn\u00fd v\u00fdhled na pl\u00e1\u017ee Eraclea Mare. U\u017eijte si uvol\u0148uj\u00edc\u00ed atmosf\u00e9ru d\u00edky baz\u00e9nu a pohodln\u00fdm leh\u00e1tk\u00e1m v prost\u0159ed\u00ed u pinety a bl\u00edzko mo\u0159e. U baz\u00e9nu m\u016f\u017eete&hellip;","coauthors":[],"author_meta":{"author_link":"https:\/\/www.eracleapalacehotel.it\/cs\/author\/3r4cl3-p4l4\/","display_name":"3r4cl3-p4l4"},"relative_dates":{"created":"Posted 6 roky ago","modified":"Updated 6 roky ago"},"absolute_dates":{"created":"Posted on 28 b\u0159ezna 2020","modified":"Updated on 3 dubna 2020"},"absolute_dates_time":{"created":"Posted on 28 b\u0159ezna 2020 14:11","modified":"Updated on 3 dubna 2020 14:38"},"featured_img_caption":"","featured_img":"https:\/\/www.eracleapalacehotel.it\/wp-content\/uploads\/2020\/04\/Eraclea_Palace_Piscina@2x-1200x264.jpg","series_order":"","_links":{"self":[{"href":"https:\/\/www.eracleapalacehotel.it\/cs\/wp-json\/wp\/v2\/pages\/1564","targetHints":{"allow":["GET"]}}],"collection":[{"href":"https:\/\/www.eracleapalacehotel.it\/cs\/wp-json\/wp\/v2\/pages"}],"about":[{"href":"https:\/\/www.eracleapalacehotel.it\/cs\/wp-json\/wp\/v2\/types\/page"}],"author":[{"embeddable":true,"href":"https:\/\/www.eracleapalacehotel.it\/cs\/wp-json\/wp\/v2\/users\/1"}],"replies":[{"embeddable":true,"href":"https:\/\/www.eracleapalacehotel.it\/cs\/wp-json\/wp\/v2\/comments?post=1564"}],"version-history":[{"count":0,"href":"https:\/\/www.eracleapalacehotel.it\/cs\/wp-json\/wp\/v2\/pages\/1564\/revisions"}],"wp:featuredmedia":[{"embeddable":true,"href":"https:\/\/www.eracleapalacehotel.it\/cs\/wp-json\/wp\/v2\/media\/2407"}],"wp:attachment":[{"href":"https:\/\/www.eracleapalacehotel.it\/cs\/wp-json\/wp\/v2\/media?parent=1564"}],"curies":[{"name":"wp","href":"https:\/\/api.w.org\/{rel}","templated":true}]}}