{"id":1554,"date":"2020-03-28T14:05:20","date_gmt":"2020-03-28T13:05:20","guid":{"rendered":"http:\/\/eraclea.promoservicebeta.com\/?page_id=1554"},"modified":"2020-04-02T17:25:07","modified_gmt":"2020-04-02T15:25:07","slug":"restaurace","status":"publish","type":"page","link":"https:\/\/www.eracleapalacehotel.it\/cs\/restaurace\/","title":{"rendered":"Restaurace"},"content":{"rendered":"\n<div class=\"wp-block-group promo-eracleaint-1\"><div class=\"wp-block-group__inner-container is-layout-flow wp-block-group-is-layout-flow\">\n<h3 class=\"wp-block-heading\">Nechte se un\u00e9st pot\u011b\u0161en\u00edm z\u00a0vysok\u00e9 gastronomie<\/h3>\n\n\n\n<h2 class=\"wp-block-heading\">Restaurace  Eraclea Mare<\/h2>\n\n\n\n<p>P\u0159\u00edjemn\u00e9 a <strong>elegantn\u00ed<\/strong> prost\u0159ed\u00ed, kter\u00e9 se chlub\u00ed kuchyn\u00ed na vysok\u00e9 \u00farovni a j\u00eddeln\u00edm l\u00edstkem se \u0161irokou nab\u00eddkou j\u00eddel. Tradi\u010dn\u00ed ben\u00e1tsk\u00e9 chut\u011b se m\u00eds\u00ed s\u00a0recepty nov\u00e9  mezin\u00e1rodn\u00ed kuchyn\u011b.<br><br>Restaurace nab\u00edz\u00ed rozs\u00e1hl\u00fd vinn\u00fd l\u00edstek, kter\u00fd obsahuje nejlep\u0161\u00ed etikety na italsk\u00e9 vinn\u00e9 sc\u00e9n\u011b.<\/p>\n<\/div><\/div>\n\n\n\n<figure class=\"wp-block-image size-large promo-eracleaint-2\"><img loading=\"lazy\" decoding=\"async\" width=\"960\" height=\"650\" src=\"https:\/\/eracleapalacehotel.it\/wp-content\/uploads\/2020\/03\/Hotel_Eraclea_Palace_Ristorante.jpg\" alt=\"\" class=\"wp-image-1351\" srcset=\"https:\/\/www.eracleapalacehotel.it\/wp-content\/uploads\/2020\/03\/Hotel_Eraclea_Palace_Ristorante.jpg 960w, https:\/\/www.eracleapalacehotel.it\/wp-content\/uploads\/2020\/03\/Hotel_Eraclea_Palace_Ristorante-300x203.jpg 300w, https:\/\/www.eracleapalacehotel.it\/wp-content\/uploads\/2020\/03\/Hotel_Eraclea_Palace_Ristorante-768x520.jpg 768w\" sizes=\"auto, (max-width: 960px) 100vw, 960px\" \/><\/figure>\n\n\n\n<figure class=\"wp-block-gallery columns-3 is-cropped promo-eracleaint-5 wp-block-gallery-2\"><ul class=\"blocks-gallery-grid\"><li class=\"blocks-gallery-item\"><figure><img loading=\"lazy\" decoding=\"async\" width=\"1024\" height=\"399\" src=\"https:\/\/eracleapalacehotel.it\/wp-content\/uploads\/2020\/03\/RISTORANTE-1024x399.jpg\" alt=\"\" data-id=\"1142\" data-full-url=\"https:\/\/eracleapalacehotel.it\/wp-content\/uploads\/2020\/03\/RISTORANTE-scaled.jpg\" data-link=\"https:\/\/eracleapalacehotel.it\/ristorante\/\" class=\"wp-image-1142\" srcset=\"https:\/\/www.eracleapalacehotel.it\/wp-content\/uploads\/2020\/03\/RISTORANTE-1024x399.jpg 1024w, https:\/\/www.eracleapalacehotel.it\/wp-content\/uploads\/2020\/03\/RISTORANTE-300x117.jpg 300w, https:\/\/www.eracleapalacehotel.it\/wp-content\/uploads\/2020\/03\/RISTORANTE-768x299.jpg 768w, https:\/\/www.eracleapalacehotel.it\/wp-content\/uploads\/2020\/03\/RISTORANTE-1536x598.jpg 1536w, https:\/\/www.eracleapalacehotel.it\/wp-content\/uploads\/2020\/03\/RISTORANTE-2048x797.jpg 2048w, https:\/\/www.eracleapalacehotel.it\/wp-content\/uploads\/2020\/03\/RISTORANTE-1200x467.jpg 1200w, https:\/\/www.eracleapalacehotel.it\/wp-content\/uploads\/2020\/03\/RISTORANTE-1980x771.jpg 1980w\" sizes=\"auto, (max-width: 1024px) 100vw, 1024px\" \/><\/figure><\/li><li class=\"blocks-gallery-item\"><figure><img loading=\"lazy\" decoding=\"async\" width=\"1024\" height=\"683\" src=\"https:\/\/eracleapalacehotel.it\/wp-content\/uploads\/2020\/03\/RISTORANTE-1-1024x683.jpg\" alt=\"\" data-id=\"1136\" data-full-url=\"https:\/\/eracleapalacehotel.it\/wp-content\/uploads\/2020\/03\/RISTORANTE-1-scaled.jpg\" data-link=\"https:\/\/eracleapalacehotel.it\/ristorante-1\/\" class=\"wp-image-1136\" srcset=\"https:\/\/www.eracleapalacehotel.it\/wp-content\/uploads\/2020\/03\/RISTORANTE-1-1024x683.jpg 1024w, https:\/\/www.eracleapalacehotel.it\/wp-content\/uploads\/2020\/03\/RISTORANTE-1-300x200.jpg 300w, https:\/\/www.eracleapalacehotel.it\/wp-content\/uploads\/2020\/03\/RISTORANTE-1-768x512.jpg 768w, https:\/\/www.eracleapalacehotel.it\/wp-content\/uploads\/2020\/03\/RISTORANTE-1-1536x1024.jpg 1536w, https:\/\/www.eracleapalacehotel.it\/wp-content\/uploads\/2020\/03\/RISTORANTE-1-2048x1365.jpg 2048w, https:\/\/www.eracleapalacehotel.it\/wp-content\/uploads\/2020\/03\/RISTORANTE-1-1200x800.jpg 1200w, https:\/\/www.eracleapalacehotel.it\/wp-content\/uploads\/2020\/03\/RISTORANTE-1-1980x1320.jpg 1980w\" sizes=\"auto, (max-width: 1024px) 100vw, 1024px\" \/><\/figure><\/li><li class=\"blocks-gallery-item\"><figure><img loading=\"lazy\" decoding=\"async\" width=\"1000\" height=\"667\" src=\"https:\/\/eracleapalacehotel.it\/wp-content\/uploads\/2020\/03\/IMG_3197.jpg\" alt=\"\" data-id=\"1082\" data-full-url=\"https:\/\/eracleapalacehotel.it\/wp-content\/uploads\/2020\/03\/IMG_3197.jpg\" data-link=\"https:\/\/eracleapalacehotel.it\/img_3197\/\" class=\"wp-image-1082 is-layout-flex wp-block-gallery-is-layout-flex\" srcset=\"https:\/\/www.eracleapalacehotel.it\/wp-content\/uploads\/2020\/03\/IMG_3197.jpg 1000w, https:\/\/www.eracleapalacehotel.it\/wp-content\/uploads\/2020\/03\/IMG_3197-300x200.jpg 300w, https:\/\/www.eracleapalacehotel.it\/wp-content\/uploads\/2020\/03\/IMG_3197-768x512.jpg 768w\" sizes=\"auto, (max-width: 1000px) 100vw, 1000px\" \/><\/figure><\/li><\/ul><\/figure>\n","protected":false},"excerpt":{"rendered":"<p>Nechte se un\u00e9st pot\u011b\u0161en\u00edm z\u00a0vysok\u00e9 gastronomie Restaurace Eraclea Mare P\u0159\u00edjemn\u00e9 a elegantn\u00ed prost\u0159ed\u00ed, kter\u00e9 se chlub\u00ed kuchyn\u00ed na vysok\u00e9 \u00farovni a j\u00eddeln\u00edm l\u00edstkem se \u0161irokou nab\u00eddkou j\u00eddel. Tradi\u010dn\u00ed ben\u00e1tsk\u00e9 chut\u011b se m\u00eds\u00ed s\u00a0recepty nov\u00e9 mezin\u00e1rodn\u00ed kuchyn\u011b. Restaurace nab\u00edz\u00ed rozs\u00e1hl\u00fd vinn\u00fd l\u00edstek, kter\u00fd obsahuje nejlep\u0161\u00ed etikety na italsk\u00e9 vinn\u00e9 sc\u00e9n\u011b.<\/p>\n","protected":false},"author":1,"featured_media":2425,"parent":0,"menu_order":0,"comment_status":"closed","ping_status":"closed","template":"","meta":{"_acf_changed":false,"_uag_custom_page_level_css":"","advgb_blocks_editor_width":"","advgb_blocks_columns_visual_guide":"","footnotes":""},"class_list":["post-1554","page","type-page","status-publish","has-post-thumbnail","hentry"],"acf":[],"yoast_head":"<!-- This site is optimized with the Yoast SEO plugin v25.6 - https:\/\/yoast.com\/wordpress\/plugins\/seo\/ -->\n<title>Restaurace - Eraclea Palace Hotel<\/title>\n<meta name=\"robots\" content=\"index, follow, max-snippet:-1, max-image-preview:large, max-video-preview:-1\" \/>\n<link rel=\"canonical\" href=\"https:\/\/www.eracleapalacehotel.it\/cs\/restaurace\/\" \/>\n<meta property=\"og:locale\" content=\"cs_CZ\" \/>\n<meta property=\"og:type\" content=\"article\" \/>\n<meta property=\"og:title\" content=\"Restaurace - Eraclea Palace Hotel\" \/>\n<meta property=\"og:description\" content=\"Nechte se un\u00e9st pot\u011b\u0161en\u00edm z\u00a0vysok\u00e9 gastronomie Restaurace Eraclea Mare P\u0159\u00edjemn\u00e9 a elegantn\u00ed prost\u0159ed\u00ed, kter\u00e9 se chlub\u00ed kuchyn\u00ed na vysok\u00e9 \u00farovni a j\u00eddeln\u00edm l\u00edstkem se \u0161irokou nab\u00eddkou j\u00eddel. Tradi\u010dn\u00ed ben\u00e1tsk\u00e9 chut\u011b se m\u00eds\u00ed s\u00a0recepty nov\u00e9 mezin\u00e1rodn\u00ed kuchyn\u011b. Restaurace nab\u00edz\u00ed rozs\u00e1hl\u00fd vinn\u00fd l\u00edstek, kter\u00fd obsahuje nejlep\u0161\u00ed etikety na italsk\u00e9 vinn\u00e9 sc\u00e9n\u011b.\" \/>\n<meta property=\"og:url\" content=\"https:\/\/www.eracleapalacehotel.it\/cs\/restaurace\/\" \/>\n<meta property=\"og:site_name\" content=\"Eraclea Palace Hotel\" \/>\n<meta property=\"article:modified_time\" content=\"2020-04-02T15:25:07+00:00\" \/>\n<meta property=\"og:image\" content=\"https:\/\/www.eracleapalacehotel.it\/wp-content\/uploads\/2020\/04\/Eraclea_Palace_Ristorante@2x.jpg\" \/>\n\t<meta property=\"og:image:width\" content=\"2560\" \/>\n\t<meta property=\"og:image:height\" content=\"563\" \/>\n\t<meta property=\"og:image:type\" content=\"image\/jpeg\" \/>\n<meta name=\"twitter:card\" content=\"summary_large_image\" \/>\n<script type=\"application\/ld+json\" class=\"yoast-schema-graph\">{\"@context\":\"https:\/\/schema.org\",\"@graph\":[{\"@type\":\"WebPage\",\"@id\":\"https:\/\/www.eracleapalacehotel.it\/cs\/restaurace\/\",\"url\":\"https:\/\/www.eracleapalacehotel.it\/cs\/restaurace\/\",\"name\":\"Restaurace - Eraclea Palace Hotel\",\"isPartOf\":{\"@id\":\"https:\/\/www.eracleapalacehotel.it\/cs\/#website\"},\"primaryImageOfPage\":{\"@id\":\"https:\/\/www.eracleapalacehotel.it\/cs\/restaurace\/#primaryimage\"},\"image\":{\"@id\":\"https:\/\/www.eracleapalacehotel.it\/cs\/restaurace\/#primaryimage\"},\"thumbnailUrl\":\"https:\/\/www.eracleapalacehotel.it\/wp-content\/uploads\/2020\/04\/Eraclea_Palace_Ristorante@2x.jpg\",\"datePublished\":\"2020-03-28T13:05:20+00:00\",\"dateModified\":\"2020-04-02T15:25:07+00:00\",\"breadcrumb\":{\"@id\":\"https:\/\/www.eracleapalacehotel.it\/cs\/restaurace\/#breadcrumb\"},\"inLanguage\":\"cs\",\"potentialAction\":[{\"@type\":\"ReadAction\",\"target\":[\"https:\/\/www.eracleapalacehotel.it\/cs\/restaurace\/\"]}]},{\"@type\":\"ImageObject\",\"inLanguage\":\"cs\",\"@id\":\"https:\/\/www.eracleapalacehotel.it\/cs\/restaurace\/#primaryimage\",\"url\":\"https:\/\/www.eracleapalacehotel.it\/wp-content\/uploads\/2020\/04\/Eraclea_Palace_Ristorante@2x.jpg\",\"contentUrl\":\"https:\/\/www.eracleapalacehotel.it\/wp-content\/uploads\/2020\/04\/Eraclea_Palace_Ristorante@2x.jpg\",\"width\":2560,\"height\":563},{\"@type\":\"BreadcrumbList\",\"@id\":\"https:\/\/www.eracleapalacehotel.it\/cs\/restaurace\/#breadcrumb\",\"itemListElement\":[{\"@type\":\"ListItem\",\"position\":1,\"name\":\"Home\",\"item\":\"https:\/\/www.eracleapalacehotel.it\/cs\/\"},{\"@type\":\"ListItem\",\"position\":2,\"name\":\"Restaurace\"}]},{\"@type\":\"WebSite\",\"@id\":\"https:\/\/www.eracleapalacehotel.it\/cs\/#website\",\"url\":\"https:\/\/www.eracleapalacehotel.it\/cs\/\",\"name\":\"Eraclea Palace Hotel\",\"description\":\"****s - Eraclea Mare\",\"publisher\":{\"@id\":\"https:\/\/www.eracleapalacehotel.it\/cs\/#organization\"},\"potentialAction\":[{\"@type\":\"SearchAction\",\"target\":{\"@type\":\"EntryPoint\",\"urlTemplate\":\"https:\/\/www.eracleapalacehotel.it\/cs\/?s={search_term_string}\"},\"query-input\":{\"@type\":\"PropertyValueSpecification\",\"valueRequired\":true,\"valueName\":\"search_term_string\"}}],\"inLanguage\":\"cs\"},{\"@type\":\"Organization\",\"@id\":\"https:\/\/www.eracleapalacehotel.it\/cs\/#organization\",\"name\":\"Eraclea Palace Hotel\",\"url\":\"https:\/\/www.eracleapalacehotel.it\/cs\/\",\"logo\":{\"@type\":\"ImageObject\",\"inLanguage\":\"cs\",\"@id\":\"https:\/\/www.eracleapalacehotel.it\/cs\/#\/schema\/logo\/image\/\",\"url\":\"https:\/\/www.eracleapalacehotel.it\/wp-content\/uploads\/2020\/03\/cropped-logo_Eraclea_palace_hotel@2x.png\",\"contentUrl\":\"https:\/\/www.eracleapalacehotel.it\/wp-content\/uploads\/2020\/03\/cropped-logo_Eraclea_palace_hotel@2x.png\",\"width\":400,\"height\":277,\"caption\":\"Eraclea Palace Hotel\"},\"image\":{\"@id\":\"https:\/\/www.eracleapalacehotel.it\/cs\/#\/schema\/logo\/image\/\"}}]}<\/script>\n<!-- \/ Yoast SEO plugin. -->","yoast_head_json":{"title":"Restaurace - Eraclea Palace Hotel","robots":{"index":"index","follow":"follow","max-snippet":"max-snippet:-1","max-image-preview":"max-image-preview:large","max-video-preview":"max-video-preview:-1"},"canonical":"https:\/\/www.eracleapalacehotel.it\/cs\/restaurace\/","og_locale":"cs_CZ","og_type":"article","og_title":"Restaurace - Eraclea Palace Hotel","og_description":"Nechte se un\u00e9st pot\u011b\u0161en\u00edm z\u00a0vysok\u00e9 gastronomie Restaurace Eraclea Mare P\u0159\u00edjemn\u00e9 a elegantn\u00ed prost\u0159ed\u00ed, kter\u00e9 se chlub\u00ed kuchyn\u00ed na vysok\u00e9 \u00farovni a j\u00eddeln\u00edm l\u00edstkem se \u0161irokou nab\u00eddkou j\u00eddel. Tradi\u010dn\u00ed ben\u00e1tsk\u00e9 chut\u011b se m\u00eds\u00ed s\u00a0recepty nov\u00e9 mezin\u00e1rodn\u00ed kuchyn\u011b. Restaurace nab\u00edz\u00ed rozs\u00e1hl\u00fd vinn\u00fd l\u00edstek, kter\u00fd obsahuje nejlep\u0161\u00ed etikety na italsk\u00e9 vinn\u00e9 sc\u00e9n\u011b.","og_url":"https:\/\/www.eracleapalacehotel.it\/cs\/restaurace\/","og_site_name":"Eraclea Palace Hotel","article_modified_time":"2020-04-02T15:25:07+00:00","og_image":[{"width":2560,"height":563,"url":"https:\/\/www.eracleapalacehotel.it\/wp-content\/uploads\/2020\/04\/Eraclea_Palace_Ristorante@2x.jpg","type":"image\/jpeg"}],"twitter_card":"summary_large_image","schema":{"@context":"https:\/\/schema.org","@graph":[{"@type":"WebPage","@id":"https:\/\/www.eracleapalacehotel.it\/cs\/restaurace\/","url":"https:\/\/www.eracleapalacehotel.it\/cs\/restaurace\/","name":"Restaurace - Eraclea Palace Hotel","isPartOf":{"@id":"https:\/\/www.eracleapalacehotel.it\/cs\/#website"},"primaryImageOfPage":{"@id":"https:\/\/www.eracleapalacehotel.it\/cs\/restaurace\/#primaryimage"},"image":{"@id":"https:\/\/www.eracleapalacehotel.it\/cs\/restaurace\/#primaryimage"},"thumbnailUrl":"https:\/\/www.eracleapalacehotel.it\/wp-content\/uploads\/2020\/04\/Eraclea_Palace_Ristorante@2x.jpg","datePublished":"2020-03-28T13:05:20+00:00","dateModified":"2020-04-02T15:25:07+00:00","breadcrumb":{"@id":"https:\/\/www.eracleapalacehotel.it\/cs\/restaurace\/#breadcrumb"},"inLanguage":"cs","potentialAction":[{"@type":"ReadAction","target":["https:\/\/www.eracleapalacehotel.it\/cs\/restaurace\/"]}]},{"@type":"ImageObject","inLanguage":"cs","@id":"https:\/\/www.eracleapalacehotel.it\/cs\/restaurace\/#primaryimage","url":"https:\/\/www.eracleapalacehotel.it\/wp-content\/uploads\/2020\/04\/Eraclea_Palace_Ristorante@2x.jpg","contentUrl":"https:\/\/www.eracleapalacehotel.it\/wp-content\/uploads\/2020\/04\/Eraclea_Palace_Ristorante@2x.jpg","width":2560,"height":563},{"@type":"BreadcrumbList","@id":"https:\/\/www.eracleapalacehotel.it\/cs\/restaurace\/#breadcrumb","itemListElement":[{"@type":"ListItem","position":1,"name":"Home","item":"https:\/\/www.eracleapalacehotel.it\/cs\/"},{"@type":"ListItem","position":2,"name":"Restaurace"}]},{"@type":"WebSite","@id":"https:\/\/www.eracleapalacehotel.it\/cs\/#website","url":"https:\/\/www.eracleapalacehotel.it\/cs\/","name":"Eraclea Palace Hotel","description":"****s - Eraclea Mare","publisher":{"@id":"https:\/\/www.eracleapalacehotel.it\/cs\/#organization"},"potentialAction":[{"@type":"SearchAction","target":{"@type":"EntryPoint","urlTemplate":"https:\/\/www.eracleapalacehotel.it\/cs\/?s={search_term_string}"},"query-input":{"@type":"PropertyValueSpecification","valueRequired":true,"valueName":"search_term_string"}}],"inLanguage":"cs"},{"@type":"Organization","@id":"https:\/\/www.eracleapalacehotel.it\/cs\/#organization","name":"Eraclea Palace Hotel","url":"https:\/\/www.eracleapalacehotel.it\/cs\/","logo":{"@type":"ImageObject","inLanguage":"cs","@id":"https:\/\/www.eracleapalacehotel.it\/cs\/#\/schema\/logo\/image\/","url":"https:\/\/www.eracleapalacehotel.it\/wp-content\/uploads\/2020\/03\/cropped-logo_Eraclea_palace_hotel@2x.png","contentUrl":"https:\/\/www.eracleapalacehotel.it\/wp-content\/uploads\/2020\/03\/cropped-logo_Eraclea_palace_hotel@2x.png","width":400,"height":277,"caption":"Eraclea Palace Hotel"},"image":{"@id":"https:\/\/www.eracleapalacehotel.it\/cs\/#\/schema\/logo\/image\/"}}]}},"uagb_featured_image_src":{"full":["https:\/\/www.eracleapalacehotel.it\/wp-content\/uploads\/2020\/04\/Eraclea_Palace_Ristorante@2x.jpg",2560,563,false],"thumbnail":["https:\/\/www.eracleapalacehotel.it\/wp-content\/uploads\/2020\/04\/Eraclea_Palace_Ristorante@2x-150x150.jpg",150,150,true],"medium":["https:\/\/www.eracleapalacehotel.it\/wp-content\/uploads\/2020\/04\/Eraclea_Palace_Ristorante@2x-300x66.jpg",300,66,true],"medium_large":["https:\/\/www.eracleapalacehotel.it\/wp-content\/uploads\/2020\/04\/Eraclea_Palace_Ristorante@2x-768x169.jpg",580,128,true],"large":["https:\/\/www.eracleapalacehotel.it\/wp-content\/uploads\/2020\/04\/Eraclea_Palace_Ristorante@2x-1024x225.jpg",580,127,true],"1536x1536":["https:\/\/www.eracleapalacehotel.it\/wp-content\/uploads\/2020\/04\/Eraclea_Palace_Ristorante@2x-1536x338.jpg",1536,338,true],"2048x2048":["https:\/\/www.eracleapalacehotel.it\/wp-content\/uploads\/2020\/04\/Eraclea_Palace_Ristorante@2x-2048x451.jpg",2048,451,true],"post-thumbnail":["https:\/\/www.eracleapalacehotel.it\/wp-content\/uploads\/2020\/04\/Eraclea_Palace_Ristorante@2x-1200x264.jpg",1200,264,true],"twentytwenty-fullscreen":["https:\/\/www.eracleapalacehotel.it\/wp-content\/uploads\/2020\/04\/Eraclea_Palace_Ristorante@2x-1980x436.jpg",1980,436,true]},"uagb_author_info":{"display_name":"3r4cl3-p4l4","author_link":"https:\/\/www.eracleapalacehotel.it\/cs\/author\/3r4cl3-p4l4\/"},"uagb_comment_info":0,"uagb_excerpt":"Nechte se un\u00e9st pot\u011b\u0161en\u00edm z\u00a0vysok\u00e9 gastronomie Restaurace Eraclea Mare P\u0159\u00edjemn\u00e9 a elegantn\u00ed prost\u0159ed\u00ed, kter\u00e9 se chlub\u00ed kuchyn\u00ed na vysok\u00e9 \u00farovni a j\u00eddeln\u00edm l\u00edstkem se \u0161irokou nab\u00eddkou j\u00eddel. Tradi\u010dn\u00ed ben\u00e1tsk\u00e9 chut\u011b se m\u00eds\u00ed s\u00a0recepty nov\u00e9 mezin\u00e1rodn\u00ed kuchyn\u011b. Restaurace nab\u00edz\u00ed rozs\u00e1hl\u00fd vinn\u00fd l\u00edstek, kter\u00fd obsahuje nejlep\u0161\u00ed etikety na italsk\u00e9 vinn\u00e9 sc\u00e9n\u011b.","coauthors":[],"author_meta":{"author_link":"https:\/\/www.eracleapalacehotel.it\/cs\/author\/3r4cl3-p4l4\/","display_name":"3r4cl3-p4l4"},"relative_dates":{"created":"Posted 6 roky ago","modified":"Updated 6 roky ago"},"absolute_dates":{"created":"Posted on 28 b\u0159ezna 2020","modified":"Updated on 2 dubna 2020"},"absolute_dates_time":{"created":"Posted on 28 b\u0159ezna 2020 14:05","modified":"Updated on 2 dubna 2020 17:25"},"featured_img_caption":"","featured_img":"https:\/\/www.eracleapalacehotel.it\/wp-content\/uploads\/2020\/04\/Eraclea_Palace_Ristorante@2x-1200x264.jpg","series_order":"","_links":{"self":[{"href":"https:\/\/www.eracleapalacehotel.it\/cs\/wp-json\/wp\/v2\/pages\/1554","targetHints":{"allow":["GET"]}}],"collection":[{"href":"https:\/\/www.eracleapalacehotel.it\/cs\/wp-json\/wp\/v2\/pages"}],"about":[{"href":"https:\/\/www.eracleapalacehotel.it\/cs\/wp-json\/wp\/v2\/types\/page"}],"author":[{"embeddable":true,"href":"https:\/\/www.eracleapalacehotel.it\/cs\/wp-json\/wp\/v2\/users\/1"}],"replies":[{"embeddable":true,"href":"https:\/\/www.eracleapalacehotel.it\/cs\/wp-json\/wp\/v2\/comments?post=1554"}],"version-history":[{"count":0,"href":"https:\/\/www.eracleapalacehotel.it\/cs\/wp-json\/wp\/v2\/pages\/1554\/revisions"}],"wp:featuredmedia":[{"embeddable":true,"href":"https:\/\/www.eracleapalacehotel.it\/cs\/wp-json\/wp\/v2\/media\/2425"}],"wp:attachment":[{"href":"https:\/\/www.eracleapalacehotel.it\/cs\/wp-json\/wp\/v2\/media?parent=1554"}],"curies":[{"name":"wp","href":"https:\/\/api.w.org\/{rel}","templated":true}]}}