{"id":1524,"date":"2020-03-27T10:49:22","date_gmt":"2020-03-27T09:49:22","guid":{"rendered":"http:\/\/eraclea.promoservicebeta.com\/?page_id=1524"},"modified":"2022-04-06T09:29:49","modified_gmt":"2022-04-06T07:29:49","slug":"jak-se-k-nam-dostanete","status":"publish","type":"page","link":"https:\/\/www.eracleapalacehotel.it\/cs\/jak-se-k-nam-dostanete\/","title":{"rendered":"Jak se k n\u00e1m dostanete"},"content":{"rendered":"\n<div class=\"wp-block-group alignfull promo-eracleaint-5\"><div class=\"wp-block-group__inner-container is-layout-flow wp-block-group-is-layout-flow\">\n<div class=\"wp-block-columns alignfull is-layout-flex wp-container-core-columns-is-layout-9d6595d7 wp-block-columns-is-layout-flex\">\n<div class=\"wp-block-column is-layout-flow wp-block-column-is-layout-flow\">\n<figure class=\"wp-block-image size-large\"><img loading=\"lazy\" decoding=\"async\" width=\"900\" height=\"600\" src=\"https:\/\/www.eracleapalacehotel.it\/wp-content\/uploads\/2020\/03\/Aereoplano.png\" alt=\"\" class=\"wp-image-942\" srcset=\"https:\/\/www.eracleapalacehotel.it\/wp-content\/uploads\/2020\/03\/Aereoplano.png 900w, https:\/\/www.eracleapalacehotel.it\/wp-content\/uploads\/2020\/03\/Aereoplano-300x200.png 300w, https:\/\/www.eracleapalacehotel.it\/wp-content\/uploads\/2020\/03\/Aereoplano-768x512.png 768w\" sizes=\"auto, (max-width: 900px) 100vw, 900px\" \/><\/figure>\n\n\n\n<h3 class=\"wp-block-heading\">LETECKY<\/h3>\n\n\n\n<p>Nedaleko hotelu se nach\u00e1z\u00ed dv\u011b leti\u0161t\u011b: v Ben\u00e1tk\u00e1ch vzd\u00e1leno 45km a v Trevisu vzd\u00e1leno 53km.<br>\nZ obou leti\u0161\u0165 se snadno dostanete na hotel d\u00edky n\u00e1vaznosti autobusov\u00e9 dopravy spole\u010dnosti ATVO<br>\na p\u0159\u00edm\u00fdch linek do Eraclea Mare a nebo s p\u0159estupem v San Don\u00e0 di Piave. <br>\nAutobusov\u00e1 zast\u00e1vka je vzd\u00e1len\u00e1 pouh\u00fdch 300m od hotelu.<\/p>\n\n\n\n<p><\/p>\n\n\n\n<div style=\"height:20px\" aria-hidden=\"true\" class=\"wp-block-spacer\"><\/div>\n<\/div>\n\n\n\n<div class=\"wp-block-column is-layout-flow wp-block-column-is-layout-flow\">\n<figure class=\"wp-block-image size-large\"><img loading=\"lazy\" decoding=\"async\" width=\"900\" height=\"600\" src=\"https:\/\/www.eracleapalacehotel.it\/wp-content\/uploads\/2020\/03\/Treno.png\" alt=\"\" class=\"wp-image-954\" srcset=\"https:\/\/www.eracleapalacehotel.it\/wp-content\/uploads\/2020\/03\/Treno.png 900w, https:\/\/www.eracleapalacehotel.it\/wp-content\/uploads\/2020\/03\/Treno-300x200.png 300w, https:\/\/www.eracleapalacehotel.it\/wp-content\/uploads\/2020\/03\/Treno-768x512.png 768w\" sizes=\"auto, (max-width: 900px) 100vw, 900px\" \/><\/figure>\n\n\n\n<h3 class=\"wp-block-heading\">VLAKEM<\/h3>\n\n\n\n<p>Ze v\u0161ech provinci\u00ed se dostanete do  San Don\u00e0 di Piave (Venezia &#8211; Trieste) a d\u00e1le pokra\u010dujete v cest\u011b autobusovou dopravou spole\u010dnosti ATVO<br>\nve sm\u011bru do Eraclea Mare. Autobusov\u00e1 zast\u00e1vka je vzd\u00e1len\u00e1 pouh\u00fdch 300m od hotelu.<\/p>\n\n\n\n<p><\/p>\n\n\n\n<div style=\"height:20px\" aria-hidden=\"true\" class=\"wp-block-spacer\"><\/div>\n<\/div>\n\n\n\n<div class=\"wp-block-column is-layout-flow wp-block-column-is-layout-flow\">\n<figure class=\"wp-block-image size-large\"><img loading=\"lazy\" decoding=\"async\" width=\"900\" height=\"600\" src=\"https:\/\/www.eracleapalacehotel.it\/wp-content\/uploads\/2020\/03\/Auto.png\" alt=\"\" class=\"wp-image-948\" srcset=\"https:\/\/www.eracleapalacehotel.it\/wp-content\/uploads\/2020\/03\/Auto.png 900w, https:\/\/www.eracleapalacehotel.it\/wp-content\/uploads\/2020\/03\/Auto-300x200.png 300w, https:\/\/www.eracleapalacehotel.it\/wp-content\/uploads\/2020\/03\/Auto-768x512.png 768w\" sizes=\"auto, (max-width: 900px) 100vw, 900px\" \/><\/figure>\n\n\n\n<h3 class=\"wp-block-heading\">AUTEM<\/h3>\n\n\n\n<p>Po d\u00e1lnici A4 (Venezia &#8211; Trieste), v\u00fdjezd z d\u00e1lnice Noventa di Piave\/ San Don\u00e0. Po v\u00fdjezdu z d\u00e1lnice sledujte ukazatele na Eraclea Mare.<br>\nPo cca 30 minut\u00e1ch j\u00edzdy se dostanete do Eraclea Mare.<\/p>\n\n\n\n<p><\/p>\n\n\n\n<div style=\"height:20px\" aria-hidden=\"true\" class=\"wp-block-spacer\"><\/div>\n<\/div>\n<\/div>\n\n\n\n<div class=\"wp-block-columns alignfull hide-element is-layout-flex wp-container-core-columns-is-layout-9d6595d7 wp-block-columns-is-layout-flex\">\n<div class=\"wp-block-column is-layout-flow wp-block-column-is-layout-flow\">\n<figure class=\"wp-block-image size-large\"><img loading=\"lazy\" decoding=\"async\" width=\"900\" height=\"600\" src=\"https:\/\/www.eracleapalacehotel.it\/wp-content\/uploads\/2020\/03\/Aereoplano.png\" alt=\"\" class=\"wp-image-942\" srcset=\"https:\/\/www.eracleapalacehotel.it\/wp-content\/uploads\/2020\/03\/Aereoplano.png 900w, https:\/\/www.eracleapalacehotel.it\/wp-content\/uploads\/2020\/03\/Aereoplano-300x200.png 300w, https:\/\/www.eracleapalacehotel.it\/wp-content\/uploads\/2020\/03\/Aereoplano-768x512.png 768w\" sizes=\"auto, (max-width: 900px) 100vw, 900px\" \/><\/figure>\n\n\n\n<h3 class=\"wp-block-heading\">LETECKY<\/h3>\n\n\n\n<p>Nedaleko hotelu se nach\u00e1z\u00ed dv\u011b leti\u0161t\u011b: v Ben\u00e1tk\u00e1ch vzd\u00e1leno 45km a v Trevisu vzd\u00e1leno 53km.<br>\nZ obou leti\u0161\u0165 se snadno dostanete na hotel d\u00edky n\u00e1vaznosti autobusov\u00e9 dopravy spole\u010dnosti ATVO<br>\na p\u0159\u00edm\u00fdch linek do Eraclea Mare a nebo s p\u0159estupem v San Don\u00e0 di Piave. <br>\nAutobusov\u00e1 zast\u00e1vka je vzd\u00e1len\u00e1 pouh\u00fdch 300m od hotelu.<\/p>\n\n\n\n<p><\/p>\n\n\n\n<div style=\"height:20px\" aria-hidden=\"true\" class=\"wp-block-spacer\"><\/div>\n<\/div>\n\n\n\n<div class=\"wp-block-column is-layout-flow wp-block-column-is-layout-flow\">\n<figure class=\"wp-block-image size-large\"><img loading=\"lazy\" decoding=\"async\" width=\"900\" height=\"600\" src=\"https:\/\/www.eracleapalacehotel.it\/wp-content\/uploads\/2020\/03\/Treno.png\" alt=\"\" class=\"wp-image-954\" srcset=\"https:\/\/www.eracleapalacehotel.it\/wp-content\/uploads\/2020\/03\/Treno.png 900w, https:\/\/www.eracleapalacehotel.it\/wp-content\/uploads\/2020\/03\/Treno-300x200.png 300w, https:\/\/www.eracleapalacehotel.it\/wp-content\/uploads\/2020\/03\/Treno-768x512.png 768w\" sizes=\"auto, (max-width: 900px) 100vw, 900px\" \/><\/figure>\n\n\n\n<h3 class=\"wp-block-heading\">VLAKEM<\/h3>\n\n\n\n<p>Ze v\u0161ech provinci\u00ed se dostanete do  San Don\u00e0 di Piave (Venezia &#8211; Trieste) a d\u00e1le pokra\u010dujete v cest\u011b autobusovou dopravou spole\u010dnosti ATVO<br>\nve sm\u011bru do Eraclea Mare. Autobusov\u00e1 zast\u00e1vka je vzd\u00e1len\u00e1 pouh\u00fdch 300m od hotelu.<\/p>\n\n\n\n<p><\/p>\n\n\n\n<div style=\"height:20px\" aria-hidden=\"true\" class=\"wp-block-spacer\"><\/div>\n<\/div>\n\n\n\n<div class=\"wp-block-column is-layout-flow wp-block-column-is-layout-flow\">\n<figure class=\"wp-block-image size-large\"><img loading=\"lazy\" decoding=\"async\" width=\"900\" height=\"600\" src=\"https:\/\/www.eracleapalacehotel.it\/wp-content\/uploads\/2020\/03\/Auto.png\" alt=\"\" class=\"wp-image-948\" srcset=\"https:\/\/www.eracleapalacehotel.it\/wp-content\/uploads\/2020\/03\/Auto.png 900w, https:\/\/www.eracleapalacehotel.it\/wp-content\/uploads\/2020\/03\/Auto-300x200.png 300w, https:\/\/www.eracleapalacehotel.it\/wp-content\/uploads\/2020\/03\/Auto-768x512.png 768w\" sizes=\"auto, (max-width: 900px) 100vw, 900px\" \/><\/figure>\n\n\n\n<h3 class=\"wp-block-heading\">AUTEM<\/h3>\n\n\n\n<p>Po d\u00e1lnici A4 (Venezia &#8211; Trieste), v\u00fdjezd z d\u00e1lnice Noventa di Piave\/ San Don\u00e0. Po v\u00fdjezdu z d\u00e1lnice sledujte ukazatele na Eraclea Mare.<br>\nPo cca 30 minut\u00e1ch j\u00edzdy se dostanete do Eraclea Mare.<\/p>\n\n\n\n<p><\/p>\n\n\n\n<div style=\"height:20px\" aria-hidden=\"true\" class=\"wp-block-spacer\"><\/div>\n<\/div>\n<\/div>\n\n\n\n<iframe loading=\"lazy\" src=\"https:\/\/www.google.com\/maps\/embed?pb=!1m18!1m12!1m3!1d2794.2524384469575!2d12.753727015686197!3d45.545247136052566!2m3!1f0!2f0!3f0!3m2!1i1024!2i768!4f13.1!3m3!1m2!1s0x477bf9bb764aed7d%3A0x20e1986a2c5e0092!2sEraclea%20Palace%20Hotel!5e0!3m2!1sit!2sit!4v1588001538721!5m2!1sit!2sit\" width=\"100%\" height=\"450\" frameborder=\"0\" style=\"border:0;\" allowfullscreen=\"\" aria-hidden=\"false\" tabindex=\"0\"><\/iframe>\n<\/div><\/div>\n","protected":false},"excerpt":{"rendered":"<p>LETECKY Nedaleko hotelu se nach\u00e1z\u00ed dv\u011b leti\u0161t\u011b: v Ben\u00e1tk\u00e1ch vzd\u00e1leno 45km a v Trevisu vzd\u00e1leno 53km. Z obou leti\u0161\u0165 se snadno dostanete na hotel d\u00edky n\u00e1vaznosti autobusov\u00e9 dopravy spole\u010dnosti ATVO a p\u0159\u00edm\u00fdch linek do Eraclea Mare a nebo s p\u0159estupem v San Don\u00e0 di Piave. Autobusov\u00e1 zast\u00e1vka je vzd\u00e1len\u00e1 pouh\u00fdch 300m od hotelu. VLAKEM Ze [&hellip;]<\/p>\n","protected":false},"author":1,"featured_media":2444,"parent":0,"menu_order":0,"comment_status":"closed","ping_status":"closed","template":"","meta":{"_acf_changed":false,"_uag_custom_page_level_css":"","advgb_blocks_editor_width":"","advgb_blocks_columns_visual_guide":"","footnotes":""},"class_list":["post-1524","page","type-page","status-publish","has-post-thumbnail","hentry"],"acf":[],"yoast_head":"<!-- This site is optimized with the Yoast SEO plugin v25.6 - https:\/\/yoast.com\/wordpress\/plugins\/seo\/ -->\n<title>Jak se k n\u00e1m dostanete - Eraclea Palace Hotel ****s - Eraclea Mare<\/title>\n<meta name=\"description\" content=\"Eraclea Palace Hotel**** | Via dei Lecci, 17, 30020 Eraclea Mare, Venezia Italy | +39 0421 66042 | info@eracleapalacehotel.it\" \/>\n<meta name=\"robots\" content=\"index, follow, max-snippet:-1, max-image-preview:large, max-video-preview:-1\" \/>\n<link rel=\"canonical\" href=\"https:\/\/www.eracleapalacehotel.it\/cs\/jak-se-k-nam-dostanete\/\" \/>\n<meta property=\"og:locale\" content=\"cs_CZ\" \/>\n<meta property=\"og:type\" content=\"article\" \/>\n<meta property=\"og:title\" content=\"Jak se k n\u00e1m dostanete - Eraclea Palace Hotel ****s - Eraclea Mare\" \/>\n<meta property=\"og:description\" content=\"Eraclea Palace Hotel**** | Via dei Lecci, 17, 30020 Eraclea Mare, Venezia Italy | +39 0421 66042 | info@eracleapalacehotel.it\" \/>\n<meta property=\"og:url\" content=\"https:\/\/www.eracleapalacehotel.it\/cs\/jak-se-k-nam-dostanete\/\" \/>\n<meta property=\"og:site_name\" content=\"Eraclea Palace Hotel\" \/>\n<meta property=\"article:modified_time\" content=\"2022-04-06T07:29:49+00:00\" \/>\n<meta property=\"og:image\" content=\"https:\/\/www.eracleapalacehotel.it\/wp-content\/uploads\/2020\/04\/Eraclea_Palace_Hotel_esterno@2x.jpg\" \/>\n\t<meta property=\"og:image:width\" content=\"2560\" \/>\n\t<meta property=\"og:image:height\" content=\"563\" \/>\n\t<meta property=\"og:image:type\" content=\"image\/jpeg\" \/>\n<meta name=\"twitter:card\" content=\"summary_large_image\" \/>\n<meta name=\"twitter:label1\" content=\"Odhadovan\u00e1 doba \u010dten\u00ed\" \/>\n\t<meta name=\"twitter:data1\" content=\"3 minuty\" \/>\n<script type=\"application\/ld+json\" class=\"yoast-schema-graph\">{\"@context\":\"https:\/\/schema.org\",\"@graph\":[{\"@type\":\"WebPage\",\"@id\":\"https:\/\/www.eracleapalacehotel.it\/cs\/jak-se-k-nam-dostanete\/\",\"url\":\"https:\/\/www.eracleapalacehotel.it\/cs\/jak-se-k-nam-dostanete\/\",\"name\":\"Jak se k n\u00e1m dostanete - Eraclea Palace Hotel ****s - Eraclea Mare\",\"isPartOf\":{\"@id\":\"https:\/\/www.eracleapalacehotel.it\/cs\/#website\"},\"primaryImageOfPage\":{\"@id\":\"https:\/\/www.eracleapalacehotel.it\/cs\/jak-se-k-nam-dostanete\/#primaryimage\"},\"image\":{\"@id\":\"https:\/\/www.eracleapalacehotel.it\/cs\/jak-se-k-nam-dostanete\/#primaryimage\"},\"thumbnailUrl\":\"https:\/\/www.eracleapalacehotel.it\/wp-content\/uploads\/2020\/04\/Eraclea_Palace_Hotel_esterno@2x.jpg\",\"datePublished\":\"2020-03-27T09:49:22+00:00\",\"dateModified\":\"2022-04-06T07:29:49+00:00\",\"description\":\"Eraclea Palace Hotel**** | Via dei Lecci, 17, 30020 Eraclea Mare, Venezia Italy | +39 0421 66042 | info@eracleapalacehotel.it\",\"breadcrumb\":{\"@id\":\"https:\/\/www.eracleapalacehotel.it\/cs\/jak-se-k-nam-dostanete\/#breadcrumb\"},\"inLanguage\":\"cs\",\"potentialAction\":[{\"@type\":\"ReadAction\",\"target\":[\"https:\/\/www.eracleapalacehotel.it\/cs\/jak-se-k-nam-dostanete\/\"]}]},{\"@type\":\"ImageObject\",\"inLanguage\":\"cs\",\"@id\":\"https:\/\/www.eracleapalacehotel.it\/cs\/jak-se-k-nam-dostanete\/#primaryimage\",\"url\":\"https:\/\/www.eracleapalacehotel.it\/wp-content\/uploads\/2020\/04\/Eraclea_Palace_Hotel_esterno@2x.jpg\",\"contentUrl\":\"https:\/\/www.eracleapalacehotel.it\/wp-content\/uploads\/2020\/04\/Eraclea_Palace_Hotel_esterno@2x.jpg\",\"width\":2560,\"height\":563},{\"@type\":\"BreadcrumbList\",\"@id\":\"https:\/\/www.eracleapalacehotel.it\/cs\/jak-se-k-nam-dostanete\/#breadcrumb\",\"itemListElement\":[{\"@type\":\"ListItem\",\"position\":1,\"name\":\"Home\",\"item\":\"https:\/\/www.eracleapalacehotel.it\/cs\/\"},{\"@type\":\"ListItem\",\"position\":2,\"name\":\"Jak se k n\u00e1m dostanete\"}]},{\"@type\":\"WebSite\",\"@id\":\"https:\/\/www.eracleapalacehotel.it\/cs\/#website\",\"url\":\"https:\/\/www.eracleapalacehotel.it\/cs\/\",\"name\":\"Eraclea Palace Hotel\",\"description\":\"****s - Eraclea Mare\",\"publisher\":{\"@id\":\"https:\/\/www.eracleapalacehotel.it\/cs\/#organization\"},\"potentialAction\":[{\"@type\":\"SearchAction\",\"target\":{\"@type\":\"EntryPoint\",\"urlTemplate\":\"https:\/\/www.eracleapalacehotel.it\/cs\/?s={search_term_string}\"},\"query-input\":{\"@type\":\"PropertyValueSpecification\",\"valueRequired\":true,\"valueName\":\"search_term_string\"}}],\"inLanguage\":\"cs\"},{\"@type\":\"Organization\",\"@id\":\"https:\/\/www.eracleapalacehotel.it\/cs\/#organization\",\"name\":\"Eraclea Palace Hotel\",\"url\":\"https:\/\/www.eracleapalacehotel.it\/cs\/\",\"logo\":{\"@type\":\"ImageObject\",\"inLanguage\":\"cs\",\"@id\":\"https:\/\/www.eracleapalacehotel.it\/cs\/#\/schema\/logo\/image\/\",\"url\":\"https:\/\/www.eracleapalacehotel.it\/wp-content\/uploads\/2020\/03\/cropped-logo_Eraclea_palace_hotel@2x.png\",\"contentUrl\":\"https:\/\/www.eracleapalacehotel.it\/wp-content\/uploads\/2020\/03\/cropped-logo_Eraclea_palace_hotel@2x.png\",\"width\":400,\"height\":277,\"caption\":\"Eraclea Palace Hotel\"},\"image\":{\"@id\":\"https:\/\/www.eracleapalacehotel.it\/cs\/#\/schema\/logo\/image\/\"}}]}<\/script>\n<!-- \/ Yoast SEO plugin. -->","yoast_head_json":{"title":"Jak se k n\u00e1m dostanete - Eraclea Palace Hotel ****s - Eraclea Mare","description":"Eraclea Palace Hotel**** | Via dei Lecci, 17, 30020 Eraclea Mare, Venezia Italy | +39 0421 66042 | info@eracleapalacehotel.it","robots":{"index":"index","follow":"follow","max-snippet":"max-snippet:-1","max-image-preview":"max-image-preview:large","max-video-preview":"max-video-preview:-1"},"canonical":"https:\/\/www.eracleapalacehotel.it\/cs\/jak-se-k-nam-dostanete\/","og_locale":"cs_CZ","og_type":"article","og_title":"Jak se k n\u00e1m dostanete - Eraclea Palace Hotel ****s - Eraclea Mare","og_description":"Eraclea Palace Hotel**** | Via dei Lecci, 17, 30020 Eraclea Mare, Venezia Italy | +39 0421 66042 | info@eracleapalacehotel.it","og_url":"https:\/\/www.eracleapalacehotel.it\/cs\/jak-se-k-nam-dostanete\/","og_site_name":"Eraclea Palace Hotel","article_modified_time":"2022-04-06T07:29:49+00:00","og_image":[{"width":2560,"height":563,"url":"https:\/\/www.eracleapalacehotel.it\/wp-content\/uploads\/2020\/04\/Eraclea_Palace_Hotel_esterno@2x.jpg","type":"image\/jpeg"}],"twitter_card":"summary_large_image","twitter_misc":{"Odhadovan\u00e1 doba \u010dten\u00ed":"3 minuty"},"schema":{"@context":"https:\/\/schema.org","@graph":[{"@type":"WebPage","@id":"https:\/\/www.eracleapalacehotel.it\/cs\/jak-se-k-nam-dostanete\/","url":"https:\/\/www.eracleapalacehotel.it\/cs\/jak-se-k-nam-dostanete\/","name":"Jak se k n\u00e1m dostanete - Eraclea Palace Hotel ****s - Eraclea Mare","isPartOf":{"@id":"https:\/\/www.eracleapalacehotel.it\/cs\/#website"},"primaryImageOfPage":{"@id":"https:\/\/www.eracleapalacehotel.it\/cs\/jak-se-k-nam-dostanete\/#primaryimage"},"image":{"@id":"https:\/\/www.eracleapalacehotel.it\/cs\/jak-se-k-nam-dostanete\/#primaryimage"},"thumbnailUrl":"https:\/\/www.eracleapalacehotel.it\/wp-content\/uploads\/2020\/04\/Eraclea_Palace_Hotel_esterno@2x.jpg","datePublished":"2020-03-27T09:49:22+00:00","dateModified":"2022-04-06T07:29:49+00:00","description":"Eraclea Palace Hotel**** | Via dei Lecci, 17, 30020 Eraclea Mare, Venezia Italy | +39 0421 66042 | info@eracleapalacehotel.it","breadcrumb":{"@id":"https:\/\/www.eracleapalacehotel.it\/cs\/jak-se-k-nam-dostanete\/#breadcrumb"},"inLanguage":"cs","potentialAction":[{"@type":"ReadAction","target":["https:\/\/www.eracleapalacehotel.it\/cs\/jak-se-k-nam-dostanete\/"]}]},{"@type":"ImageObject","inLanguage":"cs","@id":"https:\/\/www.eracleapalacehotel.it\/cs\/jak-se-k-nam-dostanete\/#primaryimage","url":"https:\/\/www.eracleapalacehotel.it\/wp-content\/uploads\/2020\/04\/Eraclea_Palace_Hotel_esterno@2x.jpg","contentUrl":"https:\/\/www.eracleapalacehotel.it\/wp-content\/uploads\/2020\/04\/Eraclea_Palace_Hotel_esterno@2x.jpg","width":2560,"height":563},{"@type":"BreadcrumbList","@id":"https:\/\/www.eracleapalacehotel.it\/cs\/jak-se-k-nam-dostanete\/#breadcrumb","itemListElement":[{"@type":"ListItem","position":1,"name":"Home","item":"https:\/\/www.eracleapalacehotel.it\/cs\/"},{"@type":"ListItem","position":2,"name":"Jak se k n\u00e1m dostanete"}]},{"@type":"WebSite","@id":"https:\/\/www.eracleapalacehotel.it\/cs\/#website","url":"https:\/\/www.eracleapalacehotel.it\/cs\/","name":"Eraclea Palace Hotel","description":"****s - Eraclea Mare","publisher":{"@id":"https:\/\/www.eracleapalacehotel.it\/cs\/#organization"},"potentialAction":[{"@type":"SearchAction","target":{"@type":"EntryPoint","urlTemplate":"https:\/\/www.eracleapalacehotel.it\/cs\/?s={search_term_string}"},"query-input":{"@type":"PropertyValueSpecification","valueRequired":true,"valueName":"search_term_string"}}],"inLanguage":"cs"},{"@type":"Organization","@id":"https:\/\/www.eracleapalacehotel.it\/cs\/#organization","name":"Eraclea Palace Hotel","url":"https:\/\/www.eracleapalacehotel.it\/cs\/","logo":{"@type":"ImageObject","inLanguage":"cs","@id":"https:\/\/www.eracleapalacehotel.it\/cs\/#\/schema\/logo\/image\/","url":"https:\/\/www.eracleapalacehotel.it\/wp-content\/uploads\/2020\/03\/cropped-logo_Eraclea_palace_hotel@2x.png","contentUrl":"https:\/\/www.eracleapalacehotel.it\/wp-content\/uploads\/2020\/03\/cropped-logo_Eraclea_palace_hotel@2x.png","width":400,"height":277,"caption":"Eraclea Palace Hotel"},"image":{"@id":"https:\/\/www.eracleapalacehotel.it\/cs\/#\/schema\/logo\/image\/"}}]}},"uagb_featured_image_src":{"full":["https:\/\/www.eracleapalacehotel.it\/wp-content\/uploads\/2020\/04\/Eraclea_Palace_Hotel_esterno@2x.jpg",2560,563,false],"thumbnail":["https:\/\/www.eracleapalacehotel.it\/wp-content\/uploads\/2020\/04\/Eraclea_Palace_Hotel_esterno@2x-150x150.jpg",150,150,true],"medium":["https:\/\/www.eracleapalacehotel.it\/wp-content\/uploads\/2020\/04\/Eraclea_Palace_Hotel_esterno@2x-300x66.jpg",300,66,true],"medium_large":["https:\/\/www.eracleapalacehotel.it\/wp-content\/uploads\/2020\/04\/Eraclea_Palace_Hotel_esterno@2x-768x169.jpg",580,128,true],"large":["https:\/\/www.eracleapalacehotel.it\/wp-content\/uploads\/2020\/04\/Eraclea_Palace_Hotel_esterno@2x-1024x225.jpg",580,127,true],"1536x1536":["https:\/\/www.eracleapalacehotel.it\/wp-content\/uploads\/2020\/04\/Eraclea_Palace_Hotel_esterno@2x-1536x338.jpg",1536,338,true],"2048x2048":["https:\/\/www.eracleapalacehotel.it\/wp-content\/uploads\/2020\/04\/Eraclea_Palace_Hotel_esterno@2x-2048x451.jpg",2048,451,true],"post-thumbnail":["https:\/\/www.eracleapalacehotel.it\/wp-content\/uploads\/2020\/04\/Eraclea_Palace_Hotel_esterno@2x-1200x264.jpg",1200,264,true],"twentytwenty-fullscreen":["https:\/\/www.eracleapalacehotel.it\/wp-content\/uploads\/2020\/04\/Eraclea_Palace_Hotel_esterno@2x-1980x436.jpg",1980,436,true]},"uagb_author_info":{"display_name":"3r4cl3-p4l4","author_link":"https:\/\/www.eracleapalacehotel.it\/cs\/author\/3r4cl3-p4l4\/"},"uagb_comment_info":0,"uagb_excerpt":"LETECKY Nedaleko hotelu se nach\u00e1z\u00ed dv\u011b leti\u0161t\u011b: v Ben\u00e1tk\u00e1ch vzd\u00e1leno 45km a v Trevisu vzd\u00e1leno 53km. Z obou leti\u0161\u0165 se snadno dostanete na hotel d\u00edky n\u00e1vaznosti autobusov\u00e9 dopravy spole\u010dnosti ATVO a p\u0159\u00edm\u00fdch linek do Eraclea Mare a nebo s p\u0159estupem v San Don\u00e0 di Piave. Autobusov\u00e1 zast\u00e1vka je vzd\u00e1len\u00e1 pouh\u00fdch 300m od hotelu. VLAKEM Ze&hellip;","coauthors":[],"author_meta":{"author_link":"https:\/\/www.eracleapalacehotel.it\/cs\/author\/3r4cl3-p4l4\/","display_name":"3r4cl3-p4l4"},"relative_dates":{"created":"Posted 6 roky ago","modified":"Updated 4 roky ago"},"absolute_dates":{"created":"Posted on 27 b\u0159ezna 2020","modified":"Updated on 6 dubna 2022"},"absolute_dates_time":{"created":"Posted on 27 b\u0159ezna 2020 10:49","modified":"Updated on 6 dubna 2022 09:29"},"featured_img_caption":"","featured_img":"https:\/\/www.eracleapalacehotel.it\/wp-content\/uploads\/2020\/04\/Eraclea_Palace_Hotel_esterno@2x-1200x264.jpg","series_order":"","_links":{"self":[{"href":"https:\/\/www.eracleapalacehotel.it\/cs\/wp-json\/wp\/v2\/pages\/1524","targetHints":{"allow":["GET"]}}],"collection":[{"href":"https:\/\/www.eracleapalacehotel.it\/cs\/wp-json\/wp\/v2\/pages"}],"about":[{"href":"https:\/\/www.eracleapalacehotel.it\/cs\/wp-json\/wp\/v2\/types\/page"}],"author":[{"embeddable":true,"href":"https:\/\/www.eracleapalacehotel.it\/cs\/wp-json\/wp\/v2\/users\/1"}],"replies":[{"embeddable":true,"href":"https:\/\/www.eracleapalacehotel.it\/cs\/wp-json\/wp\/v2\/comments?post=1524"}],"version-history":[{"count":1,"href":"https:\/\/www.eracleapalacehotel.it\/cs\/wp-json\/wp\/v2\/pages\/1524\/revisions"}],"predecessor-version":[{"id":3585,"href":"https:\/\/www.eracleapalacehotel.it\/cs\/wp-json\/wp\/v2\/pages\/1524\/revisions\/3585"}],"wp:featuredmedia":[{"embeddable":true,"href":"https:\/\/www.eracleapalacehotel.it\/cs\/wp-json\/wp\/v2\/media\/2444"}],"wp:attachment":[{"href":"https:\/\/www.eracleapalacehotel.it\/cs\/wp-json\/wp\/v2\/media?parent=1524"}],"curies":[{"name":"wp","href":"https:\/\/api.w.org\/{rel}","templated":true}]}}