{"id":1506,"date":"2020-03-27T10:34:20","date_gmt":"2020-03-27T09:34:20","guid":{"rendered":"http:\/\/eraclea.promoservicebeta.com\/?page_id=1506"},"modified":"2020-04-03T14:41:10","modified_gmt":"2020-04-03T12:41:10","slug":"fitness-centrum","status":"publish","type":"page","link":"https:\/\/www.eracleapalacehotel.it\/cs\/fitness-centrum\/","title":{"rendered":"Fitness centrum"},"content":{"rendered":"\n<div class=\"wp-block-group promo-eracleaint-1\"><div class=\"wp-block-group__inner-container is-layout-flow wp-block-group-is-layout-flow\">\n<h3 class=\"wp-block-heading\">Udr\u017ete si va\u0161i formu i na dovolen\u00e9<\/h3>\n\n\n\n<h2 class=\"wp-block-heading\">Hotel s fitness centrem v Eraclea Mare<\/h2>\n\n\n\n<p>I letos hotel Eraclea Palace p\u0159ipravuje pro sv\u00e9 hosty n\u011bkolik p\u0159ekvapen\u00ed a nov\u00e9 mo\u017enosti pro str\u00e1ven\u00ed voln\u00e9ho \u010dasu.<br>Budeme m\u00edt to pot\u011b\u0161en\u00ed otev\u0159\u00edt v\u00e1m dve\u0159e do nov\u00e9ho fitness centra, modern\u011b za\u0159\u00edzen\u00e9ho a vybaven\u00e9ho i pro nejn\u00e1ro\u010dn\u011bj\u0161\u00ed sportovce a to v\u0161e s panoramatick\u00fdm v\u00fdhledem na pinetu a mo\u0159e. <br>B\u011b\u017eeck\u00fd p\u00e1s, rotoped, cvi\u010debn\u00ed vybaven\u00ed a samoz\u0159ejm\u011b mnoho \u010dinek a vah, kter\u00e9 v\u00e1s zaru\u010den\u011b udr\u017e\u00ed v kondici.<br>Ide\u00e1ln\u00ed m\u00edsto pro znovuobjeven\u00ed harmonie mezi t\u011blem a du\u0161\u00ed po intenzivn\u00edm dni str\u00e1ven\u00e9m na pl\u00e1\u017ei.<br>A po tr\u00e9ninku: co by mohlo b\u00fdt lep\u0161\u00ed ne\u017e relaxa\u010dn\u00ed sauna?<\/p>\n\n\n\n<p><\/p>\n<\/div><\/div>\n\n\n\n<figure class=\"wp-block-image size-large promo-eracleaint-2\"><img loading=\"lazy\" decoding=\"async\" width=\"1000\" height=\"1000\" src=\"https:\/\/eracleapalacehotel.it\/wp-content\/uploads\/2020\/03\/Hotel_Eraclea_Palace_Palestra_Quadrata.jpg\" alt=\"\" class=\"wp-image-847\" srcset=\"https:\/\/www.eracleapalacehotel.it\/wp-content\/uploads\/2020\/03\/Hotel_Eraclea_Palace_Palestra_Quadrata.jpg 1000w, https:\/\/www.eracleapalacehotel.it\/wp-content\/uploads\/2020\/03\/Hotel_Eraclea_Palace_Palestra_Quadrata-300x300.jpg 300w, https:\/\/www.eracleapalacehotel.it\/wp-content\/uploads\/2020\/03\/Hotel_Eraclea_Palace_Palestra_Quadrata-150x150.jpg 150w, https:\/\/www.eracleapalacehotel.it\/wp-content\/uploads\/2020\/03\/Hotel_Eraclea_Palace_Palestra_Quadrata-768x768.jpg 768w\" sizes=\"auto, (max-width: 1000px) 100vw, 1000px\" \/><\/figure>\n","protected":false},"excerpt":{"rendered":"<p>Udr\u017ete si va\u0161i formu i na dovolen\u00e9 Hotel s fitness centrem v Eraclea Mare I letos hotel Eraclea Palace p\u0159ipravuje pro sv\u00e9 hosty n\u011bkolik p\u0159ekvapen\u00ed a nov\u00e9 mo\u017enosti pro str\u00e1ven\u00ed voln\u00e9ho \u010dasu.Budeme m\u00edt to pot\u011b\u0161en\u00ed otev\u0159\u00edt v\u00e1m dve\u0159e do nov\u00e9ho fitness centra, modern\u011b za\u0159\u00edzen\u00e9ho a vybaven\u00e9ho i pro nejn\u00e1ro\u010dn\u011bj\u0161\u00ed sportovce a to v\u0161e s panoramatick\u00fdm [&hellip;]<\/p>\n","protected":false},"author":1,"featured_media":2401,"parent":0,"menu_order":0,"comment_status":"closed","ping_status":"closed","template":"","meta":{"_acf_changed":false,"_uag_custom_page_level_css":"","advgb_blocks_editor_width":"","advgb_blocks_columns_visual_guide":"","footnotes":""},"class_list":["post-1506","page","type-page","status-publish","has-post-thumbnail","hentry"],"acf":[],"yoast_head":"<!-- This site is optimized with the Yoast SEO plugin v25.6 - https:\/\/yoast.com\/wordpress\/plugins\/seo\/ -->\n<title>Fitness centrum - Eraclea Palace Hotel<\/title>\n<meta name=\"robots\" content=\"index, follow, max-snippet:-1, max-image-preview:large, max-video-preview:-1\" \/>\n<link rel=\"canonical\" href=\"https:\/\/www.eracleapalacehotel.it\/cs\/fitness-centrum\/\" \/>\n<meta property=\"og:locale\" content=\"cs_CZ\" \/>\n<meta property=\"og:type\" content=\"article\" \/>\n<meta property=\"og:title\" content=\"Fitness centrum - Eraclea Palace Hotel\" \/>\n<meta property=\"og:description\" content=\"Udr\u017ete si va\u0161i formu i na dovolen\u00e9 Hotel s fitness centrem v Eraclea Mare I letos hotel Eraclea Palace p\u0159ipravuje pro sv\u00e9 hosty n\u011bkolik p\u0159ekvapen\u00ed a nov\u00e9 mo\u017enosti pro str\u00e1ven\u00ed voln\u00e9ho \u010dasu.Budeme m\u00edt to pot\u011b\u0161en\u00ed otev\u0159\u00edt v\u00e1m dve\u0159e do nov\u00e9ho fitness centra, modern\u011b za\u0159\u00edzen\u00e9ho a vybaven\u00e9ho i pro nejn\u00e1ro\u010dn\u011bj\u0161\u00ed sportovce a to v\u0161e s panoramatick\u00fdm [&hellip;]\" \/>\n<meta property=\"og:url\" content=\"https:\/\/www.eracleapalacehotel.it\/cs\/fitness-centrum\/\" \/>\n<meta property=\"og:site_name\" content=\"Eraclea Palace Hotel\" \/>\n<meta property=\"article:modified_time\" content=\"2020-04-03T12:41:10+00:00\" \/>\n<meta property=\"og:image\" content=\"https:\/\/www.eracleapalacehotel.it\/wp-content\/uploads\/2020\/04\/Eraclea_Palace_Eraclea_Mare@2x.jpg\" \/>\n\t<meta property=\"og:image:width\" content=\"2560\" \/>\n\t<meta property=\"og:image:height\" content=\"563\" \/>\n\t<meta property=\"og:image:type\" content=\"image\/jpeg\" \/>\n<meta name=\"twitter:card\" content=\"summary_large_image\" \/>\n<meta name=\"twitter:label1\" content=\"Odhadovan\u00e1 doba \u010dten\u00ed\" \/>\n\t<meta name=\"twitter:data1\" content=\"1 minuta\" \/>\n<script type=\"application\/ld+json\" class=\"yoast-schema-graph\">{\"@context\":\"https:\/\/schema.org\",\"@graph\":[{\"@type\":\"WebPage\",\"@id\":\"https:\/\/www.eracleapalacehotel.it\/cs\/fitness-centrum\/\",\"url\":\"https:\/\/www.eracleapalacehotel.it\/cs\/fitness-centrum\/\",\"name\":\"Fitness centrum - Eraclea Palace Hotel\",\"isPartOf\":{\"@id\":\"https:\/\/www.eracleapalacehotel.it\/cs\/#website\"},\"primaryImageOfPage\":{\"@id\":\"https:\/\/www.eracleapalacehotel.it\/cs\/fitness-centrum\/#primaryimage\"},\"image\":{\"@id\":\"https:\/\/www.eracleapalacehotel.it\/cs\/fitness-centrum\/#primaryimage\"},\"thumbnailUrl\":\"https:\/\/www.eracleapalacehotel.it\/wp-content\/uploads\/2020\/04\/Eraclea_Palace_Eraclea_Mare@2x.jpg\",\"datePublished\":\"2020-03-27T09:34:20+00:00\",\"dateModified\":\"2020-04-03T12:41:10+00:00\",\"breadcrumb\":{\"@id\":\"https:\/\/www.eracleapalacehotel.it\/cs\/fitness-centrum\/#breadcrumb\"},\"inLanguage\":\"cs\",\"potentialAction\":[{\"@type\":\"ReadAction\",\"target\":[\"https:\/\/www.eracleapalacehotel.it\/cs\/fitness-centrum\/\"]}]},{\"@type\":\"ImageObject\",\"inLanguage\":\"cs\",\"@id\":\"https:\/\/www.eracleapalacehotel.it\/cs\/fitness-centrum\/#primaryimage\",\"url\":\"https:\/\/www.eracleapalacehotel.it\/wp-content\/uploads\/2020\/04\/Eraclea_Palace_Eraclea_Mare@2x.jpg\",\"contentUrl\":\"https:\/\/www.eracleapalacehotel.it\/wp-content\/uploads\/2020\/04\/Eraclea_Palace_Eraclea_Mare@2x.jpg\",\"width\":2560,\"height\":563},{\"@type\":\"BreadcrumbList\",\"@id\":\"https:\/\/www.eracleapalacehotel.it\/cs\/fitness-centrum\/#breadcrumb\",\"itemListElement\":[{\"@type\":\"ListItem\",\"position\":1,\"name\":\"Home\",\"item\":\"https:\/\/www.eracleapalacehotel.it\/cs\/\"},{\"@type\":\"ListItem\",\"position\":2,\"name\":\"Fitness centrum\"}]},{\"@type\":\"WebSite\",\"@id\":\"https:\/\/www.eracleapalacehotel.it\/cs\/#website\",\"url\":\"https:\/\/www.eracleapalacehotel.it\/cs\/\",\"name\":\"Eraclea Palace Hotel\",\"description\":\"****s - Eraclea Mare\",\"publisher\":{\"@id\":\"https:\/\/www.eracleapalacehotel.it\/cs\/#organization\"},\"potentialAction\":[{\"@type\":\"SearchAction\",\"target\":{\"@type\":\"EntryPoint\",\"urlTemplate\":\"https:\/\/www.eracleapalacehotel.it\/cs\/?s={search_term_string}\"},\"query-input\":{\"@type\":\"PropertyValueSpecification\",\"valueRequired\":true,\"valueName\":\"search_term_string\"}}],\"inLanguage\":\"cs\"},{\"@type\":\"Organization\",\"@id\":\"https:\/\/www.eracleapalacehotel.it\/cs\/#organization\",\"name\":\"Eraclea Palace Hotel\",\"url\":\"https:\/\/www.eracleapalacehotel.it\/cs\/\",\"logo\":{\"@type\":\"ImageObject\",\"inLanguage\":\"cs\",\"@id\":\"https:\/\/www.eracleapalacehotel.it\/cs\/#\/schema\/logo\/image\/\",\"url\":\"https:\/\/www.eracleapalacehotel.it\/wp-content\/uploads\/2020\/03\/cropped-logo_Eraclea_palace_hotel@2x.png\",\"contentUrl\":\"https:\/\/www.eracleapalacehotel.it\/wp-content\/uploads\/2020\/03\/cropped-logo_Eraclea_palace_hotel@2x.png\",\"width\":400,\"height\":277,\"caption\":\"Eraclea Palace Hotel\"},\"image\":{\"@id\":\"https:\/\/www.eracleapalacehotel.it\/cs\/#\/schema\/logo\/image\/\"}}]}<\/script>\n<!-- \/ Yoast SEO plugin. -->","yoast_head_json":{"title":"Fitness centrum - Eraclea Palace Hotel","robots":{"index":"index","follow":"follow","max-snippet":"max-snippet:-1","max-image-preview":"max-image-preview:large","max-video-preview":"max-video-preview:-1"},"canonical":"https:\/\/www.eracleapalacehotel.it\/cs\/fitness-centrum\/","og_locale":"cs_CZ","og_type":"article","og_title":"Fitness centrum - Eraclea Palace Hotel","og_description":"Udr\u017ete si va\u0161i formu i na dovolen\u00e9 Hotel s fitness centrem v Eraclea Mare I letos hotel Eraclea Palace p\u0159ipravuje pro sv\u00e9 hosty n\u011bkolik p\u0159ekvapen\u00ed a nov\u00e9 mo\u017enosti pro str\u00e1ven\u00ed voln\u00e9ho \u010dasu.Budeme m\u00edt to pot\u011b\u0161en\u00ed otev\u0159\u00edt v\u00e1m dve\u0159e do nov\u00e9ho fitness centra, modern\u011b za\u0159\u00edzen\u00e9ho a vybaven\u00e9ho i pro nejn\u00e1ro\u010dn\u011bj\u0161\u00ed sportovce a to v\u0161e s panoramatick\u00fdm [&hellip;]","og_url":"https:\/\/www.eracleapalacehotel.it\/cs\/fitness-centrum\/","og_site_name":"Eraclea Palace Hotel","article_modified_time":"2020-04-03T12:41:10+00:00","og_image":[{"width":2560,"height":563,"url":"https:\/\/www.eracleapalacehotel.it\/wp-content\/uploads\/2020\/04\/Eraclea_Palace_Eraclea_Mare@2x.jpg","type":"image\/jpeg"}],"twitter_card":"summary_large_image","twitter_misc":{"Odhadovan\u00e1 doba \u010dten\u00ed":"1 minuta"},"schema":{"@context":"https:\/\/schema.org","@graph":[{"@type":"WebPage","@id":"https:\/\/www.eracleapalacehotel.it\/cs\/fitness-centrum\/","url":"https:\/\/www.eracleapalacehotel.it\/cs\/fitness-centrum\/","name":"Fitness centrum - Eraclea Palace Hotel","isPartOf":{"@id":"https:\/\/www.eracleapalacehotel.it\/cs\/#website"},"primaryImageOfPage":{"@id":"https:\/\/www.eracleapalacehotel.it\/cs\/fitness-centrum\/#primaryimage"},"image":{"@id":"https:\/\/www.eracleapalacehotel.it\/cs\/fitness-centrum\/#primaryimage"},"thumbnailUrl":"https:\/\/www.eracleapalacehotel.it\/wp-content\/uploads\/2020\/04\/Eraclea_Palace_Eraclea_Mare@2x.jpg","datePublished":"2020-03-27T09:34:20+00:00","dateModified":"2020-04-03T12:41:10+00:00","breadcrumb":{"@id":"https:\/\/www.eracleapalacehotel.it\/cs\/fitness-centrum\/#breadcrumb"},"inLanguage":"cs","potentialAction":[{"@type":"ReadAction","target":["https:\/\/www.eracleapalacehotel.it\/cs\/fitness-centrum\/"]}]},{"@type":"ImageObject","inLanguage":"cs","@id":"https:\/\/www.eracleapalacehotel.it\/cs\/fitness-centrum\/#primaryimage","url":"https:\/\/www.eracleapalacehotel.it\/wp-content\/uploads\/2020\/04\/Eraclea_Palace_Eraclea_Mare@2x.jpg","contentUrl":"https:\/\/www.eracleapalacehotel.it\/wp-content\/uploads\/2020\/04\/Eraclea_Palace_Eraclea_Mare@2x.jpg","width":2560,"height":563},{"@type":"BreadcrumbList","@id":"https:\/\/www.eracleapalacehotel.it\/cs\/fitness-centrum\/#breadcrumb","itemListElement":[{"@type":"ListItem","position":1,"name":"Home","item":"https:\/\/www.eracleapalacehotel.it\/cs\/"},{"@type":"ListItem","position":2,"name":"Fitness centrum"}]},{"@type":"WebSite","@id":"https:\/\/www.eracleapalacehotel.it\/cs\/#website","url":"https:\/\/www.eracleapalacehotel.it\/cs\/","name":"Eraclea Palace Hotel","description":"****s - Eraclea Mare","publisher":{"@id":"https:\/\/www.eracleapalacehotel.it\/cs\/#organization"},"potentialAction":[{"@type":"SearchAction","target":{"@type":"EntryPoint","urlTemplate":"https:\/\/www.eracleapalacehotel.it\/cs\/?s={search_term_string}"},"query-input":{"@type":"PropertyValueSpecification","valueRequired":true,"valueName":"search_term_string"}}],"inLanguage":"cs"},{"@type":"Organization","@id":"https:\/\/www.eracleapalacehotel.it\/cs\/#organization","name":"Eraclea Palace Hotel","url":"https:\/\/www.eracleapalacehotel.it\/cs\/","logo":{"@type":"ImageObject","inLanguage":"cs","@id":"https:\/\/www.eracleapalacehotel.it\/cs\/#\/schema\/logo\/image\/","url":"https:\/\/www.eracleapalacehotel.it\/wp-content\/uploads\/2020\/03\/cropped-logo_Eraclea_palace_hotel@2x.png","contentUrl":"https:\/\/www.eracleapalacehotel.it\/wp-content\/uploads\/2020\/03\/cropped-logo_Eraclea_palace_hotel@2x.png","width":400,"height":277,"caption":"Eraclea Palace Hotel"},"image":{"@id":"https:\/\/www.eracleapalacehotel.it\/cs\/#\/schema\/logo\/image\/"}}]}},"uagb_featured_image_src":{"full":["https:\/\/www.eracleapalacehotel.it\/wp-content\/uploads\/2020\/04\/Eraclea_Palace_Eraclea_Mare@2x.jpg",2560,563,false],"thumbnail":["https:\/\/www.eracleapalacehotel.it\/wp-content\/uploads\/2020\/04\/Eraclea_Palace_Eraclea_Mare@2x-150x150.jpg",150,150,true],"medium":["https:\/\/www.eracleapalacehotel.it\/wp-content\/uploads\/2020\/04\/Eraclea_Palace_Eraclea_Mare@2x-300x66.jpg",300,66,true],"medium_large":["https:\/\/www.eracleapalacehotel.it\/wp-content\/uploads\/2020\/04\/Eraclea_Palace_Eraclea_Mare@2x-768x169.jpg",580,128,true],"large":["https:\/\/www.eracleapalacehotel.it\/wp-content\/uploads\/2020\/04\/Eraclea_Palace_Eraclea_Mare@2x-1024x225.jpg",580,127,true],"1536x1536":["https:\/\/www.eracleapalacehotel.it\/wp-content\/uploads\/2020\/04\/Eraclea_Palace_Eraclea_Mare@2x-1536x338.jpg",1536,338,true],"2048x2048":["https:\/\/www.eracleapalacehotel.it\/wp-content\/uploads\/2020\/04\/Eraclea_Palace_Eraclea_Mare@2x-2048x451.jpg",2048,451,true],"post-thumbnail":["https:\/\/www.eracleapalacehotel.it\/wp-content\/uploads\/2020\/04\/Eraclea_Palace_Eraclea_Mare@2x-1200x264.jpg",1200,264,true],"twentytwenty-fullscreen":["https:\/\/www.eracleapalacehotel.it\/wp-content\/uploads\/2020\/04\/Eraclea_Palace_Eraclea_Mare@2x-1980x436.jpg",1980,436,true]},"uagb_author_info":{"display_name":"3r4cl3-p4l4","author_link":"https:\/\/www.eracleapalacehotel.it\/cs\/author\/3r4cl3-p4l4\/"},"uagb_comment_info":0,"uagb_excerpt":"Udr\u017ete si va\u0161i formu i na dovolen\u00e9 Hotel s fitness centrem v Eraclea Mare I letos hotel Eraclea Palace p\u0159ipravuje pro sv\u00e9 hosty n\u011bkolik p\u0159ekvapen\u00ed a nov\u00e9 mo\u017enosti pro str\u00e1ven\u00ed voln\u00e9ho \u010dasu.Budeme m\u00edt to pot\u011b\u0161en\u00ed otev\u0159\u00edt v\u00e1m dve\u0159e do nov\u00e9ho fitness centra, modern\u011b za\u0159\u00edzen\u00e9ho a vybaven\u00e9ho i pro nejn\u00e1ro\u010dn\u011bj\u0161\u00ed sportovce a to v\u0161e s panoramatick\u00fdm&hellip;","coauthors":[],"author_meta":{"author_link":"https:\/\/www.eracleapalacehotel.it\/cs\/author\/3r4cl3-p4l4\/","display_name":"3r4cl3-p4l4"},"relative_dates":{"created":"Posted 6 roky ago","modified":"Updated 6 roky ago"},"absolute_dates":{"created":"Posted on 27 b\u0159ezna 2020","modified":"Updated on 3 dubna 2020"},"absolute_dates_time":{"created":"Posted on 27 b\u0159ezna 2020 10:34","modified":"Updated on 3 dubna 2020 14:41"},"featured_img_caption":"","featured_img":"https:\/\/www.eracleapalacehotel.it\/wp-content\/uploads\/2020\/04\/Eraclea_Palace_Eraclea_Mare@2x-1200x264.jpg","series_order":"","_links":{"self":[{"href":"https:\/\/www.eracleapalacehotel.it\/cs\/wp-json\/wp\/v2\/pages\/1506","targetHints":{"allow":["GET"]}}],"collection":[{"href":"https:\/\/www.eracleapalacehotel.it\/cs\/wp-json\/wp\/v2\/pages"}],"about":[{"href":"https:\/\/www.eracleapalacehotel.it\/cs\/wp-json\/wp\/v2\/types\/page"}],"author":[{"embeddable":true,"href":"https:\/\/www.eracleapalacehotel.it\/cs\/wp-json\/wp\/v2\/users\/1"}],"replies":[{"embeddable":true,"href":"https:\/\/www.eracleapalacehotel.it\/cs\/wp-json\/wp\/v2\/comments?post=1506"}],"version-history":[{"count":0,"href":"https:\/\/www.eracleapalacehotel.it\/cs\/wp-json\/wp\/v2\/pages\/1506\/revisions"}],"wp:featuredmedia":[{"embeddable":true,"href":"https:\/\/www.eracleapalacehotel.it\/cs\/wp-json\/wp\/v2\/media\/2401"}],"wp:attachment":[{"href":"https:\/\/www.eracleapalacehotel.it\/cs\/wp-json\/wp\/v2\/media?parent=1506"}],"curies":[{"name":"wp","href":"https:\/\/api.w.org\/{rel}","templated":true}]}}